{"id":9079,"date":"2018-02-13T20:54:18","date_gmt":"2018-02-13T19:54:18","guid":{"rendered":"http:\/\/agora-eoi.xtec.cat\/eoitortosa\/?page_id=9079"},"modified":"2024-10-04T10:12:50","modified_gmt":"2024-10-04T08:12:50","slug":"perfil-del-contractant","status":"publish","type":"page","link":"https:\/\/agora-eoi.xtec.cat\/eoitortosa\/el-servei-educatiu\/perfil-del-contractant\/","title":{"rendered":"Perfil del contractant"},"content":{"rendered":"<p><strong>Resoluci\u00f3 d\u2019adjudicaci\u00f3 del contracte menor de servei de neteja:<\/strong><\/p>\n<ol>\n<li>Segons l\u2019establert pel <a href=\"http:\/\/www.boe.es\/diario_boe\/txt.php?id=BOE-A-2011-17887\">Reial decret legislatiu 3\/2011<\/a>, de 14 de novembre, pel qual s\u2019aprova el text ref\u00f3s de la Llei de contractes del sector p\u00fablic, el passat mes de novembre es va iniciar el proc\u00e9s de recollida de pressupostos per assignar el servei de neteja de les depend\u00e8ncies de l\u2019EOI de Tortosa per a l\u2019any 2018.<\/li>\n<li>En data 20\/12\/2017 es va escollir el pressupost de l\u2019empresa COSIP Neteges S.L. per ser el m\u00e9s econ\u00f2mic dels tres que es van presentar, amb un import de 12.754,28 \u20ac IVA excl\u00f2s (15.432,67 \u20ac IVA incl\u00f2s), amb un termini d\u2019execuci\u00f3 de l\u20191 de gener de 2018 a 31 de desembre de 2018 (sense servei durant el mes d\u2019agost).<\/li>\n<\/ol>\n","protected":false},"excerpt":{"rendered":"<p>Resoluci\u00f3 d\u2019adjudicaci\u00f3 del contracte menor de servei de neteja: Segons l\u2019establert pel Reial decret legislatiu 3\/2011, de 14 de novembre, pel qual s\u2019aprova el text ref\u00f3s de la Llei de contractes del sector p\u00fablic, el passat mes de novembre es va iniciar el proc\u00e9s de recollida de pressupostos per assignar el servei de neteja de [&hellip;]<\/p>\n","protected":false},"author":1,"featured_media":0,"parent":806,"menu_order":0,"comment_status":"closed","ping_status":"closed","template":"page-templates\/side-menu.php","meta":{"_bbp_topic_count":0,"_bbp_reply_count":0,"_bbp_total_topic_count":0,"_bbp_total_reply_count":0,"_bbp_voice_count":0,"_bbp_anonymous_reply_count":0,"_bbp_topic_count_hidden":0,"_bbp_reply_count_hidden":0,"_bbp_forum_subforum_count":0,"site-sidebar-layout":"default","site-content-layout":"","ast-site-content-layout":"","site-content-style":"default","site-sidebar-style":"default","ast-global-header-display":"","ast-banner-title-visibility":"","ast-main-header-display":"","ast-hfb-above-header-display":"","ast-hfb-below-header-display":"","ast-hfb-mobile-header-display":"","site-post-title":"","ast-breadcrumbs-content":"","ast-featured-img":"","footer-sml-layout":"","theme-transparent-header-meta":"","adv-header-id-meta":"","stick-header-meta":"","header-above-stick-meta":"","header-main-stick-meta":"","header-below-stick-meta":"","astra-migrate-meta-layouts":"default","ast-page-background-enabled":"default","ast-page-background-meta":{"desktop":{"background-color":"var(--ast-global-color-4)","background-image":"","background-repeat":"repeat","background-position":"center center","background-size":"auto","background-attachment":"scroll","background-type":"","background-media":"","overlay-type":"","overlay-color":"","overlay-opacity":"","overlay-gradient":""},"tablet":{"background-color":"","background-image":"","background-repeat":"repeat","background-position":"center center","background-size":"auto","background-attachment":"scroll","background-type":"","background-media":"","overlay-type":"","overlay-color":"","overlay-opacity":"","overlay-gradient":""},"mobile":{"background-color":"","background-image":"","background-repeat":"repeat","background-position":"center center","background-size":"auto","background-attachment":"scroll","background-type":"","background-media":"","overlay-type":"","overlay-color":"","overlay-opacity":"","overlay-gradient":""}},"ast-content-background-meta":{"desktop":{"background-color":"var(--ast-global-color-5)","background-image":"","background-repeat":"repeat","background-position":"center center","background-size":"auto","background-attachment":"scroll","background-type":"","background-media":"","overlay-type":"","overlay-color":"","overlay-opacity":"","overlay-gradient":""},"tablet":{"background-color":"var(--ast-global-color-5)","background-image":"","background-repeat":"repeat","background-position":"center center","background-size":"auto","background-attachment":"scroll","background-type":"","background-media":"","overlay-type":"","overlay-color":"","overlay-opacity":"","overlay-gradient":""},"mobile":{"background-color":"var(--ast-global-color-5)","background-image":"","background-repeat":"repeat","background-position":"center center","background-size":"auto","background-attachment":"scroll","background-type":"","background-media":"","overlay-type":"","overlay-color":"","overlay-opacity":"","overlay-gradient":""}},"footnotes":""},"class_list":["post-9079","page","type-page","status-publish","hentry"],"post_mailing_queue_ids":[],"_links":{"self":[{"href":"https:\/\/agora-eoi.xtec.cat\/eoitortosa\/wp-json\/wp\/v2\/pages\/9079","targetHints":{"allow":["GET"]}}],"collection":[{"href":"https:\/\/agora-eoi.xtec.cat\/eoitortosa\/wp-json\/wp\/v2\/pages"}],"about":[{"href":"https:\/\/agora-eoi.xtec.cat\/eoitortosa\/wp-json\/wp\/v2\/types\/page"}],"author":[{"embeddable":true,"href":"https:\/\/agora-eoi.xtec.cat\/eoitortosa\/wp-json\/wp\/v2\/users\/1"}],"replies":[{"embeddable":true,"href":"https:\/\/agora-eoi.xtec.cat\/eoitortosa\/wp-json\/wp\/v2\/comments?post=9079"}],"version-history":[{"count":2,"href":"https:\/\/agora-eoi.xtec.cat\/eoitortosa\/wp-json\/wp\/v2\/pages\/9079\/revisions"}],"predecessor-version":[{"id":11031,"href":"https:\/\/agora-eoi.xtec.cat\/eoitortosa\/wp-json\/wp\/v2\/pages\/9079\/revisions\/11031"}],"up":[{"embeddable":true,"href":"https:\/\/agora-eoi.xtec.cat\/eoitortosa\/wp-json\/wp\/v2\/pages\/806"}],"wp:attachment":[{"href":"https:\/\/agora-eoi.xtec.cat\/eoitortosa\/wp-json\/wp\/v2\/media?parent=9079"}],"curies":[{"name":"wp","href":"https:\/\/api.w.org\/{rel}","templated":true}]}}