{"id":8747,"date":"2016-06-20T16:17:58","date_gmt":"2016-06-20T15:17:58","guid":{"rendered":"http:\/\/agora-eoi.xtec.cat\/eoitortosa\/?page_id=8747"},"modified":"2017-12-12T13:26:41","modified_gmt":"2017-12-12T12:26:41","slug":"recursos-dautoaprenentatge","status":"publish","type":"page","link":"https:\/\/agora-eoi.xtec.cat\/eoitortosa\/frances\/recursos-dautoaprenentatge\/","title":{"rendered":"Recursos d&#8217;autoaprenentatge"},"content":{"rendered":"<p><a href=\"http:\/\/agora-eoi.xtec.cat\/eoitortosa\/wp-content\/uploads\/usu2262\/2016\/06\/Box-Filled-96.png\" rel=\"attachment wp-att-8684\"><img loading=\"lazy\" decoding=\"async\" class=\" wp-image-8684 alignleft\" src=\"http:\/\/agora-eoi.xtec.cat\/eoitortosa\/wp-content\/uploads\/usu2262\/2016\/06\/Box-Filled-96.png\" alt=\"Box Filled-96\" width=\"81\" height=\"81\" \/><\/a>A continuaci\u00f3 trobareu una selecci\u00f3 de webs i de material multim\u00e8dia de la biblioteca de l&#8217;EOI de Tortosa perqu\u00e8 pugueu practicar el franc\u00e8s.<\/p>\n<p>&nbsp;<\/p>\n<p><strong>Dictionnaires\u00a0:<\/strong><\/p>\n<p>Biling\u00fce\u00a0: <a href=\"https:\/\/www.diccionaris.cat\">https:\/\/www.diccionaris.cat<\/a><\/p>\n<p>Monoling\u00fce: <a href=\"http:\/\/dictionnaire.tv5monde.com\">http:\/\/dictionnaire.tv5monde.com<\/a><\/p>\n<p><strong>\u00a0<\/strong><\/p>\n<p><strong>Conjugueur: <\/strong><\/p>\n<p><a href=\"https:\/\/leconjugueur.lefigaro.fr\">https:\/\/leconjugueur.lefigaro.fr<\/a><\/p>\n<p>&nbsp;<\/p>\n<p><strong>Culture\u00a0: <\/strong><\/p>\n<p>Radio3, El Hex\u00e1gono (c\u2019est bilingue cast\/fr, on y parle musique francophone)<\/p>\n<p><a href=\"http:\/\/www.rtve.es\/alacarta\/audios\/el-hexagono\/hexagono-les-jours-25-11-17\/4325698\/\">http:\/\/www.rtve.es\/alacarta\/audios\/el-hexagono\/hexagono-les-jours-25-11-17\/4325698\/<\/a><\/p>\n<p><strong>\u00a0<\/strong><\/p>\n<p><strong>Toutes les comp\u00e9tences : <\/strong><\/p>\n<p><a href=\"http:\/\/www.bonjourdefrance.com\/\">http:\/\/www.bonjourdefrance.com\/<\/a><\/p>\n<p><a href=\"https:\/\/www.lepointdufle.net\/p\/apprendre_le_francais.htm\">https:\/\/www.lepointdufle.net\/p\/apprendre_le_francais.htm<\/a><\/p>\n<p><a href=\"https:\/\/nathaliefle.com\">https:\/\/nathaliefle.com<\/a><\/p>\n<p><a href=\"http:\/\/francophonia.bonjourdumonde.com\">http:\/\/francophonia.bonjourdumonde.com<\/a><\/p>\n<p><a href=\"https:\/\/francebienvenue1.wordpress.com\/le-francais\">https:\/\/francebienvenue1.wordpress.com\/le-francais<\/a><\/p>\n<p><strong>\u00a0<\/strong><\/p>\n<p><strong>Compr\u00e9hension orale\u00a0: <\/strong><\/p>\n<p><a href=\"https:\/\/www.conte-moi.net\">https:\/\/www.conte-moi.net<\/a><\/p>\n<p><a href=\"http:\/\/www.culturefle.net\">http:\/\/www.culturefle.net<\/a> (des vid\u00e9os avec des questions)<\/p>\n<p><a href=\"https:\/\/www.youtube.com\/user\/telematinf2\">https:\/\/www.youtube.com\/user\/telematinf2<\/a><\/p>\n<p><a href=\"http:\/\/platea.pntic.mec.es\/cvera\/ressources\/recurfr39.htm\">http:\/\/platea.pntic.mec.es\/cvera\/ressources\/recurfr39.htm<\/a><\/p>\n<p><a href=\"http:\/\/apprendre.tv5monde.com\">http:\/\/apprendre.tv5monde.com<\/a><\/p>\n<p><a href=\"https:\/\/www.podcastfrancaisfacile.com\">https:\/\/www.podcastfrancaisfacile.com<\/a><\/p>\n<p><a href=\"https:\/\/www.loecsen.com\/fr\/cours-francais\">https:\/\/www.loecsen.com\/fr\/cours-francais<\/a><\/p>\n<p><a href=\"https:\/\/www.youtube.com\/watch?v=TSvbeOZ4F5w\">https:\/\/www.youtube.com\/watch?v=TSvbeOZ4F5w<\/a><\/p>\n<p>&nbsp;<\/p>\n<p><strong>Compr\u00e9hension et production orale\u00a0: <\/strong><\/p>\n<p>La dict\u00e9e de Bescherelle\u00a0: <a href=\"http:\/\/bescherelle.com\/dictees-audio\">http:\/\/bescherelle.com\/dictees-audio<\/a><\/p>\n<p>Une dict\u00e9e par jour\u00a0: <a href=\"http:\/\/unedicteeparjour.fr\/\">http:\/\/unedicteeparjour.fr\/<\/a><\/p>\n<p><strong>\u00a0<\/strong><\/p>\n<p><strong>Grammaire\u00a0: <\/strong><\/p>\n<p><a href=\"https:\/\/www.francaisfacile.com\/\">https:\/\/www.francaisfacile.com\/<\/a><\/p>\n<p><a href=\"https:\/\/www.podcastfrancaisfacile.com\">https:\/\/www.podcastfrancaisfacile.com<\/a><\/p>\n<p>&nbsp;<\/p>\n<p><strong>Presse:<\/strong><\/p>\n<p><a href=\"http:\/\/lemonde.fr\">http:\/\/lemonde.fr<\/a><\/p>\n<p><a href=\"http:\/\/liberation.fr\">http:\/\/liberation.fr<\/a><\/p>\n<p><a href=\"http:\/\/courrierinternational.com\">http:\/\/courrierinternational.com<\/a><\/p>\n<p><a href=\"http:\/\/rfi.fr\">http:\/\/rfi.fr<\/a><\/p>\n<p>&nbsp;<\/p>\n<p>Et des applications int\u00e9ressantes pour \u00e9couter la radio sur votre portable. Faites des recherches sur Play Store\u00a0!<\/p>\n<p>&nbsp;<\/p>\n","protected":false},"excerpt":{"rendered":"<p>A continuaci\u00f3 trobareu una selecci\u00f3 de webs i de material multim\u00e8dia de la biblioteca de l&#8217;EOI de Tortosa perqu\u00e8 pugueu practicar el franc\u00e8s. &nbsp; Dictionnaires\u00a0: Biling\u00fce\u00a0: https:\/\/www.diccionaris.cat Monoling\u00fce: http:\/\/dictionnaire.tv5monde.com \u00a0 Conjugueur: https:\/\/leconjugueur.lefigaro.fr &nbsp; Culture\u00a0: Radio3, El Hex\u00e1gono (c\u2019est bilingue cast\/fr, on y parle musique francophone) http:\/\/www.rtve.es\/alacarta\/audios\/el-hexagono\/hexagono-les-jours-25-11-17\/4325698\/ \u00a0 Toutes les comp\u00e9tences : http:\/\/www.bonjourdefrance.com\/ https:\/\/www.lepointdufle.net\/p\/apprendre_le_francais.htm https:\/\/nathaliefle.com http:\/\/francophonia.bonjourdumonde.com [&hellip;]<\/p>\n","protected":false},"author":1,"featured_media":0,"parent":8195,"menu_order":80,"comment_status":"closed","ping_status":"closed","template":"page-templates\/side-menu.php","meta":{"_bbp_topic_count":0,"_bbp_reply_count":0,"_bbp_total_topic_count":0,"_bbp_total_reply_count":0,"_bbp_voice_count":0,"_bbp_anonymous_reply_count":0,"_bbp_topic_count_hidden":0,"_bbp_reply_count_hidden":0,"_bbp_forum_subforum_count":0,"site-sidebar-layout":"default","site-content-layout":"","ast-site-content-layout":"","site-content-style":"default","site-sidebar-style":"default","ast-global-header-display":"","ast-banner-title-visibility":"","ast-main-header-display":"","ast-hfb-above-header-display":"","ast-hfb-below-header-display":"","ast-hfb-mobile-header-display":"","site-post-title":"","ast-breadcrumbs-content":"","ast-featured-img":"","footer-sml-layout":"","theme-transparent-header-meta":"","adv-header-id-meta":"","stick-header-meta":"","header-above-stick-meta":"","header-main-stick-meta":"","header-below-stick-meta":"","astra-migrate-meta-layouts":"default","ast-page-background-enabled":"default","ast-page-background-meta":{"desktop":{"background-color":"var(--ast-global-color-4)","background-image":"","background-repeat":"repeat","background-position":"center center","background-size":"auto","background-attachment":"scroll","background-type":"","background-media":"","overlay-type":"","overlay-color":"","overlay-opacity":"","overlay-gradient":""},"tablet":{"background-color":"","background-image":"","background-repeat":"repeat","background-position":"center center","background-size":"auto","background-attachment":"scroll","background-type":"","background-media":"","overlay-type":"","overlay-color":"","overlay-opacity":"","overlay-gradient":""},"mobile":{"background-color":"","background-image":"","background-repeat":"repeat","background-position":"center center","background-size":"auto","background-attachment":"scroll","background-type":"","background-media":"","overlay-type":"","overlay-color":"","overlay-opacity":"","overlay-gradient":""}},"ast-content-background-meta":{"desktop":{"background-color":"var(--ast-global-color-5)","background-image":"","background-repeat":"repeat","background-position":"center center","background-size":"auto","background-attachment":"scroll","background-type":"","background-media":"","overlay-type":"","overlay-color":"","overlay-opacity":"","overlay-gradient":""},"tablet":{"background-color":"var(--ast-global-color-5)","background-image":"","background-repeat":"repeat","background-position":"center center","background-size":"auto","background-attachment":"scroll","background-type":"","background-media":"","overlay-type":"","overlay-color":"","overlay-opacity":"","overlay-gradient":""},"mobile":{"background-color":"var(--ast-global-color-5)","background-image":"","background-repeat":"repeat","background-position":"center center","background-size":"auto","background-attachment":"scroll","background-type":"","background-media":"","overlay-type":"","overlay-color":"","overlay-opacity":"","overlay-gradient":""}},"footnotes":""},"class_list":["post-8747","page","type-page","status-publish","hentry"],"post_mailing_queue_ids":[],"_links":{"self":[{"href":"https:\/\/agora-eoi.xtec.cat\/eoitortosa\/wp-json\/wp\/v2\/pages\/8747","targetHints":{"allow":["GET"]}}],"collection":[{"href":"https:\/\/agora-eoi.xtec.cat\/eoitortosa\/wp-json\/wp\/v2\/pages"}],"about":[{"href":"https:\/\/agora-eoi.xtec.cat\/eoitortosa\/wp-json\/wp\/v2\/types\/page"}],"author":[{"embeddable":true,"href":"https:\/\/agora-eoi.xtec.cat\/eoitortosa\/wp-json\/wp\/v2\/users\/1"}],"replies":[{"embeddable":true,"href":"https:\/\/agora-eoi.xtec.cat\/eoitortosa\/wp-json\/wp\/v2\/comments?post=8747"}],"version-history":[{"count":3,"href":"https:\/\/agora-eoi.xtec.cat\/eoitortosa\/wp-json\/wp\/v2\/pages\/8747\/revisions"}],"predecessor-version":[{"id":9013,"href":"https:\/\/agora-eoi.xtec.cat\/eoitortosa\/wp-json\/wp\/v2\/pages\/8747\/revisions\/9013"}],"up":[{"embeddable":true,"href":"https:\/\/agora-eoi.xtec.cat\/eoitortosa\/wp-json\/wp\/v2\/pages\/8195"}],"wp:attachment":[{"href":"https:\/\/agora-eoi.xtec.cat\/eoitortosa\/wp-json\/wp\/v2\/media?parent=8747"}],"curies":[{"name":"wp","href":"https:\/\/api.w.org\/{rel}","templated":true}]}}