{"id":8745,"date":"2016-06-20T16:15:33","date_gmt":"2016-06-20T15:15:33","guid":{"rendered":"http:\/\/agora-eoi.xtec.cat\/eoitortosa\/?page_id=8745"},"modified":"2017-12-13T17:11:41","modified_gmt":"2017-12-13T16:11:41","slug":"recursos-dautoaprenentatge","status":"publish","type":"page","link":"https:\/\/agora-eoi.xtec.cat\/eoitortosa\/rus\/recursos-dautoaprenentatge\/","title":{"rendered":"Recursos d&#8217;autoaprenentatge"},"content":{"rendered":"<p><a href=\"http:\/\/agora-eoi.xtec.cat\/eoitortosa\/wp-content\/uploads\/usu2262\/2016\/06\/Box-Filled-96.png\" rel=\"attachment wp-att-8684\"><img loading=\"lazy\" decoding=\"async\" class=\" wp-image-8684 alignleft\" src=\"http:\/\/agora-eoi.xtec.cat\/eoitortosa\/wp-content\/uploads\/usu2262\/2016\/06\/Box-Filled-96.png\" alt=\"Box Filled-96\" width=\"81\" height=\"81\" \/><\/a>A continuaci\u00f3 us oferim una selecci\u00f3 de recursos per aprendre rus, tant a Internet com a la nostra biblioteca.<\/p>\n<p>&nbsp;<\/p>\n<p>&nbsp;<\/p>\n<p><strong><u>Comprensi\u00f3 oral.<\/u><\/strong><\/p>\n<p>-Ruso gratis. Videos per aprendre rus <a href=\"http:\/\/www.rusogratis.com\/video-lecciones.php\">http:\/\/www.rusogratis.com\/video-lecciones.php<\/a><\/p>\n<p>&#8211; Golosa. Videos per aprendre continguts per a nivells A1 a A2. <a href=\"https:\/\/www.youtube.com\/playlist?list=PLAEACF9FFAED7404A\">https:\/\/www.youtube.com\/playlist?list=PLAEACF9FFAED7404A<\/a><\/p>\n<p>&#8211; Nachalo. Videos per aprendre continguts per a nivells A1 a A2. <a href=\"https:\/\/www.youtube.com\/results?search_query=nachalo+book\">https:\/\/www.youtube.com\/results?search_query=nachalo+book<\/a><\/p>\n<p>&#8211; Rutube. Canal rus de videos. Tots els nivells. <a href=\"http:\/\/www.speak-russian.cie.ru\/time_new\/rus\/course\/\">http:\/\/www.speak-russian.cie.ru\/time_new\/rus\/course\/<\/a><\/p>\n<p>&#8211; Mosfilm. Pelicules russes. <a href=\"http:\/\/cinema.mosfilm.ru\/\">http:\/\/cinema.mosfilm.ru\/<\/a><\/p>\n<p><strong><u>Comprensi\u00f3 lectora.<\/u><\/strong><\/p>\n<ul>\n<li>Contes breus en rus. <a href=\"http:\/\/ocka3ke.ru\/malenkie-skazki-skazki-na-noch\">http:\/\/ocka3ke.ru\/malenkie-skazki-skazki-na-noch<\/a><\/li>\n<li>Lectures per a estudiants de rus. Diferents nivells. <a href=\"http:\/\/pa-russki.com\/category\/stories-and-novels\/\">http:\/\/pa-russki.com\/category\/stories-and-novels\/<\/a><\/li>\n<li>Llibres en rus. <a href=\"http:\/\/bibliotheque-russe-et-slave.com\/index1.html\">http:\/\/bibliotheque-russe-et-slave.com\/index1.html<\/a><\/li>\n<\/ul>\n<p><strong><u>\u00das de la llengua.<\/u><\/strong><\/p>\n<ul>\n<li>P\u00e0gina web amb recursos per aprendre gram\u00e0tica i vocabulari. <a href=\"http:\/\/masterrussian.com\/\">http:\/\/masterrussian.com\/<\/a><\/li>\n<li>P\u00e0gina web amb recursos per aprendre gram\u00e0tica i vocabulari. <a href=\"http:\/\/www.rusogratis.com\/\">http:\/\/www.rusogratis.com\/<\/a><\/li>\n<li>Curs de rus en l\u00ednia. <a href=\"http:\/\/www.speak-russian.cie.ru\/time_new\/rus\/course\/\">http:\/\/www.speak-russian.cie.ru\/time_new\/rus\/course\/<\/a><\/li>\n<\/ul>\n<p>&nbsp;<\/p>\n<p><strong><u>Expressi\u00f3 escrita.<\/u><\/strong><\/p>\n<ul>\n<li>Teclat virtual en rus. <a href=\"http:\/\/masterrussian.com\/russian_keyboard.shtml\">http:\/\/masterrussian.com\/russian_keyboard.shtml<\/a><\/li>\n<\/ul>\n","protected":false},"excerpt":{"rendered":"<p>A continuaci\u00f3 us oferim una selecci\u00f3 de recursos per aprendre rus, tant a Internet com a la nostra biblioteca. &nbsp; &nbsp; Comprensi\u00f3 oral. -Ruso gratis. Videos per aprendre rus http:\/\/www.rusogratis.com\/video-lecciones.php &#8211; Golosa. Videos per aprendre continguts per a nivells A1 a A2. https:\/\/www.youtube.com\/playlist?list=PLAEACF9FFAED7404A &#8211; Nachalo. Videos per aprendre continguts per a nivells A1 a A2. [&hellip;]<\/p>\n","protected":false},"author":1,"featured_media":0,"parent":8197,"menu_order":80,"comment_status":"closed","ping_status":"closed","template":"page-templates\/side-menu.php","meta":{"_bbp_topic_count":0,"_bbp_reply_count":0,"_bbp_total_topic_count":0,"_bbp_total_reply_count":0,"_bbp_voice_count":0,"_bbp_anonymous_reply_count":0,"_bbp_topic_count_hidden":0,"_bbp_reply_count_hidden":0,"_bbp_forum_subforum_count":0,"site-sidebar-layout":"default","site-content-layout":"","ast-site-content-layout":"","site-content-style":"default","site-sidebar-style":"default","ast-global-header-display":"","ast-banner-title-visibility":"","ast-main-header-display":"","ast-hfb-above-header-display":"","ast-hfb-below-header-display":"","ast-hfb-mobile-header-display":"","site-post-title":"","ast-breadcrumbs-content":"","ast-featured-img":"","footer-sml-layout":"","theme-transparent-header-meta":"","adv-header-id-meta":"","stick-header-meta":"","header-above-stick-meta":"","header-main-stick-meta":"","header-below-stick-meta":"","astra-migrate-meta-layouts":"default","ast-page-background-enabled":"default","ast-page-background-meta":{"desktop":{"background-color":"var(--ast-global-color-4)","background-image":"","background-repeat":"repeat","background-position":"center center","background-size":"auto","background-attachment":"scroll","background-type":"","background-media":"","overlay-type":"","overlay-color":"","overlay-opacity":"","overlay-gradient":""},"tablet":{"background-color":"","background-image":"","background-repeat":"repeat","background-position":"center center","background-size":"auto","background-attachment":"scroll","background-type":"","background-media":"","overlay-type":"","overlay-color":"","overlay-opacity":"","overlay-gradient":""},"mobile":{"background-color":"","background-image":"","background-repeat":"repeat","background-position":"center center","background-size":"auto","background-attachment":"scroll","background-type":"","background-media":"","overlay-type":"","overlay-color":"","overlay-opacity":"","overlay-gradient":""}},"ast-content-background-meta":{"desktop":{"background-color":"var(--ast-global-color-5)","background-image":"","background-repeat":"repeat","background-position":"center center","background-size":"auto","background-attachment":"scroll","background-type":"","background-media":"","overlay-type":"","overlay-color":"","overlay-opacity":"","overlay-gradient":""},"tablet":{"background-color":"var(--ast-global-color-5)","background-image":"","background-repeat":"repeat","background-position":"center center","background-size":"auto","background-attachment":"scroll","background-type":"","background-media":"","overlay-type":"","overlay-color":"","overlay-opacity":"","overlay-gradient":""},"mobile":{"background-color":"var(--ast-global-color-5)","background-image":"","background-repeat":"repeat","background-position":"center center","background-size":"auto","background-attachment":"scroll","background-type":"","background-media":"","overlay-type":"","overlay-color":"","overlay-opacity":"","overlay-gradient":""}},"footnotes":""},"class_list":["post-8745","page","type-page","status-publish","hentry"],"post_mailing_queue_ids":[],"_links":{"self":[{"href":"https:\/\/agora-eoi.xtec.cat\/eoitortosa\/wp-json\/wp\/v2\/pages\/8745","targetHints":{"allow":["GET"]}}],"collection":[{"href":"https:\/\/agora-eoi.xtec.cat\/eoitortosa\/wp-json\/wp\/v2\/pages"}],"about":[{"href":"https:\/\/agora-eoi.xtec.cat\/eoitortosa\/wp-json\/wp\/v2\/types\/page"}],"author":[{"embeddable":true,"href":"https:\/\/agora-eoi.xtec.cat\/eoitortosa\/wp-json\/wp\/v2\/users\/1"}],"replies":[{"embeddable":true,"href":"https:\/\/agora-eoi.xtec.cat\/eoitortosa\/wp-json\/wp\/v2\/comments?post=8745"}],"version-history":[{"count":3,"href":"https:\/\/agora-eoi.xtec.cat\/eoitortosa\/wp-json\/wp\/v2\/pages\/8745\/revisions"}],"predecessor-version":[{"id":9014,"href":"https:\/\/agora-eoi.xtec.cat\/eoitortosa\/wp-json\/wp\/v2\/pages\/8745\/revisions\/9014"}],"up":[{"embeddable":true,"href":"https:\/\/agora-eoi.xtec.cat\/eoitortosa\/wp-json\/wp\/v2\/pages\/8197"}],"wp:attachment":[{"href":"https:\/\/agora-eoi.xtec.cat\/eoitortosa\/wp-json\/wp\/v2\/media?parent=8745"}],"curies":[{"name":"wp","href":"https:\/\/api.w.org\/{rel}","templated":true}]}}