{"id":8414,"date":"2025-09-16T09:55:48","date_gmt":"2025-09-16T07:55:48","guid":{"rendered":"http:\/\/agora-eoi.xtec.cat\/eoitortosa\/?page_id=8414"},"modified":"2025-10-01T08:43:27","modified_gmt":"2025-10-01T06:43:27","slug":"biblioteca","status":"publish","type":"page","link":"https:\/\/agora-eoi.xtec.cat\/eoitortosa\/serveis\/biblioteca\/","title":{"rendered":"Biblioteca"},"content":{"rendered":"<p><code><\/code>\r\n\t<div class=\"slideshow_container slideshow_container_style-light\" style=\"height: 200px; \" data-slideshow-id=\"31\" data-style-name=\"style-light\" data-style-version=\"2.3.1\" >\r\n\r\n\t\t\t\t\t<div class=\"slideshow_loading_icon\"><\/div>\r\n\t\t\r\n\t\t<div class=\"slideshow_content\" style=\"display: none;\">\r\n\r\n\t\t\t<div class=\"slideshow_view\">\r\n\t\t\t\t<div class=\"slideshow_slide slideshow_slide_image\">\r\n\t\t\t\t\t\t\t\t\t\t\t<img src=\"https:\/\/agora-eoi.xtec.cat\/eoitortosa\/wp-content\/uploads\/usu2262\/2016\/06\/biblioteca-fons-nova.jpg\" alt=\"biblioteca-fons-nova\" width=\"694\" height=\"422\" \/>\r\n\t\t\t\t\t\t\t\t\t\t<div class=\"slideshow_description_box slideshow_transparent\">\r\n\t\t\t\t\t\t<div class=\"slideshow_title\">biblioteca-fons-nova<\/div>\t\t\t\t\t\t\t\t\t\t\t<\/div>\r\n\t\t\t\t<\/div>\r\n\r\n\t\t\t\t\t\t<div style=\"clear: both;\"><\/div><\/div><div class=\"slideshow_view\">\r\n\t\t\t\t<div class=\"slideshow_slide slideshow_slide_image\">\r\n\t\t\t\t\t\t\t\t\t\t\t<img src=\"https:\/\/agora-eoi.xtec.cat\/eoitortosa\/wp-content\/uploads\/usu2262\/2016\/06\/biblioteca-fons-antiga.jpg\" alt=\"biblioteca-fons-antiga\" width=\"694\" height=\"422\" \/>\r\n\t\t\t\t\t\t\t\t\t\t<div class=\"slideshow_description_box slideshow_transparent\">\r\n\t\t\t\t\t\t<div class=\"slideshow_title\">biblioteca-fons-antiga<\/div>\t\t\t\t\t\t\t\t\t\t\t<\/div>\r\n\t\t\t\t<\/div>\r\n\r\n\t\t\t\t\t\t<div style=\"clear: both;\"><\/div><\/div>\r\n\t\t<\/div>\r\n\r\n\t\t<div class=\"slideshow_controlPanel slideshow_transparent\" style=\"display: none;\"><ul><li class=\"slideshow_togglePlay\" data-play-text=\"Visualitza\" data-pause-text=\"Pausa\"><\/li><\/ul><\/div>\r\n\r\n\t\t<div class=\"slideshow_button slideshow_previous slideshow_transparent\" role=\"button\" data-previous-text=\"Anterior\" style=\"display: none;\"><\/div>\r\n\t\t<div class=\"slideshow_button slideshow_next slideshow_transparent\" role=\"button\" data-next-text=\"Seg\u00fcent\" style=\"display: none;\"><\/div>\r\n\r\n\t\t<div class=\"slideshow_pagination\" style=\"display: none;\" data-go-to-text=\"V\u00e9s a la diapositiva\"><div class=\"slideshow_pagination_center\"><\/div><\/div>\r\n\r\n\t\t<!-- WordPress Slideshow Version 2.3.1 -->\r\n\r\n\t\t\t<\/div>\r\n\r\n<\/p>\n<p>&nbsp;<\/p>\n<h3><b>Funcionament de la biblioteca. Curs 2025 \u2013 2026<\/b><\/h3>\n<table class=\" aligncenter\" style=\"border-collapse: collapse; border-style: none; width: 100%; height: 43px;\">\n<tbody>\n<tr style=\"height: 33px;\">\n<td style=\"text-align: justify; height: 33px; width: 99.8804%;\" colspan=\"2\"><span style=\"background-color: #ffffff;\">La biblioteca s&#8217;obrir\u00e0 com a\u00a0<\/span><strong style=\"background-color: #ffffff; font-size: 16px;\">sala d&#8217;estudis<\/strong><span style=\"background-color: #ffffff; font-size: 16px;\"><strong> i servei de pr\u00e9stec<\/strong> a partir <strong>de l&#8217;1 d&#8217;octubre<\/strong><\/span><span style=\"background-color: #ffffff; font-size: 16px;\">\u00a0fins al mes de juny, amb horari\u00a0<\/span><strong style=\"background-color: #ffffff; font-size: 16px;\">de 15.30h a 21h<\/strong><span style=\"background-color: #ffffff; font-size: 16px;\">.<\/span><\/td>\n<\/tr>\n<tr style=\"height: 60px;\">\n<td style=\"text-align: justify; height: 10px; width: 62.3206%;\" rowspan=\"2\"><span style=\"font-size: 16px; text-align: start; background-color: #f6f6f6;\">El\u00a0<\/span><strong style=\"font-size: 16px; text-align: start; background-color: #f6f6f6;\">servei de pr\u00e9stec<\/strong><span style=\"font-size: 16px; text-align: start; background-color: #f6f6f6;\"> de material \u00e9s tan presencial com telem\u00e0tic<\/span><\/td>\n<td style=\"text-align: left; height: 10px; width: 37.5598%;\" rowspan=\"2\"><\/td>\n<\/tr>\n<\/tbody>\n<\/table>\n<p>&nbsp;<\/p>\n<p>&nbsp;<\/p>\n<p>&nbsp;<\/p>\n<h4><strong>Podeu consultar el cat\u00e0leg aqu\u00ed:<\/strong><\/h4>\n<p><a href=\"https:\/\/aplicacions.gestioeducativa.gencat.cat\/epergam\/web\/biblioteca.jsp?codi=43009862\" target=\"_blank\" rel=\"noopener noreferrer\"><img loading=\"lazy\" decoding=\"async\" class=\"alignnone wp-image-9509\" src=\"https:\/\/agora-eoi.xtec.cat\/eoitortosa\/wp-content\/uploads\/usu2262\/2019\/09\/epergam.png\" alt=\"\" width=\"173\" height=\"54\" \/><\/a><\/p>\n<p>&nbsp;<\/p>\n<h4><strong>Formulari per demanar un pr\u00e9stec:<\/strong><\/h4>\n<p>Empleneu les dades vostres i del material <a href=\"https:\/\/docs.google.com\/forms\/d\/e\/1FAIpQLSdwZEi2XG1bI2OfKb0trwM0yPmlCxxxt7Avv162iBT-lpWc3Q\/viewform?usp=dialog\" target=\"_blank\" rel=\"noopener\">aqu\u00ed<\/a><\/p>\n<p>&nbsp;<\/p>\n<h3><strong>NORMATIVA DE PR\u00c9STEC<\/strong><\/h3>\n<p>Per agafar material de la biblioteca cal que el\/la responsable <span style=\"color: #ff0000;\"><strong>enregistri<\/strong><\/span> el pr\u00e9stec.<\/p>\n<p>El <strong>per\u00edode de pr\u00e9stec<\/strong> \u00e9s de <strong>15 dies<\/strong>, renovables mitjan\u00e7ant petici\u00f3 a <span style=\"color: #0000ff;\">biblio.eoitortosa@gmail.com<\/span> abans que s&#8217;exhaureixi el termini.<\/p>\n<p>El material catalogat com \u00ab<strong>excl\u00f2s de pr\u00e9stec\u00bb<\/strong>\u00a0no es pot treure del centre.<\/p>\n<p>Els <strong>exalumnes<\/strong> tamb\u00e9 podran gaudir del servei sempre que tinguin el carnet d&#8217;exalumne. Per m\u00e9s informaci\u00f3, adreceu-vos a <a href=\"https:\/\/agora-eoi.xtec.cat\/eoitortosa\/secretaria\/horari\/\">secretaria<\/a>.<\/p>\n<div class=\"mceTemp\">\n<h3><b>FUNCIONAMENT<\/b><span style=\"font-weight: 400;\">\u00a0<\/span><\/h3>\n<p><a href=\"https:\/\/agora-eoi.xtec.cat\/eoitortosa\/wp-content\/uploads\/usu2262\/2025\/10\/biblio2526-1.jpg\"><img loading=\"lazy\" decoding=\"async\" class=\"size-full wp-image-11324\" src=\"https:\/\/agora-eoi.xtec.cat\/eoitortosa\/wp-content\/uploads\/usu2262\/2025\/10\/biblio2526-1.jpg\" alt=\"Funcionament del pr\u00e9stec\" width=\"1920\" height=\"1080\" srcset=\"https:\/\/agora-eoi.xtec.cat\/eoitortosa\/wp-content\/uploads\/usu2262\/2025\/10\/biblio2526-1.jpg 1920w, https:\/\/agora-eoi.xtec.cat\/eoitortosa\/wp-content\/uploads\/usu2262\/2025\/10\/biblio2526-1-300x169.jpg 300w, https:\/\/agora-eoi.xtec.cat\/eoitortosa\/wp-content\/uploads\/usu2262\/2025\/10\/biblio2526-1-1024x576.jpg 1024w, https:\/\/agora-eoi.xtec.cat\/eoitortosa\/wp-content\/uploads\/usu2262\/2025\/10\/biblio2526-1-768x432.jpg 768w, https:\/\/agora-eoi.xtec.cat\/eoitortosa\/wp-content\/uploads\/usu2262\/2025\/10\/biblio2526-1-1536x864.jpg 1536w\" sizes=\"auto, (max-width: 1920px) 100vw, 1920px\" \/><\/a><\/p>\n<p>&nbsp;<\/p>\n<h3 style=\"text-align: center;\"><a href=\"https:\/\/agora-eoi.xtec.cat\/eoitortosa\/wp-content\/uploads\/usu2262\/2024\/09\/biblio-instr-1.png\"><strong><span style=\"color: #ff0000;\">En cas de p\u00e8rdua o no retorn del material, se n\u2019exigir\u00e0 l&#8217;import per reempla\u00e7ar-lo.<\/span><\/strong><\/a><\/h3>\n<\/div>\n","protected":false},"excerpt":{"rendered":"<p>&nbsp; Funcionament de la biblioteca. Curs 2025 \u2013 2026 La biblioteca s&#8217;obrir\u00e0 com a\u00a0sala d&#8217;estudis i servei de pr\u00e9stec a partir de l&#8217;1 d&#8217;octubre\u00a0fins al mes de juny, amb horari\u00a0de 15.30h a 21h. El\u00a0servei de pr\u00e9stec de material \u00e9s tan presencial com telem\u00e0tic &nbsp; &nbsp; &nbsp; Podeu consultar el cat\u00e0leg aqu\u00ed: &nbsp; Formulari per demanar [&hellip;]<\/p>\n","protected":false},"author":1,"featured_media":0,"parent":8411,"menu_order":20,"comment_status":"closed","ping_status":"closed","template":"page-templates\/side-menu.php","meta":{"_bbp_topic_count":0,"_bbp_reply_count":0,"_bbp_total_topic_count":0,"_bbp_total_reply_count":0,"_bbp_voice_count":0,"_bbp_anonymous_reply_count":0,"_bbp_topic_count_hidden":0,"_bbp_reply_count_hidden":0,"_bbp_forum_subforum_count":0,"site-sidebar-layout":"default","site-content-layout":"","ast-site-content-layout":"","site-content-style":"default","site-sidebar-style":"default","ast-global-header-display":"","ast-banner-title-visibility":"","ast-main-header-display":"","ast-hfb-above-header-display":"","ast-hfb-below-header-display":"","ast-hfb-mobile-header-display":"","site-post-title":"","ast-breadcrumbs-content":"","ast-featured-img":"","footer-sml-layout":"","theme-transparent-header-meta":"","adv-header-id-meta":"","stick-header-meta":"","header-above-stick-meta":"","header-main-stick-meta":"","header-below-stick-meta":"","astra-migrate-meta-layouts":"default","ast-page-background-enabled":"default","ast-page-background-meta":{"desktop":{"background-color":"var(--ast-global-color-4)","background-image":"","background-repeat":"repeat","background-position":"center center","background-size":"auto","background-attachment":"scroll","background-type":"","background-media":"","overlay-type":"","overlay-color":"","overlay-opacity":"","overlay-gradient":""},"tablet":{"background-color":"","background-image":"","background-repeat":"repeat","background-position":"center center","background-size":"auto","background-attachment":"scroll","background-type":"","background-media":"","overlay-type":"","overlay-color":"","overlay-opacity":"","overlay-gradient":""},"mobile":{"background-color":"","background-image":"","background-repeat":"repeat","background-position":"center center","background-size":"auto","background-attachment":"scroll","background-type":"","background-media":"","overlay-type":"","overlay-color":"","overlay-opacity":"","overlay-gradient":""}},"ast-content-background-meta":{"desktop":{"background-color":"var(--ast-global-color-5)","background-image":"","background-repeat":"repeat","background-position":"center center","background-size":"auto","background-attachment":"scroll","background-type":"","background-media":"","overlay-type":"","overlay-color":"","overlay-opacity":"","overlay-gradient":""},"tablet":{"background-color":"var(--ast-global-color-5)","background-image":"","background-repeat":"repeat","background-position":"center center","background-size":"auto","background-attachment":"scroll","background-type":"","background-media":"","overlay-type":"","overlay-color":"","overlay-opacity":"","overlay-gradient":""},"mobile":{"background-color":"var(--ast-global-color-5)","background-image":"","background-repeat":"repeat","background-position":"center center","background-size":"auto","background-attachment":"scroll","background-type":"","background-media":"","overlay-type":"","overlay-color":"","overlay-opacity":"","overlay-gradient":""}},"footnotes":""},"class_list":["post-8414","page","type-page","status-publish","hentry"],"post_mailing_queue_ids":[],"_links":{"self":[{"href":"https:\/\/agora-eoi.xtec.cat\/eoitortosa\/wp-json\/wp\/v2\/pages\/8414","targetHints":{"allow":["GET"]}}],"collection":[{"href":"https:\/\/agora-eoi.xtec.cat\/eoitortosa\/wp-json\/wp\/v2\/pages"}],"about":[{"href":"https:\/\/agora-eoi.xtec.cat\/eoitortosa\/wp-json\/wp\/v2\/types\/page"}],"author":[{"embeddable":true,"href":"https:\/\/agora-eoi.xtec.cat\/eoitortosa\/wp-json\/wp\/v2\/users\/1"}],"replies":[{"embeddable":true,"href":"https:\/\/agora-eoi.xtec.cat\/eoitortosa\/wp-json\/wp\/v2\/comments?post=8414"}],"version-history":[{"count":6,"href":"https:\/\/agora-eoi.xtec.cat\/eoitortosa\/wp-json\/wp\/v2\/pages\/8414\/revisions"}],"predecessor-version":[{"id":11326,"href":"https:\/\/agora-eoi.xtec.cat\/eoitortosa\/wp-json\/wp\/v2\/pages\/8414\/revisions\/11326"}],"up":[{"embeddable":true,"href":"https:\/\/agora-eoi.xtec.cat\/eoitortosa\/wp-json\/wp\/v2\/pages\/8411"}],"wp:attachment":[{"href":"https:\/\/agora-eoi.xtec.cat\/eoitortosa\/wp-json\/wp\/v2\/media?parent=8414"}],"curies":[{"name":"wp","href":"https:\/\/api.w.org\/{rel}","templated":true}]}}