{"id":8377,"date":"2026-02-16T10:50:10","date_gmt":"2026-02-16T09:50:10","guid":{"rendered":"http:\/\/agora-eoi.xtec.cat\/eoitortosa\/?page_id=8377"},"modified":"2026-02-16T12:35:07","modified_gmt":"2026-02-16T11:35:07","slug":"expedicio-de-titols","status":"publish","type":"page","link":"https:\/\/agora-eoi.xtec.cat\/eoitortosa\/secretaria\/expedicio-de-titols\/","title":{"rendered":"Expedici\u00f3 de t\u00edtols"},"content":{"rendered":"<p><strong>Nivells b\u00e0sic A2 i intermedi B1<\/strong><\/p>\n<p>L\u2019alumnat que hagi superat el 2n curs obt\u00e9 el Certificat de nivell b\u00e0sic A2.<br \/>\nL\u2019alumnat oficial de 3r o els candidats i candidates lliures que hagin superat les proves corresponents obtenen el Certificat de nivell intermedi B1.<\/p>\n<p><strong>Procediment:<\/strong><\/p>\n<ul>\n<li>L\u2019escola expedeix els certificats de manera autom\u00e0tica sense que calgui sol\u00b7licitud pr\u00e8via ni pagament de taxes.<\/li>\n<li>Es pot recollir personalment a partir de mitjan juliol a la secretaria del centre presentant el DNI, passaport o NIE de la persona interessada.<\/li>\n<\/ul>\n<p><strong>Nivell intermedi B2 i nivell avan\u00e7at C1 i C2<\/strong><\/p>\n<div>\n<p>A partir del mes de febrer de 2026 l&#8217;alumnat ha de sol\u00b7licitar personalment l&#8217;expedici\u00f3 del seu t\u00edtol\u00a0mitjan\u00e7ant el tr\u00e0mit espec\u00edfic en l\u00ednia.<\/p>\n<p>Procediment a seguir:<\/p>\n<p>Accediu al\u00a0<a href=\"https:\/\/tramits.gencat.cat\/ca\/tramits\/tramits-temes\/titols-academics-no-universitaris?category=742b7874-a82c-11e3-a972-000c29052e2c\">tr\u00e0mit de sol\u00b7licitud del t\u00edtol per internet<\/a>. Necessitareu un ordinador, tauleta o tel\u00e8fon m\u00f2bil amb connexi\u00f3 a internet, aix\u00ed com una eina d\u2019identificaci\u00f3 digital (idCAT M\u00f2bil, certificat digital o Cl@ve). Caldr\u00e0 efectuar el pagament de la taxa corresponent, que es pot fer als caixers de CaixaBank o per internet. Un cop realitzat el pagament, aquest es conciliar\u00e0 en un termini aproximat de 24 a 48 hores.\u00a0<strong>Important: un cop feta la sol\u00b7licitud al tramitador aviseu al centre per correu electr\u00f2nic (<a href=\"mailto:eoitortosa@xtec.cat\">eoitortosa@xtec.cat<\/a>) perqu\u00e8 secretaria pugui validar-la.\u00a0<\/strong>Quan la sol\u00b7licitud consti com a \u00abRegistrada\u00bb, podreu descarregar el resguard del t\u00edtol. Haureu d\u2019adre\u00e7ar-vos a la secretaria del centre perqu\u00e8 puguem signar i segellar aquest resguard. El centre us comunicar\u00e0 quan el t\u00edtol original estigui disponible per a la seva recollida.<\/p>\n<p>Informaci\u00f3 important:<\/p>\n<p>\u2013 Si vau finalitzar els estudis abans del curs 2016-2017, cal que us adreceu pr\u00e8viament al centre on els vau cursar.<\/p>\n<p>\u2013 Si el vostre document d\u2019identitat actual \u00e9s diferent del que constava en el moment de finalitzar els estudis, cal que ho comuniqueu a secretaria per tal de poder-lo actualitzar al sistema.<\/p>\n<p>\u2013 El termini aproximat de lliurament del t\u00edtol original \u00e9s de 2 a 3 anys des del<br \/>\nmoment de la sol\u00b7licitud.<\/p>\n<p><a href=\"https:\/\/tramits.gencat.cat\/ca\/tramits\/tramits-temes\/titols-academics-no-universitaris?category=742b7874-a82c-11e3-a972-000c29052e2c\" target=\"_blank\" rel=\"noopener\">Enlla\u00e7 al tramitador<\/a><\/p>\n<\/div>\n<p><strong>TIPUS DE TAXES<\/strong> (Certificats de nivell intermedi B2 i avan\u00e7at C1 i C2)<\/p>\n<ul>\n<li>Ordin\u00e0ria: 78,00 \u20ac<\/li>\n<li>Fam\u00edlies nombroses generals o monoparentals: 39,00 \u20ac<\/li>\n<li>Fam\u00edlies nombroses de categoria especial: exempts.<\/li>\n<li>Discapacitat igual o superior al 33%: exempts.<\/li>\n<li>V\u00edctimes d&#8217;actes terroristes: exempts.<\/li>\n<li>Infants o adolescents en acolliment familiar: exempts.<\/li>\n<\/ul>\n<p>A banda d&#8217;aquestes, consulteu les bonificacions o exempcions addicionals\u00a0que estableix la normativa \u00a0per a cada un dels apartats de les\u00a0<a title=\"taxes\" href=\"https:\/\/educacio.gencat.cat\/ca\/departament\/normativa\/taxes-preus-publics\/taxes\/\" target=\"_blank\" rel=\"noopener noreferrer\" data-saferedirecturl=\"https:\/\/www.google.com\/url?q=https:\/\/educacio.gencat.cat\/ca\/departament\/normativa\/taxes-preus-publics\/taxes\/&amp;source=gmail&amp;ust=1658484060997000&amp;usg=AOvVaw3B-LRFLrTn_TSA9brEimtA\">taxes<\/a>\u00a0i dels\u00a0<a title=\"preus p\u00fablics\" href=\"https:\/\/educacio.gencat.cat\/ca\/departament\/normativa\/taxes-preus-publics\/preu-public\/\" target=\"_blank\" rel=\"noopener noreferrer\" data-saferedirecturl=\"https:\/\/www.google.com\/url?q=https:\/\/educacio.gencat.cat\/ca\/departament\/normativa\/taxes-preus-publics\/preu-public\/&amp;source=gmail&amp;ust=1658484060997000&amp;usg=AOvVaw2BNWr0ifitWQPeJK442adW\">preus p\u00fablics<\/a>.<\/p>\n","protected":false},"excerpt":{"rendered":"<p>Nivells b\u00e0sic A2 i intermedi B1 L\u2019alumnat que hagi superat el 2n curs obt\u00e9 el Certificat de nivell b\u00e0sic A2. L\u2019alumnat oficial de 3r o els candidats i candidates lliures que hagin superat les proves corresponents obtenen el Certificat de nivell intermedi B1. Procediment: L\u2019escola expedeix els certificats de manera autom\u00e0tica sense que calgui sol\u00b7licitud [&hellip;]<\/p>\n","protected":false},"author":1,"featured_media":0,"parent":8358,"menu_order":80,"comment_status":"closed","ping_status":"closed","template":"page-templates\/side-menu.php","meta":{"_bbp_topic_count":0,"_bbp_reply_count":0,"_bbp_total_topic_count":0,"_bbp_total_reply_count":0,"_bbp_voice_count":0,"_bbp_anonymous_reply_count":0,"_bbp_topic_count_hidden":0,"_bbp_reply_count_hidden":0,"_bbp_forum_subforum_count":0,"site-sidebar-layout":"default","site-content-layout":"","ast-site-content-layout":"","site-content-style":"default","site-sidebar-style":"default","ast-global-header-display":"","ast-banner-title-visibility":"","ast-main-header-display":"","ast-hfb-above-header-display":"","ast-hfb-below-header-display":"","ast-hfb-mobile-header-display":"","site-post-title":"","ast-breadcrumbs-content":"","ast-featured-img":"","footer-sml-layout":"","theme-transparent-header-meta":"","adv-header-id-meta":"","stick-header-meta":"","header-above-stick-meta":"","header-main-stick-meta":"","header-below-stick-meta":"","astra-migrate-meta-layouts":"default","ast-page-background-enabled":"default","ast-page-background-meta":{"desktop":{"background-color":"var(--ast-global-color-4)","background-image":"","background-repeat":"repeat","background-position":"center center","background-size":"auto","background-attachment":"scroll","background-type":"","background-media":"","overlay-type":"","overlay-color":"","overlay-opacity":"","overlay-gradient":""},"tablet":{"background-color":"","background-image":"","background-repeat":"repeat","background-position":"center center","background-size":"auto","background-attachment":"scroll","background-type":"","background-media":"","overlay-type":"","overlay-color":"","overlay-opacity":"","overlay-gradient":""},"mobile":{"background-color":"","background-image":"","background-repeat":"repeat","background-position":"center center","background-size":"auto","background-attachment":"scroll","background-type":"","background-media":"","overlay-type":"","overlay-color":"","overlay-opacity":"","overlay-gradient":""}},"ast-content-background-meta":{"desktop":{"background-color":"var(--ast-global-color-5)","background-image":"","background-repeat":"repeat","background-position":"center center","background-size":"auto","background-attachment":"scroll","background-type":"","background-media":"","overlay-type":"","overlay-color":"","overlay-opacity":"","overlay-gradient":""},"tablet":{"background-color":"var(--ast-global-color-5)","background-image":"","background-repeat":"repeat","background-position":"center center","background-size":"auto","background-attachment":"scroll","background-type":"","background-media":"","overlay-type":"","overlay-color":"","overlay-opacity":"","overlay-gradient":""},"mobile":{"background-color":"var(--ast-global-color-5)","background-image":"","background-repeat":"repeat","background-position":"center center","background-size":"auto","background-attachment":"scroll","background-type":"","background-media":"","overlay-type":"","overlay-color":"","overlay-opacity":"","overlay-gradient":""}},"footnotes":""},"class_list":["post-8377","page","type-page","status-publish","hentry"],"post_mailing_queue_ids":[],"_links":{"self":[{"href":"https:\/\/agora-eoi.xtec.cat\/eoitortosa\/wp-json\/wp\/v2\/pages\/8377","targetHints":{"allow":["GET"]}}],"collection":[{"href":"https:\/\/agora-eoi.xtec.cat\/eoitortosa\/wp-json\/wp\/v2\/pages"}],"about":[{"href":"https:\/\/agora-eoi.xtec.cat\/eoitortosa\/wp-json\/wp\/v2\/types\/page"}],"author":[{"embeddable":true,"href":"https:\/\/agora-eoi.xtec.cat\/eoitortosa\/wp-json\/wp\/v2\/users\/1"}],"replies":[{"embeddable":true,"href":"https:\/\/agora-eoi.xtec.cat\/eoitortosa\/wp-json\/wp\/v2\/comments?post=8377"}],"version-history":[{"count":7,"href":"https:\/\/agora-eoi.xtec.cat\/eoitortosa\/wp-json\/wp\/v2\/pages\/8377\/revisions"}],"predecessor-version":[{"id":11381,"href":"https:\/\/agora-eoi.xtec.cat\/eoitortosa\/wp-json\/wp\/v2\/pages\/8377\/revisions\/11381"}],"up":[{"embeddable":true,"href":"https:\/\/agora-eoi.xtec.cat\/eoitortosa\/wp-json\/wp\/v2\/pages\/8358"}],"wp:attachment":[{"href":"https:\/\/agora-eoi.xtec.cat\/eoitortosa\/wp-json\/wp\/v2\/media?parent=8377"}],"curies":[{"name":"wp","href":"https:\/\/api.w.org\/{rel}","templated":true}]}}