{"id":8370,"date":"2024-11-25T10:38:46","date_gmt":"2024-11-25T09:38:46","guid":{"rendered":"http:\/\/agora-eoi.xtec.cat\/eoitortosa\/?page_id=8370"},"modified":"2024-11-29T10:24:31","modified_gmt":"2024-11-29T09:24:31","slug":"instancies-i-solicituts","status":"publish","type":"page","link":"https:\/\/agora-eoi.xtec.cat\/eoitortosa\/secretaria\/instancies-i-solicituts\/","title":{"rendered":"Inst\u00e0ncies i sol\u00b7licituds"},"content":{"rendered":"<p>Per facilitar la realitzaci\u00f3 de gestions administratives podeu <strong>descarregar-vos les inst\u00e0ncies i sol\u00b7licituds seg\u00fcents<\/strong>.<\/p>\n<p><strong>Ompliu-les i lliureu-les a secretaria<\/strong>, tot <strong>aportant la documentaci\u00f3 requerida<\/strong> per cada gesti\u00f3.<\/p>\n<ul>\n<li><a href=\"https:\/\/drive.google.com\/file\/d\/1_gTKEPz3Q3Tl8uEisD-tbnehlBc5AICP\/view?usp=sharing\" target=\"_blank\" rel=\"noopener noreferrer\">Renunciar als drets de la matr\u00edcula<\/a><\/li>\n<li><a title=\"Trasllat d'expedient\" href=\"https:\/\/drive.google.com\/file\/d\/1x6ITt6x8WerpvMOV72HcQGhUMtIVahnx\/view?usp=sharing\" target=\"_blank\" rel=\"noopener noreferrer\">Sol\u00b7licitud de trasllat d\u2019expedient<\/a><\/li>\n<li><a href=\"https:\/\/drive.google.com\/file\/d\/1Ye1JkivV9hQrbVtP7rkYMepLrb-6dVSZ\/view?usp=sharing\" target=\"_blank\" rel=\"noopener noreferrer\">Justificant faltes d&#8217;assist\u00e8ncia alumnat menor d&#8217;edat<\/a><\/li>\n<li><a href=\"https:\/\/drive.google.com\/file\/d\/1j7SxE1qQbHEfH7JEQVOvYwTnvUY2AVsb\/view?usp=sharing\" target=\"_blank\" rel=\"noopener noreferrer\">Convocat\u00f2ria addicional<\/a><\/li>\n<li><a href=\"https:\/\/drive.google.com\/file\/d\/1yqhGRbZz8uJBcXV1J-XZJB_eEHnT9e04\/view?usp=sharing\" target=\"_blank\" rel=\"noopener noreferrer\">Sol\u00b7licitud canvi d\u2019horari<\/a><\/li>\n<li><a href=\"https:\/\/drive.google.com\/file\/d\/1KPkABhouPdhkmZkJita2RQZBChH5wIni\/view?usp=sharing\" target=\"_blank\" rel=\"noopener noreferrer\">Inst\u00e0ncia general per a altres tr\u00e0mits<\/a><\/li>\n<\/ul>\n","protected":false},"excerpt":{"rendered":"<p>Per facilitar la realitzaci\u00f3 de gestions administratives podeu descarregar-vos les inst\u00e0ncies i sol\u00b7licituds seg\u00fcents. Ompliu-les i lliureu-les a secretaria, tot aportant la documentaci\u00f3 requerida per cada gesti\u00f3. Renunciar als drets de la matr\u00edcula Sol\u00b7licitud de trasllat d\u2019expedient Justificant faltes d&#8217;assist\u00e8ncia alumnat menor d&#8217;edat Convocat\u00f2ria addicional Sol\u00b7licitud canvi d\u2019horari Inst\u00e0ncia general per a altres tr\u00e0mits<\/p>\n","protected":false},"author":1,"featured_media":0,"parent":8358,"menu_order":35,"comment_status":"closed","ping_status":"closed","template":"page-templates\/side-menu.php","meta":{"_bbp_topic_count":0,"_bbp_reply_count":0,"_bbp_total_topic_count":0,"_bbp_total_reply_count":0,"_bbp_voice_count":0,"_bbp_anonymous_reply_count":0,"_bbp_topic_count_hidden":0,"_bbp_reply_count_hidden":0,"_bbp_forum_subforum_count":0,"site-sidebar-layout":"default","site-content-layout":"","ast-site-content-layout":"","site-content-style":"default","site-sidebar-style":"default","ast-global-header-display":"","ast-banner-title-visibility":"","ast-main-header-display":"","ast-hfb-above-header-display":"","ast-hfb-below-header-display":"","ast-hfb-mobile-header-display":"","site-post-title":"","ast-breadcrumbs-content":"","ast-featured-img":"","footer-sml-layout":"","theme-transparent-header-meta":"","adv-header-id-meta":"","stick-header-meta":"","header-above-stick-meta":"","header-main-stick-meta":"","header-below-stick-meta":"","astra-migrate-meta-layouts":"default","ast-page-background-enabled":"default","ast-page-background-meta":{"desktop":{"background-color":"var(--ast-global-color-4)","background-image":"","background-repeat":"repeat","background-position":"center center","background-size":"auto","background-attachment":"scroll","background-type":"","background-media":"","overlay-type":"","overlay-color":"","overlay-opacity":"","overlay-gradient":""},"tablet":{"background-color":"","background-image":"","background-repeat":"repeat","background-position":"center center","background-size":"auto","background-attachment":"scroll","background-type":"","background-media":"","overlay-type":"","overlay-color":"","overlay-opacity":"","overlay-gradient":""},"mobile":{"background-color":"","background-image":"","background-repeat":"repeat","background-position":"center center","background-size":"auto","background-attachment":"scroll","background-type":"","background-media":"","overlay-type":"","overlay-color":"","overlay-opacity":"","overlay-gradient":""}},"ast-content-background-meta":{"desktop":{"background-color":"var(--ast-global-color-5)","background-image":"","background-repeat":"repeat","background-position":"center center","background-size":"auto","background-attachment":"scroll","background-type":"","background-media":"","overlay-type":"","overlay-color":"","overlay-opacity":"","overlay-gradient":""},"tablet":{"background-color":"var(--ast-global-color-5)","background-image":"","background-repeat":"repeat","background-position":"center center","background-size":"auto","background-attachment":"scroll","background-type":"","background-media":"","overlay-type":"","overlay-color":"","overlay-opacity":"","overlay-gradient":""},"mobile":{"background-color":"var(--ast-global-color-5)","background-image":"","background-repeat":"repeat","background-position":"center center","background-size":"auto","background-attachment":"scroll","background-type":"","background-media":"","overlay-type":"","overlay-color":"","overlay-opacity":"","overlay-gradient":""}},"footnotes":""},"class_list":["post-8370","page","type-page","status-publish","hentry"],"post_mailing_queue_ids":[],"_links":{"self":[{"href":"https:\/\/agora-eoi.xtec.cat\/eoitortosa\/wp-json\/wp\/v2\/pages\/8370","targetHints":{"allow":["GET"]}}],"collection":[{"href":"https:\/\/agora-eoi.xtec.cat\/eoitortosa\/wp-json\/wp\/v2\/pages"}],"about":[{"href":"https:\/\/agora-eoi.xtec.cat\/eoitortosa\/wp-json\/wp\/v2\/types\/page"}],"author":[{"embeddable":true,"href":"https:\/\/agora-eoi.xtec.cat\/eoitortosa\/wp-json\/wp\/v2\/users\/1"}],"replies":[{"embeddable":true,"href":"https:\/\/agora-eoi.xtec.cat\/eoitortosa\/wp-json\/wp\/v2\/comments?post=8370"}],"version-history":[{"count":7,"href":"https:\/\/agora-eoi.xtec.cat\/eoitortosa\/wp-json\/wp\/v2\/pages\/8370\/revisions"}],"predecessor-version":[{"id":11112,"href":"https:\/\/agora-eoi.xtec.cat\/eoitortosa\/wp-json\/wp\/v2\/pages\/8370\/revisions\/11112"}],"up":[{"embeddable":true,"href":"https:\/\/agora-eoi.xtec.cat\/eoitortosa\/wp-json\/wp\/v2\/pages\/8358"}],"wp:attachment":[{"href":"https:\/\/agora-eoi.xtec.cat\/eoitortosa\/wp-json\/wp\/v2\/media?parent=8370"}],"curies":[{"name":"wp","href":"https:\/\/api.w.org\/{rel}","templated":true}]}}