{"id":8295,"date":"2025-09-02T10:00:05","date_gmt":"2025-09-02T08:00:05","guid":{"rendered":"http:\/\/agora-eoi.xtec.cat\/eoitortosa\/?page_id=8295"},"modified":"2025-09-02T10:44:07","modified_gmt":"2025-09-02T08:44:07","slug":"llibres-i-lectura","status":"publish","type":"page","link":"https:\/\/agora-eoi.xtec.cat\/eoitortosa\/frances\/llibres-i-lectura\/","title":{"rendered":"Llibres i lectures"},"content":{"rendered":"<p><a href=\"http:\/\/agora-eoi.xtec.cat\/eoitortosa\/wp-content\/uploads\/usu2262\/2016\/06\/Literature-96.png\" rel=\"attachment wp-att-8680\"><img loading=\"lazy\" decoding=\"async\" class=\"size-full wp-image-8680 alignleft\" src=\"http:\/\/agora-eoi.xtec.cat\/eoitortosa\/wp-content\/uploads\/usu2262\/2016\/06\/Literature-96.png\" alt=\"Literature-96\" width=\"96\" height=\"96\" \/><\/a><\/p>\n<p><strong>LLIBRES I LECTURES DE FRANC\u00c8S &#8211; CURS 2025 &#8211; 2026<\/strong><\/p>\n<p>&nbsp;<\/p>\n<p>&nbsp;<\/p>\n<p><b>A1<\/b><\/p>\n<p><span style=\"font-weight: 400;\">L\u2019Atelier A1. Editorial Didier.\u00a0<\/span><\/p>\n<p><span style=\"font-weight: 400;\">L\u2019Atelier A1. Cahier d&#8217;activit\u00e9s. Editorial Didier.\u00a0<\/span><\/p>\n<p><b>A2<\/b><\/p>\n<p><span style=\"font-weight: 400;\">Llibre del curs: \u00c9dito A2 2e \u00e9dition. Didier FLE<\/span><\/p>\n<p><span style=\"font-family: inherit; font-size: 1em;\">Llibre d\u2019activitats: \u00c9dito A2 cahier d\u2019activit\u00e9s 2e \u00e9dition, Didier FLE<\/span><\/p>\n<p><b>B1<\/b><\/p>\n<p><i><span style=\"font-weight: 400;\">\u00c9dito B1, edici\u00f3 nova<\/span><\/i><span style=\"font-weight: 400;\">. Didier.<\/span><\/p>\n<p><i><span style=\"font-weight: 400;\">\u00c9dito B1 cahier d\u2019activit\u00e9s<\/span><\/i><span style=\"font-weight: 400;\">. Didier.\u00a0<\/span><\/p>\n<p><b>B2.1<\/b><\/p>\n<p><i><span style=\"font-weight: 400;\">D\u00e9fi 4 B2 Premium. <\/span><\/i><span style=\"font-weight: 400;\">Editions maison des langues.<br \/>\n<\/span><\/p>\n<p><i><span style=\"font-weight: 400;\">D\u00e9fi 4 B2 Premium cahier d&#8217;exercices. <\/span><\/i><span style=\"font-weight: 400;\">Editions maison des langues.\u00a0<\/span><\/p>\n<p><b>B2.2<\/b><\/p>\n<p><i><span style=\"font-weight: 400;\">L\u2019atelier B2. <\/span><\/i><span style=\"font-weight: 400;\">Didier, 2021.<\/span><\/p>\n<p><i><span style=\"font-weight: 400;\">L\u2019atelier B2 cahier d\u2019activit\u00e9s. <\/span><\/i><span style=\"font-weight: 400;\">Didier 2021.<\/span><\/p>\n<ul>\n<li style=\"list-style-type: none;\">\n<ul>\n<li style=\"list-style-type: none;\"><\/li>\n<\/ul>\n<\/li>\n<\/ul>\n<p>&nbsp;<\/p>\n<p>&nbsp;<\/p>\n","protected":false},"excerpt":{"rendered":"<p>LLIBRES I LECTURES DE FRANC\u00c8S &#8211; CURS 2025 &#8211; 2026 &nbsp; &nbsp; A1 L\u2019Atelier A1. Editorial Didier.\u00a0 L\u2019Atelier A1. Cahier d&#8217;activit\u00e9s. Editorial Didier.\u00a0 A2 Llibre del curs: \u00c9dito A2 2e \u00e9dition. Didier FLE Llibre d\u2019activitats: \u00c9dito A2 cahier d\u2019activit\u00e9s 2e \u00e9dition, Didier FLE B1 \u00c9dito B1, edici\u00f3 nova. Didier. \u00c9dito B1 cahier d\u2019activit\u00e9s. Didier.\u00a0 B2.1 [&hellip;]<\/p>\n","protected":false},"author":1,"featured_media":0,"parent":8195,"menu_order":30,"comment_status":"closed","ping_status":"closed","template":"page-templates\/side-menu.php","meta":{"_bbp_topic_count":0,"_bbp_reply_count":0,"_bbp_total_topic_count":0,"_bbp_total_reply_count":0,"_bbp_voice_count":0,"_bbp_anonymous_reply_count":0,"_bbp_topic_count_hidden":0,"_bbp_reply_count_hidden":0,"_bbp_forum_subforum_count":0,"site-sidebar-layout":"default","site-content-layout":"","ast-site-content-layout":"","site-content-style":"default","site-sidebar-style":"default","ast-global-header-display":"","ast-banner-title-visibility":"","ast-main-header-display":"","ast-hfb-above-header-display":"","ast-hfb-below-header-display":"","ast-hfb-mobile-header-display":"","site-post-title":"","ast-breadcrumbs-content":"","ast-featured-img":"","footer-sml-layout":"","theme-transparent-header-meta":"","adv-header-id-meta":"","stick-header-meta":"","header-above-stick-meta":"","header-main-stick-meta":"","header-below-stick-meta":"","astra-migrate-meta-layouts":"default","ast-page-background-enabled":"default","ast-page-background-meta":{"desktop":{"background-color":"var(--ast-global-color-4)","background-image":"","background-repeat":"repeat","background-position":"center center","background-size":"auto","background-attachment":"scroll","background-type":"","background-media":"","overlay-type":"","overlay-color":"","overlay-opacity":"","overlay-gradient":""},"tablet":{"background-color":"","background-image":"","background-repeat":"repeat","background-position":"center center","background-size":"auto","background-attachment":"scroll","background-type":"","background-media":"","overlay-type":"","overlay-color":"","overlay-opacity":"","overlay-gradient":""},"mobile":{"background-color":"","background-image":"","background-repeat":"repeat","background-position":"center center","background-size":"auto","background-attachment":"scroll","background-type":"","background-media":"","overlay-type":"","overlay-color":"","overlay-opacity":"","overlay-gradient":""}},"ast-content-background-meta":{"desktop":{"background-color":"var(--ast-global-color-5)","background-image":"","background-repeat":"repeat","background-position":"center center","background-size":"auto","background-attachment":"scroll","background-type":"","background-media":"","overlay-type":"","overlay-color":"","overlay-opacity":"","overlay-gradient":""},"tablet":{"background-color":"var(--ast-global-color-5)","background-image":"","background-repeat":"repeat","background-position":"center center","background-size":"auto","background-attachment":"scroll","background-type":"","background-media":"","overlay-type":"","overlay-color":"","overlay-opacity":"","overlay-gradient":""},"mobile":{"background-color":"var(--ast-global-color-5)","background-image":"","background-repeat":"repeat","background-position":"center center","background-size":"auto","background-attachment":"scroll","background-type":"","background-media":"","overlay-type":"","overlay-color":"","overlay-opacity":"","overlay-gradient":""}},"footnotes":""},"class_list":["post-8295","page","type-page","status-publish","hentry"],"post_mailing_queue_ids":[],"_links":{"self":[{"href":"https:\/\/agora-eoi.xtec.cat\/eoitortosa\/wp-json\/wp\/v2\/pages\/8295","targetHints":{"allow":["GET"]}}],"collection":[{"href":"https:\/\/agora-eoi.xtec.cat\/eoitortosa\/wp-json\/wp\/v2\/pages"}],"about":[{"href":"https:\/\/agora-eoi.xtec.cat\/eoitortosa\/wp-json\/wp\/v2\/types\/page"}],"author":[{"embeddable":true,"href":"https:\/\/agora-eoi.xtec.cat\/eoitortosa\/wp-json\/wp\/v2\/users\/1"}],"replies":[{"embeddable":true,"href":"https:\/\/agora-eoi.xtec.cat\/eoitortosa\/wp-json\/wp\/v2\/comments?post=8295"}],"version-history":[{"count":7,"href":"https:\/\/agora-eoi.xtec.cat\/eoitortosa\/wp-json\/wp\/v2\/pages\/8295\/revisions"}],"predecessor-version":[{"id":11282,"href":"https:\/\/agora-eoi.xtec.cat\/eoitortosa\/wp-json\/wp\/v2\/pages\/8295\/revisions\/11282"}],"up":[{"embeddable":true,"href":"https:\/\/agora-eoi.xtec.cat\/eoitortosa\/wp-json\/wp\/v2\/pages\/8195"}],"wp:attachment":[{"href":"https:\/\/agora-eoi.xtec.cat\/eoitortosa\/wp-json\/wp\/v2\/media?parent=8295"}],"curies":[{"name":"wp","href":"https:\/\/api.w.org\/{rel}","templated":true}]}}