{"id":8237,"date":"2025-09-03T07:00:25","date_gmt":"2025-09-03T05:00:25","guid":{"rendered":"http:\/\/agora-eoi.xtec.cat\/eoitortosa\/?page_id=8237"},"modified":"2025-09-22T18:25:49","modified_gmt":"2025-09-22T16:25:49","slug":"dates-examens","status":"publish","type":"page","link":"https:\/\/agora-eoi.xtec.cat\/eoitortosa\/angles\/dates-examens\/","title":{"rendered":"Dates d&#8217;ex\u00e0mens"},"content":{"rendered":"<p><a href=\"https:\/\/agora-eoi.xtec.cat\/eoitortosa\/wp-content\/uploads\/usu2262\/2015\/11\/Calendar-96.png\"><img loading=\"lazy\" decoding=\"async\" class=\"alignnone size-full wp-image-8795\" src=\"https:\/\/agora-eoi.xtec.cat\/eoitortosa\/wp-content\/uploads\/usu2262\/2015\/11\/Calendar-96.png\" alt=\"\" width=\"96\" height=\"96\" \/><\/a><\/p>\n<p style=\"text-align: center;\"><strong>EX\u00c0MENS FINALS D\u2019ANGL\u00c8S\u00a0 &#8211; CURS 2025 &#8211; 2026<\/strong><\/p>\n<p><strong>A1<\/strong> &#8211; 9 de juny a les 16:00.<\/p>\n<p><strong> A2<\/strong> &#8211; 10 de juny a les 16:00.<\/p>\n<p><strong>B1<\/strong> &#8211; 29 de maig a les 16:00.<\/p>\n<p><strong>B1A via lenta<\/strong> &#8211; 9 de juny a les 9.30<\/p>\n<p><strong>B2.1<\/strong> &#8211; 11 de juny a les 16:00.<\/p>\n<p><strong>B2.2<\/strong> &#8211; 26 de maig a les 16:00.<\/p>\n<p><strong>C1<\/strong> &#8211; 1 de juny a les 16:00.<\/p>\n<p><strong>C2.1<\/strong>\u00a0 &#8211; 2 de juny a les 16:00.<\/p>\n<p><strong>C2.2<\/strong> &#8211;\u00a0 27 de maig a les 16:00.<\/p>\n<p><strong>A banda, hi haur\u00e0 una prova oral. La convocat\u00f2ria per aquesta prova es lliurar\u00e0 durant la prova escrita.<\/strong><\/p>\n","protected":false},"excerpt":{"rendered":"<p>EX\u00c0MENS FINALS D\u2019ANGL\u00c8S\u00a0 &#8211; CURS 2025 &#8211; 2026 A1 &#8211; 9 de juny a les 16:00. A2 &#8211; 10 de juny a les 16:00. B1 &#8211; 29 de maig a les 16:00. B1A via lenta &#8211; 9 de juny a les 9.30 B2.1 &#8211; 11 de juny a les 16:00. B2.2 &#8211; 26 de maig [&hellip;]<\/p>\n","protected":false},"author":1,"featured_media":0,"parent":8189,"menu_order":40,"comment_status":"closed","ping_status":"closed","template":"page-templates\/side-menu.php","meta":{"_bbp_topic_count":0,"_bbp_reply_count":0,"_bbp_total_topic_count":0,"_bbp_total_reply_count":0,"_bbp_voice_count":0,"_bbp_anonymous_reply_count":0,"_bbp_topic_count_hidden":0,"_bbp_reply_count_hidden":0,"_bbp_forum_subforum_count":0,"site-sidebar-layout":"default","site-content-layout":"","ast-site-content-layout":"","site-content-style":"default","site-sidebar-style":"default","ast-global-header-display":"","ast-banner-title-visibility":"","ast-main-header-display":"","ast-hfb-above-header-display":"","ast-hfb-below-header-display":"","ast-hfb-mobile-header-display":"","site-post-title":"","ast-breadcrumbs-content":"","ast-featured-img":"","footer-sml-layout":"","theme-transparent-header-meta":"","adv-header-id-meta":"","stick-header-meta":"","header-above-stick-meta":"","header-main-stick-meta":"","header-below-stick-meta":"","astra-migrate-meta-layouts":"default","ast-page-background-enabled":"default","ast-page-background-meta":{"desktop":{"background-color":"var(--ast-global-color-4)","background-image":"","background-repeat":"repeat","background-position":"center center","background-size":"auto","background-attachment":"scroll","background-type":"","background-media":"","overlay-type":"","overlay-color":"","overlay-opacity":"","overlay-gradient":""},"tablet":{"background-color":"","background-image":"","background-repeat":"repeat","background-position":"center center","background-size":"auto","background-attachment":"scroll","background-type":"","background-media":"","overlay-type":"","overlay-color":"","overlay-opacity":"","overlay-gradient":""},"mobile":{"background-color":"","background-image":"","background-repeat":"repeat","background-position":"center center","background-size":"auto","background-attachment":"scroll","background-type":"","background-media":"","overlay-type":"","overlay-color":"","overlay-opacity":"","overlay-gradient":""}},"ast-content-background-meta":{"desktop":{"background-color":"var(--ast-global-color-5)","background-image":"","background-repeat":"repeat","background-position":"center center","background-size":"auto","background-attachment":"scroll","background-type":"","background-media":"","overlay-type":"","overlay-color":"","overlay-opacity":"","overlay-gradient":""},"tablet":{"background-color":"var(--ast-global-color-5)","background-image":"","background-repeat":"repeat","background-position":"center center","background-size":"auto","background-attachment":"scroll","background-type":"","background-media":"","overlay-type":"","overlay-color":"","overlay-opacity":"","overlay-gradient":""},"mobile":{"background-color":"var(--ast-global-color-5)","background-image":"","background-repeat":"repeat","background-position":"center center","background-size":"auto","background-attachment":"scroll","background-type":"","background-media":"","overlay-type":"","overlay-color":"","overlay-opacity":"","overlay-gradient":""}},"footnotes":""},"class_list":["post-8237","page","type-page","status-publish","hentry"],"post_mailing_queue_ids":[],"_links":{"self":[{"href":"https:\/\/agora-eoi.xtec.cat\/eoitortosa\/wp-json\/wp\/v2\/pages\/8237","targetHints":{"allow":["GET"]}}],"collection":[{"href":"https:\/\/agora-eoi.xtec.cat\/eoitortosa\/wp-json\/wp\/v2\/pages"}],"about":[{"href":"https:\/\/agora-eoi.xtec.cat\/eoitortosa\/wp-json\/wp\/v2\/types\/page"}],"author":[{"embeddable":true,"href":"https:\/\/agora-eoi.xtec.cat\/eoitortosa\/wp-json\/wp\/v2\/users\/1"}],"replies":[{"embeddable":true,"href":"https:\/\/agora-eoi.xtec.cat\/eoitortosa\/wp-json\/wp\/v2\/comments?post=8237"}],"version-history":[{"count":7,"href":"https:\/\/agora-eoi.xtec.cat\/eoitortosa\/wp-json\/wp\/v2\/pages\/8237\/revisions"}],"predecessor-version":[{"id":11309,"href":"https:\/\/agora-eoi.xtec.cat\/eoitortosa\/wp-json\/wp\/v2\/pages\/8237\/revisions\/11309"}],"up":[{"embeddable":true,"href":"https:\/\/agora-eoi.xtec.cat\/eoitortosa\/wp-json\/wp\/v2\/pages\/8189"}],"wp:attachment":[{"href":"https:\/\/agora-eoi.xtec.cat\/eoitortosa\/wp-json\/wp\/v2\/media?parent=8237"}],"curies":[{"name":"wp","href":"https:\/\/api.w.org\/{rel}","templated":true}]}}