{"id":8195,"date":"2025-09-03T09:15:19","date_gmt":"2025-09-03T07:15:19","guid":{"rendered":"http:\/\/agora-eoi.xtec.cat\/eoitortosa\/?page_id=8195"},"modified":"2025-09-03T12:51:08","modified_gmt":"2025-09-03T10:51:08","slug":"frances","status":"publish","type":"page","link":"https:\/\/agora-eoi.xtec.cat\/eoitortosa\/frances\/","title":{"rendered":"Franc\u00e8s"},"content":{"rendered":"<p><a href=\"http:\/\/agora-eoi.xtec.cat\/eoitortosa\/wp-content\/uploads\/usu2262\/2016\/06\/Eiffel-Tower-96-1.png\" rel=\"attachment wp-att-8404\"><img loading=\"lazy\" decoding=\"async\" class=\"size-full wp-image-8404 alignleft\" src=\"http:\/\/agora-eoi.xtec.cat\/eoitortosa\/wp-content\/uploads\/usu2262\/2016\/06\/Eiffel-Tower-96-1.png\" alt=\"Eiffel Tower-96 (1)\" width=\"96\" height=\"96\" \/><\/a>El departament de franc\u00e8s imparteix del nivell A1 fins al nivell B2 d&#8217;aquest idioma. Tamb\u00e9 organitza activitats culturals, com confer\u00e8ncies, tallers i experi\u00e8ncies culturals com la celebraci\u00f3 del &#8220;Beaujolais Nouveau&#8221; o la &#8220;Chandeleur&#8221;.<\/p>\n<p>Els horaris previstos per al curs 2025\u2013 2026 s\u00f3n:<\/p>\n<p><span style=\"font-weight: 400;\">A1 \u2013 Dilluns i dimecres de 16:00 a 18:15<\/span><\/p>\n<p><span style=\"font-weight: 400;\">A2 \u2013 Dimarts i dijous de 16:00 a 18:15<\/span><\/p>\n<p><span style=\"font-weight: 400;\">B1 \u2013 Dimarts i dijous de 18:30 a 20:45<\/span><\/p>\n<p><span style=\"font-weight: 400;\">B2.1 \u2013 Dimarts i dijous de 18:30 a 20:45<\/span><\/p>\n<p><span style=\"font-weight: 400;\">B2.2 \u2013 Dilluns i dimecres de 18:30 a 20:45<\/span><\/p>\n<p>&nbsp;<\/p>\n","protected":false},"excerpt":{"rendered":"<p>El departament de franc\u00e8s imparteix del nivell A1 fins al nivell B2 d&#8217;aquest idioma. Tamb\u00e9 organitza activitats culturals, com confer\u00e8ncies, tallers i experi\u00e8ncies culturals com la celebraci\u00f3 del &#8220;Beaujolais Nouveau&#8221; o la &#8220;Chandeleur&#8221;. Els horaris previstos per al curs 2025\u2013 2026 s\u00f3n: A1 \u2013 Dilluns i dimecres de 16:00 a 18:15 A2 \u2013 Dimarts i [&hellip;]<\/p>\n","protected":false},"author":1,"featured_media":0,"parent":0,"menu_order":0,"comment_status":"closed","ping_status":"closed","template":"page-templates\/side-menu.php","meta":{"_bbp_topic_count":0,"_bbp_reply_count":0,"_bbp_total_topic_count":0,"_bbp_total_reply_count":0,"_bbp_voice_count":0,"_bbp_anonymous_reply_count":0,"_bbp_topic_count_hidden":0,"_bbp_reply_count_hidden":0,"_bbp_forum_subforum_count":0,"site-sidebar-layout":"default","site-content-layout":"","ast-site-content-layout":"","site-content-style":"default","site-sidebar-style":"default","ast-global-header-display":"","ast-banner-title-visibility":"","ast-main-header-display":"","ast-hfb-above-header-display":"","ast-hfb-below-header-display":"","ast-hfb-mobile-header-display":"","site-post-title":"","ast-breadcrumbs-content":"","ast-featured-img":"","footer-sml-layout":"","theme-transparent-header-meta":"","adv-header-id-meta":"","stick-header-meta":"","header-above-stick-meta":"","header-main-stick-meta":"","header-below-stick-meta":"","astra-migrate-meta-layouts":"default","ast-page-background-enabled":"default","ast-page-background-meta":{"desktop":{"background-color":"var(--ast-global-color-4)","background-image":"","background-repeat":"repeat","background-position":"center center","background-size":"auto","background-attachment":"scroll","background-type":"","background-media":"","overlay-type":"","overlay-color":"","overlay-opacity":"","overlay-gradient":""},"tablet":{"background-color":"","background-image":"","background-repeat":"repeat","background-position":"center center","background-size":"auto","background-attachment":"scroll","background-type":"","background-media":"","overlay-type":"","overlay-color":"","overlay-opacity":"","overlay-gradient":""},"mobile":{"background-color":"","background-image":"","background-repeat":"repeat","background-position":"center center","background-size":"auto","background-attachment":"scroll","background-type":"","background-media":"","overlay-type":"","overlay-color":"","overlay-opacity":"","overlay-gradient":""}},"ast-content-background-meta":{"desktop":{"background-color":"var(--ast-global-color-5)","background-image":"","background-repeat":"repeat","background-position":"center center","background-size":"auto","background-attachment":"scroll","background-type":"","background-media":"","overlay-type":"","overlay-color":"","overlay-opacity":"","overlay-gradient":""},"tablet":{"background-color":"var(--ast-global-color-5)","background-image":"","background-repeat":"repeat","background-position":"center center","background-size":"auto","background-attachment":"scroll","background-type":"","background-media":"","overlay-type":"","overlay-color":"","overlay-opacity":"","overlay-gradient":""},"mobile":{"background-color":"var(--ast-global-color-5)","background-image":"","background-repeat":"repeat","background-position":"center center","background-size":"auto","background-attachment":"scroll","background-type":"","background-media":"","overlay-type":"","overlay-color":"","overlay-opacity":"","overlay-gradient":""}},"footnotes":""},"class_list":["post-8195","page","type-page","status-publish","hentry"],"post_mailing_queue_ids":[],"_links":{"self":[{"href":"https:\/\/agora-eoi.xtec.cat\/eoitortosa\/wp-json\/wp\/v2\/pages\/8195","targetHints":{"allow":["GET"]}}],"collection":[{"href":"https:\/\/agora-eoi.xtec.cat\/eoitortosa\/wp-json\/wp\/v2\/pages"}],"about":[{"href":"https:\/\/agora-eoi.xtec.cat\/eoitortosa\/wp-json\/wp\/v2\/types\/page"}],"author":[{"embeddable":true,"href":"https:\/\/agora-eoi.xtec.cat\/eoitortosa\/wp-json\/wp\/v2\/users\/1"}],"replies":[{"embeddable":true,"href":"https:\/\/agora-eoi.xtec.cat\/eoitortosa\/wp-json\/wp\/v2\/comments?post=8195"}],"version-history":[{"count":6,"href":"https:\/\/agora-eoi.xtec.cat\/eoitortosa\/wp-json\/wp\/v2\/pages\/8195\/revisions"}],"predecessor-version":[{"id":11286,"href":"https:\/\/agora-eoi.xtec.cat\/eoitortosa\/wp-json\/wp\/v2\/pages\/8195\/revisions\/11286"}],"wp:attachment":[{"href":"https:\/\/agora-eoi.xtec.cat\/eoitortosa\/wp-json\/wp\/v2\/media?parent=8195"}],"curies":[{"name":"wp","href":"https:\/\/api.w.org\/{rel}","templated":true}]}}