{"id":8189,"date":"2025-06-10T08:10:19","date_gmt":"2025-06-10T06:10:19","guid":{"rendered":"http:\/\/agora-eoi.xtec.cat\/eoitortosa\/?page_id=8189"},"modified":"2025-09-10T12:31:14","modified_gmt":"2025-09-10T10:31:14","slug":"angles","status":"publish","type":"page","link":"https:\/\/agora-eoi.xtec.cat\/eoitortosa\/angles\/","title":{"rendered":"Angl\u00e8s"},"content":{"rendered":"<p><a href=\"http:\/\/agora-eoi.xtec.cat\/eoitortosa\/wp-content\/uploads\/usu2262\/2014\/09\/Big-Ben-96.png\" rel=\"attachment wp-att-8396\"><br \/>\n<img loading=\"lazy\" decoding=\"async\" class=\"size-full wp-image-8396 alignleft\" src=\"http:\/\/agora-eoi.xtec.cat\/eoitortosa\/wp-content\/uploads\/usu2262\/2014\/09\/Big-Ben-96.png\" alt=\"Big Ben-96\" width=\"96\" height=\"96\" \/><\/a>El departament d&#8217;angl\u00e8s imparteix tots els nivells d&#8217;aquest idioma, des de l&#8217;A1 fins al C2.<\/p>\n<p>Organitza diferents activitats culturals com confer\u00e8ncies, teatre, concerts, xerrades, etc.<\/p>\n<p><span style=\"font-family: inherit; font-size: 1em;\">Els horaris previstos per al curs 2025 &#8211; 2026 s\u00f3n:<\/span><\/p>\n<p><span style=\"font-family: inherit; font-size: 1em;\">A1 \u2013 A \u2013 Fernando Romeu &#8211; Dimarts i dijous de 16:00 a 18:15<\/span><\/p>\n<p>A2 \u2013 A \u2013 Merc\u00e8 Arasa &#8211;\u00a0 <span style=\"font-family: inherit; font-size: 1em;\">Dimarts i dijous de 16:00 a 18:15<\/span><\/p>\n<p>A2 \u2013 M \u2013 Merc\u00e8 Arasa &#8211; Dimarts i dijous de 9:30 a 11:45<\/p>\n<p>B1 \u2013 A \u2013\u00a0 Marta Tom\u00e0s &#8211; Dilluns i dimecres <span style=\"font-family: inherit; font-size: 1em;\">de 16:00 a 18:15<\/span><\/p>\n<p>B1 \u2013 B \u2013 Marta Tom\u00e0s &#8211;\u00a0 Dimarts i dijous de 18:30 a 20:45<\/p>\n<p>B1a \u2013 M \u2013 Merc\u00e8 Arasa &#8211; Dilluns de 9:30 a 11:45 (Curs flexibilitzat anual. 65 hores)<\/p>\n<p>B1b \u2013 M \u2013 Merc\u00e8 Arasa &#8211; Dimecres de 9:30 a 11:45. (Curs flexibilitzat anual. 65 hores)<\/p>\n<p>B2.1 \u2013 A \u2013 Marta Tom\u00e0s &#8211; Dilluns i dimecres de 18:30 a 20:45<\/p>\n<p>B2.1 \u2013 B \u2013 Marta Tom\u00e0s &#8211; Dimarts i dijous de 16:00 a 18:15<\/p>\n<p>B2.1 \u2013 M \u2013 Marta Arnal &#8211;\u00a0 Dimarts i dijous de 9:30 a 11:45<\/p>\n<p>B2.2 \u2013 A \u2013 Jorgelina Rodr\u00edguez &#8211; Louro &#8211; Dimarts i dijous de 16:00 a 18:15<\/p>\n<p>B2.2 \u2013 B \u2013\u00a0 Jorgelina Rodr\u00edguez &#8211; Louro &#8211; Dimarts i dijous de 18:30 a 20:45<\/p>\n<p>B2.2 \u2013 M \u2013 Fernando Romeu &#8211; Dilluns i dimecres de 9:30 a 11:45<\/p>\n<p>C1 \u2013 S \u2013\u00a0 Marta Arnal &#8211; Dilluns i dimecres de 16:00 a 18:15. <strong>SEMIPRESENCIAL H\u00cdBRID (Sessi\u00f3 presencial en dilluns i sessi\u00f3 online per videotrucada en dimecres)<\/strong><\/p>\n<p>C1 \u2013 A \u2013\u00a0 Marta Arnal &#8211; Dilluns i dimecres de 18:30 a 20:45<\/p>\n<p>C2.1 \u2013 A \u2013\u00a0 Eva Cid &#8211; Dimarts de 18:30 a 20:45. <strong>SEMIPRESENCIAL<\/strong><\/p>\n<p>C2.2 \u2013 A \u2013 Eva Cid\u00a0 &#8211; Dijous de 18:30 a 20:45. <strong>SEMIPRESENCIAL<\/strong><\/p>\n<p style=\"text-align: left;\">* El grup B1a \u2013 M tindr\u00e0 classe tamb\u00e9 els dimecres 5 de novembre, 10 de desembre i 6 de maig, de 9.30 a 11.45.<\/p>\n","protected":false},"excerpt":{"rendered":"<p>El departament d&#8217;angl\u00e8s imparteix tots els nivells d&#8217;aquest idioma, des de l&#8217;A1 fins al C2. Organitza diferents activitats culturals com confer\u00e8ncies, teatre, concerts, xerrades, etc. Els horaris previstos per al curs 2025 &#8211; 2026 s\u00f3n: A1 \u2013 A \u2013 Fernando Romeu &#8211; Dimarts i dijous de 16:00 a 18:15 A2 \u2013 A \u2013 Merc\u00e8 Arasa [&hellip;]<\/p>\n","protected":false},"author":1,"featured_media":0,"parent":0,"menu_order":20,"comment_status":"closed","ping_status":"closed","template":"page-templates\/side-menu.php","meta":{"_bbp_topic_count":0,"_bbp_reply_count":0,"_bbp_total_topic_count":0,"_bbp_total_reply_count":0,"_bbp_voice_count":0,"_bbp_anonymous_reply_count":0,"_bbp_topic_count_hidden":0,"_bbp_reply_count_hidden":0,"_bbp_forum_subforum_count":0,"site-sidebar-layout":"default","site-content-layout":"","ast-site-content-layout":"","site-content-style":"default","site-sidebar-style":"default","ast-global-header-display":"","ast-banner-title-visibility":"","ast-main-header-display":"","ast-hfb-above-header-display":"","ast-hfb-below-header-display":"","ast-hfb-mobile-header-display":"","site-post-title":"","ast-breadcrumbs-content":"","ast-featured-img":"","footer-sml-layout":"","theme-transparent-header-meta":"","adv-header-id-meta":"","stick-header-meta":"","header-above-stick-meta":"","header-main-stick-meta":"","header-below-stick-meta":"","astra-migrate-meta-layouts":"default","ast-page-background-enabled":"default","ast-page-background-meta":{"desktop":{"background-color":"var(--ast-global-color-4)","background-image":"","background-repeat":"repeat","background-position":"center center","background-size":"auto","background-attachment":"scroll","background-type":"","background-media":"","overlay-type":"","overlay-color":"","overlay-opacity":"","overlay-gradient":""},"tablet":{"background-color":"","background-image":"","background-repeat":"repeat","background-position":"center center","background-size":"auto","background-attachment":"scroll","background-type":"","background-media":"","overlay-type":"","overlay-color":"","overlay-opacity":"","overlay-gradient":""},"mobile":{"background-color":"","background-image":"","background-repeat":"repeat","background-position":"center center","background-size":"auto","background-attachment":"scroll","background-type":"","background-media":"","overlay-type":"","overlay-color":"","overlay-opacity":"","overlay-gradient":""}},"ast-content-background-meta":{"desktop":{"background-color":"var(--ast-global-color-5)","background-image":"","background-repeat":"repeat","background-position":"center center","background-size":"auto","background-attachment":"scroll","background-type":"","background-media":"","overlay-type":"","overlay-color":"","overlay-opacity":"","overlay-gradient":""},"tablet":{"background-color":"var(--ast-global-color-5)","background-image":"","background-repeat":"repeat","background-position":"center center","background-size":"auto","background-attachment":"scroll","background-type":"","background-media":"","overlay-type":"","overlay-color":"","overlay-opacity":"","overlay-gradient":""},"mobile":{"background-color":"var(--ast-global-color-5)","background-image":"","background-repeat":"repeat","background-position":"center center","background-size":"auto","background-attachment":"scroll","background-type":"","background-media":"","overlay-type":"","overlay-color":"","overlay-opacity":"","overlay-gradient":""}},"footnotes":""},"class_list":["post-8189","page","type-page","status-publish","hentry"],"post_mailing_queue_ids":[],"_links":{"self":[{"href":"https:\/\/agora-eoi.xtec.cat\/eoitortosa\/wp-json\/wp\/v2\/pages\/8189","targetHints":{"allow":["GET"]}}],"collection":[{"href":"https:\/\/agora-eoi.xtec.cat\/eoitortosa\/wp-json\/wp\/v2\/pages"}],"about":[{"href":"https:\/\/agora-eoi.xtec.cat\/eoitortosa\/wp-json\/wp\/v2\/types\/page"}],"author":[{"embeddable":true,"href":"https:\/\/agora-eoi.xtec.cat\/eoitortosa\/wp-json\/wp\/v2\/users\/1"}],"replies":[{"embeddable":true,"href":"https:\/\/agora-eoi.xtec.cat\/eoitortosa\/wp-json\/wp\/v2\/comments?post=8189"}],"version-history":[{"count":7,"href":"https:\/\/agora-eoi.xtec.cat\/eoitortosa\/wp-json\/wp\/v2\/pages\/8189\/revisions"}],"predecessor-version":[{"id":11300,"href":"https:\/\/agora-eoi.xtec.cat\/eoitortosa\/wp-json\/wp\/v2\/pages\/8189\/revisions\/11300"}],"wp:attachment":[{"href":"https:\/\/agora-eoi.xtec.cat\/eoitortosa\/wp-json\/wp\/v2\/media?parent=8189"}],"curies":[{"name":"wp","href":"https:\/\/api.w.org\/{rel}","templated":true}]}}