{"id":8164,"date":"2025-06-19T10:15:04","date_gmt":"2025-06-19T08:15:04","guid":{"rendered":"http:\/\/agora-eoi.xtec.cat\/eoitortosa\/?page_id=8164"},"modified":"2025-06-19T12:34:26","modified_gmt":"2025-06-19T10:34:26","slug":"alumnat-curs-anterior","status":"publish","type":"page","link":"https:\/\/agora-eoi.xtec.cat\/eoitortosa\/secretaria\/matricula\/alumnat-curs-anterior\/","title":{"rendered":"Alumnat curs 2024-2025"},"content":{"rendered":"<h3 style=\"text-align: center;\"><span style=\"color: #ff0000;\">Calendari de matr\u00edcula d\u2019antics alumnes<\/span><\/h3>\n<div><a href=\"https:\/\/www.informaticacentros.com\/centrosnet\/ultralogin.php?tcentro=EOI&amp;centro=T03\" target=\"_blank\" rel=\"noopener noreferrer\">ENLLA\u00c7 A L\u2019APLICATIU DE MATR\u00cdCULA<\/a><\/div>\n<div><\/div>\n<p>Per tal d\u2019agilitzar el proc\u00e9s de matr\u00edcula d\u2019antics alumnes, a l\u2019Escola Oficial d\u2019Idiomes de Tortosa l\u2019alumne haur\u00e0 de fer la matr\u00edcula pr\u00f2pia <strong>per internet <\/strong>els dies que s\u2019indiquen en el calendari seg\u00fcent i d\u2019acord amb les pautes que s\u2019hi descriuen.<\/p>\n<p><strong>1 i 2 de juliol:<\/strong> Alumnat d\u2019A1 a B2.2 i de C2.1 del curs 2024-2025 que ha obtingut la qualificaci\u00f3 d\u2019APTE\/A i que es vol matricular a un grup de la mateixa franja hor\u00e0ria.<\/p>\n<p><strong>3 i 4 de juliol:<\/strong> Alumnat d\u2019A1 a B2.2 i de C2.1 del curs 2024-2025 que ha obtingut la qualificaci\u00f3 d\u2019APTE\/A i que es vol matricular a un grup d\u2019una franja hor\u00e0ria diferent.<\/p>\n<p><strong>5, 6 i 7 de juliol:<\/strong> Alumnat d\u2019A1 a C2.2 del curs 2024-2025 que ha obtingut la qualificaci\u00f3 de NO APTE\/A, NO PRESENTAT\/DA o que va fer la REN\u00daNCIA de matr\u00edcula. Si heu exhaurit les convocat\u00f2ries (doble de cursos per nivell), heu de sol\u00b7licitar convocat\u00f2ria addicional segons es descriu en <a href=\"https:\/\/drive.google.com\/file\/d\/1QsHqRXZAXXyzMSvxz_7O3F0ERRsG1ykG\/view?usp=sharing\" target=\"_blank\" rel=\"noopener\">aquest document<\/a>.<\/p>\n<p><strong>L\u2019acc\u00e9s al C2.1 dels alumnes oficials aptes de C1 el curs 2024-2025 es realitzar\u00e0 al setembre, mitjan\u00e7ant preinscripci\u00f3.<\/strong><\/p>\n<p>Per fer aquesta matr\u00edcula, l\u2019alumnat haur\u00e0 d\u2019accedir a aquest <a href=\"https:\/\/www.informaticacentros.com\/centrosnet\/ultralogin.php?tcentro=EOI&amp;centro=T03\">enlla\u00e7<\/a><a href=\"https:\/\/www.informaticacentros.com\/centrosnet\/ultralogin.php?tcentro=EOI&amp;centro=T03\">.<\/a> L\u2019 aplicatiu obrir\u00e0 cada nou termini a les 9.00h sense tancar l\u2019anterior franja. Si no podeu accedir a CentrosNet, mireu <a href=\"https:\/\/drive.google.com\/file\/d\/1ixua2QBE9mz4Ew9lenWWAu5wq7RXvAl5\/view\" target=\"_blank\" rel=\"noopener\">aquest tutorial<\/a> o contacteu amb l\u2019escola.<\/p>\n<p>Els alumnes hauran de <strong>pagar<\/strong> <a href=\"https:\/\/agora-eoi.xtec.cat\/eoitortosa\/secretaria\/matricula\/\">l\u2019import de la taxa o preu p\u00fablic<\/a>. En el moment de formalitzar-la, l\u2019aplicatiu generar\u00e0 el \u201cResguard de matr\u00edcula oficial \u2013 Curs 2025-2026\u201d, que hauran de guardar per fer efectiu l\u2019import a l\u2019entitat banc\u00e0ria. Tamb\u00e9 es pot fer el pagament en l\u00ednia a trav\u00e9s de l\u2019enlla\u00e7 a l\u2019entitat banc\u00e0ria. Tant si es fa el pagament presencial a l\u2019entitat o el pagament telem\u00e0tic, cal tenir en compte que <strong>el termini \u00e9s de 24.00 h a partir de la formalitzaci\u00f3 de la matr\u00edcula.<\/strong><\/p>\n<p>L\u2019alumne que no es matriculi dins d\u2019aquest per\u00edode de matr\u00edcula del mes de juliol perdr\u00e0 la seva prioritat de dia i d\u2019horari respecte als que ja ho hagin fet. Qualsevol incid\u00e8ncia relacionada amb la matr\u00edcula, l\u2019alumne l\u2019haur\u00e0 de resoldre els dies <strong>8 i 9 de juliol<\/strong> presencialment a l\u2019escola.<\/p>\n<p><strong>Els alumnes que es matriculin el mes de juliol no podran preinscriure\u2019s el mes de setembre de la mateixa llengua i curs en una altra escola amb la intenci\u00f3 de traslladar-hi la matr\u00edcula feta.<\/strong> El trasllat de matr\u00edcula d\u2019una escola a una altra es fa, de manera ordin\u00e0ria, durant el curs i en el cas que l\u2019escola a la qual es vulgui traslladar la matr\u00edcula disposi de places.<\/p>\n<p>De manera extraordin\u00e0ria i dins el per\u00edode no lectiu, els alumnes oficials, un cop hagin formalitzat la matr\u00edcula al seu centre d\u2019origen, poden sol\u00b7licitar un trasllat de matr\u00edcula a una altra escola els dies <strong>10 i 11<\/strong>\u00a0<strong>de juliol.<\/strong> La sol\u00b7licitud es far\u00e0 presencialment a l\u2019escola de destinaci\u00f3 (o de la manera que es determini en funci\u00f3 de l\u2019evoluci\u00f3 de la pand\u00e8mia), i quedar\u00e0 condicionada a la disponibilitat de places. L\u2019escola de destinaci\u00f3 es posar\u00e0 en contacte amb els alumnes, a trav\u00e9s dels mitjans que estableixi, per notificar\u00a0 l\u2019acceptaci\u00f3 o la denegaci\u00f3 del trasllat. En cas d\u2019acceptaci\u00f3, el proc\u00e9s de trasllat ha d\u2019haver acabat abans del <strong>17 de juliol<\/strong>.\u00a0 La documentaci\u00f3 que caldr\u00e0 aportar en el moment de sol\u00b7licitar el trasllat ser\u00e0 el full de pagament de la matr\u00edcula. En cas que s\u2019accepti, caldr\u00e0 tramitar el trasllat d\u2019expedient a l\u2019escola d\u2019origen.<\/p>\n<p>&nbsp;<\/p>\n","protected":false},"excerpt":{"rendered":"<p>Calendari de matr\u00edcula d\u2019antics alumnes ENLLA\u00c7 A L\u2019APLICATIU DE MATR\u00cdCULA Per tal d\u2019agilitzar el proc\u00e9s de matr\u00edcula d\u2019antics alumnes, a l\u2019Escola Oficial d\u2019Idiomes de Tortosa l\u2019alumne haur\u00e0 de fer la matr\u00edcula pr\u00f2pia per internet els dies que s\u2019indiquen en el calendari seg\u00fcent i d\u2019acord amb les pautes que s\u2019hi descriuen. 1 i 2 de juliol: [&hellip;]<\/p>\n","protected":false},"author":1,"featured_media":0,"parent":8161,"menu_order":10,"comment_status":"closed","ping_status":"closed","template":"page-templates\/side-menu.php","meta":{"_bbp_topic_count":0,"_bbp_reply_count":0,"_bbp_total_topic_count":0,"_bbp_total_reply_count":0,"_bbp_voice_count":0,"_bbp_anonymous_reply_count":0,"_bbp_topic_count_hidden":0,"_bbp_reply_count_hidden":0,"_bbp_forum_subforum_count":0,"site-sidebar-layout":"default","site-content-layout":"","ast-site-content-layout":"","site-content-style":"default","site-sidebar-style":"default","ast-global-header-display":"","ast-banner-title-visibility":"","ast-main-header-display":"","ast-hfb-above-header-display":"","ast-hfb-below-header-display":"","ast-hfb-mobile-header-display":"","site-post-title":"","ast-breadcrumbs-content":"","ast-featured-img":"","footer-sml-layout":"","theme-transparent-header-meta":"","adv-header-id-meta":"","stick-header-meta":"","header-above-stick-meta":"","header-main-stick-meta":"","header-below-stick-meta":"","astra-migrate-meta-layouts":"default","ast-page-background-enabled":"default","ast-page-background-meta":{"desktop":{"background-color":"var(--ast-global-color-4)","background-image":"","background-repeat":"repeat","background-position":"center center","background-size":"auto","background-attachment":"scroll","background-type":"","background-media":"","overlay-type":"","overlay-color":"","overlay-opacity":"","overlay-gradient":""},"tablet":{"background-color":"","background-image":"","background-repeat":"repeat","background-position":"center center","background-size":"auto","background-attachment":"scroll","background-type":"","background-media":"","overlay-type":"","overlay-color":"","overlay-opacity":"","overlay-gradient":""},"mobile":{"background-color":"","background-image":"","background-repeat":"repeat","background-position":"center center","background-size":"auto","background-attachment":"scroll","background-type":"","background-media":"","overlay-type":"","overlay-color":"","overlay-opacity":"","overlay-gradient":""}},"ast-content-background-meta":{"desktop":{"background-color":"var(--ast-global-color-5)","background-image":"","background-repeat":"repeat","background-position":"center center","background-size":"auto","background-attachment":"scroll","background-type":"","background-media":"","overlay-type":"","overlay-color":"","overlay-opacity":"","overlay-gradient":""},"tablet":{"background-color":"var(--ast-global-color-5)","background-image":"","background-repeat":"repeat","background-position":"center center","background-size":"auto","background-attachment":"scroll","background-type":"","background-media":"","overlay-type":"","overlay-color":"","overlay-opacity":"","overlay-gradient":""},"mobile":{"background-color":"var(--ast-global-color-5)","background-image":"","background-repeat":"repeat","background-position":"center center","background-size":"auto","background-attachment":"scroll","background-type":"","background-media":"","overlay-type":"","overlay-color":"","overlay-opacity":"","overlay-gradient":""}},"footnotes":""},"class_list":["post-8164","page","type-page","status-publish","hentry"],"post_mailing_queue_ids":[],"_links":{"self":[{"href":"https:\/\/agora-eoi.xtec.cat\/eoitortosa\/wp-json\/wp\/v2\/pages\/8164","targetHints":{"allow":["GET"]}}],"collection":[{"href":"https:\/\/agora-eoi.xtec.cat\/eoitortosa\/wp-json\/wp\/v2\/pages"}],"about":[{"href":"https:\/\/agora-eoi.xtec.cat\/eoitortosa\/wp-json\/wp\/v2\/types\/page"}],"author":[{"embeddable":true,"href":"https:\/\/agora-eoi.xtec.cat\/eoitortosa\/wp-json\/wp\/v2\/users\/1"}],"replies":[{"embeddable":true,"href":"https:\/\/agora-eoi.xtec.cat\/eoitortosa\/wp-json\/wp\/v2\/comments?post=8164"}],"version-history":[{"count":7,"href":"https:\/\/agora-eoi.xtec.cat\/eoitortosa\/wp-json\/wp\/v2\/pages\/8164\/revisions"}],"predecessor-version":[{"id":11236,"href":"https:\/\/agora-eoi.xtec.cat\/eoitortosa\/wp-json\/wp\/v2\/pages\/8164\/revisions\/11236"}],"up":[{"embeddable":true,"href":"https:\/\/agora-eoi.xtec.cat\/eoitortosa\/wp-json\/wp\/v2\/pages\/8161"}],"wp:attachment":[{"href":"https:\/\/agora-eoi.xtec.cat\/eoitortosa\/wp-json\/wp\/v2\/media?parent=8164"}],"curies":[{"name":"wp","href":"https:\/\/api.w.org\/{rel}","templated":true}]}}