{"id":8161,"date":"2022-06-11T10:00:40","date_gmt":"2022-06-11T08:00:40","guid":{"rendered":"http:\/\/agora-eoi.xtec.cat\/eoitortosa\/?page_id=8161"},"modified":"2024-09-27T12:31:56","modified_gmt":"2024-09-27T10:31:56","slug":"matricula","status":"publish","type":"page","link":"https:\/\/agora-eoi.xtec.cat\/eoitortosa\/secretaria\/matricula\/","title":{"rendered":"Matr\u00edcula"},"content":{"rendered":"<p>&nbsp;<\/p>\n<p>La <a href=\"https:\/\/agora-eoi.xtec.cat\/eoitortosa\/secretaria\/matricula\/alumnat-curs-anterior\/\">matr\u00edcula d&#8217;alumnat del curs anterior<\/a> es porta a terme durant el mes de juliol.<\/p>\n<p>Entre finals d&#8217;agost i principis de setembre s&#8217;obre la <a href=\"https:\/\/agora-eoi.xtec.cat\/eoitortosa\/secretaria\/matricula\/alumnat-nou\/\">preinscripci\u00f3 i matr\u00edcula per a nou alumnat<\/a>.<\/p>\n<p>Tots els processos de matr\u00edcula es poden fer per internet, i tamb\u00e9 presencialment a l&#8217;EOI.<\/p>\n<p><strong>IMPORTANT:<\/strong> Tots els cursos estan gravats per una taxa o un preu p\u00fablic en concepte de <strong>matr\u00edcula<\/strong> i, a m\u00e9s, per un preu p\u00fablic de 30 \u20ac en concepte de <strong>materials i acc\u00e9s a la plataforma<\/strong>.<\/p>\n<p>A continuaci\u00f3 teniu informaci\u00f3 sobre les taxes i preus p\u00fablics per als cursos d&#8217;Escola Oficial d&#8217;Idiomes. <span style=\"color: #ff0000;\"><strong>En el moment de fer la matr\u00edcula online l&#8217;alumnat ha de seleccionar les bonificacions i\/o exempcions que li pertoquin i adjuntar la documentaci\u00f3 justificativa. <\/strong><\/span><span style=\"color: #000000;\">Les bonificacions s\u00f3n acumulables.<\/span><\/p>\n<p><span style=\"color: #008080;\"><strong>TAXES. <\/strong><\/span><span style=\"color: #008080;\">S&#8217;apliquen als nivells B1 i B2<\/span><\/p>\n<p><a href=\"https:\/\/agora-eoi.xtec.cat\/eoitortosa\/wp-content\/uploads\/usu2262\/2023\/07\/TaxesNI.png\"><img loading=\"lazy\" decoding=\"async\" class=\"alignnone wp-image-10580 \" src=\"https:\/\/agora-eoi.xtec.cat\/eoitortosa\/wp-content\/uploads\/usu2262\/2023\/07\/TaxesNI.png\" alt=\"Taxes Nivell Intermedi\" width=\"667\" height=\"695\" srcset=\"https:\/\/agora-eoi.xtec.cat\/eoitortosa\/wp-content\/uploads\/usu2262\/2023\/07\/TaxesNI.png 652w, https:\/\/agora-eoi.xtec.cat\/eoitortosa\/wp-content\/uploads\/usu2262\/2023\/07\/TaxesNI-288x300.png 288w\" sizes=\"auto, (max-width: 667px) 100vw, 667px\" \/><\/a><\/p>\n<p><span style=\"font-weight: 400;\">*Si un alumne\/a es matricula de dos o m\u00e9s idiomes, l&#8217;exempci\u00f3 nom\u00e9s abasta l&#8217;idioma per al qual s&#8217;ha concedit la beca. L&#8217;exempci\u00f3 nom\u00e9s es concedir\u00e0 per al mateix curs acad\u00e8mic per al qual s&#8217;ha concedit la beca.\u00a0A l&#8217;efecte de formalitzaci\u00f3 de la matr\u00edcula oficial, l&#8217;alumnat ha d&#8217;abonar la taxa si encara no t\u00e9 concedida la beca. Un cop se li notifiqui la concessi\u00f3 de la beca, podr\u00e0 demanar la devoluci\u00f3 de l&#8217;import de la taxa mitjan\u00e7ant el procediment de devoluci\u00f3 d&#8217;ingressos indeguts.<\/span><\/p>\n<p><span style=\"font-weight: 400;\">** La condici\u00f3 de persona tutelada o extutelada s&#8217;acredita per mitj\u00e0 del certificat em\u00e8s per la Direcci\u00f3 General d&#8217;Atenci\u00f3 a la Inf\u00e0ncia i l\u2019Adolesc\u00e8ncia o l&#8217;\u00f2rgan equivalent d&#8217;altres comunitats aut\u00f2nomes).<\/span><\/p>\n<p><span style=\"color: #008080;\"><strong>PREUS P\u00daBLICS<\/strong><\/span>. <span style=\"color: #008080;\">S&#8217;apliquen als nivells A1, A2, C1 i C2<\/span><\/p>\n<p><a href=\"https:\/\/agora-eoi.xtec.cat\/eoitortosa\/wp-content\/uploads\/usu2262\/2023\/07\/preuspublics.png\"><img loading=\"lazy\" decoding=\"async\" class=\"alignnone size-full wp-image-10581\" src=\"https:\/\/agora-eoi.xtec.cat\/eoitortosa\/wp-content\/uploads\/usu2262\/2023\/07\/preuspublics.png\" alt=\"Preus p\u00fablics\" width=\"671\" height=\"532\" srcset=\"https:\/\/agora-eoi.xtec.cat\/eoitortosa\/wp-content\/uploads\/usu2262\/2023\/07\/preuspublics.png 671w, https:\/\/agora-eoi.xtec.cat\/eoitortosa\/wp-content\/uploads\/usu2262\/2023\/07\/preuspublics-300x238.png 300w\" sizes=\"auto, (max-width: 671px) 100vw, 671px\" \/><\/a><\/p>\n<p><a href=\"https:\/\/agora-eoi.xtec.cat\/eoitortosa\/wp-content\/uploads\/usu2262\/2022\/06\/preus2.jpg\"><img loading=\"lazy\" decoding=\"async\" class=\"alignnone wp-image-10304\" src=\"https:\/\/agora-eoi.xtec.cat\/eoitortosa\/wp-content\/uploads\/usu2262\/2022\/06\/preus2.jpg\" alt=\"\" width=\"652\" height=\"405\" srcset=\"https:\/\/agora-eoi.xtec.cat\/eoitortosa\/wp-content\/uploads\/usu2262\/2022\/06\/preus2.jpg 729w, https:\/\/agora-eoi.xtec.cat\/eoitortosa\/wp-content\/uploads\/usu2262\/2022\/06\/preus2-300x186.jpg 300w\" sizes=\"auto, (max-width: 652px) 100vw, 652px\" \/><\/a><\/p>\n<p><strong><span style=\"color: #008080;\">PREUS P\u00daBLICS<\/span><\/strong>. <span style=\"color: #008080;\">S&#8217;apliquen a TOTS els nivells<\/span><\/p>\n<p><a href=\"https:\/\/agora-eoi.xtec.cat\/eoitortosa\/wp-content\/uploads\/usu2262\/2022\/06\/preu2.jpg\"><img loading=\"lazy\" decoding=\"async\" class=\"alignnone wp-image-10300\" src=\"https:\/\/agora-eoi.xtec.cat\/eoitortosa\/wp-content\/uploads\/usu2262\/2022\/06\/preu2.jpg\" alt=\"Preus p\u00fablics 2\" width=\"628\" height=\"346\" srcset=\"https:\/\/agora-eoi.xtec.cat\/eoitortosa\/wp-content\/uploads\/usu2262\/2022\/06\/preu2.jpg 648w, https:\/\/agora-eoi.xtec.cat\/eoitortosa\/wp-content\/uploads\/usu2262\/2022\/06\/preu2-300x165.jpg 300w\" sizes=\"auto, (max-width: 628px) 100vw, 628px\" \/><\/a><\/p>\n<p><strong>Segons l\u2019ORDRE EDU\/114\/2021 el pagament d\u2019aquest preu p\u00fablic \u00e9s obligatori i est\u00e0 subjecte a bonificacions i\/o exempcions dels preus p\u00fablics.<\/strong><\/p>\n<p><strong>Normativa:<\/strong><\/p>\n<p><b>ORDRE EDU\/90\/23, <\/b><span style=\"font-weight: 400;\">de 21 d\u2019abril, per la qual es d\u00f3na publicitat de les taxes vigents que gestiona el Departament d\u2019Educaci\u00f3.<\/span><\/p>\n<p><b>Ordre EDU\/114\/2021,<\/b><span style=\"font-weight: 400;\"> de 25 de maig, per la qual es modifica l&#8217;Ordre EDU\/155\/2020, de 18 de setembre, per la qual se suprimeixen, es creen i s&#8217;actualitzen els preus p\u00fablics i els imports de determinats ensenyaments i serveis docents de les escoles oficials d&#8217;idiomes del Departament d&#8217;Educaci\u00f3.<\/span><\/p>\n","protected":false},"excerpt":{"rendered":"<p>&nbsp; La matr\u00edcula d&#8217;alumnat del curs anterior es porta a terme durant el mes de juliol. Entre finals d&#8217;agost i principis de setembre s&#8217;obre la preinscripci\u00f3 i matr\u00edcula per a nou alumnat. Tots els processos de matr\u00edcula es poden fer per internet, i tamb\u00e9 presencialment a l&#8217;EOI. IMPORTANT: Tots els cursos estan gravats per una [&hellip;]<\/p>\n","protected":false},"author":1,"featured_media":0,"parent":8358,"menu_order":20,"comment_status":"closed","ping_status":"closed","template":"page-templates\/side-menu.php","meta":{"_bbp_topic_count":0,"_bbp_reply_count":0,"_bbp_total_topic_count":0,"_bbp_total_reply_count":0,"_bbp_voice_count":0,"_bbp_anonymous_reply_count":0,"_bbp_topic_count_hidden":0,"_bbp_reply_count_hidden":0,"_bbp_forum_subforum_count":0,"site-sidebar-layout":"default","site-content-layout":"","ast-site-content-layout":"","site-content-style":"default","site-sidebar-style":"default","ast-global-header-display":"","ast-banner-title-visibility":"","ast-main-header-display":"","ast-hfb-above-header-display":"","ast-hfb-below-header-display":"","ast-hfb-mobile-header-display":"","site-post-title":"","ast-breadcrumbs-content":"","ast-featured-img":"","footer-sml-layout":"","theme-transparent-header-meta":"","adv-header-id-meta":"","stick-header-meta":"","header-above-stick-meta":"","header-main-stick-meta":"","header-below-stick-meta":"","astra-migrate-meta-layouts":"default","ast-page-background-enabled":"default","ast-page-background-meta":{"desktop":{"background-color":"var(--ast-global-color-4)","background-image":"","background-repeat":"repeat","background-position":"center center","background-size":"auto","background-attachment":"scroll","background-type":"","background-media":"","overlay-type":"","overlay-color":"","overlay-opacity":"","overlay-gradient":""},"tablet":{"background-color":"","background-image":"","background-repeat":"repeat","background-position":"center center","background-size":"auto","background-attachment":"scroll","background-type":"","background-media":"","overlay-type":"","overlay-color":"","overlay-opacity":"","overlay-gradient":""},"mobile":{"background-color":"","background-image":"","background-repeat":"repeat","background-position":"center center","background-size":"auto","background-attachment":"scroll","background-type":"","background-media":"","overlay-type":"","overlay-color":"","overlay-opacity":"","overlay-gradient":""}},"ast-content-background-meta":{"desktop":{"background-color":"var(--ast-global-color-5)","background-image":"","background-repeat":"repeat","background-position":"center center","background-size":"auto","background-attachment":"scroll","background-type":"","background-media":"","overlay-type":"","overlay-color":"","overlay-opacity":"","overlay-gradient":""},"tablet":{"background-color":"var(--ast-global-color-5)","background-image":"","background-repeat":"repeat","background-position":"center center","background-size":"auto","background-attachment":"scroll","background-type":"","background-media":"","overlay-type":"","overlay-color":"","overlay-opacity":"","overlay-gradient":""},"mobile":{"background-color":"var(--ast-global-color-5)","background-image":"","background-repeat":"repeat","background-position":"center center","background-size":"auto","background-attachment":"scroll","background-type":"","background-media":"","overlay-type":"","overlay-color":"","overlay-opacity":"","overlay-gradient":""}},"footnotes":""},"class_list":["post-8161","page","type-page","status-publish","hentry"],"post_mailing_queue_ids":[],"_links":{"self":[{"href":"https:\/\/agora-eoi.xtec.cat\/eoitortosa\/wp-json\/wp\/v2\/pages\/8161","targetHints":{"allow":["GET"]}}],"collection":[{"href":"https:\/\/agora-eoi.xtec.cat\/eoitortosa\/wp-json\/wp\/v2\/pages"}],"about":[{"href":"https:\/\/agora-eoi.xtec.cat\/eoitortosa\/wp-json\/wp\/v2\/types\/page"}],"author":[{"embeddable":true,"href":"https:\/\/agora-eoi.xtec.cat\/eoitortosa\/wp-json\/wp\/v2\/users\/1"}],"replies":[{"embeddable":true,"href":"https:\/\/agora-eoi.xtec.cat\/eoitortosa\/wp-json\/wp\/v2\/comments?post=8161"}],"version-history":[{"count":5,"href":"https:\/\/agora-eoi.xtec.cat\/eoitortosa\/wp-json\/wp\/v2\/pages\/8161\/revisions"}],"predecessor-version":[{"id":10995,"href":"https:\/\/agora-eoi.xtec.cat\/eoitortosa\/wp-json\/wp\/v2\/pages\/8161\/revisions\/10995"}],"up":[{"embeddable":true,"href":"https:\/\/agora-eoi.xtec.cat\/eoitortosa\/wp-json\/wp\/v2\/pages\/8358"}],"wp:attachment":[{"href":"https:\/\/agora-eoi.xtec.cat\/eoitortosa\/wp-json\/wp\/v2\/media?parent=8161"}],"curies":[{"name":"wp","href":"https:\/\/api.w.org\/{rel}","templated":true}]}}