{"id":8153,"date":"2024-04-16T08:43:37","date_gmt":"2024-04-16T06:43:37","guid":{"rendered":"http:\/\/agora-eoi.xtec.cat\/eoitortosa\/?page_id=8153"},"modified":"2025-05-20T12:37:09","modified_gmt":"2025-05-20T10:37:09","slug":"cursos-intensius-destiu","status":"publish","type":"page","link":"https:\/\/agora-eoi.xtec.cat\/eoitortosa\/cursos\/cursos-intensius-destiu\/","title":{"rendered":"Cursos intensius d&#8217;estiu"},"content":{"rendered":"<p>&nbsp;<\/p>\n<p><strong><span style=\"color: #ff0000;\">JULIOL 2025:<\/span> No hi hi ha oferta de cursos d&#8217;estiu per al juliol del 2025.<\/strong><\/p>\n<p>&nbsp;<\/p>\n<p>&#8212;&#8212;&#8212;&#8212;&#8212;&#8212;&#8212;&#8212;&#8212;&#8212;&#8212;&#8212;&#8212;&#8212;&#8212;&#8212;&#8212;&#8212;&#8212;&#8212;&#8212;&#8212;&#8212;&#8212;&#8211;<\/p>\n<p>L\u2019EOI de Tortosa organitza els seg\u00fcents cursos d\u2019estiu:<\/p>\n<p><strong>Cursos Juliol 2024:<\/strong><\/p>\n<ul>\n<li>\ud83d\uddfc Curs d\u2019iniciaci\u00f3 al franc\u00e8s<\/li>\n<li>\ud83c\udff0\u00a0Curs d\u2019iniciaci\u00f3 a l\u2019alemany<\/li>\n<li>\ud83d\uddfd Curs d\u2019angl\u00e8s: Intermediate Speaking Skills<\/li>\n<li>\ud83d\uddfd Curs d\u2019angl\u00e8s: Advanced Speaking Skills<\/li>\n<\/ul>\n<p><strong>Durada:<\/strong>\u00a030 hores<\/p>\n<p><strong>Preu:<\/strong>\u00a0175 \u20ac<\/p>\n<p><strong>Dates:<\/strong> de l&#8217;1 al 12 de juliol<\/p>\n<p><strong>Horari:<\/strong> de 9:30 a 12:30<\/p>\n<p><strong>Avaluaci\u00f3 i certificaci\u00f3:<\/strong><\/p>\n<p>Els cursos d\u2019estiu s\u2019avaluen formalment i donen dret a un certificat. Per aconseguir el certificat d\u2019assist\u00e8ncia i aprofitament s\u2019exigir\u00e0 l\u2019assist\u00e8ncia a classe (80%) i realitzaci\u00f3 d\u2019un m\u00ednim del 80% de les tasques encomanades.<\/p>\n<p><strong>Matr\u00edcula:<\/strong> a partir del <strong>15 de maig de 2024<\/strong><\/p>\n<p>\ud83d\udcd4\u00a0Documentaci\u00f3 requerida per formalitzar la matr\u00edcula:<\/p>\n<ul>\n<li style=\"list-style-type: none;\">\n<ul>\n<li>\u00a0 \u00a0 \u00a0DNI, NIE o passaport.<\/li>\n<li>\u00a0 \u00a0 \u00a0Documentaci\u00f3 oficial per reducci\u00f3 de matr\u00edcula, si escau (discapacitat, carnet de fam\u00edlia nombrosa, monoparental, etc.). Podeu consultar la informaci\u00f3 oficial sobre exempcions i bonificacions de preus p\u00fablics del Departament d\u2019Educaci\u00f3 en aquest <a href=\"https:\/\/educacio.gencat.cat\/ca\/departament\/normativa\/taxes-preus-publics\/preu-public\/\">enlla\u00e7<\/a>.<\/li>\n<li>\u00a0 \u00a0 \u00a0Certificat acreditatiu de nivell o prova de nivell (excepte en els cursos d\u2019iniciaci\u00f3 de franc\u00e8s i alemany). Si heu de fer prova de nivell, indiqueu-ho al formulari de matr\u00edcula (l&#8217;enlla\u00e7 es publicar\u00e0 properament) o b\u00e9 parleu amb Secretaria.<\/li>\n<\/ul>\n<\/li>\n<\/ul>\n<p>\u270f Formalitzaci\u00f3 de la matr\u00edcula \u2013 A partir del 15 de maig de 2024<\/p>\n<ul>\n<li style=\"list-style-type: none;\">\n<ul>\n<li>Presencialment (de 9:00 a 14:00 a la Secretaria del centre).<\/li>\n<li>Online (l&#8217;enlla\u00e7 es publicar\u00e0 properament).<\/li>\n<\/ul>\n<\/li>\n<\/ul>\n<p>&nbsp;<\/p>\n<p><strong>Observacions:<\/strong><\/p>\n<ul>\n<li>L\u2019EOI de Tortosa es reserva el dret d\u2019anul\u00b7lar un curs en cas que no s\u2019arribi al m\u00ednim de matr\u00edcules.<\/li>\n<li>No es retornar\u00e0 l\u2019import de la matr\u00edcula en cas de ren\u00fancia per part de l\u2019alumne. Nom\u00e9s es retornar\u00e0 la matr\u00edcula si el curs s\u2019anul\u00b7la.<\/li>\n<li>Nombre de places limitades (l\u2019assignaci\u00f3 es far\u00e0 per ordre de data de pagament).<\/li>\n<li>Edat m\u00ednima de 14 anys complerts abans del 31 de desembre de 2024.<\/li>\n<li>Aquests cursos estan pendents d\u2019aprovaci\u00f3 i subjectes a possibles canvis de data per causes de for\u00e7a major.<\/li>\n<\/ul>\n","protected":false},"excerpt":{"rendered":"<p>&nbsp; JULIOL 2025: No hi hi ha oferta de cursos d&#8217;estiu per al juliol del 2025. &nbsp; &#8212;&#8212;&#8212;&#8212;&#8212;&#8212;&#8212;&#8212;&#8212;&#8212;&#8212;&#8212;&#8212;&#8212;&#8212;&#8212;&#8212;&#8212;&#8212;&#8212;&#8212;&#8212;&#8212;&#8212;&#8211; L\u2019EOI de Tortosa organitza els seg\u00fcents cursos d\u2019estiu: Cursos Juliol 2024: \ud83d\uddfc Curs d\u2019iniciaci\u00f3 al franc\u00e8s \ud83c\udff0\u00a0Curs d\u2019iniciaci\u00f3 a l\u2019alemany \ud83d\uddfd Curs d\u2019angl\u00e8s: Intermediate Speaking Skills \ud83d\uddfd Curs d\u2019angl\u00e8s: Advanced Speaking Skills Durada:\u00a030 hores Preu:\u00a0175 \u20ac Dates: [&hellip;]<\/p>\n","protected":false},"author":1,"featured_media":0,"parent":8149,"menu_order":20,"comment_status":"closed","ping_status":"closed","template":"page-templates\/side-menu.php","meta":{"_bbp_topic_count":0,"_bbp_reply_count":0,"_bbp_total_topic_count":0,"_bbp_total_reply_count":0,"_bbp_voice_count":0,"_bbp_anonymous_reply_count":0,"_bbp_topic_count_hidden":0,"_bbp_reply_count_hidden":0,"_bbp_forum_subforum_count":0,"site-sidebar-layout":"default","site-content-layout":"","ast-site-content-layout":"","site-content-style":"default","site-sidebar-style":"default","ast-global-header-display":"","ast-banner-title-visibility":"","ast-main-header-display":"","ast-hfb-above-header-display":"","ast-hfb-below-header-display":"","ast-hfb-mobile-header-display":"","site-post-title":"","ast-breadcrumbs-content":"","ast-featured-img":"","footer-sml-layout":"","theme-transparent-header-meta":"","adv-header-id-meta":"","stick-header-meta":"","header-above-stick-meta":"","header-main-stick-meta":"","header-below-stick-meta":"","astra-migrate-meta-layouts":"default","ast-page-background-enabled":"default","ast-page-background-meta":{"desktop":{"background-color":"var(--ast-global-color-4)","background-image":"","background-repeat":"repeat","background-position":"center center","background-size":"auto","background-attachment":"scroll","background-type":"","background-media":"","overlay-type":"","overlay-color":"","overlay-opacity":"","overlay-gradient":""},"tablet":{"background-color":"","background-image":"","background-repeat":"repeat","background-position":"center center","background-size":"auto","background-attachment":"scroll","background-type":"","background-media":"","overlay-type":"","overlay-color":"","overlay-opacity":"","overlay-gradient":""},"mobile":{"background-color":"","background-image":"","background-repeat":"repeat","background-position":"center center","background-size":"auto","background-attachment":"scroll","background-type":"","background-media":"","overlay-type":"","overlay-color":"","overlay-opacity":"","overlay-gradient":""}},"ast-content-background-meta":{"desktop":{"background-color":"var(--ast-global-color-5)","background-image":"","background-repeat":"repeat","background-position":"center center","background-size":"auto","background-attachment":"scroll","background-type":"","background-media":"","overlay-type":"","overlay-color":"","overlay-opacity":"","overlay-gradient":""},"tablet":{"background-color":"var(--ast-global-color-5)","background-image":"","background-repeat":"repeat","background-position":"center center","background-size":"auto","background-attachment":"scroll","background-type":"","background-media":"","overlay-type":"","overlay-color":"","overlay-opacity":"","overlay-gradient":""},"mobile":{"background-color":"var(--ast-global-color-5)","background-image":"","background-repeat":"repeat","background-position":"center center","background-size":"auto","background-attachment":"scroll","background-type":"","background-media":"","overlay-type":"","overlay-color":"","overlay-opacity":"","overlay-gradient":""}},"footnotes":""},"class_list":["post-8153","page","type-page","status-publish","hentry"],"post_mailing_queue_ids":[],"_links":{"self":[{"href":"https:\/\/agora-eoi.xtec.cat\/eoitortosa\/wp-json\/wp\/v2\/pages\/8153","targetHints":{"allow":["GET"]}}],"collection":[{"href":"https:\/\/agora-eoi.xtec.cat\/eoitortosa\/wp-json\/wp\/v2\/pages"}],"about":[{"href":"https:\/\/agora-eoi.xtec.cat\/eoitortosa\/wp-json\/wp\/v2\/types\/page"}],"author":[{"embeddable":true,"href":"https:\/\/agora-eoi.xtec.cat\/eoitortosa\/wp-json\/wp\/v2\/users\/1"}],"replies":[{"embeddable":true,"href":"https:\/\/agora-eoi.xtec.cat\/eoitortosa\/wp-json\/wp\/v2\/comments?post=8153"}],"version-history":[{"count":6,"href":"https:\/\/agora-eoi.xtec.cat\/eoitortosa\/wp-json\/wp\/v2\/pages\/8153\/revisions"}],"predecessor-version":[{"id":11210,"href":"https:\/\/agora-eoi.xtec.cat\/eoitortosa\/wp-json\/wp\/v2\/pages\/8153\/revisions\/11210"}],"up":[{"embeddable":true,"href":"https:\/\/agora-eoi.xtec.cat\/eoitortosa\/wp-json\/wp\/v2\/pages\/8149"}],"wp:attachment":[{"href":"https:\/\/agora-eoi.xtec.cat\/eoitortosa\/wp-json\/wp\/v2\/media?parent=8153"}],"curies":[{"name":"wp","href":"https:\/\/api.w.org\/{rel}","templated":true}]}}