{"id":8141,"date":"2026-03-23T08:27:54","date_gmt":"2026-03-23T07:27:54","guid":{"rendered":"http:\/\/agora-eoi.xtec.cat\/eoitortosa\/?page_id=8141"},"modified":"2026-03-23T13:06:13","modified_gmt":"2026-03-23T12:06:13","slug":"consellescolar","status":"publish","type":"page","link":"https:\/\/agora-eoi.xtec.cat\/eoitortosa\/el-servei-educatiu\/presentacio\/consellescolar\/","title":{"rendered":"Consell Escolar"},"content":{"rendered":"<p>&nbsp;<\/p>\n<p align=\"left\"><em><strong>Membres Nats: <\/strong><\/em><\/p>\n<p align=\"left\">Presidenta: Carlota Vall\u00e8s Ferr\u00e9<\/p>\n<p align=\"left\">Secret\u00e0ria: Eva Cid Aranda<\/p>\n<p align=\"left\">Cap d&#8217;estudis: Fernando Romeu Esquerr\u00e9<\/p>\n<p align=\"left\">Ajuntament de Tortosa: V\u00edctor Grau Ferrer<\/p>\n<p align=\"left\">Personal d&#8217;Administraci\u00f3 i Serveis: David Sancho Torn\u00e9<\/p>\n<p align=\"left\"><em><strong>Sector Professorat<\/strong><\/em><strong>:<\/strong><\/p>\n<p align=\"left\">Marta Arnal Gas<\/p>\n<p>Merc\u00e8 Arasa Gisbert<\/p>\n<p>Marisa Mayench Bardaj\u00ed<\/p>\n<p>Jorgelina Rodr\u00edguez-Louro Aller<\/p>\n<p>Natalia Catal\u00e0 Soler<\/p>\n<p align=\"left\"><em><strong>Alumnat<\/strong><\/em><strong>:<\/strong><\/p>\n<p align=\"left\">Anna Centelles Cuartielles<\/p>\n<p align=\"left\">Carlos Llopis Espadero<\/p>\n<p align=\"left\">Joaquim Bonavila Oliu<\/p>\n<p align=\"left\">Cristian Marro Bellot<\/p>\n<p align=\"left\">Antonio G\u00f3mez Ni\u00f1o<\/p>\n<p>&nbsp;<\/p>\n<p>&nbsp;<\/p>\n","protected":false},"excerpt":{"rendered":"<p>&nbsp; Membres Nats: Presidenta: Carlota Vall\u00e8s Ferr\u00e9 Secret\u00e0ria: Eva Cid Aranda Cap d&#8217;estudis: Fernando Romeu Esquerr\u00e9 Ajuntament de Tortosa: V\u00edctor Grau Ferrer Personal d&#8217;Administraci\u00f3 i Serveis: David Sancho Torn\u00e9 Sector Professorat: Marta Arnal Gas Merc\u00e8 Arasa Gisbert Marisa Mayench Bardaj\u00ed Jorgelina Rodr\u00edguez-Louro Aller Natalia Catal\u00e0 Soler Alumnat: Anna Centelles Cuartielles Carlos Llopis Espadero Joaquim Bonavila [&hellip;]<\/p>\n","protected":false},"author":1,"featured_media":0,"parent":797,"menu_order":30,"comment_status":"closed","ping_status":"closed","template":"","meta":{"_bbp_topic_count":0,"_bbp_reply_count":0,"_bbp_total_topic_count":0,"_bbp_total_reply_count":0,"_bbp_voice_count":0,"_bbp_anonymous_reply_count":0,"_bbp_topic_count_hidden":0,"_bbp_reply_count_hidden":0,"_bbp_forum_subforum_count":0,"site-sidebar-layout":"default","site-content-layout":"","ast-site-content-layout":"default","site-content-style":"default","site-sidebar-style":"default","ast-global-header-display":"","ast-banner-title-visibility":"","ast-main-header-display":"","ast-hfb-above-header-display":"","ast-hfb-below-header-display":"","ast-hfb-mobile-header-display":"","site-post-title":"","ast-breadcrumbs-content":"","ast-featured-img":"","footer-sml-layout":"","theme-transparent-header-meta":"default","adv-header-id-meta":"","stick-header-meta":"","header-above-stick-meta":"","header-main-stick-meta":"","header-below-stick-meta":"","astra-migrate-meta-layouts":"set","ast-page-background-enabled":"default","ast-page-background-meta":{"desktop":{"background-color":"var(--ast-global-color-4)","background-image":"","background-repeat":"repeat","background-position":"center center","background-size":"auto","background-attachment":"scroll","background-type":"","background-media":"","overlay-type":"","overlay-color":"","overlay-opacity":"","overlay-gradient":""},"tablet":{"background-color":"","background-image":"","background-repeat":"repeat","background-position":"center center","background-size":"auto","background-attachment":"scroll","background-type":"","background-media":"","overlay-type":"","overlay-color":"","overlay-opacity":"","overlay-gradient":""},"mobile":{"background-color":"","background-image":"","background-repeat":"repeat","background-position":"center center","background-size":"auto","background-attachment":"scroll","background-type":"","background-media":"","overlay-type":"","overlay-color":"","overlay-opacity":"","overlay-gradient":""}},"ast-content-background-meta":{"desktop":{"background-color":"var(--ast-global-color-5)","background-image":"","background-repeat":"repeat","background-position":"center center","background-size":"auto","background-attachment":"scroll","background-type":"","background-media":"","overlay-type":"","overlay-color":"","overlay-opacity":"","overlay-gradient":""},"tablet":{"background-color":"var(--ast-global-color-5)","background-image":"","background-repeat":"repeat","background-position":"center center","background-size":"auto","background-attachment":"scroll","background-type":"","background-media":"","overlay-type":"","overlay-color":"","overlay-opacity":"","overlay-gradient":""},"mobile":{"background-color":"var(--ast-global-color-5)","background-image":"","background-repeat":"repeat","background-position":"center center","background-size":"auto","background-attachment":"scroll","background-type":"","background-media":"","overlay-type":"","overlay-color":"","overlay-opacity":"","overlay-gradient":""}},"footnotes":""},"class_list":["post-8141","page","type-page","status-publish","hentry"],"post_mailing_queue_ids":[],"_links":{"self":[{"href":"https:\/\/agora-eoi.xtec.cat\/eoitortosa\/wp-json\/wp\/v2\/pages\/8141","targetHints":{"allow":["GET"]}}],"collection":[{"href":"https:\/\/agora-eoi.xtec.cat\/eoitortosa\/wp-json\/wp\/v2\/pages"}],"about":[{"href":"https:\/\/agora-eoi.xtec.cat\/eoitortosa\/wp-json\/wp\/v2\/types\/page"}],"author":[{"embeddable":true,"href":"https:\/\/agora-eoi.xtec.cat\/eoitortosa\/wp-json\/wp\/v2\/users\/1"}],"replies":[{"embeddable":true,"href":"https:\/\/agora-eoi.xtec.cat\/eoitortosa\/wp-json\/wp\/v2\/comments?post=8141"}],"version-history":[{"count":6,"href":"https:\/\/agora-eoi.xtec.cat\/eoitortosa\/wp-json\/wp\/v2\/pages\/8141\/revisions"}],"predecessor-version":[{"id":11439,"href":"https:\/\/agora-eoi.xtec.cat\/eoitortosa\/wp-json\/wp\/v2\/pages\/8141\/revisions\/11439"}],"up":[{"embeddable":true,"href":"https:\/\/agora-eoi.xtec.cat\/eoitortosa\/wp-json\/wp\/v2\/pages\/797"}],"wp:attachment":[{"href":"https:\/\/agora-eoi.xtec.cat\/eoitortosa\/wp-json\/wp\/v2\/media?parent=8141"}],"curies":[{"name":"wp","href":"https:\/\/api.w.org\/{rel}","templated":true}]}}