{"id":11367,"date":"2026-02-10T10:12:38","date_gmt":"2026-02-10T09:12:38","guid":{"rendered":"https:\/\/agora-eoi.xtec.cat\/eoitortosa\/?page_id=11367"},"modified":"2026-03-20T16:46:44","modified_gmt":"2026-03-20T15:46:44","slug":"acreditacio-erasmus","status":"publish","type":"page","link":"https:\/\/agora-eoi.xtec.cat\/eoitortosa\/erasmus\/acreditacio-erasmus\/","title":{"rendered":"Acreditaci\u00f3 Erasmus+"},"content":{"rendered":"<p>El febrer del 2026 l&#8217;Escola Oficial d&#8217;Idiomes de Tortosa <span style=\"font-family: inherit; font-size: 1em;\">ha rebut l&#8217;acreditaci\u00f3 Erasmus+ per als propers cursos. Aix\u00f2 ens permetr\u00e0 seguir treballant en la internacionalitzaci\u00f3 del centre. Tamb\u00e9 representa una oportunitat \u00fanica per a projectes de mobilitat formativa europea, tan per a personal com per a alumnat. Els nostres objectius s\u00f3n:<\/span><\/p>\n<ul>\n<li>Millorar el seguiment i acompanyament de l&#8217;alumnat<\/li>\n<li>Capacitar el professorat en metodologies inclusives per atendre la diversitat<\/li>\n<li>Fomentar la cultura de col\u00b7laboraci\u00f3 en entorns digitals<\/li>\n<li>Incrementar la implicaci\u00f3 de l&#8217;alumnat en l&#8217;organitzaci\u00f3 del centre<\/li>\n<li>Millorar i enfortir la imatge del centre com a referent d&#8217;ensenyament de lleng\u00fces estrangeres<\/li>\n<\/ul>\n<p>&nbsp;<\/p>\n<p><a href=\"https:\/\/agora-eoi.xtec.cat\/eoitortosa\/wp-content\/uploads\/usu2262\/2024\/08\/descarga.png\"><img loading=\"lazy\" decoding=\"async\" class=\" wp-image-10898 alignleft\" src=\"https:\/\/agora-eoi.xtec.cat\/eoitortosa\/wp-content\/uploads\/usu2262\/2024\/08\/descarga.png\" alt=\"\" width=\"140\" height=\"78\" \/><\/a><a href=\"https:\/\/agora-eoi.xtec.cat\/eoitortosa\/wp-content\/uploads\/usu2262\/2026\/02\/unnamed.png\"><img loading=\"lazy\" decoding=\"async\" class=\" wp-image-11372 alignleft\" src=\"https:\/\/agora-eoi.xtec.cat\/eoitortosa\/wp-content\/uploads\/usu2262\/2026\/02\/unnamed.png\" alt=\"\" width=\"245\" height=\"58\" srcset=\"https:\/\/agora-eoi.xtec.cat\/eoitortosa\/wp-content\/uploads\/usu2262\/2026\/02\/unnamed.png 768w, https:\/\/agora-eoi.xtec.cat\/eoitortosa\/wp-content\/uploads\/usu2262\/2026\/02\/unnamed-300x71.png 300w\" sizes=\"auto, (max-width: 245px) 100vw, 245px\" \/><\/a><\/p>\n","protected":false},"excerpt":{"rendered":"<p>El febrer del 2026 l&#8217;Escola Oficial d&#8217;Idiomes de Tortosa ha rebut l&#8217;acreditaci\u00f3 Erasmus+ per als propers cursos. Aix\u00f2 ens permetr\u00e0 seguir treballant en la internacionalitzaci\u00f3 del centre. Tamb\u00e9 representa una oportunitat \u00fanica per a projectes de mobilitat formativa europea, tan per a personal com per a alumnat. Els nostres objectius s\u00f3n: Millorar el seguiment i [&hellip;]<\/p>\n","protected":false},"author":1,"featured_media":0,"parent":10891,"menu_order":0,"comment_status":"closed","ping_status":"closed","template":"","meta":{"_bbp_topic_count":0,"_bbp_reply_count":0,"_bbp_total_topic_count":0,"_bbp_total_reply_count":0,"_bbp_voice_count":0,"_bbp_anonymous_reply_count":0,"_bbp_topic_count_hidden":0,"_bbp_reply_count_hidden":0,"_bbp_forum_subforum_count":0,"site-sidebar-layout":"default","site-content-layout":"","ast-site-content-layout":"default","site-content-style":"default","site-sidebar-style":"default","ast-global-header-display":"","ast-banner-title-visibility":"","ast-main-header-display":"","ast-hfb-above-header-display":"","ast-hfb-below-header-display":"","ast-hfb-mobile-header-display":"","site-post-title":"","ast-breadcrumbs-content":"","ast-featured-img":"","footer-sml-layout":"","theme-transparent-header-meta":"default","adv-header-id-meta":"","stick-header-meta":"","header-above-stick-meta":"","header-main-stick-meta":"","header-below-stick-meta":"","astra-migrate-meta-layouts":"set","ast-page-background-enabled":"default","ast-page-background-meta":{"desktop":{"background-color":"var(--ast-global-color-4)","background-image":"","background-repeat":"repeat","background-position":"center center","background-size":"auto","background-attachment":"scroll","background-type":"","background-media":"","overlay-type":"","overlay-color":"","overlay-opacity":"","overlay-gradient":""},"tablet":{"background-color":"","background-image":"","background-repeat":"repeat","background-position":"center center","background-size":"auto","background-attachment":"scroll","background-type":"","background-media":"","overlay-type":"","overlay-color":"","overlay-opacity":"","overlay-gradient":""},"mobile":{"background-color":"","background-image":"","background-repeat":"repeat","background-position":"center center","background-size":"auto","background-attachment":"scroll","background-type":"","background-media":"","overlay-type":"","overlay-color":"","overlay-opacity":"","overlay-gradient":""}},"ast-content-background-meta":{"desktop":{"background-color":"var(--ast-global-color-5)","background-image":"","background-repeat":"repeat","background-position":"center center","background-size":"auto","background-attachment":"scroll","background-type":"","background-media":"","overlay-type":"","overlay-color":"","overlay-opacity":"","overlay-gradient":""},"tablet":{"background-color":"var(--ast-global-color-5)","background-image":"","background-repeat":"repeat","background-position":"center center","background-size":"auto","background-attachment":"scroll","background-type":"","background-media":"","overlay-type":"","overlay-color":"","overlay-opacity":"","overlay-gradient":""},"mobile":{"background-color":"var(--ast-global-color-5)","background-image":"","background-repeat":"repeat","background-position":"center center","background-size":"auto","background-attachment":"scroll","background-type":"","background-media":"","overlay-type":"","overlay-color":"","overlay-opacity":"","overlay-gradient":""}},"footnotes":""},"class_list":["post-11367","page","type-page","status-publish","hentry"],"post_mailing_queue_ids":[],"_links":{"self":[{"href":"https:\/\/agora-eoi.xtec.cat\/eoitortosa\/wp-json\/wp\/v2\/pages\/11367","targetHints":{"allow":["GET"]}}],"collection":[{"href":"https:\/\/agora-eoi.xtec.cat\/eoitortosa\/wp-json\/wp\/v2\/pages"}],"about":[{"href":"https:\/\/agora-eoi.xtec.cat\/eoitortosa\/wp-json\/wp\/v2\/types\/page"}],"author":[{"embeddable":true,"href":"https:\/\/agora-eoi.xtec.cat\/eoitortosa\/wp-json\/wp\/v2\/users\/1"}],"replies":[{"embeddable":true,"href":"https:\/\/agora-eoi.xtec.cat\/eoitortosa\/wp-json\/wp\/v2\/comments?post=11367"}],"version-history":[{"count":6,"href":"https:\/\/agora-eoi.xtec.cat\/eoitortosa\/wp-json\/wp\/v2\/pages\/11367\/revisions"}],"predecessor-version":[{"id":11418,"href":"https:\/\/agora-eoi.xtec.cat\/eoitortosa\/wp-json\/wp\/v2\/pages\/11367\/revisions\/11418"}],"up":[{"embeddable":true,"href":"https:\/\/agora-eoi.xtec.cat\/eoitortosa\/wp-json\/wp\/v2\/pages\/10891"}],"wp:attachment":[{"href":"https:\/\/agora-eoi.xtec.cat\/eoitortosa\/wp-json\/wp\/v2\/media?parent=11367"}],"curies":[{"name":"wp","href":"https:\/\/api.w.org\/{rel}","templated":true}]}}