{"id":11214,"date":"2025-05-29T16:50:04","date_gmt":"2025-05-29T14:50:04","guid":{"rendered":"https:\/\/agora-eoi.xtec.cat\/eoitortosa\/?page_id=11214"},"modified":"2026-03-23T12:46:14","modified_gmt":"2026-03-23T11:46:14","slug":"galeria-i-difusio","status":"publish","type":"page","link":"https:\/\/agora-eoi.xtec.cat\/eoitortosa\/erasmus\/projecte-conectant-a-traves-de-les-llengues\/galeria-i-difusio\/","title":{"rendered":"Galeria i difusi\u00f3"},"content":{"rendered":"<p><strong>Aqu\u00ed trobareu galeries de fotos, presentacions i documents de difusi\u00f3 de les mobilitats del programa Erasmus+ KA122 &#8220;Connectant a trav\u00e9s de les lleng\u00fces.<\/strong><\/p>\n<p><span style=\"color: #ff0000;\"><strong>Entrevista a R\u00e0dio Tortosa<\/strong><\/span><\/p>\n<p>Una de les coordinadores Erasmus+ i dos alumnes van anar a R\u00e0dio Tortosa a explicar la seva experi\u00e8ncia durant les mobilitats que van fer a Irlanda i a Fran\u00e7a. Podeu escoltar-los <a href=\"https:\/\/radiotortosa.cat\/podcast\/escola-oficial-didiomes-tortosa\/\">aqu\u00ed<\/a>.<\/p>\n<p><span style=\"color: #ff0000;\"><strong>Mobilitat a Dundalk (Irlanda)<\/strong><\/span><\/p>\n<p>Els alumnes que van participar en aquesta mobilitat van fer una <a href=\"https:\/\/docs.google.com\/presentation\/d\/1VEj0hQcX1sSSloILcZvz2tHEr_vubEM8OgvEmU3WtZI\/edit?slide=id.g35f307d6a12_1_0#slide=id.g35f307d6a12_1_0\">presentaci\u00f3 <\/a>durant la Festa de Fi de curs de 2025.<\/p>\n<p>Aqu\u00ed podeu veure el recull d&#8217;imatge i impressions que van fer els alumnes que van anar a Irlanda al mar\u00e7\/abril del 2025.<\/p>\n<div class=\"padlet-embed\" style=\"border: 1px solid rgba(0,0,0,0.1); border-radius: 2px; box-sizing: border-box; overflow: hidden; position: relative; width: 480px; height: 352px; max-width: 100%;\"><iframe style=\"width: 100%; height: 100%; display: block; padding: 0; margin: 0;\" src=\"https:\/\/padlet.com\/padlets\/yp8eekhx1yyr3iyi\/embeds\/preview_embed\" frameborder=\"0\"><\/iframe><\/div>\n<p>&nbsp;<\/p>\n<p><span style=\"color: #ff0000;\"><strong>Mobilitat a Tournan-en-Brie (Fran\u00e7a)<\/strong><\/span><\/p>\n<p>Els alumnes que van participar en aquesta mobilitat van fer una <a href=\"https:\/\/www.canva.com\/design\/DAGoieC1J_Y\/VwmK2OxdWhr-RC-KfdCeeQ\/view?utm_content=DAGoieC1J_Y&amp;utm_campaign=designshare&amp;utm_medium=link2&amp;utm_source=uniquelinks&amp;utlId=h0a0211642e\">presentaci\u00f3<\/a> durant la Festa de Fi de curs de 2025.<\/p>\n<p>Aqu\u00ed podeu veure el recull d&#8217;imatge i impressions que van fer els alumnes que van anar a Fran\u00e7a el mar\u00e7\/abril del 2025.<\/p>\n<p><iframe loading=\"lazy\" class=\"wakeletEmbed\" style=\"border: none;\" src=\"https:\/\/embed.wakelet.com\/wakes\/98JNvZ4tW95mXPyqhT8sT\/horizontal?border=1\" width=\"100%\" height=\"760px\"><\/iframe><\/p>\n<p><!-- Please only call https:\/\/embed-assets.wakelet.com\/wakelet-embed.js once per page --><script src=\"https:\/\/embed-assets.wakelet.com\/wakelet-embed.js\" charset=\"UTF-8\"><\/script><\/p>\n<p><span style=\"color: #ff0000;\"><strong>Mobilitat a Weyer (\u00c0ustria)<\/strong><\/span><\/p>\n<p>Els alumnes que van participar en aquesta mobilitat van fer una <a href=\"https:\/\/www.canva.com\/design\/DAGrF06R0Wk\/LMYSgf67tWKR-10fEPWZug\/view?utm_content=DAGrF06R0Wk&amp;utm_campaign=designshare&amp;utm_medium=link2&amp;utm_source=uniquelinks&amp;utlId=h2998d0f8da\">presentaci\u00f3<\/a> i un article per publicar a la revista de la BBS Schule de Weyer.<\/p>\n<p>Aqu\u00ed podeu veure el recull d&#8217;imatge i impressions que van fer els alumnes que van anar a \u00c0ustria al juny del 2025.<\/p>\n<div class=\"padlet-embed\" style=\"border: 1px solid rgba(0,0,0,0.1); border-radius: 2px; box-sizing: border-box; overflow: hidden; position: relative; width: 480px; height: 352px; max-width: 100%;\"><iframe style=\"width: 100%; height: 100%; display: block; padding: 0; margin: 0;\" src=\"https:\/\/padlet.com\/padlets\/9ez24t3q0fuknv2x\/embeds\/preview_embed\" frameborder=\"0\"><\/iframe><\/div>\n","protected":false},"excerpt":{"rendered":"<p>Aqu\u00ed trobareu galeries de fotos, presentacions i documents de difusi\u00f3 de les mobilitats del programa Erasmus+ KA122 &#8220;Connectant a trav\u00e9s de les lleng\u00fces. Entrevista a R\u00e0dio Tortosa Una de les coordinadores Erasmus+ i dos alumnes van anar a R\u00e0dio Tortosa a explicar la seva experi\u00e8ncia durant les mobilitats que van fer a Irlanda i a [&hellip;]<\/p>\n","protected":false},"author":1,"featured_media":0,"parent":10906,"menu_order":0,"comment_status":"closed","ping_status":"closed","template":"","meta":{"_bbp_topic_count":0,"_bbp_reply_count":0,"_bbp_total_topic_count":0,"_bbp_total_reply_count":0,"_bbp_voice_count":0,"_bbp_anonymous_reply_count":0,"_bbp_topic_count_hidden":0,"_bbp_reply_count_hidden":0,"_bbp_forum_subforum_count":0,"site-sidebar-layout":"default","site-content-layout":"","ast-site-content-layout":"default","site-content-style":"default","site-sidebar-style":"default","ast-global-header-display":"","ast-banner-title-visibility":"","ast-main-header-display":"","ast-hfb-above-header-display":"","ast-hfb-below-header-display":"","ast-hfb-mobile-header-display":"","site-post-title":"","ast-breadcrumbs-content":"","ast-featured-img":"","footer-sml-layout":"","theme-transparent-header-meta":"default","adv-header-id-meta":"","stick-header-meta":"","header-above-stick-meta":"","header-main-stick-meta":"","header-below-stick-meta":"","astra-migrate-meta-layouts":"set","ast-page-background-enabled":"default","ast-page-background-meta":{"desktop":{"background-color":"var(--ast-global-color-4)","background-image":"","background-repeat":"repeat","background-position":"center center","background-size":"auto","background-attachment":"scroll","background-type":"","background-media":"","overlay-type":"","overlay-color":"","overlay-opacity":"","overlay-gradient":""},"tablet":{"background-color":"","background-image":"","background-repeat":"repeat","background-position":"center center","background-size":"auto","background-attachment":"scroll","background-type":"","background-media":"","overlay-type":"","overlay-color":"","overlay-opacity":"","overlay-gradient":""},"mobile":{"background-color":"","background-image":"","background-repeat":"repeat","background-position":"center center","background-size":"auto","background-attachment":"scroll","background-type":"","background-media":"","overlay-type":"","overlay-color":"","overlay-opacity":"","overlay-gradient":""}},"ast-content-background-meta":{"desktop":{"background-color":"var(--ast-global-color-5)","background-image":"","background-repeat":"repeat","background-position":"center center","background-size":"auto","background-attachment":"scroll","background-type":"","background-media":"","overlay-type":"","overlay-color":"","overlay-opacity":"","overlay-gradient":""},"tablet":{"background-color":"var(--ast-global-color-5)","background-image":"","background-repeat":"repeat","background-position":"center center","background-size":"auto","background-attachment":"scroll","background-type":"","background-media":"","overlay-type":"","overlay-color":"","overlay-opacity":"","overlay-gradient":""},"mobile":{"background-color":"var(--ast-global-color-5)","background-image":"","background-repeat":"repeat","background-position":"center center","background-size":"auto","background-attachment":"scroll","background-type":"","background-media":"","overlay-type":"","overlay-color":"","overlay-opacity":"","overlay-gradient":""}},"footnotes":""},"class_list":["post-11214","page","type-page","status-publish","hentry"],"post_mailing_queue_ids":[],"_links":{"self":[{"href":"https:\/\/agora-eoi.xtec.cat\/eoitortosa\/wp-json\/wp\/v2\/pages\/11214","targetHints":{"allow":["GET"]}}],"collection":[{"href":"https:\/\/agora-eoi.xtec.cat\/eoitortosa\/wp-json\/wp\/v2\/pages"}],"about":[{"href":"https:\/\/agora-eoi.xtec.cat\/eoitortosa\/wp-json\/wp\/v2\/types\/page"}],"author":[{"embeddable":true,"href":"https:\/\/agora-eoi.xtec.cat\/eoitortosa\/wp-json\/wp\/v2\/users\/1"}],"replies":[{"embeddable":true,"href":"https:\/\/agora-eoi.xtec.cat\/eoitortosa\/wp-json\/wp\/v2\/comments?post=11214"}],"version-history":[{"count":5,"href":"https:\/\/agora-eoi.xtec.cat\/eoitortosa\/wp-json\/wp\/v2\/pages\/11214\/revisions"}],"predecessor-version":[{"id":11242,"href":"https:\/\/agora-eoi.xtec.cat\/eoitortosa\/wp-json\/wp\/v2\/pages\/11214\/revisions\/11242"}],"up":[{"embeddable":true,"href":"https:\/\/agora-eoi.xtec.cat\/eoitortosa\/wp-json\/wp\/v2\/pages\/10906"}],"wp:attachment":[{"href":"https:\/\/agora-eoi.xtec.cat\/eoitortosa\/wp-json\/wp\/v2\/media?parent=11214"}],"curies":[{"name":"wp","href":"https:\/\/api.w.org\/{rel}","templated":true}]}}