{"id":11150,"date":"2025-01-17T09:44:38","date_gmt":"2025-01-17T08:44:38","guid":{"rendered":"https:\/\/agora-eoi.xtec.cat\/eoitortosa\/?page_id=11150"},"modified":"2026-03-23T12:44:35","modified_gmt":"2026-03-23T11:44:35","slug":"mobilitat-en-grup-a-franca-24-25","status":"publish","type":"page","link":"https:\/\/agora-eoi.xtec.cat\/eoitortosa\/erasmus\/projecte-conectant-a-traves-de-les-llengues\/mobilitat-en-grup-a-franca-24-25\/","title":{"rendered":"Mobilitat en grup a Fran\u00e7a 24-25"},"content":{"rendered":"<p>Per\u00edode de sol\u00b7licitud: <strong>del 20 al 29 de gener de 2025<\/strong><\/p>\n<p>Ja podeu consultar la convocat\u00f2ria\u00a0<a href=\"https:\/\/docs.google.com\/document\/d\/1_Q0u1c_pT4rwznowOy80p8bsXURtV9ce0rzL2e9GkuQ\/edit?usp=sharing\">aqu\u00ed<\/a><\/p>\n<p>Publicaci\u00f3 de la<strong>\u00a0llista provisional<\/strong> d\u2019alumnat seleccionat (30 de gener de 2025, a les 13:00 h)<\/p>\n<ul>\n<li><a href=\"https:\/\/docs.google.com\/document\/d\/1B-s7BN93Gknr9zhMZrfjepL72sgX1A2IHyFFNjQrYfM\/edit?usp=sharing\">Resoluci\u00f3\u00a0<\/a>sobre la publicaci\u00f3 de la llista provisional<\/li>\n<li><a href=\"https:\/\/docs.google.com\/document\/d\/1OXTZqzxa41neJscZh_xR3sYB3pfWun_Y5KNl-kHJfdo\/edit?usp=sharing\">Llista\u00a0<\/a>provisional d\u2019alumnat seleccionat (Al\u00b7legacions: 2 dies h\u00e0bils a partir de la data de publicaci\u00f3)<\/li>\n<\/ul>\n<p>Publicaci\u00f3 de la <strong>llista definitiva<\/strong> (4 de febrer de 2025)<\/p>\n<ul>\n<li style=\"list-style-type: none;\">\n<ul>\n<li><a href=\"https:\/\/docs.google.com\/document\/d\/1NIvYJ76Dado-URDq3cc84ffambUnOHohQtX4Eff_XRw\/edit?usp=sharing\">Llista\u00a0<\/a>definitiva\u00a0d\u2019alumnat seleccionat.<\/li>\n<li>L\u2019alumnat seleccionat de la llista definitiva quedar\u00e0 convocat autom\u00e0ticament a la reuni\u00f3 informativa que tindr\u00e0 lloc el\u00a0<strong>6 de febrer a les 12:00<\/strong>\u00a0h a l\u2019EOI de Tortosa.<\/li>\n<\/ul>\n<\/li>\n<\/ul>\n<p><a href=\"https:\/\/agora-eoi.xtec.cat\/eoitortosa\/wp-content\/uploads\/usu2262\/2025\/01\/Erasmus-Franca-Publicacio-dInstagram.png\"><img loading=\"lazy\" decoding=\"async\" class=\"size-medium wp-image-11157 alignleft\" src=\"https:\/\/agora-eoi.xtec.cat\/eoitortosa\/wp-content\/uploads\/usu2262\/2025\/01\/Erasmus-Franca-Publicacio-dInstagram-300x300.png\" alt=\"\" width=\"300\" height=\"300\" srcset=\"https:\/\/agora-eoi.xtec.cat\/eoitortosa\/wp-content\/uploads\/usu2262\/2025\/01\/Erasmus-Franca-Publicacio-dInstagram-300x300.png 300w, https:\/\/agora-eoi.xtec.cat\/eoitortosa\/wp-content\/uploads\/usu2262\/2025\/01\/Erasmus-Franca-Publicacio-dInstagram-1024x1024.png 1024w, https:\/\/agora-eoi.xtec.cat\/eoitortosa\/wp-content\/uploads\/usu2262\/2025\/01\/Erasmus-Franca-Publicacio-dInstagram-150x150.png 150w, https:\/\/agora-eoi.xtec.cat\/eoitortosa\/wp-content\/uploads\/usu2262\/2025\/01\/Erasmus-Franca-Publicacio-dInstagram-768x768.png 768w, https:\/\/agora-eoi.xtec.cat\/eoitortosa\/wp-content\/uploads\/usu2262\/2025\/01\/Erasmus-Franca-Publicacio-dInstagram.png 1080w\" sizes=\"auto, (max-width: 300px) 100vw, 300px\" \/><\/a><\/p>\n<p>&nbsp;<\/p>\n<p>&nbsp;<\/p>\n<p>&nbsp;<\/p>\n<p>&nbsp;<\/p>\n<p>&nbsp;<\/p>\n<p>&nbsp;<\/p>\n<p>&nbsp;<\/p>\n<p><a href=\"https:\/\/agora-eoi.xtec.cat\/eoitortosa\/wp-content\/uploads\/usu2262\/2025\/04\/es_cofinanciado_por_la_union_europea_pantone.png\"><img loading=\"lazy\" decoding=\"async\" class=\"size-medium wp-image-11205 alignleft\" src=\"https:\/\/agora-eoi.xtec.cat\/eoitortosa\/wp-content\/uploads\/usu2262\/2025\/04\/es_cofinanciado_por_la_union_europea_pantone-300x63.png\" alt=\"\" width=\"300\" height=\"63\" srcset=\"https:\/\/agora-eoi.xtec.cat\/eoitortosa\/wp-content\/uploads\/usu2262\/2025\/04\/es_cofinanciado_por_la_union_europea_pantone-300x63.png 300w, https:\/\/agora-eoi.xtec.cat\/eoitortosa\/wp-content\/uploads\/usu2262\/2025\/04\/es_cofinanciado_por_la_union_europea_pantone-1024x215.png 1024w, https:\/\/agora-eoi.xtec.cat\/eoitortosa\/wp-content\/uploads\/usu2262\/2025\/04\/es_cofinanciado_por_la_union_europea_pantone-768x161.png 768w, https:\/\/agora-eoi.xtec.cat\/eoitortosa\/wp-content\/uploads\/usu2262\/2025\/04\/es_cofinanciado_por_la_union_europea_pantone-1536x322.png 1536w, https:\/\/agora-eoi.xtec.cat\/eoitortosa\/wp-content\/uploads\/usu2262\/2025\/04\/es_cofinanciado_por_la_union_europea_pantone-2048x429.png 2048w\" sizes=\"auto, (max-width: 300px) 100vw, 300px\" \/><\/a><\/p>\n","protected":false},"excerpt":{"rendered":"<p>Per\u00edode de sol\u00b7licitud: del 20 al 29 de gener de 2025 Ja podeu consultar la convocat\u00f2ria\u00a0aqu\u00ed Publicaci\u00f3 de la\u00a0llista provisional d\u2019alumnat seleccionat (30 de gener de 2025, a les 13:00 h) Resoluci\u00f3\u00a0sobre la publicaci\u00f3 de la llista provisional Llista\u00a0provisional d\u2019alumnat seleccionat (Al\u00b7legacions: 2 dies h\u00e0bils a partir de la data de publicaci\u00f3) Publicaci\u00f3 de la [&hellip;]<\/p>\n","protected":false},"author":1,"featured_media":0,"parent":10906,"menu_order":0,"comment_status":"closed","ping_status":"closed","template":"","meta":{"_bbp_topic_count":0,"_bbp_reply_count":0,"_bbp_total_topic_count":0,"_bbp_total_reply_count":0,"_bbp_voice_count":0,"_bbp_anonymous_reply_count":0,"_bbp_topic_count_hidden":0,"_bbp_reply_count_hidden":0,"_bbp_forum_subforum_count":0,"site-sidebar-layout":"default","site-content-layout":"","ast-site-content-layout":"default","site-content-style":"default","site-sidebar-style":"default","ast-global-header-display":"","ast-banner-title-visibility":"","ast-main-header-display":"","ast-hfb-above-header-display":"","ast-hfb-below-header-display":"","ast-hfb-mobile-header-display":"","site-post-title":"","ast-breadcrumbs-content":"","ast-featured-img":"","footer-sml-layout":"","theme-transparent-header-meta":"default","adv-header-id-meta":"","stick-header-meta":"","header-above-stick-meta":"","header-main-stick-meta":"","header-below-stick-meta":"","astra-migrate-meta-layouts":"set","ast-page-background-enabled":"default","ast-page-background-meta":{"desktop":{"background-color":"var(--ast-global-color-4)","background-image":"","background-repeat":"repeat","background-position":"center center","background-size":"auto","background-attachment":"scroll","background-type":"","background-media":"","overlay-type":"","overlay-color":"","overlay-opacity":"","overlay-gradient":""},"tablet":{"background-color":"","background-image":"","background-repeat":"repeat","background-position":"center center","background-size":"auto","background-attachment":"scroll","background-type":"","background-media":"","overlay-type":"","overlay-color":"","overlay-opacity":"","overlay-gradient":""},"mobile":{"background-color":"","background-image":"","background-repeat":"repeat","background-position":"center center","background-size":"auto","background-attachment":"scroll","background-type":"","background-media":"","overlay-type":"","overlay-color":"","overlay-opacity":"","overlay-gradient":""}},"ast-content-background-meta":{"desktop":{"background-color":"var(--ast-global-color-5)","background-image":"","background-repeat":"repeat","background-position":"center center","background-size":"auto","background-attachment":"scroll","background-type":"","background-media":"","overlay-type":"","overlay-color":"","overlay-opacity":"","overlay-gradient":""},"tablet":{"background-color":"var(--ast-global-color-5)","background-image":"","background-repeat":"repeat","background-position":"center center","background-size":"auto","background-attachment":"scroll","background-type":"","background-media":"","overlay-type":"","overlay-color":"","overlay-opacity":"","overlay-gradient":""},"mobile":{"background-color":"var(--ast-global-color-5)","background-image":"","background-repeat":"repeat","background-position":"center center","background-size":"auto","background-attachment":"scroll","background-type":"","background-media":"","overlay-type":"","overlay-color":"","overlay-opacity":"","overlay-gradient":""}},"footnotes":""},"class_list":["post-11150","page","type-page","status-publish","hentry"],"post_mailing_queue_ids":[],"_links":{"self":[{"href":"https:\/\/agora-eoi.xtec.cat\/eoitortosa\/wp-json\/wp\/v2\/pages\/11150","targetHints":{"allow":["GET"]}}],"collection":[{"href":"https:\/\/agora-eoi.xtec.cat\/eoitortosa\/wp-json\/wp\/v2\/pages"}],"about":[{"href":"https:\/\/agora-eoi.xtec.cat\/eoitortosa\/wp-json\/wp\/v2\/types\/page"}],"author":[{"embeddable":true,"href":"https:\/\/agora-eoi.xtec.cat\/eoitortosa\/wp-json\/wp\/v2\/users\/1"}],"replies":[{"embeddable":true,"href":"https:\/\/agora-eoi.xtec.cat\/eoitortosa\/wp-json\/wp\/v2\/comments?post=11150"}],"version-history":[{"count":6,"href":"https:\/\/agora-eoi.xtec.cat\/eoitortosa\/wp-json\/wp\/v2\/pages\/11150\/revisions"}],"predecessor-version":[{"id":11207,"href":"https:\/\/agora-eoi.xtec.cat\/eoitortosa\/wp-json\/wp\/v2\/pages\/11150\/revisions\/11207"}],"up":[{"embeddable":true,"href":"https:\/\/agora-eoi.xtec.cat\/eoitortosa\/wp-json\/wp\/v2\/pages\/10906"}],"wp:attachment":[{"href":"https:\/\/agora-eoi.xtec.cat\/eoitortosa\/wp-json\/wp\/v2\/media?parent=11150"}],"curies":[{"name":"wp","href":"https:\/\/api.w.org\/{rel}","templated":true}]}}