{"id":11095,"date":"2024-11-20T08:17:32","date_gmt":"2024-11-20T07:17:32","guid":{"rendered":"https:\/\/agora-eoi.xtec.cat\/eoitortosa\/?page_id=11095"},"modified":"2026-03-23T12:43:27","modified_gmt":"2026-03-23T11:43:27","slug":"mobilitat-en-grup-a-irlanda","status":"publish","type":"page","link":"https:\/\/agora-eoi.xtec.cat\/eoitortosa\/erasmus\/projecte-conectant-a-traves-de-les-llengues\/mobilitat-en-grup-a-irlanda\/","title":{"rendered":"Mobilitat en grup a Irlanda 24-25"},"content":{"rendered":"<p>Per\u00edode de sol\u00b7licitud: del 25 de novembre al 15 de desembre de 2024<\/p>\n<p>Ja podeu consultar la convocat\u00f2ria <a href=\"https:\/\/docs.google.com\/document\/d\/1qc5SIJD3T3Erncla4Unb5SPpGTmtjVlNOqNvUbSa5vY\/edit?usp=sharing\">aqu\u00ed<\/a><\/p>\n<p>Publicaci\u00f3 de la<strong> llista provisional<\/strong> d&#8217;alumnat seleccionat (8 de gener de 2025)<\/p>\n<ul>\n<li><a href=\"https:\/\/docs.google.com\/document\/d\/1B-s7BN93Gknr9zhMZrfjepL72sgX1A2IHyFFNjQrYfM\/edit?usp=sharing\">Resoluci\u00f3<\/a> sobre la publicaci\u00f3 de la llista provisional<\/li>\n<li><a href=\"https:\/\/drive.google.com\/file\/d\/1zFSMHLDXxWBfAsdLY0QRUybnIHMxM7Ao\/view?usp=sharing\">Llista<\/a> provisional d&#8217;alumnat seleccionat (Al\u00b7legacions: 2 dies h\u00e0bils a partir de la data de publicaci\u00f3)<\/li>\n<\/ul>\n<p>Prublicaci\u00f3 de la <strong>llista definitiva<\/strong> (13 de gener de 2025)<\/p>\n<ul>\n<li>Llista <a href=\"https:\/\/drive.google.com\/file\/d\/10SgdtSKoKSmnRiZUc0eTNR-atdPrhVcQ\/view?usp=sharing\">definitiva<\/a> d&#8217;alumnat seleccionat.<\/li>\n<li>L&#8217;alumnat seleccionat de la llista definitiva quedar\u00e0 convocat autom\u00e0ticament a la reuni\u00f3 informativa que tindr\u00e0 lloc el <strong>14 de gener a les 12:00<\/strong> h a l&#8217;EOI de Tortosa.<\/li>\n<\/ul>\n<p><a href=\"https:\/\/agora-eoi.xtec.cat\/eoitortosa\/wp-content\/uploads\/usu2262\/2024\/11\/Erasmus-Irlanda-Publicacio-dInstagram.png\"><img loading=\"lazy\" decoding=\"async\" class=\"wp-image-11110 alignleft\" src=\"https:\/\/agora-eoi.xtec.cat\/eoitortosa\/wp-content\/uploads\/usu2262\/2024\/11\/Erasmus-Irlanda-Publicacio-dInstagram.png\" alt=\"\" width=\"310\" height=\"310\" srcset=\"https:\/\/agora-eoi.xtec.cat\/eoitortosa\/wp-content\/uploads\/usu2262\/2024\/11\/Erasmus-Irlanda-Publicacio-dInstagram.png 1080w, https:\/\/agora-eoi.xtec.cat\/eoitortosa\/wp-content\/uploads\/usu2262\/2024\/11\/Erasmus-Irlanda-Publicacio-dInstagram-300x300.png 300w, https:\/\/agora-eoi.xtec.cat\/eoitortosa\/wp-content\/uploads\/usu2262\/2024\/11\/Erasmus-Irlanda-Publicacio-dInstagram-1024x1024.png 1024w, https:\/\/agora-eoi.xtec.cat\/eoitortosa\/wp-content\/uploads\/usu2262\/2024\/11\/Erasmus-Irlanda-Publicacio-dInstagram-150x150.png 150w, https:\/\/agora-eoi.xtec.cat\/eoitortosa\/wp-content\/uploads\/usu2262\/2024\/11\/Erasmus-Irlanda-Publicacio-dInstagram-768x768.png 768w\" sizes=\"auto, (max-width: 310px) 100vw, 310px\" \/><\/a><\/p>\n","protected":false},"excerpt":{"rendered":"<p>Per\u00edode de sol\u00b7licitud: del 25 de novembre al 15 de desembre de 2024 Ja podeu consultar la convocat\u00f2ria aqu\u00ed Publicaci\u00f3 de la llista provisional d&#8217;alumnat seleccionat (8 de gener de 2025) Resoluci\u00f3 sobre la publicaci\u00f3 de la llista provisional Llista provisional d&#8217;alumnat seleccionat (Al\u00b7legacions: 2 dies h\u00e0bils a partir de la data de publicaci\u00f3) Prublicaci\u00f3 [&hellip;]<\/p>\n","protected":false},"author":1,"featured_media":0,"parent":10906,"menu_order":0,"comment_status":"closed","ping_status":"closed","template":"","meta":{"_bbp_topic_count":0,"_bbp_reply_count":0,"_bbp_total_topic_count":0,"_bbp_total_reply_count":0,"_bbp_voice_count":0,"_bbp_anonymous_reply_count":0,"_bbp_topic_count_hidden":0,"_bbp_reply_count_hidden":0,"_bbp_forum_subforum_count":0,"site-sidebar-layout":"default","site-content-layout":"","ast-site-content-layout":"default","site-content-style":"default","site-sidebar-style":"default","ast-global-header-display":"","ast-banner-title-visibility":"","ast-main-header-display":"","ast-hfb-above-header-display":"","ast-hfb-below-header-display":"","ast-hfb-mobile-header-display":"","site-post-title":"","ast-breadcrumbs-content":"","ast-featured-img":"","footer-sml-layout":"","theme-transparent-header-meta":"default","adv-header-id-meta":"","stick-header-meta":"","header-above-stick-meta":"","header-main-stick-meta":"","header-below-stick-meta":"","astra-migrate-meta-layouts":"set","ast-page-background-enabled":"default","ast-page-background-meta":{"desktop":{"background-color":"var(--ast-global-color-4)","background-image":"","background-repeat":"repeat","background-position":"center center","background-size":"auto","background-attachment":"scroll","background-type":"","background-media":"","overlay-type":"","overlay-color":"","overlay-opacity":"","overlay-gradient":""},"tablet":{"background-color":"","background-image":"","background-repeat":"repeat","background-position":"center center","background-size":"auto","background-attachment":"scroll","background-type":"","background-media":"","overlay-type":"","overlay-color":"","overlay-opacity":"","overlay-gradient":""},"mobile":{"background-color":"","background-image":"","background-repeat":"repeat","background-position":"center center","background-size":"auto","background-attachment":"scroll","background-type":"","background-media":"","overlay-type":"","overlay-color":"","overlay-opacity":"","overlay-gradient":""}},"ast-content-background-meta":{"desktop":{"background-color":"var(--ast-global-color-5)","background-image":"","background-repeat":"repeat","background-position":"center center","background-size":"auto","background-attachment":"scroll","background-type":"","background-media":"","overlay-type":"","overlay-color":"","overlay-opacity":"","overlay-gradient":""},"tablet":{"background-color":"var(--ast-global-color-5)","background-image":"","background-repeat":"repeat","background-position":"center center","background-size":"auto","background-attachment":"scroll","background-type":"","background-media":"","overlay-type":"","overlay-color":"","overlay-opacity":"","overlay-gradient":""},"mobile":{"background-color":"var(--ast-global-color-5)","background-image":"","background-repeat":"repeat","background-position":"center center","background-size":"auto","background-attachment":"scroll","background-type":"","background-media":"","overlay-type":"","overlay-color":"","overlay-opacity":"","overlay-gradient":""}},"footnotes":""},"class_list":["post-11095","page","type-page","status-publish","hentry"],"post_mailing_queue_ids":[],"_links":{"self":[{"href":"https:\/\/agora-eoi.xtec.cat\/eoitortosa\/wp-json\/wp\/v2\/pages\/11095","targetHints":{"allow":["GET"]}}],"collection":[{"href":"https:\/\/agora-eoi.xtec.cat\/eoitortosa\/wp-json\/wp\/v2\/pages"}],"about":[{"href":"https:\/\/agora-eoi.xtec.cat\/eoitortosa\/wp-json\/wp\/v2\/types\/page"}],"author":[{"embeddable":true,"href":"https:\/\/agora-eoi.xtec.cat\/eoitortosa\/wp-json\/wp\/v2\/users\/1"}],"replies":[{"embeddable":true,"href":"https:\/\/agora-eoi.xtec.cat\/eoitortosa\/wp-json\/wp\/v2\/comments?post=11095"}],"version-history":[{"count":6,"href":"https:\/\/agora-eoi.xtec.cat\/eoitortosa\/wp-json\/wp\/v2\/pages\/11095\/revisions"}],"predecessor-version":[{"id":11148,"href":"https:\/\/agora-eoi.xtec.cat\/eoitortosa\/wp-json\/wp\/v2\/pages\/11095\/revisions\/11148"}],"up":[{"embeddable":true,"href":"https:\/\/agora-eoi.xtec.cat\/eoitortosa\/wp-json\/wp\/v2\/pages\/10906"}],"wp:attachment":[{"href":"https:\/\/agora-eoi.xtec.cat\/eoitortosa\/wp-json\/wp\/v2\/media?parent=11095"}],"curies":[{"name":"wp","href":"https:\/\/api.w.org\/{rel}","templated":true}]}}