{"id":11059,"date":"2024-11-08T12:08:19","date_gmt":"2024-11-08T11:08:19","guid":{"rendered":"https:\/\/agora-eoi.xtec.cat\/eoitortosa\/?page_id=11059"},"modified":"2024-12-03T11:35:37","modified_gmt":"2024-12-03T10:35:37","slug":"sala-audiovisual","status":"publish","type":"page","link":"https:\/\/agora-eoi.xtec.cat\/eoitortosa\/serveis\/biblioteca\/sala-audiovisual\/","title":{"rendered":"Sala audiovisual"},"content":{"rendered":"<p>Amb els objectius de facilitar l&#8217;<strong>acc\u00e8s a la cultura de les lleng\u00fces<\/strong> que aprenem i de <strong>millorar la comprensi\u00f3 oral<\/strong>, l&#8217;EOI de Tortosa posa a disposici\u00f3 de l&#8217;alumnat una <strong>aula on reproduir el material audiovisual de la biblioteca<\/strong>.<\/p>\n<p>Per fer \u00fas del servei, caldr\u00e0 <strong>reservar pr\u00e8viament,<\/strong> tant el material per visualitzar com la sala de reproducci\u00f3.<\/p>\n<p><a href=\"https:\/\/agora-eoi.xtec.cat\/eoitortosa\/wp-content\/uploads\/usu2262\/2024\/11\/Sala-audiovisual-800-x-1707-px.png\"><img loading=\"lazy\" decoding=\"async\" class=\"aligncenter wp-image-11075 size-full\" src=\"https:\/\/agora-eoi.xtec.cat\/eoitortosa\/wp-content\/uploads\/usu2262\/2024\/11\/Sala-audiovisual-800-x-1707-px.png\" alt=\"Instruccions 1. Tria un DVD Consulta el cat\u00e0leg ePergam en l\u00ednia. Emplena el formulari de reserva. 2. Reserva l'aula 2 Agafa el DVD a consergeria. Accedeix a l\u2019aula 2. Segueix les instruccions per reproduir el DVD. Al final de la sessi\u00f3, deixa l\u2019equipament apagat i l\u2019aula en ordre. Retorna el DVD a consergeria. \" width=\"800\" height=\"1707\" srcset=\"https:\/\/agora-eoi.xtec.cat\/eoitortosa\/wp-content\/uploads\/usu2262\/2024\/11\/Sala-audiovisual-800-x-1707-px.png 800w, https:\/\/agora-eoi.xtec.cat\/eoitortosa\/wp-content\/uploads\/usu2262\/2024\/11\/Sala-audiovisual-800-x-1707-px-141x300.png 141w, https:\/\/agora-eoi.xtec.cat\/eoitortosa\/wp-content\/uploads\/usu2262\/2024\/11\/Sala-audiovisual-800-x-1707-px-480x1024.png 480w, https:\/\/agora-eoi.xtec.cat\/eoitortosa\/wp-content\/uploads\/usu2262\/2024\/11\/Sala-audiovisual-800-x-1707-px-768x1639.png 768w, https:\/\/agora-eoi.xtec.cat\/eoitortosa\/wp-content\/uploads\/usu2262\/2024\/11\/Sala-audiovisual-800-x-1707-px-720x1536.png 720w\" sizes=\"auto, (max-width: 800px) 100vw, 800px\" \/><\/a><a href=\"https:\/\/aplicacions.gestioeducativa.gencat.cat\/epergam\/web\/biblioteca.jsp?codi=43009862\"><img loading=\"lazy\" decoding=\"async\" class=\"aligncenter size-full wp-image-9509\" src=\"https:\/\/agora-eoi.xtec.cat\/eoitortosa\/wp-content\/uploads\/usu2262\/2019\/09\/epergam.png\" alt=\"\" width=\"150\" height=\"47\" \/><\/a><\/p>\n<p><iframe loading=\"lazy\" src=\"https:\/\/docs.google.com\/forms\/d\/e\/1FAIpQLSclu4-0sAmSluSja1h_rOsW-UzZHbq5OibDJkF7KlWScHjsyQ\/viewform?embedded=true\" width=\"640\" height=\"2799\" frameborder=\"0\" marginwidth=\"0\" marginheight=\"0\">Chargement\u2026<\/iframe><\/p>\n<p>&nbsp;<\/p>\n","protected":false},"excerpt":{"rendered":"<p>Amb els objectius de facilitar l&#8217;acc\u00e8s a la cultura de les lleng\u00fces que aprenem i de millorar la comprensi\u00f3 oral, l&#8217;EOI de Tortosa posa a disposici\u00f3 de l&#8217;alumnat una aula on reproduir el material audiovisual de la biblioteca. Per fer \u00fas del servei, caldr\u00e0 reservar pr\u00e8viament, tant el material per visualitzar com la sala de [&hellip;]<\/p>\n","protected":false},"author":1,"featured_media":0,"parent":8414,"menu_order":30,"comment_status":"closed","ping_status":"closed","template":"page-templates\/side-menu.php","meta":{"_bbp_topic_count":0,"_bbp_reply_count":0,"_bbp_total_topic_count":0,"_bbp_total_reply_count":0,"_bbp_voice_count":0,"_bbp_anonymous_reply_count":0,"_bbp_topic_count_hidden":0,"_bbp_reply_count_hidden":0,"_bbp_forum_subforum_count":0,"site-sidebar-layout":"default","site-content-layout":"","ast-site-content-layout":"","site-content-style":"default","site-sidebar-style":"default","ast-global-header-display":"","ast-banner-title-visibility":"","ast-main-header-display":"","ast-hfb-above-header-display":"","ast-hfb-below-header-display":"","ast-hfb-mobile-header-display":"","site-post-title":"","ast-breadcrumbs-content":"","ast-featured-img":"","footer-sml-layout":"","theme-transparent-header-meta":"","adv-header-id-meta":"","stick-header-meta":"","header-above-stick-meta":"","header-main-stick-meta":"","header-below-stick-meta":"","astra-migrate-meta-layouts":"default","ast-page-background-enabled":"default","ast-page-background-meta":{"desktop":{"background-color":"var(--ast-global-color-4)","background-image":"","background-repeat":"repeat","background-position":"center center","background-size":"auto","background-attachment":"scroll","background-type":"","background-media":"","overlay-type":"","overlay-color":"","overlay-opacity":"","overlay-gradient":""},"tablet":{"background-color":"","background-image":"","background-repeat":"repeat","background-position":"center center","background-size":"auto","background-attachment":"scroll","background-type":"","background-media":"","overlay-type":"","overlay-color":"","overlay-opacity":"","overlay-gradient":""},"mobile":{"background-color":"","background-image":"","background-repeat":"repeat","background-position":"center center","background-size":"auto","background-attachment":"scroll","background-type":"","background-media":"","overlay-type":"","overlay-color":"","overlay-opacity":"","overlay-gradient":""}},"ast-content-background-meta":{"desktop":{"background-color":"var(--ast-global-color-5)","background-image":"","background-repeat":"repeat","background-position":"center center","background-size":"auto","background-attachment":"scroll","background-type":"","background-media":"","overlay-type":"","overlay-color":"","overlay-opacity":"","overlay-gradient":""},"tablet":{"background-color":"var(--ast-global-color-5)","background-image":"","background-repeat":"repeat","background-position":"center center","background-size":"auto","background-attachment":"scroll","background-type":"","background-media":"","overlay-type":"","overlay-color":"","overlay-opacity":"","overlay-gradient":""},"mobile":{"background-color":"var(--ast-global-color-5)","background-image":"","background-repeat":"repeat","background-position":"center center","background-size":"auto","background-attachment":"scroll","background-type":"","background-media":"","overlay-type":"","overlay-color":"","overlay-opacity":"","overlay-gradient":""}},"footnotes":""},"class_list":["post-11059","page","type-page","status-publish","hentry"],"post_mailing_queue_ids":[],"_links":{"self":[{"href":"https:\/\/agora-eoi.xtec.cat\/eoitortosa\/wp-json\/wp\/v2\/pages\/11059","targetHints":{"allow":["GET"]}}],"collection":[{"href":"https:\/\/agora-eoi.xtec.cat\/eoitortosa\/wp-json\/wp\/v2\/pages"}],"about":[{"href":"https:\/\/agora-eoi.xtec.cat\/eoitortosa\/wp-json\/wp\/v2\/types\/page"}],"author":[{"embeddable":true,"href":"https:\/\/agora-eoi.xtec.cat\/eoitortosa\/wp-json\/wp\/v2\/users\/1"}],"replies":[{"embeddable":true,"href":"https:\/\/agora-eoi.xtec.cat\/eoitortosa\/wp-json\/wp\/v2\/comments?post=11059"}],"version-history":[{"count":6,"href":"https:\/\/agora-eoi.xtec.cat\/eoitortosa\/wp-json\/wp\/v2\/pages\/11059\/revisions"}],"predecessor-version":[{"id":11120,"href":"https:\/\/agora-eoi.xtec.cat\/eoitortosa\/wp-json\/wp\/v2\/pages\/11059\/revisions\/11120"}],"up":[{"embeddable":true,"href":"https:\/\/agora-eoi.xtec.cat\/eoitortosa\/wp-json\/wp\/v2\/pages\/8414"}],"wp:attachment":[{"href":"https:\/\/agora-eoi.xtec.cat\/eoitortosa\/wp-json\/wp\/v2\/media?parent=11059"}],"curies":[{"name":"wp","href":"https:\/\/api.w.org\/{rel}","templated":true}]}}