{"id":10906,"date":"2024-08-31T13:37:43","date_gmt":"2024-08-31T11:37:43","guid":{"rendered":"https:\/\/agora-eoi.xtec.cat\/eoitortosa\/?page_id=10906"},"modified":"2025-08-16T13:44:09","modified_gmt":"2025-08-16T11:44:09","slug":"projecte-conectant-a-traves-de-les-llengues","status":"publish","type":"page","link":"https:\/\/agora-eoi.xtec.cat\/eoitortosa\/erasmus\/projecte-conectant-a-traves-de-les-llengues\/","title":{"rendered":"Projecte &#8220;Connectant a trav\u00e9s de les lleng\u00fces&#8221;"},"content":{"rendered":"<p>Dins d\u2019aquest projecte es preveuen mobilitats de professorat i d\u2019alumnat a diferents llocs d\u2019Europa, que tindran lloc durant els cursos 24\/25 i 25\/26.<\/p>\n<p><a href=\"https:\/\/agora-eoi.xtec.cat\/eoitortosa\/wp-content\/uploads\/usu2262\/2024\/08\/ice_screenshot_20240831-163603.png\"><img loading=\"lazy\" decoding=\"async\" class=\"alignnone wp-image-10909 \" src=\"https:\/\/agora-eoi.xtec.cat\/eoitortosa\/wp-content\/uploads\/usu2262\/2024\/08\/ice_screenshot_20240831-163603-300x123.png\" alt=\"\" width=\"363\" height=\"149\" srcset=\"https:\/\/agora-eoi.xtec.cat\/eoitortosa\/wp-content\/uploads\/usu2262\/2024\/08\/ice_screenshot_20240831-163603-300x123.png 300w, https:\/\/agora-eoi.xtec.cat\/eoitortosa\/wp-content\/uploads\/usu2262\/2024\/08\/ice_screenshot_20240831-163603-1024x421.png 1024w, https:\/\/agora-eoi.xtec.cat\/eoitortosa\/wp-content\/uploads\/usu2262\/2024\/08\/ice_screenshot_20240831-163603-768x316.png 768w, https:\/\/agora-eoi.xtec.cat\/eoitortosa\/wp-content\/uploads\/usu2262\/2024\/08\/ice_screenshot_20240831-163603.png 1080w\" sizes=\"auto, (max-width: 363px) 100vw, 363px\" \/><\/a> <a href=\"https:\/\/agora-eoi.xtec.cat\/eoitortosa\/wp-content\/uploads\/usu2262\/2024\/08\/ice_screenshot_20240831-163615.png\"><img loading=\"lazy\" decoding=\"async\" class=\"alignnone wp-image-10910 size-medium\" src=\"https:\/\/agora-eoi.xtec.cat\/eoitortosa\/wp-content\/uploads\/usu2262\/2024\/08\/ice_screenshot_20240831-163615-300x147.png\" alt=\"\" width=\"300\" height=\"147\" srcset=\"https:\/\/agora-eoi.xtec.cat\/eoitortosa\/wp-content\/uploads\/usu2262\/2024\/08\/ice_screenshot_20240831-163615-300x147.png 300w, https:\/\/agora-eoi.xtec.cat\/eoitortosa\/wp-content\/uploads\/usu2262\/2024\/08\/ice_screenshot_20240831-163615-1024x502.png 1024w, https:\/\/agora-eoi.xtec.cat\/eoitortosa\/wp-content\/uploads\/usu2262\/2024\/08\/ice_screenshot_20240831-163615-768x376.png 768w, https:\/\/agora-eoi.xtec.cat\/eoitortosa\/wp-content\/uploads\/usu2262\/2024\/08\/ice_screenshot_20240831-163615.png 1043w\" sizes=\"auto, (max-width: 300px) 100vw, 300px\" \/><\/a><a href=\"https:\/\/agora-eoi.xtec.cat\/eoitortosa\/wp-content\/uploads\/usu2262\/2024\/08\/ice_screenshot_20240831-163810.png\"><img loading=\"lazy\" decoding=\"async\" class=\"alignnone wp-image-10912 \" src=\"https:\/\/agora-eoi.xtec.cat\/eoitortosa\/wp-content\/uploads\/usu2262\/2024\/08\/ice_screenshot_20240831-163810-300x131.png\" alt=\"\" width=\"346\" height=\"151\" srcset=\"https:\/\/agora-eoi.xtec.cat\/eoitortosa\/wp-content\/uploads\/usu2262\/2024\/08\/ice_screenshot_20240831-163810-300x131.png 300w, https:\/\/agora-eoi.xtec.cat\/eoitortosa\/wp-content\/uploads\/usu2262\/2024\/08\/ice_screenshot_20240831-163810-768x335.png 768w, https:\/\/agora-eoi.xtec.cat\/eoitortosa\/wp-content\/uploads\/usu2262\/2024\/08\/ice_screenshot_20240831-163810.png 939w\" sizes=\"auto, (max-width: 346px) 100vw, 346px\" \/><\/a><\/p>\n<p><a href=\"https:\/\/agora-eoi.xtec.cat\/eoitortosa\/wp-content\/uploads\/usu2262\/2025\/04\/es_cofinanciado_por_la_union_europea_pantone.png\"><img loading=\"lazy\" decoding=\"async\" class=\"size-medium wp-image-11205 alignleft\" src=\"https:\/\/agora-eoi.xtec.cat\/eoitortosa\/wp-content\/uploads\/usu2262\/2025\/04\/es_cofinanciado_por_la_union_europea_pantone-300x63.png\" alt=\"\" width=\"300\" height=\"63\" srcset=\"https:\/\/agora-eoi.xtec.cat\/eoitortosa\/wp-content\/uploads\/usu2262\/2025\/04\/es_cofinanciado_por_la_union_europea_pantone-300x63.png 300w, https:\/\/agora-eoi.xtec.cat\/eoitortosa\/wp-content\/uploads\/usu2262\/2025\/04\/es_cofinanciado_por_la_union_europea_pantone-1024x215.png 1024w, https:\/\/agora-eoi.xtec.cat\/eoitortosa\/wp-content\/uploads\/usu2262\/2025\/04\/es_cofinanciado_por_la_union_europea_pantone-768x161.png 768w, https:\/\/agora-eoi.xtec.cat\/eoitortosa\/wp-content\/uploads\/usu2262\/2025\/04\/es_cofinanciado_por_la_union_europea_pantone-1536x322.png 1536w, https:\/\/agora-eoi.xtec.cat\/eoitortosa\/wp-content\/uploads\/usu2262\/2025\/04\/es_cofinanciado_por_la_union_europea_pantone-2048x429.png 2048w\" sizes=\"auto, (max-width: 300px) 100vw, 300px\" \/><\/a><\/p>\n<p>&nbsp;<\/p>\n<p><span style=\"color: #999999;\">&#8212;&#8212;-<\/span><\/p>\n<p><span style=\"color: #999999;\">El proyecto \u201cConnectant a trav\u00e9s de les lleng\u00fces\u201d est\u00e1 cofinanciado por la Uni\u00f3n Europea. Las opiniones y puntos de vista expresados en esta p\u00e1gina web s\u00f3lo comprometen a su(s) autor(es) de EOI de Tortosa y no reflejan necesariamente los de la Uni\u00f3n Europea ni los del Servicio Espa\u00f1ol para la Internacionalizaci\u00f3n de la Educaci\u00f3n (<a href=\"http:\/\/sepie.es\/index.html\">SEPIE<\/a>). Ni la Uni\u00f3n Europea ni la Agencia Nacional SEPIE pueden ser considerados responsables de ellos.<\/span><\/p>\n<p>&nbsp;<\/p>\n","protected":false},"excerpt":{"rendered":"<p>Dins d\u2019aquest projecte es preveuen mobilitats de professorat i d\u2019alumnat a diferents llocs d\u2019Europa, que tindran lloc durant els cursos 24\/25 i 25\/26. &nbsp; &#8212;&#8212;- El proyecto \u201cConnectant a trav\u00e9s de les lleng\u00fces\u201d est\u00e1 cofinanciado por la Uni\u00f3n Europea. Las opiniones y puntos de vista expresados en esta p\u00e1gina web s\u00f3lo comprometen a su(s) autor(es) [&hellip;]<\/p>\n","protected":false},"author":1,"featured_media":0,"parent":10891,"menu_order":0,"comment_status":"closed","ping_status":"closed","template":"page-templates\/side-menu.php","meta":{"_bbp_topic_count":0,"_bbp_reply_count":0,"_bbp_total_topic_count":0,"_bbp_total_reply_count":0,"_bbp_voice_count":0,"_bbp_anonymous_reply_count":0,"_bbp_topic_count_hidden":0,"_bbp_reply_count_hidden":0,"_bbp_forum_subforum_count":0,"site-sidebar-layout":"default","site-content-layout":"","ast-site-content-layout":"","site-content-style":"default","site-sidebar-style":"default","ast-global-header-display":"","ast-banner-title-visibility":"","ast-main-header-display":"","ast-hfb-above-header-display":"","ast-hfb-below-header-display":"","ast-hfb-mobile-header-display":"","site-post-title":"","ast-breadcrumbs-content":"","ast-featured-img":"","footer-sml-layout":"","theme-transparent-header-meta":"","adv-header-id-meta":"","stick-header-meta":"","header-above-stick-meta":"","header-main-stick-meta":"","header-below-stick-meta":"","astra-migrate-meta-layouts":"default","ast-page-background-enabled":"default","ast-page-background-meta":{"desktop":{"background-color":"var(--ast-global-color-4)","background-image":"","background-repeat":"repeat","background-position":"center center","background-size":"auto","background-attachment":"scroll","background-type":"","background-media":"","overlay-type":"","overlay-color":"","overlay-opacity":"","overlay-gradient":""},"tablet":{"background-color":"","background-image":"","background-repeat":"repeat","background-position":"center center","background-size":"auto","background-attachment":"scroll","background-type":"","background-media":"","overlay-type":"","overlay-color":"","overlay-opacity":"","overlay-gradient":""},"mobile":{"background-color":"","background-image":"","background-repeat":"repeat","background-position":"center center","background-size":"auto","background-attachment":"scroll","background-type":"","background-media":"","overlay-type":"","overlay-color":"","overlay-opacity":"","overlay-gradient":""}},"ast-content-background-meta":{"desktop":{"background-color":"var(--ast-global-color-5)","background-image":"","background-repeat":"repeat","background-position":"center center","background-size":"auto","background-attachment":"scroll","background-type":"","background-media":"","overlay-type":"","overlay-color":"","overlay-opacity":"","overlay-gradient":""},"tablet":{"background-color":"var(--ast-global-color-5)","background-image":"","background-repeat":"repeat","background-position":"center center","background-size":"auto","background-attachment":"scroll","background-type":"","background-media":"","overlay-type":"","overlay-color":"","overlay-opacity":"","overlay-gradient":""},"mobile":{"background-color":"var(--ast-global-color-5)","background-image":"","background-repeat":"repeat","background-position":"center center","background-size":"auto","background-attachment":"scroll","background-type":"","background-media":"","overlay-type":"","overlay-color":"","overlay-opacity":"","overlay-gradient":""}},"footnotes":""},"class_list":["post-10906","page","type-page","status-publish","hentry"],"post_mailing_queue_ids":[],"_links":{"self":[{"href":"https:\/\/agora-eoi.xtec.cat\/eoitortosa\/wp-json\/wp\/v2\/pages\/10906","targetHints":{"allow":["GET"]}}],"collection":[{"href":"https:\/\/agora-eoi.xtec.cat\/eoitortosa\/wp-json\/wp\/v2\/pages"}],"about":[{"href":"https:\/\/agora-eoi.xtec.cat\/eoitortosa\/wp-json\/wp\/v2\/types\/page"}],"author":[{"embeddable":true,"href":"https:\/\/agora-eoi.xtec.cat\/eoitortosa\/wp-json\/wp\/v2\/users\/1"}],"replies":[{"embeddable":true,"href":"https:\/\/agora-eoi.xtec.cat\/eoitortosa\/wp-json\/wp\/v2\/comments?post=10906"}],"version-history":[{"count":6,"href":"https:\/\/agora-eoi.xtec.cat\/eoitortosa\/wp-json\/wp\/v2\/pages\/10906\/revisions"}],"predecessor-version":[{"id":11265,"href":"https:\/\/agora-eoi.xtec.cat\/eoitortosa\/wp-json\/wp\/v2\/pages\/10906\/revisions\/11265"}],"up":[{"embeddable":true,"href":"https:\/\/agora-eoi.xtec.cat\/eoitortosa\/wp-json\/wp\/v2\/pages\/10891"}],"wp:attachment":[{"href":"https:\/\/agora-eoi.xtec.cat\/eoitortosa\/wp-json\/wp\/v2\/media?parent=10906"}],"curies":[{"name":"wp","href":"https:\/\/api.w.org\/{rel}","templated":true}]}}