{"id":10891,"date":"2024-08-31T13:11:25","date_gmt":"2024-08-31T11:11:25","guid":{"rendered":"https:\/\/agora-eoi.xtec.cat\/eoitortosa\/?page_id=10891"},"modified":"2024-08-31T13:36:19","modified_gmt":"2024-08-31T11:36:19","slug":"erasmus","status":"publish","type":"page","link":"https:\/\/agora-eoi.xtec.cat\/eoitortosa\/erasmus\/","title":{"rendered":"Erasmus+"},"content":{"rendered":"<p>L&#8217;EOI de Tortosa aposta per a la millora professional cont\u00ednua i la creaci\u00f3 de xarxes per tal d&#8217;oferir al nostre alumant i professorat m\u00faltiples oportunitats per formar-se en l&#8217;\u00e0mbit de l&#8217;aprenentatge i l&#8217;ensenyament de lleng\u00fces.<\/p>\n<p>\u00c9s per aix\u00f2 que el 2024 vam presentar el nostre primer projecte &#8220;Conectant a trav\u00e9s de les lleng\u00fces. Digitalitzaci\u00f3 i intercanvi cultural&#8221; per aprofitar totes les avantatges que ens ofereix el programa Erasmus+.<\/p>\n<p>Dins del projecte d&#8217;aquest projecte es preveuen movilitats de professorat i d&#8217;alumant a diferents llocs d&#8217;Europa, que tindran lloc durant els cursos 24\/25 i 25\/26.<\/p>\n<p>&nbsp;<\/p>\n<p><a href=\"https:\/\/agora-eoi.xtec.cat\/eoitortosa\/wp-content\/uploads\/usu2262\/2024\/08\/descarga.png\"><img loading=\"lazy\" decoding=\"async\" class=\"size-full wp-image-10898 alignleft\" src=\"https:\/\/agora-eoi.xtec.cat\/eoitortosa\/wp-content\/uploads\/usu2262\/2024\/08\/descarga.png\" alt=\"\" width=\"301\" height=\"168\" \/><\/a><a href=\"https:\/\/agora-eoi.xtec.cat\/eoitortosa\/wp-content\/uploads\/usu2262\/2024\/08\/es_cofinanciado_por_la_union_europea_pos.png\"><img loading=\"lazy\" decoding=\"async\" class=\"wp-image-10903 size-medium alignleft\" src=\"https:\/\/agora-eoi.xtec.cat\/eoitortosa\/wp-content\/uploads\/usu2262\/2024\/08\/es_cofinanciado_por_la_union_europea_pos-300x63.png\" alt=\"\" width=\"300\" height=\"63\" srcset=\"https:\/\/agora-eoi.xtec.cat\/eoitortosa\/wp-content\/uploads\/usu2262\/2024\/08\/es_cofinanciado_por_la_union_europea_pos-300x63.png 300w, https:\/\/agora-eoi.xtec.cat\/eoitortosa\/wp-content\/uploads\/usu2262\/2024\/08\/es_cofinanciado_por_la_union_europea_pos-1024x215.png 1024w, https:\/\/agora-eoi.xtec.cat\/eoitortosa\/wp-content\/uploads\/usu2262\/2024\/08\/es_cofinanciado_por_la_union_europea_pos-768x161.png 768w, https:\/\/agora-eoi.xtec.cat\/eoitortosa\/wp-content\/uploads\/usu2262\/2024\/08\/es_cofinanciado_por_la_union_europea_pos-1536x322.png 1536w, https:\/\/agora-eoi.xtec.cat\/eoitortosa\/wp-content\/uploads\/usu2262\/2024\/08\/es_cofinanciado_por_la_union_europea_pos-2048x429.png 2048w\" sizes=\"auto, (max-width: 300px) 100vw, 300px\" \/><\/a><\/p>\n<p>&nbsp;<\/p>\n","protected":false},"excerpt":{"rendered":"<p>L&#8217;EOI de Tortosa aposta per a la millora professional cont\u00ednua i la creaci\u00f3 de xarxes per tal d&#8217;oferir al nostre alumant i professorat m\u00faltiples oportunitats per formar-se en l&#8217;\u00e0mbit de l&#8217;aprenentatge i l&#8217;ensenyament de lleng\u00fces. \u00c9s per aix\u00f2 que el 2024 vam presentar el nostre primer projecte &#8220;Conectant a trav\u00e9s de les lleng\u00fces. Digitalitzaci\u00f3 i [&hellip;]<\/p>\n","protected":false},"author":1,"featured_media":0,"parent":0,"menu_order":0,"comment_status":"closed","ping_status":"closed","template":"page-templates\/side-menu.php","meta":{"_bbp_topic_count":0,"_bbp_reply_count":0,"_bbp_total_topic_count":0,"_bbp_total_reply_count":0,"_bbp_voice_count":0,"_bbp_anonymous_reply_count":0,"_bbp_topic_count_hidden":0,"_bbp_reply_count_hidden":0,"_bbp_forum_subforum_count":0,"site-sidebar-layout":"default","site-content-layout":"","ast-site-content-layout":"","site-content-style":"default","site-sidebar-style":"default","ast-global-header-display":"","ast-banner-title-visibility":"","ast-main-header-display":"","ast-hfb-above-header-display":"","ast-hfb-below-header-display":"","ast-hfb-mobile-header-display":"","site-post-title":"","ast-breadcrumbs-content":"","ast-featured-img":"","footer-sml-layout":"","theme-transparent-header-meta":"","adv-header-id-meta":"","stick-header-meta":"","header-above-stick-meta":"","header-main-stick-meta":"","header-below-stick-meta":"","astra-migrate-meta-layouts":"default","ast-page-background-enabled":"default","ast-page-background-meta":{"desktop":{"background-color":"var(--ast-global-color-4)","background-image":"","background-repeat":"repeat","background-position":"center center","background-size":"auto","background-attachment":"scroll","background-type":"","background-media":"","overlay-type":"","overlay-color":"","overlay-opacity":"","overlay-gradient":""},"tablet":{"background-color":"","background-image":"","background-repeat":"repeat","background-position":"center center","background-size":"auto","background-attachment":"scroll","background-type":"","background-media":"","overlay-type":"","overlay-color":"","overlay-opacity":"","overlay-gradient":""},"mobile":{"background-color":"","background-image":"","background-repeat":"repeat","background-position":"center center","background-size":"auto","background-attachment":"scroll","background-type":"","background-media":"","overlay-type":"","overlay-color":"","overlay-opacity":"","overlay-gradient":""}},"ast-content-background-meta":{"desktop":{"background-color":"var(--ast-global-color-5)","background-image":"","background-repeat":"repeat","background-position":"center center","background-size":"auto","background-attachment":"scroll","background-type":"","background-media":"","overlay-type":"","overlay-color":"","overlay-opacity":"","overlay-gradient":""},"tablet":{"background-color":"var(--ast-global-color-5)","background-image":"","background-repeat":"repeat","background-position":"center center","background-size":"auto","background-attachment":"scroll","background-type":"","background-media":"","overlay-type":"","overlay-color":"","overlay-opacity":"","overlay-gradient":""},"mobile":{"background-color":"var(--ast-global-color-5)","background-image":"","background-repeat":"repeat","background-position":"center center","background-size":"auto","background-attachment":"scroll","background-type":"","background-media":"","overlay-type":"","overlay-color":"","overlay-opacity":"","overlay-gradient":""}},"footnotes":""},"class_list":["post-10891","page","type-page","status-publish","hentry"],"post_mailing_queue_ids":[],"_links":{"self":[{"href":"https:\/\/agora-eoi.xtec.cat\/eoitortosa\/wp-json\/wp\/v2\/pages\/10891","targetHints":{"allow":["GET"]}}],"collection":[{"href":"https:\/\/agora-eoi.xtec.cat\/eoitortosa\/wp-json\/wp\/v2\/pages"}],"about":[{"href":"https:\/\/agora-eoi.xtec.cat\/eoitortosa\/wp-json\/wp\/v2\/types\/page"}],"author":[{"embeddable":true,"href":"https:\/\/agora-eoi.xtec.cat\/eoitortosa\/wp-json\/wp\/v2\/users\/1"}],"replies":[{"embeddable":true,"href":"https:\/\/agora-eoi.xtec.cat\/eoitortosa\/wp-json\/wp\/v2\/comments?post=10891"}],"version-history":[{"count":7,"href":"https:\/\/agora-eoi.xtec.cat\/eoitortosa\/wp-json\/wp\/v2\/pages\/10891\/revisions"}],"predecessor-version":[{"id":10905,"href":"https:\/\/agora-eoi.xtec.cat\/eoitortosa\/wp-json\/wp\/v2\/pages\/10891\/revisions\/10905"}],"wp:attachment":[{"href":"https:\/\/agora-eoi.xtec.cat\/eoitortosa\/wp-json\/wp\/v2\/media?parent=10891"}],"curies":[{"name":"wp","href":"https:\/\/api.w.org\/{rel}","templated":true}]}}