{"id":10440,"date":"2024-10-18T07:03:47","date_gmt":"2024-10-18T05:03:47","guid":{"rendered":"https:\/\/agora-eoi.xtec.cat\/eoitortosa\/?page_id=10440"},"modified":"2024-10-18T09:33:25","modified_gmt":"2024-10-18T07:33:25","slug":"programa-de-certificacio","status":"publish","type":"page","link":"https:\/\/agora-eoi.xtec.cat\/eoitortosa\/cursos\/programes-del-departament\/programa-de-certificacio\/","title":{"rendered":"Programa de Certificaci\u00f3"},"content":{"rendered":"<h5 style=\"text-align: center;\"><strong>Proves ordin\u00e0ries d\u2019alumnes del Programa de Certificaci\u00f3 de lleng\u00fces estrangeres 2024-2025<\/strong><\/h5>\n<p><strong>Normativa<\/strong><\/p>\n<ul class=\"n8H08c UVNKR\">\n<li class=\"TYR86d zfr3Q\" dir=\"ltr\">\n<p class=\"CDt4Ke zfr3Q\" dir=\"ltr\"><span class=\" aw5Odc\"><a class=\"XqQF9c\" href=\"https:\/\/www.google.com\/url?q=https%3A%2F%2Fdogc.gencat.cat%2Fca%2Fdocument-del-dogc%2F%3FdocumentId%3D920505&amp;sa=D&amp;sntz=1&amp;usg=AOvVaw3Lxkxi6yBXHEOx5taT-a9o\" target=\"_blank\" rel=\"noopener\">Resoluci\u00f3 EDU\/287\/2022 de creaci\u00f3 del Programa de Certificaci\u00f3<\/a><\/span><\/p>\n<\/li>\n<li class=\"TYR86d zfr3Q\" dir=\"ltr\">\n<p class=\"CDt4Ke zfr3Q\" dir=\"ltr\"><span class=\" aw5Odc\"><a class=\"XqQF9c\" href=\"https:\/\/www.google.com\/url?q=https%3A%2F%2Fdogc.gencat.cat%2Fca%2Fdocument-del-dogc%2F%3FdocumentId%3D925279&amp;sa=D&amp;sntz=1&amp;usg=AOvVaw2RJK_jReKeM8SX_dOtGNjb\" target=\"_blank\" rel=\"noopener\">Resoluci\u00f3 EDU\/961\/2022 de centres educatius seleccionats per formar part del Programa de certificaci\u00f3 dels coneixements de lleng\u00fces estrangeres a partir del curs 2022-2023.<\/a><\/span><\/p>\n<\/li>\n<li class=\"TYR86d zfr3Q\" dir=\"ltr\">\n<p class=\"CDt4Ke zfr3Q\" dir=\"ltr\"><span class=\" aw5Odc\"><a class=\"XqQF9c\" href=\"https:\/\/www.google.com\/url?q=https%3A%2F%2Fdogc.gencat.cat%2Fca%2Fdocument-del-dogc%2F%3FdocumentId%3D930565&amp;sa=D&amp;sntz=1&amp;usg=AOvVaw26lCnOiC0yfsUBjZcicxma\" target=\"_blank\" rel=\"noopener\">RESOLUCI\u00d3 EDU\/1652\/2022, de 24 de maig, per la qual es modifica l\u2019annex de la Resoluci\u00f3 EDU\/961\/2022, de 30 de mar\u00e7, per la qual es resol la convocat\u00f2ria de centres educatius seleccionats per formar part del Programa de certificaci\u00f3 dels coneixements de lleng\u00fces estrangeres a partir del curs 2022-2023.<\/a><\/span><\/p>\n<\/li>\n<li class=\"TYR86d zfr3Q\" dir=\"ltr\">\n<p class=\"CDt4Ke zfr3Q\" dir=\"ltr\"><span class=\" aw5Odc\"><a class=\"XqQF9c\" href=\"https:\/\/www.google.com\/url?q=https%3A%2F%2Fdogc.gencat.cat%2Fca%2Fdocument-del-dogc%2F%3FdocumentId%3D941239&amp;sa=D&amp;sntz=1&amp;usg=AOvVaw2bUz9J-b_cRgGjgfAlrjAS\" target=\"_blank\" rel=\"noopener\">RESOLUCI\u00d3 EDF\/3646\/2024, de 9 d&#8217;octubre, per la qual es convoquen proves lliures adre\u00e7ades als alumnes dels centres seleccionats per formar part del Programa de certificaci\u00f3 dels coneixements de lleng\u00fces estrangeres en determinats ensenyaments per al curs 2024-2025.<\/a><\/span><\/p>\n<\/li>\n<\/ul>\n<p><strong>Procediment d\u2019inscripci\u00f3 a les proves i pagament<\/strong><\/p>\n<p>Els instituts preinscriuran i inscriuran els seus alumnes mitjan\u00e7ant el formulari que els proporciona el Departament d&#8217;Educaci\u00f3. El termini d&#8217;inscripci\u00f3 a les proves acaba l&#8217;11 de febrer de 2025.<\/p>\n<p><span style=\"color: #993300;\"><strong>Proves<\/strong><\/span><\/p>\n<p><strong>Prova escrita<\/strong>: divendres 4 d\u2019abril de 2025\u00a0 (convocat\u00f2ria a les 15:30; inici de la prova a les 16:00.)<\/p>\n<p><strong>Prova oral:<\/strong>\u00a0(dia i hores concretes a determinar)<\/p>\n<p><strong>Publicaci\u00f3 de resultats:<\/strong> 12 de maig de 2025<\/p>\n<p><strong>Reclamacions: <\/strong>fins al 15 de maig de 2025<\/p>\n<p><strong>Qualificacions definitives:<\/strong> 16 de maig de 2025<\/p>\n<p><strong>Els alumnes que es presenten a la prova han de portar el seu DNI tots dos dies. Els dispositius electr\u00f2nics (m\u00f2bils) han de romandre totalment apagats i desats durant la prova.<\/strong><\/p>\n<p><a href=\"http:\/\/ensenyament.gencat.cat\/ca\/serveis-tramits\/proves\/proves-lliures-obtencio-titols\/convocat-ordinaria-idiomes\/consulta-resultats\/\"><strong>Consulta de resultats aqu\u00ed.<\/strong><\/a><\/p>\n<p><strong>Mostres d&#8217;examen<\/strong><\/p>\n<p>Els instituts disposen de proves mostra corresponents a aquest Programa de Certificaci\u00f3. Per a proves mostres de caire general per als nivells B1, B2 i C1 d&#8217;angl\u00e8s podeu consultar <a href=\"https:\/\/educacio.gencat.cat\/ca\/serveis-tramits\/proves\/proves-lliures-obtencio-titols\/convocat-ordinaria-idiomes\/mostres-proves\/angles\/\" target=\"_blank\" rel=\"noopener\">aquest web<\/a>.<\/p>\n<p><strong>T\u00edtols<\/strong><\/p>\n<div>\n<p>Un cop publicades les qualificacions definitives, informarem de la data a partir de la qual es pot recollir o sol\u00b7licitar el t\u00edtol.<\/p>\n<\/div>\n","protected":false},"excerpt":{"rendered":"<p>Proves ordin\u00e0ries d\u2019alumnes del Programa de Certificaci\u00f3 de lleng\u00fces estrangeres 2024-2025 Normativa Resoluci\u00f3 EDU\/287\/2022 de creaci\u00f3 del Programa de Certificaci\u00f3 Resoluci\u00f3 EDU\/961\/2022 de centres educatius seleccionats per formar part del Programa de certificaci\u00f3 dels coneixements de lleng\u00fces estrangeres a partir del curs 2022-2023. RESOLUCI\u00d3 EDU\/1652\/2022, de 24 de maig, per la qual es modifica l\u2019annex [&hellip;]<\/p>\n","protected":false},"author":1,"featured_media":0,"parent":10623,"menu_order":0,"comment_status":"closed","ping_status":"closed","template":"page-templates\/side-menu.php","meta":{"_bbp_topic_count":0,"_bbp_reply_count":0,"_bbp_total_topic_count":0,"_bbp_total_reply_count":0,"_bbp_voice_count":0,"_bbp_anonymous_reply_count":0,"_bbp_topic_count_hidden":0,"_bbp_reply_count_hidden":0,"_bbp_forum_subforum_count":0,"site-sidebar-layout":"default","site-content-layout":"","ast-site-content-layout":"","site-content-style":"default","site-sidebar-style":"default","ast-global-header-display":"","ast-banner-title-visibility":"","ast-main-header-display":"","ast-hfb-above-header-display":"","ast-hfb-below-header-display":"","ast-hfb-mobile-header-display":"","site-post-title":"","ast-breadcrumbs-content":"","ast-featured-img":"","footer-sml-layout":"","theme-transparent-header-meta":"","adv-header-id-meta":"","stick-header-meta":"","header-above-stick-meta":"","header-main-stick-meta":"","header-below-stick-meta":"","astra-migrate-meta-layouts":"default","ast-page-background-enabled":"default","ast-page-background-meta":{"desktop":{"background-color":"var(--ast-global-color-4)","background-image":"","background-repeat":"repeat","background-position":"center center","background-size":"auto","background-attachment":"scroll","background-type":"","background-media":"","overlay-type":"","overlay-color":"","overlay-opacity":"","overlay-gradient":""},"tablet":{"background-color":"","background-image":"","background-repeat":"repeat","background-position":"center center","background-size":"auto","background-attachment":"scroll","background-type":"","background-media":"","overlay-type":"","overlay-color":"","overlay-opacity":"","overlay-gradient":""},"mobile":{"background-color":"","background-image":"","background-repeat":"repeat","background-position":"center center","background-size":"auto","background-attachment":"scroll","background-type":"","background-media":"","overlay-type":"","overlay-color":"","overlay-opacity":"","overlay-gradient":""}},"ast-content-background-meta":{"desktop":{"background-color":"var(--ast-global-color-5)","background-image":"","background-repeat":"repeat","background-position":"center center","background-size":"auto","background-attachment":"scroll","background-type":"","background-media":"","overlay-type":"","overlay-color":"","overlay-opacity":"","overlay-gradient":""},"tablet":{"background-color":"var(--ast-global-color-5)","background-image":"","background-repeat":"repeat","background-position":"center center","background-size":"auto","background-attachment":"scroll","background-type":"","background-media":"","overlay-type":"","overlay-color":"","overlay-opacity":"","overlay-gradient":""},"mobile":{"background-color":"var(--ast-global-color-5)","background-image":"","background-repeat":"repeat","background-position":"center center","background-size":"auto","background-attachment":"scroll","background-type":"","background-media":"","overlay-type":"","overlay-color":"","overlay-opacity":"","overlay-gradient":""}},"footnotes":""},"class_list":["post-10440","page","type-page","status-publish","hentry"],"post_mailing_queue_ids":[],"_links":{"self":[{"href":"https:\/\/agora-eoi.xtec.cat\/eoitortosa\/wp-json\/wp\/v2\/pages\/10440","targetHints":{"allow":["GET"]}}],"collection":[{"href":"https:\/\/agora-eoi.xtec.cat\/eoitortosa\/wp-json\/wp\/v2\/pages"}],"about":[{"href":"https:\/\/agora-eoi.xtec.cat\/eoitortosa\/wp-json\/wp\/v2\/types\/page"}],"author":[{"embeddable":true,"href":"https:\/\/agora-eoi.xtec.cat\/eoitortosa\/wp-json\/wp\/v2\/users\/1"}],"replies":[{"embeddable":true,"href":"https:\/\/agora-eoi.xtec.cat\/eoitortosa\/wp-json\/wp\/v2\/comments?post=10440"}],"version-history":[{"count":4,"href":"https:\/\/agora-eoi.xtec.cat\/eoitortosa\/wp-json\/wp\/v2\/pages\/10440\/revisions"}],"predecessor-version":[{"id":11057,"href":"https:\/\/agora-eoi.xtec.cat\/eoitortosa\/wp-json\/wp\/v2\/pages\/10440\/revisions\/11057"}],"up":[{"embeddable":true,"href":"https:\/\/agora-eoi.xtec.cat\/eoitortosa\/wp-json\/wp\/v2\/pages\/10623"}],"wp:attachment":[{"href":"https:\/\/agora-eoi.xtec.cat\/eoitortosa\/wp-json\/wp\/v2\/media?parent=10440"}],"curies":[{"name":"wp","href":"https:\/\/api.w.org\/{rel}","templated":true}]}}