{"id":10350,"date":"2024-10-08T11:13:45","date_gmt":"2024-10-08T09:13:45","guid":{"rendered":"https:\/\/agora-eoi.xtec.cat\/eoitortosa\/?page_id=10350"},"modified":"2024-10-08T12:42:19","modified_gmt":"2024-10-08T10:42:19","slug":"devolucio-de-taxes","status":"publish","type":"page","link":"https:\/\/agora-eoi.xtec.cat\/eoitortosa\/secretaria\/devolucio-de-taxes\/","title":{"rendered":"Devoluci\u00f3 de taxes o preus p\u00fablics"},"content":{"rendered":"<p><span style=\"font-weight: 400;\">Segons els documents per a l\u2019organitzaci\u00f3 i la gesti\u00f3 dels centres publicat pel Departament d\u2019Educaci\u00f3 cada inici de curs, les taxes o preus p\u00fablics de la matr\u00edcula a les EOI nom\u00e9s es poden retornar en els sup\u00f2sits que s\u2019indiquen a continuaci\u00f3 i en els terminis que, quan escau, s\u2019assenyalen:<\/span><\/p>\n<ul>\n<li style=\"font-weight: 400;\" aria-level=\"1\"><span style=\"font-weight: 400;\">Ren\u00fancia al curs, quan la ren\u00fancia i la sol\u00b7licitud de retorn de taxes o preus p\u00fablics es produeixen fins al <\/span><b>10 d\u2019octubre<\/b><span style=\"font-weight: 400;\">.\u00a0<\/span><\/li>\n<li style=\"font-weight: 400;\" aria-level=\"1\"><span style=\"font-weight: 400;\">Pagaments duplicats o per import superior.\u00a0<\/span><\/li>\n<li style=\"font-weight: 400;\" aria-level=\"1\"><span style=\"font-weight: 400;\">No aplicaci\u00f3 de bonificacions o exempcions a les quals l\u2019alumne o alumna t\u00e9 dret en el moment de la matr\u00edcula, per l\u2019import corresponent.\u00a0<\/span><\/li>\n<li style=\"font-weight: 400;\" aria-level=\"1\"><span style=\"font-weight: 400;\">No prestaci\u00f3 del servei per causes no imputables a l\u2019alumne o alumna. No es consideren sup\u00f2sits de for\u00e7a major els canvis d\u2019horari laboral ni els canvis de domicili o similars.\u00a0<\/span><\/li>\n<li style=\"font-weight: 400;\" aria-level=\"1\"><span style=\"font-weight: 400;\">En cas de trasllat a una altra comunitat aut\u00f2noma, l\u2019alumne pot sol\u00b7licitar el retorn de taxes o preus p\u00fablics abans del 30 de novembre.\u00a0<\/span><\/li>\n<\/ul>\n<p><b>Ren\u00fancia a la matr\u00edcula oficial amb devoluci\u00f3 de taxes<\/b><\/p>\n<p><span style=\"font-weight: 400;\">La ren\u00fancia a la matr\u00edcula oficial amb devoluci\u00f3 de taxes suposa l\u2019anul\u00b7laci\u00f3 de la matr\u00edcula a tots els efectes i a l\u2019exclusi\u00f3 de la matr\u00edcula de l\u2019expedient acad\u00e8mic de l\u2019alumne\/a i, per tant, la ren\u00fancia a la pla\u00e7a per part de l\u2019alumne\/a.<\/span><\/p>\n<p><b>Vies de sol\u00b7licitud:<\/b><\/p>\n<p><span style=\"font-weight: 400;\">1. Preferiblement de manera telem\u00e0tica a:<\/span><\/p>\n<p><a href=\"https:\/\/web.gencat.cat\/ca\/tramits\/tramits-temes\/devolucio-ingressos-indeguts\"><span style=\"font-weight: 400;\">https:\/\/web.gencat.cat\/ca\/tramits\/tramits-temes\/devolucio-ingressos-indeguts<\/span><\/a><\/p>\n<p><span style=\"font-family: inherit; font-size: 1em;\">2. Per a tramitaci\u00f3 en l\u00ednia assistida podeu adre\u00e7ar-vos presencialment a les Oficines de Registre de Serveis Centrals i dels Serveis Territorials del Departament d\u2019Educaci\u00f3.<\/span><\/p>\n<ol start=\"3\">\n<li><span style=\"font-weight: 400;\"> De manera presencial, emplenant <\/span><a href=\"https:\/\/drive.google.com\/file\/d\/1egJUv_O2s3yiqbqEblBzIBkWu93fq0Tb\/view?usp=sharing\" target=\"_blank\" rel=\"noopener\"><span style=\"font-weight: 400;\">aquest formulari<\/span><\/a><span style=\"font-weight: 400;\"> i lliurant-lo a la secretaria de l\u2019escola.\u00a0<\/span><\/li>\n<\/ol>\n<p><span style=\"font-weight: 400;\">Documentaci\u00f3 necess\u00e0ria:<\/span><\/p>\n<ul>\n<li style=\"font-weight: 400;\" aria-level=\"1\"><span style=\"font-weight: 400;\">C\u00f2pia del resguard de matr\u00edcula<\/span><\/li>\n<li style=\"font-weight: 400;\" aria-level=\"1\"><span style=\"font-weight: 400;\">C\u00f2pia del comprovant de pagament de la taxa o preu p\u00fablic<\/span><\/li>\n<\/ul>\n<p><span style=\"font-weight: 400;\">El termini de resoluci\u00f3 del procediment no dep\u00e8n de l\u2019EOI, sin\u00f3 del \u00abServei de Gesti\u00f3 Pressupost\u00e0ria del Departament d\u2019Educaci\u00f3\u00bb, que \u00e9s qui en comunica la resoluci\u00f3 directament a l\u2019alumnat.<\/span><\/p>\n<p><b>Sol\u00b7licitud de devoluci\u00f3 de taxes o preus p\u00fablics per altres motius<\/b><\/p>\n<p><b>Vies de sol\u00b7licitud:<\/b><\/p>\n<p><span style=\"font-weight: 400;\">1. Preferiblement de manera telem\u00e0tica a:<\/span><\/p>\n<p><a href=\"https:\/\/web.gencat.cat\/ca\/tramits\/tramits-temes\/devolucio-ingressos-indeguts\"><span style=\"font-weight: 400;\">https:\/\/web.gencat.cat\/ca\/tramits\/tramits-temes\/devolucio-ingressos-indeguts<\/span><\/a><\/p>\n<p><span style=\"font-family: inherit; font-size: 1em;\">2. Per a tramitaci\u00f3 en l\u00ednia assistida podeu adre\u00e7ar-vos presencialment a les Oficines de Registre de Serveis Centrals i dels Serveis Territorials del Departament d\u2019Educaci\u00f3.<\/span><\/p>\n<ol start=\"3\">\n<li><span style=\"font-weight: 400;\"> De manera presencial, emplenant <\/span><a href=\"https:\/\/drive.google.com\/file\/d\/1r7nQVe0Vv8o29-1_TrxZjkUWriq5A1-M\/view?usp=sharing\" target=\"_blank\" rel=\"noopener\"><span style=\"font-weight: 400;\">aquest formulari<\/span><\/a><span style=\"font-weight: 400;\"> i lliurant-lo a la secretaria de l\u2019escola.<\/span><\/li>\n<\/ol>\n<p><span style=\"font-weight: 400;\">El termini de resoluci\u00f3 del procediment no dep\u00e8n de l\u2019EOI, sin\u00f3 del \u00abServei de Gesti\u00f3 Pressupost\u00e0ria del Departament d\u2019Educaci\u00f3\u00bb, que \u00e9s qui en comunica la resoluci\u00f3 directament a l\u2019alumnat.<\/span><\/p>\n","protected":false},"excerpt":{"rendered":"<p>Segons els documents per a l\u2019organitzaci\u00f3 i la gesti\u00f3 dels centres publicat pel Departament d\u2019Educaci\u00f3 cada inici de curs, les taxes o preus p\u00fablics de la matr\u00edcula a les EOI nom\u00e9s es poden retornar en els sup\u00f2sits que s\u2019indiquen a continuaci\u00f3 i en els terminis que, quan escau, s\u2019assenyalen: Ren\u00fancia al curs, quan la ren\u00fancia [&hellip;]<\/p>\n","protected":false},"author":1,"featured_media":0,"parent":8358,"menu_order":0,"comment_status":"closed","ping_status":"closed","template":"page-templates\/side-menu.php","meta":{"_bbp_topic_count":0,"_bbp_reply_count":0,"_bbp_total_topic_count":0,"_bbp_total_reply_count":0,"_bbp_voice_count":0,"_bbp_anonymous_reply_count":0,"_bbp_topic_count_hidden":0,"_bbp_reply_count_hidden":0,"_bbp_forum_subforum_count":0,"site-sidebar-layout":"default","site-content-layout":"","ast-site-content-layout":"","site-content-style":"default","site-sidebar-style":"default","ast-global-header-display":"","ast-banner-title-visibility":"","ast-main-header-display":"","ast-hfb-above-header-display":"","ast-hfb-below-header-display":"","ast-hfb-mobile-header-display":"","site-post-title":"","ast-breadcrumbs-content":"","ast-featured-img":"","footer-sml-layout":"","theme-transparent-header-meta":"","adv-header-id-meta":"","stick-header-meta":"","header-above-stick-meta":"","header-main-stick-meta":"","header-below-stick-meta":"","astra-migrate-meta-layouts":"default","ast-page-background-enabled":"default","ast-page-background-meta":{"desktop":{"background-color":"var(--ast-global-color-4)","background-image":"","background-repeat":"repeat","background-position":"center center","background-size":"auto","background-attachment":"scroll","background-type":"","background-media":"","overlay-type":"","overlay-color":"","overlay-opacity":"","overlay-gradient":""},"tablet":{"background-color":"","background-image":"","background-repeat":"repeat","background-position":"center center","background-size":"auto","background-attachment":"scroll","background-type":"","background-media":"","overlay-type":"","overlay-color":"","overlay-opacity":"","overlay-gradient":""},"mobile":{"background-color":"","background-image":"","background-repeat":"repeat","background-position":"center center","background-size":"auto","background-attachment":"scroll","background-type":"","background-media":"","overlay-type":"","overlay-color":"","overlay-opacity":"","overlay-gradient":""}},"ast-content-background-meta":{"desktop":{"background-color":"var(--ast-global-color-5)","background-image":"","background-repeat":"repeat","background-position":"center center","background-size":"auto","background-attachment":"scroll","background-type":"","background-media":"","overlay-type":"","overlay-color":"","overlay-opacity":"","overlay-gradient":""},"tablet":{"background-color":"var(--ast-global-color-5)","background-image":"","background-repeat":"repeat","background-position":"center center","background-size":"auto","background-attachment":"scroll","background-type":"","background-media":"","overlay-type":"","overlay-color":"","overlay-opacity":"","overlay-gradient":""},"mobile":{"background-color":"var(--ast-global-color-5)","background-image":"","background-repeat":"repeat","background-position":"center center","background-size":"auto","background-attachment":"scroll","background-type":"","background-media":"","overlay-type":"","overlay-color":"","overlay-opacity":"","overlay-gradient":""}},"footnotes":""},"class_list":["post-10350","page","type-page","status-publish","hentry"],"post_mailing_queue_ids":[],"_links":{"self":[{"href":"https:\/\/agora-eoi.xtec.cat\/eoitortosa\/wp-json\/wp\/v2\/pages\/10350","targetHints":{"allow":["GET"]}}],"collection":[{"href":"https:\/\/agora-eoi.xtec.cat\/eoitortosa\/wp-json\/wp\/v2\/pages"}],"about":[{"href":"https:\/\/agora-eoi.xtec.cat\/eoitortosa\/wp-json\/wp\/v2\/types\/page"}],"author":[{"embeddable":true,"href":"https:\/\/agora-eoi.xtec.cat\/eoitortosa\/wp-json\/wp\/v2\/users\/1"}],"replies":[{"embeddable":true,"href":"https:\/\/agora-eoi.xtec.cat\/eoitortosa\/wp-json\/wp\/v2\/comments?post=10350"}],"version-history":[{"count":7,"href":"https:\/\/agora-eoi.xtec.cat\/eoitortosa\/wp-json\/wp\/v2\/pages\/10350\/revisions"}],"predecessor-version":[{"id":11048,"href":"https:\/\/agora-eoi.xtec.cat\/eoitortosa\/wp-json\/wp\/v2\/pages\/10350\/revisions\/11048"}],"up":[{"embeddable":true,"href":"https:\/\/agora-eoi.xtec.cat\/eoitortosa\/wp-json\/wp\/v2\/pages\/8358"}],"wp:attachment":[{"href":"https:\/\/agora-eoi.xtec.cat\/eoitortosa\/wp-json\/wp\/v2\/media?parent=10350"}],"curies":[{"name":"wp","href":"https:\/\/api.w.org\/{rel}","templated":true}]}}