{"id":10209,"date":"2024-11-20T09:53:47","date_gmt":"2024-11-20T08:53:47","guid":{"rendered":"https:\/\/agora-eoi.xtec.cat\/eoitortosa\/?page_id=10209"},"modified":"2024-11-20T10:26:48","modified_gmt":"2024-11-20T09:26:48","slug":"treballa-amb-nosaltres","status":"publish","type":"page","link":"https:\/\/agora-eoi.xtec.cat\/eoitortosa\/el-servei-educatiu\/treballa-amb-nosaltres\/","title":{"rendered":"Treballa amb nosaltres"},"content":{"rendered":"<p>Vols treballar a la nostra escola? T&#8217;informem de com pots fer-ho.<\/p>\n<p><strong>Per impartir cursos ordinaris<\/strong><\/p>\n<p>En aquest\u00a0<a href=\"https:\/\/aplicacions.gestioeducativa.gencat.cat\/pls\/apex\/f?p=2011914:28\" target=\"_blank\" rel=\"noopener\">enlla\u00e7<\/a>\u00a0hi trobar\u00e0s les titulacions que permeten impartir els ensenyaments d\u2019idiomes a les ESCOLES OFICIALS D\u2019IDIOMES DE CATALUNYA.<\/p>\n<p>Per ocupar llocs de treball en escoles oficials d\u2019idiomes, les persones interessades han de superar una prova de capacitaci\u00f3 que certifiqui la seva idone\u00eftat. Trobar\u00e0s tota la informaci\u00f3\u00a0<a href=\"https:\/\/educacio.gencat.cat\/ca\/serveis-tramits\/treballa-amb-nosaltres\/borses-treball\/personal-interi-docent\/borsa-curs\/proves-capacitacio-especialitat\/escoles-oficials-didiomes\/index.html\" target=\"_blank\" rel=\"noopener\">aqu\u00ed<\/a>.<\/p>\n<p>Per a altres consultes contacteu amb la secci\u00f3 de personal docent de Serveis Territorials d&#8217;Educaci\u00f3.<\/p>\n<p><strong>Per impartir cursos especials (monogr\u00e0fics, llengua instrumental o intensius d&#8217;estiu)<\/strong><\/p>\n<p>Envia&#8217;ns la teva presentaci\u00f3 i curr\u00edculum a <a href=\"mailto:eoitortosa@xtec.cat\">eoitortosa@xtec.cat<\/a>.<\/p>\n","protected":false},"excerpt":{"rendered":"<p>Vols treballar a la nostra escola? T&#8217;informem de com pots fer-ho. Per impartir cursos ordinaris En aquest\u00a0enlla\u00e7\u00a0hi trobar\u00e0s les titulacions que permeten impartir els ensenyaments d\u2019idiomes a les ESCOLES OFICIALS D\u2019IDIOMES DE CATALUNYA. Per ocupar llocs de treball en escoles oficials d\u2019idiomes, les persones interessades han de superar una prova de capacitaci\u00f3 que certifiqui la [&hellip;]<\/p>\n","protected":false},"author":1,"featured_media":0,"parent":806,"menu_order":0,"comment_status":"closed","ping_status":"closed","template":"page-templates\/side-menu.php","meta":{"_bbp_topic_count":0,"_bbp_reply_count":0,"_bbp_total_topic_count":0,"_bbp_total_reply_count":0,"_bbp_voice_count":0,"_bbp_anonymous_reply_count":0,"_bbp_topic_count_hidden":0,"_bbp_reply_count_hidden":0,"_bbp_forum_subforum_count":0,"site-sidebar-layout":"default","site-content-layout":"","ast-site-content-layout":"","site-content-style":"default","site-sidebar-style":"default","ast-global-header-display":"","ast-banner-title-visibility":"","ast-main-header-display":"","ast-hfb-above-header-display":"","ast-hfb-below-header-display":"","ast-hfb-mobile-header-display":"","site-post-title":"","ast-breadcrumbs-content":"","ast-featured-img":"","footer-sml-layout":"","theme-transparent-header-meta":"","adv-header-id-meta":"","stick-header-meta":"","header-above-stick-meta":"","header-main-stick-meta":"","header-below-stick-meta":"","astra-migrate-meta-layouts":"default","ast-page-background-enabled":"default","ast-page-background-meta":{"desktop":{"background-color":"var(--ast-global-color-4)","background-image":"","background-repeat":"repeat","background-position":"center center","background-size":"auto","background-attachment":"scroll","background-type":"","background-media":"","overlay-type":"","overlay-color":"","overlay-opacity":"","overlay-gradient":""},"tablet":{"background-color":"","background-image":"","background-repeat":"repeat","background-position":"center center","background-size":"auto","background-attachment":"scroll","background-type":"","background-media":"","overlay-type":"","overlay-color":"","overlay-opacity":"","overlay-gradient":""},"mobile":{"background-color":"","background-image":"","background-repeat":"repeat","background-position":"center center","background-size":"auto","background-attachment":"scroll","background-type":"","background-media":"","overlay-type":"","overlay-color":"","overlay-opacity":"","overlay-gradient":""}},"ast-content-background-meta":{"desktop":{"background-color":"var(--ast-global-color-5)","background-image":"","background-repeat":"repeat","background-position":"center center","background-size":"auto","background-attachment":"scroll","background-type":"","background-media":"","overlay-type":"","overlay-color":"","overlay-opacity":"","overlay-gradient":""},"tablet":{"background-color":"var(--ast-global-color-5)","background-image":"","background-repeat":"repeat","background-position":"center center","background-size":"auto","background-attachment":"scroll","background-type":"","background-media":"","overlay-type":"","overlay-color":"","overlay-opacity":"","overlay-gradient":""},"mobile":{"background-color":"var(--ast-global-color-5)","background-image":"","background-repeat":"repeat","background-position":"center center","background-size":"auto","background-attachment":"scroll","background-type":"","background-media":"","overlay-type":"","overlay-color":"","overlay-opacity":"","overlay-gradient":""}},"footnotes":""},"class_list":["post-10209","page","type-page","status-publish","hentry"],"post_mailing_queue_ids":[],"_links":{"self":[{"href":"https:\/\/agora-eoi.xtec.cat\/eoitortosa\/wp-json\/wp\/v2\/pages\/10209","targetHints":{"allow":["GET"]}}],"collection":[{"href":"https:\/\/agora-eoi.xtec.cat\/eoitortosa\/wp-json\/wp\/v2\/pages"}],"about":[{"href":"https:\/\/agora-eoi.xtec.cat\/eoitortosa\/wp-json\/wp\/v2\/types\/page"}],"author":[{"embeddable":true,"href":"https:\/\/agora-eoi.xtec.cat\/eoitortosa\/wp-json\/wp\/v2\/users\/1"}],"replies":[{"embeddable":true,"href":"https:\/\/agora-eoi.xtec.cat\/eoitortosa\/wp-json\/wp\/v2\/comments?post=10209"}],"version-history":[{"count":3,"href":"https:\/\/agora-eoi.xtec.cat\/eoitortosa\/wp-json\/wp\/v2\/pages\/10209\/revisions"}],"predecessor-version":[{"id":11101,"href":"https:\/\/agora-eoi.xtec.cat\/eoitortosa\/wp-json\/wp\/v2\/pages\/10209\/revisions\/11101"}],"up":[{"embeddable":true,"href":"https:\/\/agora-eoi.xtec.cat\/eoitortosa\/wp-json\/wp\/v2\/pages\/806"}],"wp:attachment":[{"href":"https:\/\/agora-eoi.xtec.cat\/eoitortosa\/wp-json\/wp\/v2\/media?parent=10209"}],"curies":[{"name":"wp","href":"https:\/\/api.w.org\/{rel}","templated":true}]}}