{"id":8372,"date":"2016-06-13T13:41:51","date_gmt":"2016-06-13T12:41:51","guid":{"rendered":"http:\/\/agora-eoi.xtec.cat\/eoiterrassa\/?page_id=8372"},"modified":"2025-05-26T11:45:53","modified_gmt":"2025-05-26T09:45:53","slug":"com-arribar-hi","status":"publish","type":"page","link":"https:\/\/agora-eoi.xtec.cat\/eoiterrassa\/informacio-general\/com-arribar-hi\/","title":{"rendered":"Com arribar-hi"},"content":{"rendered":"<h3><a href=\"https:\/\/goo.gl\/maps\/tmozhFJDoD5EbJin7\">Ubicaci\u00f3 a Google maps<\/a><a href=\"https:\/\/agora-eoi.xtec.cat\/eoiterrassa\/wp-content\/uploads\/usu2242\/2022\/02\/HQMJSJXOKBCWRCTBY5ZPYYBEVM.jpg\"><img loading=\"lazy\" decoding=\"async\" class=\"wp-image-13932 alignleft\" src=\"https:\/\/agora-eoi.xtec.cat\/eoiterrassa\/wp-content\/uploads\/usu2242\/2022\/02\/HQMJSJXOKBCWRCTBY5ZPYYBEVM-300x171.jpg\" alt=\"\" width=\"196\" height=\"112\" srcset=\"https:\/\/agora-eoi.xtec.cat\/eoiterrassa\/wp-content\/uploads\/usu2242\/2022\/02\/HQMJSJXOKBCWRCTBY5ZPYYBEVM-300x171.jpg 300w, https:\/\/agora-eoi.xtec.cat\/eoiterrassa\/wp-content\/uploads\/usu2242\/2022\/02\/HQMJSJXOKBCWRCTBY5ZPYYBEVM.jpg 580w\" sizes=\"auto, (max-width: 196px) 100vw, 196px\" \/><\/a><\/h3>\n<hr align=\"left\" width=\"100%\" \/>\n<p style=\"word-spacing: 0; line-height: 100%; text-indent: 0; margin: 5 0 5 0;\"><b><a href=\"https:\/\/tmesa.com\/\">tmsa (autobusos metropolitans)<\/a><\/b><\/p>\n<hr align=\"left\" width=\"100%\" \/>\n<p style=\"word-spacing: 0; line-height: 100%; text-indent: 0; margin: 5 0 5 0;\">L\u00ednia 7: Pla del Bonaire &#8211; Can Jofresa<\/p>\n<p style=\"word-spacing: 0; line-height: 100%; text-indent: 0; margin: 5 0 5 0;\">L\u00ednia 8: Avingudes (Can Jofesa &#8211; Avingudes &#8211; Rbla d&#8217;Egara &#8211; Can Jofresa)<\/p>\n<p style=\"word-spacing: 0; line-height: 100%; text-indent: 0; margin: 5 0 5 0;\">L\u00ednia 9: Avingudes (Can Palet &#8211; Can Jofesa &#8211; Rbla. d&#8217;Egara &#8211; Avingudes &#8211; Can Palet)<\/p>\n<p style=\"word-spacing: 0; line-height: 100%; text-indent: 0; margin: 5 0 5 0;\">L\u00ednia 10: Les Fonts &#8211; Dr. Robert<\/p>\n<p style=\"word-spacing: 0; line-height: 100%; text-indent: 0; margin: 5 0 5 0;\"><a href=\"https:\/\/www.moventis.es\/es\/lineas-horarios\/linea-autobus-e21-e21-barcelona-terrassa\">sarbus<\/a><\/p>\n<hr align=\"left\" width=\"100%\" \/>\n<p style=\"word-spacing: 0; line-height: 100%; text-indent: 0; margin: 5 0 5 0;\">L\u00ednia A4: Barcelona &#8211; Terrassa<\/p>\n<hr align=\"left\" width=\"100%\" \/>\n<p style=\"word-spacing: 0; line-height: 100%; text-indent: 0; margin: 5 0 5 0;\"><b><a><br \/>\n<\/a><a href=\"https:\/\/www.fgc.cat\/\">FGC &#8211; Metro del Vall\u00e8s<\/a><\/b><\/p>\n<hr align=\"left\" width=\"100%\" \/>\n<p style=\"word-spacing: 0; line-height: 100%; text-indent: 0; margin: 5 0 5 0;\">L\u00ednia S1: Barcelona &#8211; Terrassa<\/p>\n<p style=\"word-spacing: 0; line-height: 100%; text-indent: 0; margin: 5 0 5 0;\">Autob\u00fas metropolit\u00e0 l\u00ednia 8<\/p>\n<hr align=\"left\" width=\"100%\" \/>\n<p style=\"word-spacing: 0; line-height: 100%; text-indent: 0; margin: 5 0 5 0;\"><a href=\"https:\/\/rodalies.gencat.cat\/es\/horaris\/\"><b><br \/>\nRenfe &#8211; Rodalies<\/b><\/a><\/p>\n<hr align=\"left\" width=\"100%\" \/>\n<p style=\"word-spacing: 0; line-height: 100%; text-indent: 0; margin: 5 0 5 0;\">L\u00ednia 4: St. Vicen\u00e7\/Vilafranca &#8211; Manresa<\/p>\n<hr align=\"left\" width=\"100%\" \/>\n<p style=\"word-spacing: 0; line-height: 100%; text-indent: 0; margin: 5 0 5 0;\"><b><br \/>\n<a href=\"http:\/\/maps.google.es\/maps?f=q&amp;source=embed&amp;hl=ca&amp;geocode=&amp;q=vic,%2B3%2Bterrassa&amp;aq=&amp;sll=41.547667,2.017189&amp;sspn=0.007194,0.013711&amp;ie=UTF8&amp;hq=&amp;hnear=Carrer%2Bde%2BVic,%2B3,%2B08228%2BTerrassa,%2BBarcelona,%2BCatalu%C3%B1a&amp;ll=41.547693,2.017193&amp;spn=0.00713,0.013711&amp;t=h&amp;z=16&amp;lci=com.google.webcams\" target=\"_blank\" rel=\"noopener\">PER CARRETERA<\/a><\/b><\/p>\n<hr align=\"left\" width=\"100%\" \/>\n","protected":false},"excerpt":{"rendered":"<p>Ubicaci\u00f3 a Google maps tmsa (autobusos metropolitans) L\u00ednia 7: Pla del Bonaire &#8211; Can Jofresa L\u00ednia 8: Avingudes (Can Jofesa &#8211; Avingudes &#8211; Rbla d&#8217;Egara &#8211; Can Jofresa) L\u00ednia 9: Avingudes (Can Palet &#8211; Can Jofesa &#8211; Rbla. d&#8217;Egara &#8211; Avingudes &#8211; Can Palet) L\u00ednia 10: Les Fonts &#8211; Dr. Robert sarbus L\u00ednia A4: Barcelona [&hellip;]<\/p>\n","protected":false},"author":1,"featured_media":0,"parent":806,"menu_order":35,"comment_status":"closed","ping_status":"closed","template":"","meta":{"site-sidebar-layout":"default","site-content-layout":"","ast-site-content-layout":"default","site-content-style":"default","site-sidebar-style":"default","ast-global-header-display":"","ast-banner-title-visibility":"","ast-main-header-display":"","ast-hfb-above-header-display":"","ast-hfb-below-header-display":"","ast-hfb-mobile-header-display":"","site-post-title":"","ast-breadcrumbs-content":"","ast-featured-img":"","footer-sml-layout":"","theme-transparent-header-meta":"","adv-header-id-meta":"","stick-header-meta":"","header-above-stick-meta":"","header-main-stick-meta":"","header-below-stick-meta":"","astra-migrate-meta-layouts":"set","ast-page-background-enabled":"default","ast-page-background-meta":{"desktop":{"background-color":"var(--ast-global-color-4)","background-image":"","background-repeat":"repeat","background-position":"center center","background-size":"auto","background-attachment":"scroll","background-type":"","background-media":"","overlay-type":"","overlay-color":"","overlay-opacity":"","overlay-gradient":""},"tablet":{"background-color":"","background-image":"","background-repeat":"repeat","background-position":"center center","background-size":"auto","background-attachment":"scroll","background-type":"","background-media":"","overlay-type":"","overlay-color":"","overlay-opacity":"","overlay-gradient":""},"mobile":{"background-color":"","background-image":"","background-repeat":"repeat","background-position":"center center","background-size":"auto","background-attachment":"scroll","background-type":"","background-media":"","overlay-type":"","overlay-color":"","overlay-opacity":"","overlay-gradient":""}},"ast-content-background-meta":{"desktop":{"background-color":"var(--ast-global-color-5)","background-image":"","background-repeat":"repeat","background-position":"center center","background-size":"auto","background-attachment":"scroll","background-type":"","background-media":"","overlay-type":"","overlay-color":"","overlay-opacity":"","overlay-gradient":""},"tablet":{"background-color":"var(--ast-global-color-5)","background-image":"","background-repeat":"repeat","background-position":"center center","background-size":"auto","background-attachment":"scroll","background-type":"","background-media":"","overlay-type":"","overlay-color":"","overlay-opacity":"","overlay-gradient":""},"mobile":{"background-color":"var(--ast-global-color-5)","background-image":"","background-repeat":"repeat","background-position":"center center","background-size":"auto","background-attachment":"scroll","background-type":"","background-media":"","overlay-type":"","overlay-color":"","overlay-opacity":"","overlay-gradient":""}},"footnotes":""},"class_list":["post-8372","page","type-page","status-publish","hentry"],"post_mailing_queue_ids":[],"_links":{"self":[{"href":"https:\/\/agora-eoi.xtec.cat\/eoiterrassa\/wp-json\/wp\/v2\/pages\/8372","targetHints":{"allow":["GET"]}}],"collection":[{"href":"https:\/\/agora-eoi.xtec.cat\/eoiterrassa\/wp-json\/wp\/v2\/pages"}],"about":[{"href":"https:\/\/agora-eoi.xtec.cat\/eoiterrassa\/wp-json\/wp\/v2\/types\/page"}],"author":[{"embeddable":true,"href":"https:\/\/agora-eoi.xtec.cat\/eoiterrassa\/wp-json\/wp\/v2\/users\/1"}],"replies":[{"embeddable":true,"href":"https:\/\/agora-eoi.xtec.cat\/eoiterrassa\/wp-json\/wp\/v2\/comments?post=8372"}],"version-history":[{"count":5,"href":"https:\/\/agora-eoi.xtec.cat\/eoiterrassa\/wp-json\/wp\/v2\/pages\/8372\/revisions"}],"predecessor-version":[{"id":18331,"href":"https:\/\/agora-eoi.xtec.cat\/eoiterrassa\/wp-json\/wp\/v2\/pages\/8372\/revisions\/18331"}],"up":[{"embeddable":true,"href":"https:\/\/agora-eoi.xtec.cat\/eoiterrassa\/wp-json\/wp\/v2\/pages\/806"}],"wp:attachment":[{"href":"https:\/\/agora-eoi.xtec.cat\/eoiterrassa\/wp-json\/wp\/v2\/media?parent=8372"}],"curies":[{"name":"wp","href":"https:\/\/api.w.org\/{rel}","templated":true}]}}