{"id":8195,"date":"2016-06-09T14:35:19","date_gmt":"2016-06-09T13:35:19","guid":{"rendered":"http:\/\/agora-eoi.xtec.cat\/eoiterrassa\/?page_id=8195"},"modified":"2025-10-31T09:26:11","modified_gmt":"2025-10-31T08:26:11","slug":"frances","status":"publish","type":"page","link":"https:\/\/agora-eoi.xtec.cat\/eoiterrassa\/departaments\/frances\/","title":{"rendered":"Franc\u00e8s"},"content":{"rendered":"\n<figure class=\"wp-block-table\"><table class=\"has-background\" style=\"background-color:#9b5ee63b\"><tbody><tr><td><strong>Edith de la Marnierre<\/strong>\u00a0\u00a0\u00a0<br>Cap de departament<br><strong><a href=\"mailto:emarnierre@eoiterrassa.cat\">emarnierre@eoiterrassa.cat<\/a><\/strong><\/td><td>dilluns <br>dijous<\/td><td>18:15-18:45<br>11:30-11:45<\/td><\/tr><tr><td><strong>Sonia Acebo<\/strong><br><strong><a href=\"mailto:sacebo@eoiterrassa.cat\">sacebo@eoiterrassa.cat<\/a><\/strong><\/td><td>dimecres <br>dijous<\/td><td>18:15-18:45<br>11:30-11:45<\/td><\/tr><tr><td><strong>Neus Consola<\/strong><br><strong><a href=\"mailto:nconsola@eoiterrassa.cat\">nconsola@eoiterrassa.cat<\/a><\/strong><\/td><td>dimarts<\/td><td>18:15-18:45<\/td><\/tr><tr><td><strong>Mireia Garc\u00eda<\/strong><br><strong><a href=\"mailto:mgarcia@eoiterrassa.cat\">mgarcia@eoiterrassa.cat<\/a><\/strong><\/td><td>dilluns<\/td><td>18:15-18:45<\/td><\/tr><tr><td><strong>Lourdes Francisco<\/strong><br><strong><a href=\"mailto:lfrancisco@eoiterrassa.cat\">lfrancisco@eoiterrassa.cat<\/a><\/strong><\/td><td>dilluns <br>dimarts<\/td><td>18:15-18:45<br>18:15-18:45<\/td><\/tr><tr><td><strong>Jo\u00eblle Pascual<\/strong><br><strong><a href=\"mailto:jpascual@eoiterrassa.cat\">jpascual@eoiterrassa.cat<\/a><\/strong><\/td><td>dimarts<\/td><td>18:15-18:45<\/td><\/tr><\/tbody><\/table><\/figure>\n\n\n\n<p><\/p>\n\n\n\n<p><b>mail:&nbsp;<b><a href=\"mailto:dptfrances@eoiterrassa.cat\" target=\"_blank\" rel=\"noopener\">dptfrances@eoiterrassa.cat<\/a> <\/b><\/b>(nom\u00e9s per a assumptes acad\u00e8mics). <\/p>\n\n\n\n<p>Per a assumptes administratius: <a href=\"mailto:secretaria@eoiterrassa.cat\">secretaria@eoiterrassa.cat<\/a><\/p>\n\n\n\n<div class=\"wp-block-buttons is-layout-flex wp-block-buttons-is-layout-flex\">\n<div class=\"wp-block-button\"><a class=\"wp-block-button__link wp-element-button\" href=\"https:\/\/agora-eoi.xtec.cat\/eoiterrassa\/frances\/\">Enrere<\/a><\/div>\n<\/div>\n","protected":false},"excerpt":{"rendered":"<p>Edith de la Marnierre\u00a0\u00a0\u00a0Cap de departamentemarnierre@eoiterrassa.cat dilluns dijous 18:15-18:4511:30-11:45 Sonia Acebosacebo@eoiterrassa.cat dimecres dijous 18:15-18:4511:30-11:45 Neus Consolanconsola@eoiterrassa.cat dimarts 18:15-18:45 Mireia Garc\u00edamgarcia@eoiterrassa.cat dilluns 18:15-18:45 Lourdes Franciscolfrancisco@eoiterrassa.cat dilluns dimarts 18:15-18:4518:15-18:45 Jo\u00eblle Pascualjpascual@eoiterrassa.cat dimarts 18:15-18:45 mail:&nbsp;dptfrances@eoiterrassa.cat (nom\u00e9s per a assumptes acad\u00e8mics). Per a assumptes administratius: secretaria@eoiterrassa.cat<\/p>\n","protected":false},"author":1,"featured_media":0,"parent":9216,"menu_order":50,"comment_status":"closed","ping_status":"closed","template":"","meta":{"site-sidebar-layout":"default","site-content-layout":"","ast-site-content-layout":"default","site-content-style":"default","site-sidebar-style":"default","ast-global-header-display":"","ast-banner-title-visibility":"","ast-main-header-display":"","ast-hfb-above-header-display":"","ast-hfb-below-header-display":"","ast-hfb-mobile-header-display":"","site-post-title":"","ast-breadcrumbs-content":"","ast-featured-img":"","footer-sml-layout":"","theme-transparent-header-meta":"","adv-header-id-meta":"","stick-header-meta":"","header-above-stick-meta":"","header-main-stick-meta":"","header-below-stick-meta":"","astra-migrate-meta-layouts":"set","ast-page-background-enabled":"default","ast-page-background-meta":{"desktop":{"background-color":"var(--ast-global-color-4)","background-image":"","background-repeat":"repeat","background-position":"center center","background-size":"auto","background-attachment":"scroll","background-type":"","background-media":"","overlay-type":"","overlay-color":"","overlay-opacity":"","overlay-gradient":""},"tablet":{"background-color":"","background-image":"","background-repeat":"repeat","background-position":"center center","background-size":"auto","background-attachment":"scroll","background-type":"","background-media":"","overlay-type":"","overlay-color":"","overlay-opacity":"","overlay-gradient":""},"mobile":{"background-color":"","background-image":"","background-repeat":"repeat","background-position":"center center","background-size":"auto","background-attachment":"scroll","background-type":"","background-media":"","overlay-type":"","overlay-color":"","overlay-opacity":"","overlay-gradient":""}},"ast-content-background-meta":{"desktop":{"background-color":"var(--ast-global-color-5)","background-image":"","background-repeat":"repeat","background-position":"center center","background-size":"auto","background-attachment":"scroll","background-type":"","background-media":"","overlay-type":"","overlay-color":"","overlay-opacity":"","overlay-gradient":""},"tablet":{"background-color":"var(--ast-global-color-5)","background-image":"","background-repeat":"repeat","background-position":"center center","background-size":"auto","background-attachment":"scroll","background-type":"","background-media":"","overlay-type":"","overlay-color":"","overlay-opacity":"","overlay-gradient":""},"mobile":{"background-color":"var(--ast-global-color-5)","background-image":"","background-repeat":"repeat","background-position":"center center","background-size":"auto","background-attachment":"scroll","background-type":"","background-media":"","overlay-type":"","overlay-color":"","overlay-opacity":"","overlay-gradient":""}},"footnotes":""},"class_list":["post-8195","page","type-page","status-publish","hentry"],"post_mailing_queue_ids":[],"_links":{"self":[{"href":"https:\/\/agora-eoi.xtec.cat\/eoiterrassa\/wp-json\/wp\/v2\/pages\/8195","targetHints":{"allow":["GET"]}}],"collection":[{"href":"https:\/\/agora-eoi.xtec.cat\/eoiterrassa\/wp-json\/wp\/v2\/pages"}],"about":[{"href":"https:\/\/agora-eoi.xtec.cat\/eoiterrassa\/wp-json\/wp\/v2\/types\/page"}],"author":[{"embeddable":true,"href":"https:\/\/agora-eoi.xtec.cat\/eoiterrassa\/wp-json\/wp\/v2\/users\/1"}],"replies":[{"embeddable":true,"href":"https:\/\/agora-eoi.xtec.cat\/eoiterrassa\/wp-json\/wp\/v2\/comments?post=8195"}],"version-history":[{"count":6,"href":"https:\/\/agora-eoi.xtec.cat\/eoiterrassa\/wp-json\/wp\/v2\/pages\/8195\/revisions"}],"predecessor-version":[{"id":19668,"href":"https:\/\/agora-eoi.xtec.cat\/eoiterrassa\/wp-json\/wp\/v2\/pages\/8195\/revisions\/19668"}],"up":[{"embeddable":true,"href":"https:\/\/agora-eoi.xtec.cat\/eoiterrassa\/wp-json\/wp\/v2\/pages\/9216"}],"wp:attachment":[{"href":"https:\/\/agora-eoi.xtec.cat\/eoiterrassa\/wp-json\/wp\/v2\/media?parent=8195"}],"curies":[{"name":"wp","href":"https:\/\/api.w.org\/{rel}","templated":true}]}}