{"id":8189,"date":"2016-06-09T14:31:19","date_gmt":"2016-06-09T13:31:19","guid":{"rendered":"http:\/\/agora-eoi.xtec.cat\/eoiterrassa\/?page_id=8189"},"modified":"2026-03-10T08:59:49","modified_gmt":"2026-03-10T07:59:49","slug":"angles","status":"publish","type":"page","link":"https:\/\/agora-eoi.xtec.cat\/eoiterrassa\/departaments\/angles\/","title":{"rendered":"Angl\u00e8s"},"content":{"rendered":"\n<p><strong>Contacte i horaris de visita<\/strong><\/p>\n\n\n\n<figure class=\"wp-block-table is-style-regular\"><table class=\"has-background\" style=\"background-color:#59d49666\"><tbody><tr><td><strong><strong>Natalia L\u00f3pez<\/strong><\/strong><br>Cap de departament<br><strong><strong><a href=\"mailto:sgonzalez@eoiterrassa.cat\">nlopez@eoiterrassa.cat<\/a><\/strong><\/strong><\/td><td><\/td><td><\/td><\/tr><tr><td><strong><strong>S\u00f2nia Gonz\u00e1lez<\/strong><\/strong><br>Cap de departament en funcions<br><strong><strong><a href=\"mailto:sgonzalez@eoiterrassa.cat\">sgonzalez@eoiterrassa.cat<\/a><\/strong><\/strong><\/td><td>dilluns<br>dimarts<\/td><td>18:15-18:45<br>9:00-09:15<\/td><\/tr><tr><td><strong>Carmen Fern\u00e1ndez<\/strong><br>Cap Adjunt<br><strong><a href=\"mailto:fernandez@eoiterrassa.cat\">cfernandez@eoiterrassa.cat<\/a><\/strong><\/td><td>dilluns<br>dimarts<\/td><td>18:15-18:45<br>18:15-18:45<\/td><\/tr><tr><td><strong>Guillem Blasco<\/strong><br><strong><a href=\"mailto:gblasco@eoiterrassa.cat\">gblasco@eoiterrassa.cat<\/a><\/strong><\/td><td>dijous<\/td><td>18:15-18:45<\/td><\/tr><tr><td><strong>Lucia Bonet<\/strong><br><strong><a href=\"mailto:lbonet@eoiterrassa.cat\">lbonet@eoiterrassa.cat<\/a><\/strong><\/td><td>dilluns<\/td><td>18:15-18:45<\/td><\/tr><tr><td><strong>M\u00e0rius Bosch<\/strong><br><strong><a href=\"mailto:mbosch@eoiterrassa.cat\">mbosch@eoiterrassa.cat<\/a>&nbsp;&nbsp;&nbsp;<\/strong><\/td><td>dimecres<br>dijous<\/td><td>18:15-18:45<br>18:15-18:45<\/td><\/tr><tr><td><strong>Carles Tena<\/strong><br><strong><a href=\"mailto:ctena@eoiterrassa.cat\">ctena@eoiterrassa.cat<\/a>&nbsp;&nbsp;&nbsp;<\/strong><br><\/td><td>dilluns<br>dimecres<br>dijous<\/td><td>11:30-11:45<br>11:30-11:45<br>18:15-18:45<\/td><\/tr><tr><td><strong>Dom\u00e8nec M\u00e9ndez<\/strong><br><strong><a href=\"mailto:dmendez@eoiterrassa.cat\">dmendez@eoiterrassa.cat<\/a><\/strong><\/td><td>dilluns<br>dimarts<br>dimecres<\/td><td>11:30-11:45<br>18:15-18:45<br>11:30-11:45<\/td><\/tr><tr><td><strong>Montserrat Pinar&nbsp;<\/strong><br><strong><a href=\"mailto:mpinar@eoiterrassa.cat\">mpinar@eoiterrassa.cat<\/a><\/strong><\/td><td>dimecres<br>dijous<\/td><td>&nbsp; 18:15-18:45<br>18:15-18:45<\/td><\/tr><tr><td><strong>Esther Sol\u00e0&nbsp;<\/strong><br><strong><a href=\"mailto:esola@eoiterrassa.cat\">esola@eoiterrassa.cat<\/a><\/strong><\/td><td>dimarts<br>dijous<\/td><td>11:30-11:45<br>11:30-11:45<\/td><\/tr><tr><td><strong>Adri\u00e1n P\u00e9rez <\/strong><br><a href=\"mailto:esola@eoiterrassa.cat\">aperez@eoiterrassa.cat<\/a><\/td><td>dilluns<\/td><td>14.30-14.45<br>15.45-16.00<\/td><\/tr><\/tbody><\/table><\/figure>\n\n\n\n<p>&nbsp;<b>mail: <a href=\"mailto:dptangles@eoiterrassa.cat\" target=\"_blank\" rel=\"noopener\">dptangles@eoiterrassa.cat<\/a>&nbsp; <\/b>(nom\u00e9s per a assumptes acad\u00e8mics). Per a assumptes administratius:<b> <\/b><a href=\"mailto:secretaria@eoiterrassa.cat\">secretaria@eoiterrassa.cat<\/a><\/p>\n\n\n\n<div class=\"wp-block-buttons is-layout-flex wp-block-buttons-is-layout-flex\">\n<div class=\"wp-block-button\"><a class=\"wp-block-button__link wp-element-button\" href=\"https:\/\/agora-eoi.xtec.cat\/eoiterrassa\/angles\/\">Enrere<\/a><\/div>\n<\/div>\n","protected":false},"excerpt":{"rendered":"<p>Contacte i horaris de visita Natalia L\u00f3pezCap de departamentnlopez@eoiterrassa.cat S\u00f2nia Gonz\u00e1lezCap de departament en funcionssgonzalez@eoiterrassa.cat dillunsdimarts 18:15-18:459:00-09:15 Carmen Fern\u00e1ndezCap Adjuntcfernandez@eoiterrassa.cat dillunsdimarts 18:15-18:4518:15-18:45 Guillem Blascogblasco@eoiterrassa.cat dijous 18:15-18:45 Lucia Bonetlbonet@eoiterrassa.cat dilluns 18:15-18:45 M\u00e0rius Boschmbosch@eoiterrassa.cat&nbsp;&nbsp;&nbsp; dimecresdijous 18:15-18:4518:15-18:45 Carles Tenactena@eoiterrassa.cat&nbsp;&nbsp;&nbsp; dillunsdimecresdijous 11:30-11:4511:30-11:4518:15-18:45 Dom\u00e8nec M\u00e9ndezdmendez@eoiterrassa.cat dillunsdimartsdimecres 11:30-11:4518:15-18:4511:30-11:45 Montserrat Pinar&nbsp;mpinar@eoiterrassa.cat dimecresdijous &nbsp; 18:15-18:4518:15-18:45 Esther Sol\u00e0&nbsp;esola@eoiterrassa.cat dimartsdijous 11:30-11:4511:30-11:45 Adri\u00e1n P\u00e9rez aperez@eoiterrassa.cat dilluns [&hellip;]<\/p>\n","protected":false},"author":1,"featured_media":0,"parent":9216,"menu_order":20,"comment_status":"closed","ping_status":"closed","template":"","meta":{"site-sidebar-layout":"default","site-content-layout":"","ast-site-content-layout":"default","site-content-style":"default","site-sidebar-style":"default","ast-global-header-display":"","ast-banner-title-visibility":"","ast-main-header-display":"","ast-hfb-above-header-display":"","ast-hfb-below-header-display":"","ast-hfb-mobile-header-display":"","site-post-title":"","ast-breadcrumbs-content":"","ast-featured-img":"","footer-sml-layout":"","theme-transparent-header-meta":"","adv-header-id-meta":"","stick-header-meta":"","header-above-stick-meta":"","header-main-stick-meta":"","header-below-stick-meta":"","astra-migrate-meta-layouts":"set","ast-page-background-enabled":"default","ast-page-background-meta":{"desktop":{"background-color":"var(--ast-global-color-4)","background-image":"","background-repeat":"repeat","background-position":"center center","background-size":"auto","background-attachment":"scroll","background-type":"","background-media":"","overlay-type":"","overlay-color":"","overlay-opacity":"","overlay-gradient":""},"tablet":{"background-color":"","background-image":"","background-repeat":"repeat","background-position":"center center","background-size":"auto","background-attachment":"scroll","background-type":"","background-media":"","overlay-type":"","overlay-color":"","overlay-opacity":"","overlay-gradient":""},"mobile":{"background-color":"","background-image":"","background-repeat":"repeat","background-position":"center center","background-size":"auto","background-attachment":"scroll","background-type":"","background-media":"","overlay-type":"","overlay-color":"","overlay-opacity":"","overlay-gradient":""}},"ast-content-background-meta":{"desktop":{"background-color":"var(--ast-global-color-5)","background-image":"","background-repeat":"repeat","background-position":"center center","background-size":"auto","background-attachment":"scroll","background-type":"","background-media":"","overlay-type":"","overlay-color":"","overlay-opacity":"","overlay-gradient":""},"tablet":{"background-color":"var(--ast-global-color-5)","background-image":"","background-repeat":"repeat","background-position":"center center","background-size":"auto","background-attachment":"scroll","background-type":"","background-media":"","overlay-type":"","overlay-color":"","overlay-opacity":"","overlay-gradient":""},"mobile":{"background-color":"var(--ast-global-color-5)","background-image":"","background-repeat":"repeat","background-position":"center center","background-size":"auto","background-attachment":"scroll","background-type":"","background-media":"","overlay-type":"","overlay-color":"","overlay-opacity":"","overlay-gradient":""}},"footnotes":""},"class_list":["post-8189","page","type-page","status-publish","hentry"],"post_mailing_queue_ids":[],"_links":{"self":[{"href":"https:\/\/agora-eoi.xtec.cat\/eoiterrassa\/wp-json\/wp\/v2\/pages\/8189","targetHints":{"allow":["GET"]}}],"collection":[{"href":"https:\/\/agora-eoi.xtec.cat\/eoiterrassa\/wp-json\/wp\/v2\/pages"}],"about":[{"href":"https:\/\/agora-eoi.xtec.cat\/eoiterrassa\/wp-json\/wp\/v2\/types\/page"}],"author":[{"embeddable":true,"href":"https:\/\/agora-eoi.xtec.cat\/eoiterrassa\/wp-json\/wp\/v2\/users\/1"}],"replies":[{"embeddable":true,"href":"https:\/\/agora-eoi.xtec.cat\/eoiterrassa\/wp-json\/wp\/v2\/comments?post=8189"}],"version-history":[{"count":6,"href":"https:\/\/agora-eoi.xtec.cat\/eoiterrassa\/wp-json\/wp\/v2\/pages\/8189\/revisions"}],"predecessor-version":[{"id":20444,"href":"https:\/\/agora-eoi.xtec.cat\/eoiterrassa\/wp-json\/wp\/v2\/pages\/8189\/revisions\/20444"}],"up":[{"embeddable":true,"href":"https:\/\/agora-eoi.xtec.cat\/eoiterrassa\/wp-json\/wp\/v2\/pages\/9216"}],"wp:attachment":[{"href":"https:\/\/agora-eoi.xtec.cat\/eoiterrassa\/wp-json\/wp\/v2\/media?parent=8189"}],"curies":[{"name":"wp","href":"https:\/\/api.w.org\/{rel}","templated":true}]}}