{"id":8161,"date":"2022-09-26T11:00:40","date_gmt":"2022-09-26T09:00:40","guid":{"rendered":"http:\/\/agora-eoi.xtec.cat\/eoiterrassa\/?page_id=8161"},"modified":"2025-07-15T13:24:47","modified_gmt":"2025-07-15T11:24:47","slug":"cursos_especials","status":"publish","type":"page","link":"https:\/\/agora-eoi.xtec.cat\/eoiterrassa\/cursos-especials\/cursos_especials\/","title":{"rendered":"Cursos especials 1r quadrimestre [Pendent d&#8217;actualizar]"},"content":{"rendered":"<p><b>2n QUADRIMESTRE DEL CURS 2024-25 (FEBRER- JUNY)<\/b><\/p>\n<table style=\"height: 80px; width: 29.0807%;\" border=\"0\" width=\"285\" cellspacing=\"0\">\n<tbody>\n<tr>\n<td style=\"width: 237px;\"><a href=\"#japones\"><b>\u00a0<\/b><b>Curs Japon\u00e8s<\/b><\/a><\/td>\n<\/tr>\n<tr>\n<td style=\"width: 237px;\"><a href=\"#signes\"><b>Curs iniciaci\u00f3 a la llengua de signes catalana<\/b><\/a><\/td>\n<\/tr>\n<tr>\n<td style=\"width: 237px;\"><a href=\"#a\"><b> Angl\u00e8s-English in Media\u00a0<\/b><\/a><\/td>\n<\/tr>\n<\/tbody>\n<\/table>\n<p><b>\u00a0 <a id=\"japones\"><\/a>Curs de Japon\u00e8s<\/b><\/p>\n<table style=\"width: 56.2543%; height: 409px;\">\n<tbody>\n<tr style=\"height: 409px;\">\n<td style=\"height: 409px;\">\n<h4><strong>Curs especial de Japon\u00e8s (30 hores \u2013 13 sessions: 8 presencials i 5 en l\u00ednia en format sincr\u00f2nic) <\/strong><strong>\u00a0<\/strong><\/h4>\n<p><span style=\"color: #000000;\">Curs de llengua instrumental\u00a0 d&#8217;iniciaci\u00f3 a la llengua i a la cultura japoneses.<\/span><\/p>\n<p>Horari sessions presencials : dilluns de 18:00h a 20:30h<\/p>\n<p>Horari sessions en l\u00ednia: dilluns de 18:00h a 20:30h (Calendari: 17\/2; 10\/3; 24\/3; 7\/4; 12\/5).<\/p>\n<p>Inici: 3\/02\/2025<\/p>\n<p>Fi: 19\/05\/25<\/p>\n<p>Preu: 183,00 euros (168\u20ac + 15 de recursos addicionals*). Preu amb bonificaci\u00f3: 99 euros (84\u20ac+15\u20ac)<\/p>\n<p>Professor: Raquel Tadeo<\/p>\n<p>Atenci\u00f3 individual de la professora:rtadeo@uoc<\/td>\n<\/tr>\n<\/tbody>\n<\/table>\n<p>S\u2019ha sol\u00b7licitat reconeixement d\u2019aquest curs com activitat de formaci\u00f3 permanent del Departament d\u2019Educaci\u00f3.<\/p>\n<p><a href=\"https:\/\/forms.gle\/UXW73qMfyQZm6ov1A\"><strong>Formulari d\u2019inscripci\u00f3 .\u00a0<\/strong><\/a><\/p>\n<hr align=\"left\" width=\"100%\" \/>\n<p><strong><a id=\"signes\"><\/a>Llengua de signes: <span style=\"color: #ff0000;\">ANUL\u00b7LAT<\/span><\/strong><\/p>\n<hr \/>\n<table style=\"width: 82.6229%; border-style: dotted;\">\n<tbody>\n<tr>\n<td style=\"width: 100%;\">\n<h4><strong>Curs d&#8217;iniciaci\u00f3 a la llengua de signes catalana\u00a0<\/strong><strong>\u2013 (30 hores \u2013 13 sessions)<\/strong><\/h4>\n<p>Qu\u00e8 s\u00f3n els signes? Curs de llengua instrumental d\u2019iniciaci\u00f3 a la llengua de signes catalana<\/p>\n<p>Horari: dimarts de 11:40h a 14:00h<\/p>\n<p>Inici: 11\/02\/2025<\/p>\n<p>Preu: 190,00 \u20ac (175\u20ac + 15 de recursos addicionals*). Preu amb bonificaci\u00f3: 102,5 euros (87,5\u20ac+15\u20ac)<\/p>\n<p>Professor: L\u00eddia Fos<\/p>\n<p>Atenci\u00f3 individual de la professora:lidiafos@gmail.com<\/td>\n<\/tr>\n<\/tbody>\n<\/table>\n<p>S&#8217;ha sol\u00b7licitat reconeixement d&#8217;aquest curs com activitat de formaci\u00f3 permanent del Departament d&#8217;Educaci\u00f3.<\/p>\n<p><strong><a href=\"https:\/\/forms.gle\/oudxWFfkMYiQANUb8\">Formulari d\u2019inscripci\u00f3<\/a>\u00a0<\/strong><\/p>\n<hr \/>\n<p><b><a id=\"a\"><\/a>Angl\u00e8s<\/b><\/p>\n<hr align=\"left\" width=\"100%\" \/>\n<table width=\"81.87%\">\n<tbody>\n<tr>\n<td>\n<h4><strong>English in Media\u00a0 \u2013 (30 hores \u2013 15 sessions)<\/strong><\/h4>\n<p>Curs per introduir-se a la llengua dels mitjans de comunicaci\u00f3 i millorar aspectes com el vocabulari i l\u2019expressi\u00f3 oral.<\/p>\n<p>Nivell exigit: B2<\/p>\n<p>Horari: Dijous 16:45h a 18:45h o dijous de 19:00 a 21:00h<\/p>\n<p>Inici: 20\/02\/2025- Preu: 219,00 euros (204\u20ac+15\u20ac de recursos addicionals*). Preu amb bonificaci\u00f3: 117 euros (102\u20ac+15\u20ac)<\/p>\n<p>Professor: Frank Mort\u00e9s<\/p>\n<p>Atenci\u00f3 individual del professor:\u00a0 frank@parlem.cat<\/td>\n<\/tr>\n<\/tbody>\n<\/table>\n<p>S\u2019ha sol\u00b7licitat reconeixement d\u2019aquest curs com activitat de formaci\u00f3 permanent del Departament d\u2019Educaci\u00f3.<\/p>\n<p><strong>Formulari d\u2019inscripci\u00f3 dijous de 16:45h a 18:45h: <span style=\"text-decoration: underline;\"><span style=\"color: #ff0000; text-decoration: underline;\"><a style=\"color: #ff0000; text-decoration: underline;\" href=\"https:\/\/forms.gle\/VSzdvj2HL1Z1vRPP9\">AQU\u00cd<\/a> <\/span><\/span><\/strong><strong><span style=\"color: #ff0000;\">(A partir del 5 de febrer 2025)<\/span><\/strong><\/p>\n<p><strong>Formulari d\u2019inscripci\u00f3 dijous de 19:00 a 21:00h: <a href=\"https:\/\/forms.gle\/kbRDpQfspDZUAMWm8\"><span style=\"text-decoration: underline;\"><span style=\"color: #ff0000; text-decoration: underline;\">AQU\u00cd<\/span> <\/span><\/a><\/strong><strong><span style=\"color: #ff0000;\">(A partir del 5 de febrer 2025)<\/span><\/strong><\/p>\n<hr \/>\n<p><strong>Documentaci\u00f3.<\/strong><\/p>\n<p>Cal enviar el comprovant de pagament a\u00a0<a href=\"mailto:cursosespecials@eoiterrassa.cat\">cursosespecials@eoiterrassa.cat<\/a>\u00a0els seg\u00fcents documents:<\/p>\n<p>Cap matr\u00edcula ser\u00e0 v\u00e0lida sense el correu de confirmaci\u00f3 que es trametr\u00e0 des de l\u2019escola un cop comprovat el pagament.<\/p>\n<p><strong>Reducci\u00f3\/exempci\u00f3 del preu p\u00fablic.<\/strong><\/p>\n<ul>\n<li>Reducci\u00f3 del 50%: fam\u00edlies nombroses de categoria general\u00a0i fam\u00edlies monoparentals.<\/li>\n<li>Exempci\u00f3: fam\u00edlies nombroses de categoria especial, persones\u00a0amb una discapacitat m\u00ednima del 33%, v\u00edctimes del terrorisme,\u00a0persones subjectes a mesures privatives de llibertat, persones membres\u00a0d\u2019unitats familiars que percebin renda m\u00ednima d\u2019inserci\u00f3\u00a0o renda activa d\u2019inserci\u00f3 i v\u00edctimes de viol\u00e8ncia\u00a0de g\u00e8nere.<\/li>\n<\/ul>\n<p><strong>Informaci\u00f3 addicional.<\/strong><\/p>\n<ul>\n<li>La matr\u00edcula es tancar\u00e0 en el moment que es cobreixin les places disponibles.<\/li>\n<li>L\u2019escola es reserva el dret d\u2019anul\u00b7lar un curs si no s\u2019arriba al m\u00ednim d\u2019alumnes establert.<\/li>\n<li>No es retornar\u00e0 l\u2019import de la matr\u00edcula en cas de ren\u00fancia per part de l\u2019alumne.<\/li>\n<li>Aquests cursos estan pendents d\u2019autoritzaci\u00f3. En cas que no s\u2019obtingu\u00e9s, el centre ho comunicaria a l\u2019alumnat i li retornaria l\u2019import pagat.<\/li>\n<\/ul>\n<p><strong>Avaluaci\u00f3:\u00a0<\/strong><strong>\u00a0<\/strong>En acabar el curs es lliurar\u00e0 un certificat acreditatiu a l\u2019alumnat que hagi assistit a un 80% de les classes.<\/p>\n<p>* Recursos addicionals: gesti\u00f3, materials did\u00e0ctics i\/o acc\u00e9s a la plataforma<\/p>\n","protected":false},"excerpt":{"rendered":"<p>2n QUADRIMESTRE DEL CURS 2024-25 (FEBRER- JUNY) \u00a0Curs Japon\u00e8s Curs iniciaci\u00f3 a la llengua de signes catalana Angl\u00e8s-English in Media\u00a0 \u00a0 Curs de Japon\u00e8s Curs especial de Japon\u00e8s (30 hores \u2013 13 sessions: 8 presencials i 5 en l\u00ednia en format sincr\u00f2nic) \u00a0 Curs de llengua instrumental\u00a0 d&#8217;iniciaci\u00f3 a la llengua i a la cultura [&hellip;]<\/p>\n","protected":false},"author":1,"featured_media":0,"parent":14219,"menu_order":40,"comment_status":"closed","ping_status":"closed","template":"","meta":{"site-sidebar-layout":"default","site-content-layout":"","ast-site-content-layout":"default","site-content-style":"default","site-sidebar-style":"default","ast-global-header-display":"","ast-banner-title-visibility":"","ast-main-header-display":"","ast-hfb-above-header-display":"","ast-hfb-below-header-display":"","ast-hfb-mobile-header-display":"","site-post-title":"","ast-breadcrumbs-content":"","ast-featured-img":"","footer-sml-layout":"","theme-transparent-header-meta":"","adv-header-id-meta":"","stick-header-meta":"","header-above-stick-meta":"","header-main-stick-meta":"","header-below-stick-meta":"","astra-migrate-meta-layouts":"set","ast-page-background-enabled":"default","ast-page-background-meta":{"desktop":{"background-color":"var(--ast-global-color-4)","background-image":"","background-repeat":"repeat","background-position":"center center","background-size":"auto","background-attachment":"scroll","background-type":"","background-media":"","overlay-type":"","overlay-color":"","overlay-opacity":"","overlay-gradient":""},"tablet":{"background-color":"","background-image":"","background-repeat":"repeat","background-position":"center center","background-size":"auto","background-attachment":"scroll","background-type":"","background-media":"","overlay-type":"","overlay-color":"","overlay-opacity":"","overlay-gradient":""},"mobile":{"background-color":"","background-image":"","background-repeat":"repeat","background-position":"center center","background-size":"auto","background-attachment":"scroll","background-type":"","background-media":"","overlay-type":"","overlay-color":"","overlay-opacity":"","overlay-gradient":""}},"ast-content-background-meta":{"desktop":{"background-color":"var(--ast-global-color-5)","background-image":"","background-repeat":"repeat","background-position":"center center","background-size":"auto","background-attachment":"scroll","background-type":"","background-media":"","overlay-type":"","overlay-color":"","overlay-opacity":"","overlay-gradient":""},"tablet":{"background-color":"var(--ast-global-color-5)","background-image":"","background-repeat":"repeat","background-position":"center center","background-size":"auto","background-attachment":"scroll","background-type":"","background-media":"","overlay-type":"","overlay-color":"","overlay-opacity":"","overlay-gradient":""},"mobile":{"background-color":"var(--ast-global-color-5)","background-image":"","background-repeat":"repeat","background-position":"center center","background-size":"auto","background-attachment":"scroll","background-type":"","background-media":"","overlay-type":"","overlay-color":"","overlay-opacity":"","overlay-gradient":""}},"footnotes":""},"class_list":["post-8161","page","type-page","status-publish","hentry"],"post_mailing_queue_ids":[],"_links":{"self":[{"href":"https:\/\/agora-eoi.xtec.cat\/eoiterrassa\/wp-json\/wp\/v2\/pages\/8161","targetHints":{"allow":["GET"]}}],"collection":[{"href":"https:\/\/agora-eoi.xtec.cat\/eoiterrassa\/wp-json\/wp\/v2\/pages"}],"about":[{"href":"https:\/\/agora-eoi.xtec.cat\/eoiterrassa\/wp-json\/wp\/v2\/types\/page"}],"author":[{"embeddable":true,"href":"https:\/\/agora-eoi.xtec.cat\/eoiterrassa\/wp-json\/wp\/v2\/users\/1"}],"replies":[{"embeddable":true,"href":"https:\/\/agora-eoi.xtec.cat\/eoiterrassa\/wp-json\/wp\/v2\/comments?post=8161"}],"version-history":[{"count":6,"href":"https:\/\/agora-eoi.xtec.cat\/eoiterrassa\/wp-json\/wp\/v2\/pages\/8161\/revisions"}],"predecessor-version":[{"id":18908,"href":"https:\/\/agora-eoi.xtec.cat\/eoiterrassa\/wp-json\/wp\/v2\/pages\/8161\/revisions\/18908"}],"up":[{"embeddable":true,"href":"https:\/\/agora-eoi.xtec.cat\/eoiterrassa\/wp-json\/wp\/v2\/pages\/14219"}],"wp:attachment":[{"href":"https:\/\/agora-eoi.xtec.cat\/eoiterrassa\/wp-json\/wp\/v2\/media?parent=8161"}],"curies":[{"name":"wp","href":"https:\/\/api.w.org\/{rel}","templated":true}]}}