{"id":8141,"date":"2016-06-08T16:27:54","date_gmt":"2016-06-08T15:27:54","guid":{"rendered":"http:\/\/agora-eoi.xtec.cat\/eoiterrassa\/?page_id=8141"},"modified":"2022-03-31T11:02:55","modified_gmt":"2022-03-31T09:02:55","slug":"clausula-exempcio-responsabilitat","status":"publish","type":"page","link":"https:\/\/agora-eoi.xtec.cat\/eoiterrassa\/avis\/clausula-exempcio-responsabilitat\/","title":{"rendered":"Cl\u00e0usula d&#8217;exempci\u00f3 de responsabilitat"},"content":{"rendered":"<p style=\"text-align: justify;\">Mitjan\u00e7ant aquesta p\u00e0gina web, l&#8217;Escola Oficial d&#8217;Idiomes de Terrassa desitja que el p\u00fablic tingui acc\u00e9s a la informaci\u00f3 dels ensenyaments que imparteix. Tenim la intenci\u00f3 de reflectir en aquesta p\u00e0gina informaci\u00f3 actualitzada i exacta. Intentarem corregir els errors que se&#8217;ns indiquin. No obstant aix\u00f2, l&#8217;Escola Oficial d&#8217;Idiomes de Terrassa no assumeix cap responsabilitat relacionada amb la informaci\u00f3 inclosa en aquesta p\u00e0gina web, ja que aquesta informaci\u00f3 sempre haur\u00e0 de ser contrastada i confirmada a la mateixa EOI Terrassa.<\/p>\n<p class=\"text\" style=\"text-align: justify;\">La nostra escola no assumeix cap responsabilitat pels seg\u00fcents motius:<\/p>\n<p class=\"text\" style=\"text-align: justify;\">1. La informaci\u00f3 que ofereix \u00e9s de car\u00e0cter general i no necess\u00e0riament exhaustiva, complerta o actualitzada.<\/p>\n<p class=\"text\" style=\"text-align: justify;\">2. Aquesta p\u00e0gina cont\u00e9, en alguns casos, enlla\u00e7os amb p\u00e0gines externes sobre les quals aquesta EOI no t\u00e9 cap control, i respecte de les quals declina tota responsabilitat.<\/p>\n<p class=\"text\" style=\"text-align: justify;\">3. La informaci\u00f3 de les p\u00e0gines dels departaments \u00e9s i s&#8217;actualitza pels mateixos departaments.<\/p>\n<p class=\"text\" style=\"text-align: justify;\">Tenim la intenci\u00f3 de reduir al m\u00ednim els problemes ocasionats per errors de car\u00e0cter t\u00e8cnic. Malgrat aix\u00f2, certes dades o\u00a0 informacions de la nostra p\u00e0gina poden haver estat creades o estructurades en arxius o formats no exempts d&#8217;errors. Per aquesta ra\u00f3 no podem garantir que el servei que pretenem oferir no quedi interromput o afectat de qualsevol altra forma per aquests problemes.<\/p>\n<p class=\"text\" style=\"text-align: justify;\">L&#8217;EOI Terrassa no garanteix que el seu lloc web i els seus servidors estiguin lliures de virus i de programes malignes de qualsevol tipus, i no es fa responsable dels eventuals danys i perjudicis causats per l&#8217;acc\u00e9s al seu lloc web o per la impossibilitat d&#8217;accedir-hi.<\/p>\n<p class=\"text\" style=\"text-align: justify;\">L&#8217;EOI Terrassa no assumeix cap responsabilitat respecte dels problemes que puguin resultar de la consulta d&#8217;aquesta p\u00e0gina o d&#8217;aquelles altres p\u00e0gines externes a les quals s&#8217;envia.<\/p>\n<p class=\"text\" style=\"text-align: justify;\">Encara que pugui despla\u00e7ar-se per la major part d&#8217;aquests llocs d&#8217;Internet sense donar cap informaci\u00f3 sobre vost\u00e8, en certs casos, la informaci\u00f3 personal \u00e9s necess\u00e0ria per poder fer \u00fas dels serveis interactius de comunicaci\u00f3, inscripci\u00f3 o obtenci\u00f3 de documents que demani.<\/p>\n<p style=\"text-align: justify;\">La present cl\u00e0usula d&#8217;exempci\u00f3 de responsabilitat t\u00e9 com a objectiu deixar clar que l&#8217;EOI Terrassa no assumeix cap responsabilitat en relaci\u00f3 a la informaci\u00f3 inclosa a la seva p\u00e0gina web, i que l&#8217;esmentada informaci\u00f3 sempre haur\u00e0 de ser contrastada a la mateixa Escola Oficial d&#8217;Idiomes Terrassa.<\/p>\n","protected":false},"excerpt":{"rendered":"<p>Mitjan\u00e7ant aquesta p\u00e0gina web, l&#8217;Escola Oficial d&#8217;Idiomes de Terrassa desitja que el p\u00fablic tingui acc\u00e9s a la informaci\u00f3 dels ensenyaments que imparteix. Tenim la intenci\u00f3 de reflectir en aquesta p\u00e0gina informaci\u00f3 actualitzada i exacta. Intentarem corregir els errors que se&#8217;ns indiquin. No obstant aix\u00f2, l&#8217;Escola Oficial d&#8217;Idiomes de Terrassa no assumeix cap responsabilitat relacionada amb [&hellip;]<\/p>\n","protected":false},"author":1,"featured_media":0,"parent":14157,"menu_order":30,"comment_status":"closed","ping_status":"closed","template":"page-templates\/side-menu.php","meta":{"site-sidebar-layout":"default","site-content-layout":"","ast-site-content-layout":"","site-content-style":"default","site-sidebar-style":"default","ast-global-header-display":"","ast-banner-title-visibility":"","ast-main-header-display":"","ast-hfb-above-header-display":"","ast-hfb-below-header-display":"","ast-hfb-mobile-header-display":"","site-post-title":"","ast-breadcrumbs-content":"","ast-featured-img":"","footer-sml-layout":"","theme-transparent-header-meta":"","adv-header-id-meta":"","stick-header-meta":"","header-above-stick-meta":"","header-main-stick-meta":"","header-below-stick-meta":"","astra-migrate-meta-layouts":"default","ast-page-background-enabled":"default","ast-page-background-meta":{"desktop":{"background-color":"var(--ast-global-color-4)","background-image":"","background-repeat":"repeat","background-position":"center center","background-size":"auto","background-attachment":"scroll","background-type":"","background-media":"","overlay-type":"","overlay-color":"","overlay-opacity":"","overlay-gradient":""},"tablet":{"background-color":"","background-image":"","background-repeat":"repeat","background-position":"center center","background-size":"auto","background-attachment":"scroll","background-type":"","background-media":"","overlay-type":"","overlay-color":"","overlay-opacity":"","overlay-gradient":""},"mobile":{"background-color":"","background-image":"","background-repeat":"repeat","background-position":"center center","background-size":"auto","background-attachment":"scroll","background-type":"","background-media":"","overlay-type":"","overlay-color":"","overlay-opacity":"","overlay-gradient":""}},"ast-content-background-meta":{"desktop":{"background-color":"var(--ast-global-color-5)","background-image":"","background-repeat":"repeat","background-position":"center center","background-size":"auto","background-attachment":"scroll","background-type":"","background-media":"","overlay-type":"","overlay-color":"","overlay-opacity":"","overlay-gradient":""},"tablet":{"background-color":"var(--ast-global-color-5)","background-image":"","background-repeat":"repeat","background-position":"center center","background-size":"auto","background-attachment":"scroll","background-type":"","background-media":"","overlay-type":"","overlay-color":"","overlay-opacity":"","overlay-gradient":""},"mobile":{"background-color":"var(--ast-global-color-5)","background-image":"","background-repeat":"repeat","background-position":"center center","background-size":"auto","background-attachment":"scroll","background-type":"","background-media":"","overlay-type":"","overlay-color":"","overlay-opacity":"","overlay-gradient":""}},"footnotes":""},"class_list":["post-8141","page","type-page","status-publish","hentry"],"post_mailing_queue_ids":[],"_links":{"self":[{"href":"https:\/\/agora-eoi.xtec.cat\/eoiterrassa\/wp-json\/wp\/v2\/pages\/8141","targetHints":{"allow":["GET"]}}],"collection":[{"href":"https:\/\/agora-eoi.xtec.cat\/eoiterrassa\/wp-json\/wp\/v2\/pages"}],"about":[{"href":"https:\/\/agora-eoi.xtec.cat\/eoiterrassa\/wp-json\/wp\/v2\/types\/page"}],"author":[{"embeddable":true,"href":"https:\/\/agora-eoi.xtec.cat\/eoiterrassa\/wp-json\/wp\/v2\/users\/1"}],"replies":[{"embeddable":true,"href":"https:\/\/agora-eoi.xtec.cat\/eoiterrassa\/wp-json\/wp\/v2\/comments?post=8141"}],"version-history":[{"count":2,"href":"https:\/\/agora-eoi.xtec.cat\/eoiterrassa\/wp-json\/wp\/v2\/pages\/8141\/revisions"}],"predecessor-version":[{"id":12801,"href":"https:\/\/agora-eoi.xtec.cat\/eoiterrassa\/wp-json\/wp\/v2\/pages\/8141\/revisions\/12801"}],"up":[{"embeddable":true,"href":"https:\/\/agora-eoi.xtec.cat\/eoiterrassa\/wp-json\/wp\/v2\/pages\/14157"}],"wp:attachment":[{"href":"https:\/\/agora-eoi.xtec.cat\/eoiterrassa\/wp-json\/wp\/v2\/media?parent=8141"}],"curies":[{"name":"wp","href":"https:\/\/api.w.org\/{rel}","templated":true}]}}