{"id":797,"date":"2015-11-28T21:06:57","date_gmt":"2015-11-28T20:06:57","guid":{"rendered":"http:\/\/agora-eoi.xtec.cat\/eoiterrassa\/?page_id=797"},"modified":"2025-05-16T11:58:06","modified_gmt":"2025-05-16T09:58:06","slug":"presentacio","status":"publish","type":"page","link":"https:\/\/agora-eoi.xtec.cat\/eoiterrassa\/informacio-general\/presentacio\/","title":{"rendered":"Presentaci\u00f3"},"content":{"rendered":"<table style=\"width: 65.6192%;\" border=\"0\" cellspacing=\"0\">\n<tbody>\n<tr>\n<td style=\"width: 14.0272%;\"><b>1.<\/b><\/td>\n<td style=\"width: 145.701%;\"><b><a href=\"#1\">Estructura<\/a><\/b><\/td>\n<\/tr>\n<tr>\n<td style=\"width: 14.0272%;\"><b>2.<\/b><\/td>\n<td style=\"width: 145.701%;\"><b><a href=\"#2\">Preinscripci\u00f3 i matr\u00edcula<\/a><\/b><\/td>\n<\/tr>\n<tr>\n<td style=\"width: 14.0272%;\"><b>3.<\/b><\/td>\n<td style=\"width: 145.701%;\"><b><a href=\"#3\">Altres serveis<\/a><\/b><\/td>\n<\/tr>\n<\/tbody>\n<\/table>\n<hr align=\"left\" width=\"100%\" \/>\n<p style=\"margin-top: 4; margin-bottom: 5;\"><a name=\"1\"><\/a><b>1. Estructura<\/b><\/p>\n<hr align=\"left\" width=\"100%\" \/>\n<p><b>1.1.<\/b> L&#8217;Escola Oficial d&#8217;Idiomes de Terrassa \u00e9s un centre p\u00fablic, no universitari, especialitzat en l&#8217;ensenyament d&#8217;idiomes moderns.<\/p>\n<p><b>1.2.<\/b> La modalitat dels nostres cursos \u00e9s: cursos extensius i presencials i semipresencials. Els idiomes que s&#8217;imparteixen s\u00f3n, actualment, l&#8217;alemany, l&#8217;angl\u00e8s, l&#8217;\u00e0rab, el catal\u00e0, el franc\u00e8s i l&#8217;itali\u00e0.<\/p>\n<p><b>1.3.<\/b> Els nivells s\u00f3n: A1, A2 (b\u00e0sic), B1, B2.1 i B2.2 (intermedi) per alemany, angl\u00e8s, franc\u00e8s i itali\u00e0. C1 (avan\u00e7at) per a alemany,\u00a0 angl\u00e8s, franc\u00e8s i itali\u00e0 i C2 (avan\u00e7at) per catal\u00e0. Per a \u00e0rab, nom\u00e9s A1, A2 i B1 (aquest \u00faltim es fa en 2 cursos, B1.1 i B1.2). Els <a href=\"http:\/\/educacio.gencat.cat\/ca\/serveis-tramits\/proves\/proves-lliures-obtencio-titols\/convocat-ordinaria-idiomes\/mostres-proves\/\">ex\u00e0mens dels cursos B1, B2.2 i C1<\/a> estan unificats a les EOI de tota Catalunya.<\/p>\n<p><b>1.4<\/b>. A m\u00e9s de l&#8217;ensenyament oficial presencial, s&#8217;hi poden fer les proves lliures de B1, B2.2 i C1 autoritzades i regulades pel Departament d&#8217;Educaci\u00f3 i de Formaci\u00f3 Professional. Cal estar pendent de la publicaci\u00f3 de les dates de matriculaci\u00f3 i realitzaci\u00f3 d&#8217;aquestes proves.<\/p>\n<p>L&#8217;escola tamb\u00e9 organitza cursos\u00a0 especials:<span style=\"font-family: inherit; font-size: 1em;\">\u00a0monogr\u00e0fics i de llengua instrumental. Aquests cursos tenen una regulaci\u00f3 especial.<\/span><\/p>\n<p><b>1.5<\/b>. <strong>Els curr\u00edculums dels nivells Intermedi B1 i Intermedi B2<\/strong> es poden trobar al\u00a0<a href=\"https:\/\/dogc.gencat.cat\/ca\/document-del-dogc\/?documentId=923138\" target=\"_blank\" rel=\"noopener\">DECRET 45\/2022, de 15 de mar\u00e7<\/a>,\u00a0pel qual s&#8217;estableix l&#8217;ordenaci\u00f3 dels ensenyaments d&#8217;idiomes de r\u00e8gim especial i el curr\u00edculum del nivell Intermedi de diversos idiomes.<\/p>\n<p><strong>Els curr\u00edculums dels nivells b\u00e0sic i avan\u00e7at <\/strong>es poden trobar al <a href=\"https:\/\/dogc.gencat.cat\/ca\/document-del-dogc\/?documentId=940619\">DECRET 243\/2022, de 18 d&#8217;octubre<\/a>, pel qual s&#8217;estableixen els curr\u00edculums del nivell\u00a0B\u00e0sic (A2) i del nivell Avan\u00e7at (C1 i C2)\u00a0de diversos idiomes.<\/p>\n<p><b>1<\/b><b>.6<\/b>. Requisits d&#8217;acc\u00e9s. Per accedir a l&#8217;EOI \u00e9s requisit imprescindible tenir 16 anys complerts l&#8217;any en que es comencin els estudis. Tamb\u00e9 hi pot accedir qui tingui 14 anys, complerts l&#8217;any en que es comencin els estudis, per seguir els ensenyaments d&#8217;un idioma diferent del primer idioma estranger cursat a l&#8217;ESO.<\/p>\n<p><b>1.7<\/b>. Cada curs compr\u00e8n tres trimestres, separats per les vacances de Nadal i de Setmana Santa; les classes solen iniciar-se a finals de setembre i acabar-se a finals de maig.<\/p>\n<p><b>1.8<\/b>. Horaris: l&#8217;escola cobreix franges hor\u00e0ries de mat\u00ed, de tarda i de vespre. Es publica els horaris m\u00e9s detallats cada curs abans de realitzar la matr\u00edcula.<\/p>\n<hr align=\"left\" width=\"100%\" \/>\n<p style=\"margin-top: 5; margin-bottom: 5;\"><a name=\"2\"><\/a><b>2. Preinscripci\u00f3 i matr\u00edcula<\/b><b><\/b><\/p>\n<hr align=\"left\" width=\"100%\" \/>\n<p>L&#8217;import de la matr\u00edcula \u00fanica per als alumnes oficials \u00e9s publicat preceptivament, cada any, pel Departament d&#8217;Educaci\u00f3 i de Formaci\u00f3 Professional al DOGC<\/p>\n<p>La normativa atorga una reducci\u00f3 a les fam\u00edlies nombroses, a les v\u00edctimes del terrorisme, als discapacitats, etc.<\/p>\n<p align=\"left\">El proc\u00e9s es realitza durant el mes de juliol per als antics alumnes i a primers de setembre per als nous ; el calendari detallat es pot consultar a finals de juny i juliol respectivament.<\/p>\n<hr align=\"left\" width=\"100%\" \/>\n<p style=\"margin-top: 5; margin-bottom: 5;\"><a name=\"3\"><\/a><b>3. Altres serveis<\/b><b><\/b><\/p>\n<hr align=\"left\" width=\"100%\" \/>\n<p>En el moment de formalitzar la matr\u00edcula, mitjan\u00e7ant el pagament dels 30 \u20ac per acc\u00e9s a la plataforma i materials did\u00e0ctics, tots els alumnes de l&#8217;Escola poden gaudir de material i serveis complementaris: pr\u00e9stecs a la biblioteca, recursos i activitats did\u00e0ctiques, activitats l\u00fadiques i culturals com a confer\u00e8ncies, festes tem\u00e0tiques, tallers gastron\u00f2mics, etc.<b><\/b><b>\u00a0\u00a0\u00a0<\/b><\/p>\n","protected":false},"excerpt":{"rendered":"<p>1. Estructura 2. Preinscripci\u00f3 i matr\u00edcula 3. Altres serveis 1. Estructura 1.1. L&#8217;Escola Oficial d&#8217;Idiomes de Terrassa \u00e9s un centre p\u00fablic, no universitari, especialitzat en l&#8217;ensenyament d&#8217;idiomes moderns. 1.2. La modalitat dels nostres cursos \u00e9s: cursos extensius i presencials i semipresencials. Els idiomes que s&#8217;imparteixen s\u00f3n, actualment, l&#8217;alemany, l&#8217;angl\u00e8s, l&#8217;\u00e0rab, el catal\u00e0, el franc\u00e8s i [&hellip;]<\/p>\n","protected":false},"author":1,"featured_media":0,"parent":806,"menu_order":10,"comment_status":"closed","ping_status":"closed","template":"","meta":{"site-sidebar-layout":"default","site-content-layout":"","ast-site-content-layout":"default","site-content-style":"default","site-sidebar-style":"default","ast-global-header-display":"","ast-banner-title-visibility":"","ast-main-header-display":"","ast-hfb-above-header-display":"","ast-hfb-below-header-display":"","ast-hfb-mobile-header-display":"","site-post-title":"","ast-breadcrumbs-content":"","ast-featured-img":"","footer-sml-layout":"","theme-transparent-header-meta":"","adv-header-id-meta":"","stick-header-meta":"","header-above-stick-meta":"","header-main-stick-meta":"","header-below-stick-meta":"","astra-migrate-meta-layouts":"set","ast-page-background-enabled":"default","ast-page-background-meta":{"desktop":{"background-color":"var(--ast-global-color-4)","background-image":"","background-repeat":"repeat","background-position":"center center","background-size":"auto","background-attachment":"scroll","background-type":"","background-media":"","overlay-type":"","overlay-color":"","overlay-opacity":"","overlay-gradient":""},"tablet":{"background-color":"","background-image":"","background-repeat":"repeat","background-position":"center center","background-size":"auto","background-attachment":"scroll","background-type":"","background-media":"","overlay-type":"","overlay-color":"","overlay-opacity":"","overlay-gradient":""},"mobile":{"background-color":"","background-image":"","background-repeat":"repeat","background-position":"center center","background-size":"auto","background-attachment":"scroll","background-type":"","background-media":"","overlay-type":"","overlay-color":"","overlay-opacity":"","overlay-gradient":""}},"ast-content-background-meta":{"desktop":{"background-color":"var(--ast-global-color-5)","background-image":"","background-repeat":"repeat","background-position":"center center","background-size":"auto","background-attachment":"scroll","background-type":"","background-media":"","overlay-type":"","overlay-color":"","overlay-opacity":"","overlay-gradient":""},"tablet":{"background-color":"var(--ast-global-color-5)","background-image":"","background-repeat":"repeat","background-position":"center center","background-size":"auto","background-attachment":"scroll","background-type":"","background-media":"","overlay-type":"","overlay-color":"","overlay-opacity":"","overlay-gradient":""},"mobile":{"background-color":"var(--ast-global-color-5)","background-image":"","background-repeat":"repeat","background-position":"center center","background-size":"auto","background-attachment":"scroll","background-type":"","background-media":"","overlay-type":"","overlay-color":"","overlay-opacity":"","overlay-gradient":""}},"footnotes":""},"class_list":["post-797","page","type-page","status-publish","hentry"],"post_mailing_queue_ids":[],"_links":{"self":[{"href":"https:\/\/agora-eoi.xtec.cat\/eoiterrassa\/wp-json\/wp\/v2\/pages\/797","targetHints":{"allow":["GET"]}}],"collection":[{"href":"https:\/\/agora-eoi.xtec.cat\/eoiterrassa\/wp-json\/wp\/v2\/pages"}],"about":[{"href":"https:\/\/agora-eoi.xtec.cat\/eoiterrassa\/wp-json\/wp\/v2\/types\/page"}],"author":[{"embeddable":true,"href":"https:\/\/agora-eoi.xtec.cat\/eoiterrassa\/wp-json\/wp\/v2\/users\/1"}],"replies":[{"embeddable":true,"href":"https:\/\/agora-eoi.xtec.cat\/eoiterrassa\/wp-json\/wp\/v2\/comments?post=797"}],"version-history":[{"count":6,"href":"https:\/\/agora-eoi.xtec.cat\/eoiterrassa\/wp-json\/wp\/v2\/pages\/797\/revisions"}],"predecessor-version":[{"id":18438,"href":"https:\/\/agora-eoi.xtec.cat\/eoiterrassa\/wp-json\/wp\/v2\/pages\/797\/revisions\/18438"}],"up":[{"embeddable":true,"href":"https:\/\/agora-eoi.xtec.cat\/eoiterrassa\/wp-json\/wp\/v2\/pages\/806"}],"wp:attachment":[{"href":"https:\/\/agora-eoi.xtec.cat\/eoiterrassa\/wp-json\/wp\/v2\/media?parent=797"}],"curies":[{"name":"wp","href":"https:\/\/api.w.org\/{rel}","templated":true}]}}