{"id":608,"date":"2015-11-27T10:04:51","date_gmt":"2015-11-27T09:04:51","guid":{"rendered":"http:\/\/agora-eoi.xtec.cat\/eoiterrassa\/?page_id=608"},"modified":"2025-07-17T12:15:19","modified_gmt":"2025-07-17T10:15:19","slug":"horaris","status":"publish","type":"page","link":"https:\/\/agora-eoi.xtec.cat\/eoiterrassa\/informacio-general\/horaris\/","title":{"rendered":"Horaris d&#8217;atenci\u00f3 i contactes"},"content":{"rendered":"<table style=\"width: 100%; height: 115px;\" border=\"0\" width=\"34%\" cellspacing=\"0\">\n<tbody>\n<tr style=\"height: 23px;\">\n<td style=\"height: 23px;\" width=\"8%\"><b>1.<\/b><\/td>\n<td style=\"height: 23px;\" width=\"92%\"><strong><a href=\"#1\">Horari d&#8217;obertura del centre<\/a><\/strong><\/td>\n<\/tr>\n<tr style=\"height: 23px;\">\n<td style=\"height: 23px;\" width=\"8%\"><b>2.<\/b><\/td>\n<td style=\"height: 23px;\" width=\"92%\"><strong><a href=\"#2\">Secretaria<\/a><\/strong><\/td>\n<\/tr>\n<tr style=\"height: 23px;\">\n<td style=\"height: 23px;\" width=\"8%\"><b>3.<\/b><\/td>\n<td style=\"height: 23px;\" width=\"92%\"><b><a href=\"#3\">Equip directiu<\/a><\/b><\/td>\n<\/tr>\n<tr style=\"height: 23px;\">\n<td style=\"height: 23px;\" width=\"8%\"><b>4.<\/b><\/td>\n<td style=\"height: 23px;\" width=\"92%\"><b><a href=\"#4\">Departaments acad\u00e8mics<\/a><\/b><\/td>\n<\/tr>\n<tr style=\"height: 23px;\">\n<td style=\"height: 23px;\" width=\"8%\"><b>5.<\/b><\/td>\n<td style=\"height: 23px;\" width=\"92%\"><b><a href=\"#5\">Biblioteca<\/a><\/b><\/td>\n<\/tr>\n<\/tbody>\n<\/table>\n<hr align=\"left\" width=\"100%\" \/>\n<p style=\"word-spacing: 0; line-height: 100%; text-indent: 0; margin: 5 0 5 0;\"><a name=\"1\"><\/a><a><b>1. Horari d&#8217;obertura del centre<\/b><\/a><\/p>\n<hr align=\"left\" width=\"100%\" \/>\n<ul>\n<li>Per\u00edode lectiu: de dilluns a dijous de 9:00 a 21:00 i divendres de 9:00 a 14:00.<\/li>\n<li>A partir del juliol: de dilluns a divendres de 9:00 a 14:00.<\/li>\n<li>A partir de l&#8217;1 de setembre i fins a l&#8217;inici de les classes: de dilluns a dijous de 9:00 a 19:00 i divendres de 9:00 a 14:00.<\/li>\n<\/ul>\n<p style=\"word-spacing: 0; line-height: 100%; text-indent: 0; margin: 5 0 5 0;\">Durant el curs 2025-26, aquests dies l&#8217;escola romandr\u00e0 tancada per dies festius de lliure disposici\u00f3:<\/p>\n<ul>\n<li style=\"list-style-type: none;\">\n<ul>\n<li>Dijous, 30 d&#8217;octubre de 2025<\/li>\n<li>Divendres, 31 d&#8217;octubre de 2025<\/li>\n<li>Dimecres, 25 de febrer de 2026<\/li>\n<li>Dijous, 26 de febrer de 2026<\/li>\n<li>Divendres, 27 de febrer de 2026<\/li>\n<li>Dijous, 30 d&#8217;abril de 2026<\/li>\n<\/ul>\n<\/li>\n<\/ul>\n<p>Els per\u00edodes de vacances s\u00f3n els seg\u00fcents:<\/p>\n<ul>\n<li>del 20 de desembre de 2025 al 7 de gener de 2026, ambd\u00f3s inclosos (Nadal)<\/li>\n<li>del 28 de mar\u00e7 al 6 d\u2019abril de 2026, ambd\u00f3s inclosos. (Setmana Santa)<\/li>\n<li>del 18 de juliol al 31 d\u2019agost, ambd\u00f3s inclosos. (Estiu)<\/li>\n<\/ul>\n<hr align=\"left\" width=\"100%\" \/>\n<p style=\"word-spacing: 0; line-height: 100%; text-indent: 0; margin: 5 0 5 0;\"><a name=\"2\"><\/a><a><b>2. <\/b><\/a><b><strong><a href=\"#2\">Secretaria<\/a><\/strong><\/b><\/p>\n<hr align=\"left\" width=\"100%\" \/>\n<div class=\"entry-content clear\" data-ast-blocks-layout=\"true\">\n<div class=\"wp-block-columns is-layout-flex wp-container-core-columns-is-layout-1 wp-block-columns-is-layout-flex\">\n<div class=\"wp-block-column is-layout-flow wp-block-column-is-layout-flow\">\n<p>L\u2019escola romandr\u00e0 tancada del 21 de juliol al 31 d\u2019agost.<\/p>\n<p><strong>Juliol<\/strong>: de 9:00 a 13:30 de dilluns a divendres<\/p>\n<p><strong>Curs 2025\/26<\/strong><\/p>\n<p><strong>De l\u20191 al 19 de setembre: <\/strong>de dilluns a divendres de 9:00 a 13:30<\/p>\n<p><strong>Del 22 de setembre al 2 d\u2019octubre: <\/strong>de dilluns a divendres d&#8217;11:00 a 19:00<\/p>\n<p><strong>Del 3 al 31 d\u2019octubre: <\/strong>de <em>dilluns <\/em>a <em>dijous<\/em> 9:00 a 14:00 i de 15:30 a 20:00 <em>\/ divendres<\/em>\u00a0 9.00 a 13:30<\/p>\n<p><strong>De novembre a juny: <\/strong>de <em>dilluns <\/em>a <em>dijous<\/em> 9:00 a 14:00 \/ <em>dimecres <\/em>i <em>dijous<\/em> 15:30 a 20:00 \/ <em>divendres<\/em> 9.00 a 13:30<\/p>\n<\/div>\n<\/div>\n<\/div>\n<p style=\"word-spacing: 0; line-height: 100%; text-indent: 0; margin: 5 0 5 0;\">E-mail: <a href=\"mailto:secretaria@eoiterrassa.cat\">secretaria@eoiterrassa.cat<\/a><\/p>\n<hr align=\"left\" width=\"100%\" \/>\n<p style=\"word-spacing: 0; line-height: 100%; text-indent: 0; margin: 5 0 5 0;\"><a name=\"3\"><\/a><a><b>3. Equip directiu<\/b><\/a><\/p>\n<hr align=\"left\" width=\"100%\" \/>\n<table border=\"0\" width=\"95%\" cellspacing=\"0\" bgcolor=\"#FFFFFF\">\n<tbody>\n<tr bgcolor=\"#FFFFFF\">\n<td colspan=\"2\" height=\"20\"><strong>C\u00e0rrec<\/strong><\/td>\n<td width=\"45%\" height=\"20\"><b>Horaris de visita<\/b><\/td>\n<\/tr>\n<tr>\n<td width=\"29%\" height=\"20\">Directora- <a href=\"https:\/\/agora-eoi.xtec.cat\/eoiterrassa\/wp-content\/uploads\/usu2242\/2021\/05\/Maria-Trull\u00e0s_Perfil-i-traject\u00f2ria-professional.pdf\">Perfil professional<\/a><\/td>\n<td width=\"26%\" height=\"20\">Maria Trull\u00e0s Soler<\/td>\n<td width=\"45%\" height=\"20\">dilluns de 10:00 a 12:00<\/td>\n<\/tr>\n<tr>\n<td width=\"29%\" height=\"20\">Cap d&#8217;estudis- <a href=\"https:\/\/agora-eoi.xtec.cat\/eoiterrassa\/wp-content\/uploads\/usu2242\/2021\/05\/Montse-Ca\u00f1ada_Perfil-i-traject\u00f2ria-professional.pdf\">Perfil professional<\/a><\/td>\n<td width=\"26%\" height=\"20\">Montserrat Ca\u00f1ada Pujols<\/td>\n<td width=\"45%\" height=\"20\">dijous de 10:00 a 12:00<\/td>\n<\/tr>\n<tr>\n<td width=\"29%\" height=\"20\">Secretari acad\u00e8mic- Perfil professional<\/td>\n<td width=\"26%\" height=\"20\">Guillem Blasco Garriga<\/td>\n<td width=\"45%\" height=\"20\">dimecres de 10:00 a 12:00<\/td>\n<\/tr>\n<tr>\n<td width=\"29%\" height=\"10\">Coordinadora pedag\u00f2gica- <a href=\"https:\/\/agora-eoi.xtec.cat\/eoiterrassa\/wp-content\/uploads\/usu2242\/2021\/05\/Stefania-Fantauzzi_Perfil-i-traject\u00f2ria-professional.pdf\">Perfil professional<\/a><\/td>\n<td width=\"26%\" height=\"10\">Stefania Fantauzzi<\/td>\n<td width=\"45%\" height=\"20\">dimecres de 16:30 a 18:30<\/td>\n<\/tr>\n<tr>\n<td width=\"29%\" height=\"20\">Administradora- <a href=\"https:\/\/agora-eoi.xtec.cat\/eoiterrassa\/wp-content\/uploads\/usu2242\/2022\/07\/D_Users_Super_Downloads_Fitxa_PTP_Eva_de_Francisco-4.pdf\">Perfil professional<\/a><\/td>\n<td width=\"26%\" height=\"20\">Eva de Francisco<\/td>\n<td width=\"45%\" height=\"20\">dimarts de 10:00 a 12:00<\/td>\n<\/tr>\n<\/tbody>\n<\/table>\n<hr align=\"left\" width=\"100%\" \/>\n<p style=\"word-spacing: 0; line-height: 100%; text-indent: 0; margin: 5 0 5 0;\"><a name=\"4\"><\/a><a><b>4. Departaments acad\u00e8mics\u00a0<\/b><\/a><\/p>\n<hr align=\"left\" width=\"100%\" \/>\n<table style=\"height: 198px; width: 98%;\" border=\"0\" width=\"98%\" cellspacing=\"0\" bgcolor=\"#FFFFFF\">\n<tbody>\n<tr style=\"height: 33px;\" bgcolor=\"#FFFFFF\">\n<td style=\"height: 33px;\" width=\"18%\" height=\"20\"><b>Alemany<\/b><\/td>\n<td style=\"height: 33px;\" width=\"34%\" height=\"20\">mail:<a href=\"mailto:dptalemany@eoiterrassa.cat\" target=\"_blank\" rel=\"noopener\">dptalemany@eoiterrassa.cat<\/a><\/td>\n<td style=\"height: 33px;\" width=\"17%\" height=\"20\"><a href=\"https:\/\/agora-eoi.xtec.cat\/eoiterrassa\/administracio\/horaris-classe\/\" target=\"mainFrame\" rel=\"noopener noreferrer\">Horaris de classe<\/a><\/td>\n<td style=\"height: 33px;\" width=\"31%\" height=\"20\"><a href=\"http:\/\/agora-eoi.xtec.cat\/eoiterrassa\/departaments\/alemany\/\" target=\"mainFrame\" rel=\"noopener noreferrer\">Horaris de visita i correu del professorat<\/a><\/td>\n<\/tr>\n<tr style=\"height: 33px;\">\n<td style=\"height: 33px;\" width=\"18%\" height=\"20\"><b>Angl\u00e8s<\/b><\/td>\n<td style=\"height: 33px;\" width=\"34%\" height=\"20\">mail:<a href=\"mailto:dptangles@eoiterrassa.cat\" target=\"_blank\" rel=\"noopener\">dptangles@eoiterrassa.cat<\/a><\/td>\n<td style=\"height: 33px;\" width=\"17%\" height=\"20\"><a href=\"https:\/\/agora-eoi.xtec.cat\/eoiterrassa\/administracio\/horaris-classe\/\" target=\"mainFrame\" rel=\"noopener noreferrer\">Horaris de classe<\/a><\/td>\n<td style=\"height: 33px;\" width=\"31%\" height=\"20\"><a href=\"http:\/\/agora-eoi.xtec.cat\/eoiterrassa\/departaments\/angles\/\" target=\"mainFrame\" rel=\"noopener noreferrer\">Horaris de visita i correu del professorat<\/a><\/td>\n<\/tr>\n<tr style=\"height: 33px;\">\n<td style=\"height: 33px;\" width=\"18%\" height=\"20\"><b>\u00c0rab<\/b><\/td>\n<td style=\"height: 33px;\" width=\"34%\" height=\"20\">mail:<a href=\"mailto:dptarab@eoiterrassa.cat\" target=\"_blank\" rel=\"noopener\">dptarab@eoiterrassa.cat<\/a><\/td>\n<td style=\"height: 33px;\" width=\"17%\" height=\"20\"><a href=\"https:\/\/agora-eoi.xtec.cat\/eoiterrassa\/administracio\/horaris-classe\/\" target=\"mainFrame\" rel=\"noopener noreferrer\">Horaris de classe<\/a><\/td>\n<td style=\"height: 33px;\" width=\"31%\" height=\"20\"><a href=\"http:\/\/agora-eoi.xtec.cat\/eoiterrassa\/departaments\/arab\/\" target=\"mainFrame\" rel=\"noopener noreferrer\">Horaris de visita i correu del professorat<\/a><\/td>\n<\/tr>\n<tr style=\"height: 33px;\">\n<td style=\"height: 33px;\"><b>Catal\u00e0<\/b><\/td>\n<td style=\"height: 33px;\">mail:<a href=\"mailto:dptcatala@eoiterrassa.cat\"> dptcatala@eoiterrassa.cat<\/a><\/td>\n<td style=\"height: 33px;\"><a href=\"https:\/\/agora-eoi.xtec.cat\/eoiterrassa\/departaments\/horaris-classe\/#CAT\">Horari de classe<\/a><\/td>\n<td style=\"height: 33px;\"><a href=\"https:\/\/agora-eoi.xtec.cat\/eoiterrassa\/departaments\/catala\/\">Horaris de visita i correu del professorat<\/a><\/td>\n<\/tr>\n<tr style=\"height: 33px;\">\n<td style=\"height: 33px;\" width=\"18%\" height=\"10\"><b>Franc\u00e8s<\/b><\/td>\n<td style=\"height: 33px;\" width=\"34%\" height=\"10\">mail:<a href=\"mailto:dptfrances@eoiterrassa.cat\" target=\"_blank\" rel=\"noopener\">dptfrances@eoiterrassa.cat<\/a><\/td>\n<td style=\"height: 33px;\" width=\"17%\" height=\"20\"><a href=\"https:\/\/agora-eoi.xtec.cat\/eoiterrassa\/administracio\/horaris-classe\/\" target=\"mainFrame\" rel=\"noopener noreferrer\">Horaris de classe<\/a><\/td>\n<td style=\"height: 33px;\" width=\"31%\" height=\"20\"><a href=\"http:\/\/agora-eoi.xtec.cat\/eoiterrassa\/departaments\/frances\/\" target=\"mainFrame\" rel=\"noopener noreferrer\">Horaris de visita i correu del professorat<\/a><\/td>\n<\/tr>\n<tr style=\"height: 33px;\">\n<td style=\"height: 33px;\" width=\"18%\" height=\"20\"><b>Itali\u00e0<\/b><\/td>\n<td style=\"height: 33px;\" width=\"34%\" height=\"20\">mail:<span style=\"color: #6600cc;\"><a href=\"mailto:dptitalia@eoiterrassa.cat\" target=\"_blank\" rel=\"noopener\">dptitalia@eoiterrassa.cat<\/a><\/span><\/td>\n<td style=\"height: 33px;\" width=\"17%\" height=\"20\"><a href=\"https:\/\/agora-eoi.xtec.cat\/eoiterrassa\/administracio\/horaris-classe\/\" target=\"mainFrame\" rel=\"noopener noreferrer\">Horaris de classe<\/a><\/td>\n<td style=\"height: 33px;\" width=\"31%\" height=\"20\"><a href=\"http:\/\/agora-eoi.xtec.cat\/eoiterrassa\/departaments\/italia\/\" target=\"mainFrame\" rel=\"noopener noreferrer\">Horaris de visita i correu del professorat<\/a><\/td>\n<\/tr>\n<\/tbody>\n<\/table>\n<hr align=\"left\" width=\"100%\" \/>\n<p style=\"word-spacing: 0; line-height: 100%; text-indent: 0; margin: 5 0 5 0;\"><a name=\"5\"><\/a><a><b>5. Biblioteca <\/b><\/a><\/p>\n<hr align=\"left\" width=\"100%\" \/>\n<p style=\"word-spacing: 0; line-height: 100%; text-indent: 0; margin: 5 0 5 0;\">Oberta durant el per\u00edode lectiu:<\/p>\n<ul>\n<li>mat\u00ed: dimarts i dijous, de 10:30 a 12:30<\/li>\n<li>tarda: de dilluns a dijous, de 17:30 a 19:30<\/li>\n<\/ul>\n<p>Aquest curs la devoluci\u00f3 de material en pr\u00e9stec es far\u00e0 a consergeria durant l&#8217;horari de funcionament de l&#8217;escola.<\/p>\n<p style=\"word-spacing: 0; line-height: 100%; text-indent: 0; margin: 5 0 5 0;\">E-mail: <b><a href=\"mailto:biblioteca@eoiterrassa.cat\" target=\"_blank\" rel=\"noopener noreferrer\">biblioteca@eoiterrassa.cat<\/a>\u00a0<\/b><\/p>\n<hr align=\"left\" width=\"100%\" \/>\n","protected":false},"excerpt":{"rendered":"<p>1. Horari d&#8217;obertura del centre 2. Secretaria 3. Equip directiu 4. Departaments acad\u00e8mics 5. Biblioteca 1. Horari d&#8217;obertura del centre Per\u00edode lectiu: de dilluns a dijous de 9:00 a 21:00 i divendres de 9:00 a 14:00. A partir del juliol: de dilluns a divendres de 9:00 a 14:00. A partir de l&#8217;1 de setembre i [&hellip;]<\/p>\n","protected":false},"author":1,"featured_media":0,"parent":806,"menu_order":30,"comment_status":"closed","ping_status":"closed","template":"","meta":{"site-sidebar-layout":"default","site-content-layout":"","ast-site-content-layout":"default","site-content-style":"default","site-sidebar-style":"default","ast-global-header-display":"","ast-banner-title-visibility":"","ast-main-header-display":"","ast-hfb-above-header-display":"","ast-hfb-below-header-display":"","ast-hfb-mobile-header-display":"","site-post-title":"","ast-breadcrumbs-content":"","ast-featured-img":"","footer-sml-layout":"","theme-transparent-header-meta":"","adv-header-id-meta":"","stick-header-meta":"","header-above-stick-meta":"","header-main-stick-meta":"","header-below-stick-meta":"","astra-migrate-meta-layouts":"set","ast-page-background-enabled":"default","ast-page-background-meta":{"desktop":{"background-color":"var(--ast-global-color-4)","background-image":"","background-repeat":"repeat","background-position":"center center","background-size":"auto","background-attachment":"scroll","background-type":"","background-media":"","overlay-type":"","overlay-color":"","overlay-opacity":"","overlay-gradient":""},"tablet":{"background-color":"","background-image":"","background-repeat":"repeat","background-position":"center center","background-size":"auto","background-attachment":"scroll","background-type":"","background-media":"","overlay-type":"","overlay-color":"","overlay-opacity":"","overlay-gradient":""},"mobile":{"background-color":"","background-image":"","background-repeat":"repeat","background-position":"center center","background-size":"auto","background-attachment":"scroll","background-type":"","background-media":"","overlay-type":"","overlay-color":"","overlay-opacity":"","overlay-gradient":""}},"ast-content-background-meta":{"desktop":{"background-color":"var(--ast-global-color-5)","background-image":"","background-repeat":"repeat","background-position":"center center","background-size":"auto","background-attachment":"scroll","background-type":"","background-media":"","overlay-type":"","overlay-color":"","overlay-opacity":"","overlay-gradient":""},"tablet":{"background-color":"var(--ast-global-color-5)","background-image":"","background-repeat":"repeat","background-position":"center center","background-size":"auto","background-attachment":"scroll","background-type":"","background-media":"","overlay-type":"","overlay-color":"","overlay-opacity":"","overlay-gradient":""},"mobile":{"background-color":"var(--ast-global-color-5)","background-image":"","background-repeat":"repeat","background-position":"center center","background-size":"auto","background-attachment":"scroll","background-type":"","background-media":"","overlay-type":"","overlay-color":"","overlay-opacity":"","overlay-gradient":""}},"footnotes":""},"class_list":["post-608","page","type-page","status-publish","hentry"],"post_mailing_queue_ids":[],"_links":{"self":[{"href":"https:\/\/agora-eoi.xtec.cat\/eoiterrassa\/wp-json\/wp\/v2\/pages\/608","targetHints":{"allow":["GET"]}}],"collection":[{"href":"https:\/\/agora-eoi.xtec.cat\/eoiterrassa\/wp-json\/wp\/v2\/pages"}],"about":[{"href":"https:\/\/agora-eoi.xtec.cat\/eoiterrassa\/wp-json\/wp\/v2\/types\/page"}],"author":[{"embeddable":true,"href":"https:\/\/agora-eoi.xtec.cat\/eoiterrassa\/wp-json\/wp\/v2\/users\/1"}],"replies":[{"embeddable":true,"href":"https:\/\/agora-eoi.xtec.cat\/eoiterrassa\/wp-json\/wp\/v2\/comments?post=608"}],"version-history":[{"count":6,"href":"https:\/\/agora-eoi.xtec.cat\/eoiterrassa\/wp-json\/wp\/v2\/pages\/608\/revisions"}],"predecessor-version":[{"id":18944,"href":"https:\/\/agora-eoi.xtec.cat\/eoiterrassa\/wp-json\/wp\/v2\/pages\/608\/revisions\/18944"}],"up":[{"embeddable":true,"href":"https:\/\/agora-eoi.xtec.cat\/eoiterrassa\/wp-json\/wp\/v2\/pages\/806"}],"wp:attachment":[{"href":"https:\/\/agora-eoi.xtec.cat\/eoiterrassa\/wp-json\/wp\/v2\/media?parent=608"}],"curies":[{"name":"wp","href":"https:\/\/api.w.org\/{rel}","templated":true}]}}