{"id":20875,"date":"2026-05-13T12:42:38","date_gmt":"2026-05-13T10:42:38","guid":{"rendered":"https:\/\/agora-eoi.xtec.cat\/eoiterrassa\/?page_id=20875"},"modified":"2026-05-13T13:31:00","modified_gmt":"2026-05-13T11:31:00","slug":"biblioteca-2","status":"publish","type":"page","link":"https:\/\/agora-eoi.xtec.cat\/eoiterrassa\/biblioteca-2\/","title":{"rendered":"Biblioteca\u00a0"},"content":{"rendered":"\n<p>La biblioteca i Centre d\u2019Autoaprenentatge va ser creada l\u2019octubre de 1998 i \u00e9s finan\u00e7ada amb el pagament dels 30\u20ac per acc\u00e9s a la plataforma i materials did\u00e0ctics dels alumnes de l\u2019Escola Oficial d\u2019Idiomes de Terrassa.<\/p>\n\n\n\n<p>\u00c9s una biblioteca especialitzada en idiomes i ofereix material bibliogr\u00e0fic sobre temes de llengua, literatura i cultura dels idiomes impartits al centre (actualment alemany, angl\u00e8s, \u00e0rab, franc\u00e8s i itali\u00e0). La biblioteca vol ser un espai per continuar i consolidar l\u2019aprenentatge fora de l\u2019aula.<\/p>\n\n\n\n<figure class=\"wp-block-image aligncenter size-large\"><a href=\"https:\/\/agora-eoi.xtec.cat\/eoiterrassa\/wp-content\/uploads\/usu2242\/2026\/05\/Biblio.png\"><img loading=\"lazy\" decoding=\"async\" width=\"1024\" height=\"194\" src=\"https:\/\/agora-eoi.xtec.cat\/eoiterrassa\/wp-content\/uploads\/usu2242\/2026\/05\/Biblio-1024x194.png\" alt=\"\" class=\"wp-image-20876\" srcset=\"https:\/\/agora-eoi.xtec.cat\/eoiterrassa\/wp-content\/uploads\/usu2242\/2026\/05\/Biblio-1024x194.png 1024w, https:\/\/agora-eoi.xtec.cat\/eoiterrassa\/wp-content\/uploads\/usu2242\/2026\/05\/Biblio-300x57.png 300w, https:\/\/agora-eoi.xtec.cat\/eoiterrassa\/wp-content\/uploads\/usu2242\/2026\/05\/Biblio-768x145.png 768w, https:\/\/agora-eoi.xtec.cat\/eoiterrassa\/wp-content\/uploads\/usu2242\/2026\/05\/Biblio-1536x291.png 1536w, https:\/\/agora-eoi.xtec.cat\/eoiterrassa\/wp-content\/uploads\/usu2242\/2026\/05\/Biblio.png 1584w\" sizes=\"auto, (max-width: 1024px) 100vw, 1024px\" \/><\/a><\/figure>\n\n\n\n<hr class=\"wp-block-separator has-alpha-channel-opacity\"\/>\n\n\n\n<p class=\"has-white-color has-ast-global-color-0-background-color has-text-color has-background has-link-color wp-elements-2494e7180fc2eceabcf4615ad306b1db\"><strong>1. Horaris<\/strong><\/p>\n\n\n\n<ul class=\"wp-block-list\">\n<li>Per\u00edode lectiu:&nbsp;<strong>Mat\u00ed<\/strong>: dimarts, dimecres i dijous de 10.30 h a 12.30 h.&nbsp;<strong>Tarda<\/strong>: de dilluns a dijous de 17.30 h a 19.30 h<\/li>\n\n\n\n<li>En cas que la biblioteca estigui tancada, la devoluci\u00f3 del material en pr\u00e9stec es far\u00e0 a consergeria durant l\u2019horari de funcionament de l\u2019escola.<\/li>\n<\/ul>\n\n\n\n<hr class=\"wp-block-separator has-alpha-channel-opacity\"\/>\n\n\n\n<p class=\"has-white-color has-ast-global-color-0-background-color has-text-color has-background has-link-color wp-elements-cce3dbc5db9f371345bbfd4a8c80361d\"><strong>2. Usuaris<\/strong><\/p>\n\n\n\n<p>Per fer \u00fas del servei de pr\u00e9stec cal presentar a la biblioteca&nbsp;el carnet d\u2019estudiant de l\u2019escola. Per descarregar-vos-el o imprimir-vos-el, heu d\u2019anar al vostre expedient clicant al web de l\u2019escola l\u2019icona del birret (<a href=\"https:\/\/www.informaticacentros.com\/centrosnet\/ultralogin.php?tcentro=EOI&amp;centro=b05\" target=\"_blank\" rel=\"noreferrer noopener\">\u00c0rea alumnat<\/a>).<\/p>\n\n\n\n<p>Les persones que no s\u00f3n alumnes de l\u2019escola poden accedir al pr\u00e9stec omplint un formulari i pagant 10\u20ac. M\u00e9s informaci\u00f3&nbsp;<strong><a href=\"https:\/\/agora-eoi.xtec.cat\/eoiterrassa\/cafeteria-sala-estudis\/acces-biblioteca-usuari-extern\/\">AQU\u00cd<\/a>.<\/strong><\/p>\n\n\n\n<hr class=\"wp-block-separator has-alpha-channel-opacity\"\/>\n\n\n\n<p class=\"has-white-color has-ast-global-color-0-background-color has-text-color has-background has-link-color wp-elements-f9dc1fd664dcec9b68fe91975cf12913\"><strong>3. Equipament<\/strong><\/p>\n\n\n\n<ul class=\"wp-block-list\">\n<li><strong>Fons<\/strong>&nbsp;La biblioteca disposa actualment d\u2019un fons de 480 DVDs i 10.000 documents classificats de la seg\u00fcent manera:<\/li>\n<\/ul>\n\n\n\n<p>\u2013 Lectures<br>\u2013 M\u00e8todes<br>\u2013 Llibres d\u2019exercicis<br>\u2013 Gram\u00e0tiques<br>\u2013 Diccionaris<br>\u2013 Revistes i diaris<br>\u2013 Mapes i informacions tur\u00edstiques<br>\u2013 M\u00fasica<br>\u2013 DVDs i CDs<br>\u2013 Fitxes d\u2019autoaprenentatge (vocabulari, comprensi\u00f3 escrita, comprensi\u00f3 oral, gram\u00e0tica i m\u00fasica)<br>\u2013 Exemples d\u2019ex\u00e0mens oficials<br>&#8211; Exemplars dels llibres de text i les lectures obligat\u00f2ries del curs. <\/p>\n\n\n\n<p>Tamb\u00e9 posa a disposici\u00f3 dels usuaris<br>\u2013 ordinadors amb acc\u00e9s a Internet<br>\u2013 reproductors de DVD, CD<\/p>\n\n\n\n<p class=\"has-white-color has-ast-global-color-0-background-color has-text-color has-background has-link-color wp-elements-398369b8c87afc347ecd8eeb2be9adb2\"><strong>4. Normes d\u2019\u00fas&nbsp;&nbsp;&nbsp;&nbsp;&nbsp;<\/strong><\/p>\n\n\n\n<ul class=\"wp-block-list\">\n<li><strong>Internet:<\/strong>&nbsp;Temps de connexi\u00f3 per un per\u00edode no superior a 20 minuts per persona (en horari de m\u00e0xima aflu\u00e8ncia)<\/li>\n\n\n\n<li><strong>Pr\u00e9stec:&nbsp;<\/strong>Es poden agafar simult\u00e0niament:<\/li>\n<\/ul>\n\n\n\n<figure class=\"wp-block-table\"><table class=\"has-fixed-layout\"><tbody><tr><td>3 Llibres de lectura<\/td><td>3 setmanes<\/td><\/tr><tr><td>1 Llibre de lectura obligat\u00f2ria<\/td><td>1 setmana<\/td><\/tr><tr><td>1 DVD<\/td><td>1 setmana<\/td><\/tr><tr><td>2 llibres de text<\/td><td>1 setmana<\/td><\/tr><tr><td>1 llibre de gram\u00e0tica<\/td><td>1 setmana<\/td><\/tr><tr><td>2 revistes o diaris<\/td><td>2 setmanes<\/td><\/tr><tr><td>1 CD-Rom<\/td><td>1 setmana<\/td><\/tr><tr><td>1 CD-Audio<\/td><td>1 setmana<\/td><\/tr><tr><td>3 fitxes d\u2019autoaprenentatge<\/td><td>1 setmana<\/td><\/tr><\/tbody><\/table><\/figure>\n\n\n\n<p>*<strong>Excl\u00f2s de Pr\u00e9stec:<\/strong> Algunes obres de consulta, algunes revistes, diccionaris<\/p>\n\n\n\n<ul class=\"wp-block-list\">\n<li><strong>Pr\u00e9stec d\u2019estiu:&nbsp;<\/strong>Quan acabin les classes es pot demanar material en pr\u00e9stec, que s\u2019haur\u00e0 de tornar a primers d\u2019octubre, com a molt tard. Es pot agafar 5 documents (llibres , revistes, DVD, etc.)<\/li>\n\n\n\n<li><strong>Reserves:&nbsp;<\/strong>Es pot fer reserva de qualsevol material que es pugui agafar en pr\u00e9stec. La reserva es pot fer a la mateixa biblioteca o per correu electr\u00f2nic.<\/li>\n\n\n\n<li><strong>Pr\u00f2rrogues:&nbsp;<\/strong>Es pot demanar una pr\u00f2rroga del material prestat sempre i quan no estigui reservat.<\/li>\n\n\n\n<li><strong>Retards:<\/strong>&nbsp;Cal retornar el material en el dia establert. En cas contrari s\u2019aplicar\u00e0 una penalitzaci\u00f3 que consistir\u00e0 en no poder endur-se material durant dos mesos. A principi de curs no es renovar\u00e0 el carnet als usuaris que encara no hagin retornat material prestat el curs anterior (excepte pr\u00e9stec d\u2019estiu).<\/li>\n\n\n\n<li><strong>P\u00e8rdua:<\/strong>&nbsp;Recordeu que els materials no es poden guixar, ni subratllar ni marcar. En cas de p\u00e8rdua o deteriorament, l\u2019usuari haur\u00e0 d\u2019adquirir la mateixa edici\u00f3 o abonar el seu import de reposici\u00f3.<\/li>\n<\/ul>\n\n\n\n<hr class=\"wp-block-separator has-alpha-channel-opacity\"\/>\n\n\n\n<p class=\"has-white-color has-ast-global-color-0-background-color has-text-color has-background has-link-color wp-elements-8e0e94af0f13adbf3d4450a52bfc8ca5\"><strong>5. EFILM<\/strong><\/p>\n\n\n\n<figure class=\"wp-block-image aligncenter size-large\"><a href=\"https:\/\/agora-eoi.xtec.cat\/eoiterrassa\/wp-content\/uploads\/usu2242\/2026\/05\/eFilm.png\"><img loading=\"lazy\" decoding=\"async\" width=\"724\" height=\"1024\" src=\"https:\/\/agora-eoi.xtec.cat\/eoiterrassa\/wp-content\/uploads\/usu2242\/2026\/05\/eFilm-724x1024.png\" alt=\"\" class=\"wp-image-20880\" srcset=\"https:\/\/agora-eoi.xtec.cat\/eoiterrassa\/wp-content\/uploads\/usu2242\/2026\/05\/eFilm-724x1024.png 724w, https:\/\/agora-eoi.xtec.cat\/eoiterrassa\/wp-content\/uploads\/usu2242\/2026\/05\/eFilm-212x300.png 212w, https:\/\/agora-eoi.xtec.cat\/eoiterrassa\/wp-content\/uploads\/usu2242\/2026\/05\/eFilm-768x1086.png 768w, https:\/\/agora-eoi.xtec.cat\/eoiterrassa\/wp-content\/uploads\/usu2242\/2026\/05\/eFilm-1086x1536.png 1086w, https:\/\/agora-eoi.xtec.cat\/eoiterrassa\/wp-content\/uploads\/usu2242\/2026\/05\/eFilm-1448x2048.png 1448w, https:\/\/agora-eoi.xtec.cat\/eoiterrassa\/wp-content\/uploads\/usu2242\/2026\/05\/eFilm.png 1587w\" sizes=\"auto, (max-width: 724px) 100vw, 724px\" \/><\/a><\/figure>\n","protected":false},"excerpt":{"rendered":"<p>La biblioteca i Centre d\u2019Autoaprenentatge va ser creada l\u2019octubre de 1998 i \u00e9s finan\u00e7ada amb el pagament dels 30\u20ac per acc\u00e9s a la plataforma i materials did\u00e0ctics dels alumnes de l\u2019Escola Oficial d\u2019Idiomes de Terrassa. \u00c9s una biblioteca especialitzada en idiomes i ofereix material bibliogr\u00e0fic sobre temes de llengua, literatura i cultura dels idiomes impartits [&hellip;]<\/p>\n","protected":false},"author":1,"featured_media":0,"parent":0,"menu_order":0,"comment_status":"closed","ping_status":"close","template":"","meta":{"site-sidebar-layout":"default","site-content-layout":"","ast-site-content-layout":"default","site-content-style":"default","site-sidebar-style":"default","ast-global-header-display":"","ast-banner-title-visibility":"","ast-main-header-display":"","ast-hfb-above-header-display":"","ast-hfb-below-header-display":"","ast-hfb-mobile-header-display":"","site-post-title":"","ast-breadcrumbs-content":"","ast-featured-img":"","footer-sml-layout":"","theme-transparent-header-meta":"","adv-header-id-meta":"","stick-header-meta":"","header-above-stick-meta":"","header-main-stick-meta":"","header-below-stick-meta":"","astra-migrate-meta-layouts":"set","ast-page-background-enabled":"default","ast-page-background-meta":{"desktop":{"background-color":"var(--ast-global-color-4)","background-image":"","background-repeat":"repeat","background-position":"center center","background-size":"auto","background-attachment":"scroll","background-type":"","background-media":"","overlay-type":"","overlay-color":"","overlay-opacity":"","overlay-gradient":""},"tablet":{"background-color":"","background-image":"","background-repeat":"repeat","background-position":"center center","background-size":"auto","background-attachment":"scroll","background-type":"","background-media":"","overlay-type":"","overlay-color":"","overlay-opacity":"","overlay-gradient":""},"mobile":{"background-color":"","background-image":"","background-repeat":"repeat","background-position":"center center","background-size":"auto","background-attachment":"scroll","background-type":"","background-media":"","overlay-type":"","overlay-color":"","overlay-opacity":"","overlay-gradient":""}},"ast-content-background-meta":{"desktop":{"background-color":"var(--ast-global-color-5)","background-image":"","background-repeat":"repeat","background-position":"center center","background-size":"auto","background-attachment":"scroll","background-type":"","background-media":"","overlay-type":"","overlay-color":"","overlay-opacity":"","overlay-gradient":""},"tablet":{"background-color":"var(--ast-global-color-5)","background-image":"","background-repeat":"repeat","background-position":"center center","background-size":"auto","background-attachment":"scroll","background-type":"","background-media":"","overlay-type":"","overlay-color":"","overlay-opacity":"","overlay-gradient":""},"mobile":{"background-color":"var(--ast-global-color-5)","background-image":"","background-repeat":"repeat","background-position":"center center","background-size":"auto","background-attachment":"scroll","background-type":"","background-media":"","overlay-type":"","overlay-color":"","overlay-opacity":"","overlay-gradient":""}},"footnotes":""},"class_list":["post-20875","page","type-page","status-publish","hentry"],"post_mailing_queue_ids":[],"_links":{"self":[{"href":"https:\/\/agora-eoi.xtec.cat\/eoiterrassa\/wp-json\/wp\/v2\/pages\/20875","targetHints":{"allow":["GET"]}}],"collection":[{"href":"https:\/\/agora-eoi.xtec.cat\/eoiterrassa\/wp-json\/wp\/v2\/pages"}],"about":[{"href":"https:\/\/agora-eoi.xtec.cat\/eoiterrassa\/wp-json\/wp\/v2\/types\/page"}],"author":[{"embeddable":true,"href":"https:\/\/agora-eoi.xtec.cat\/eoiterrassa\/wp-json\/wp\/v2\/users\/1"}],"replies":[{"embeddable":true,"href":"https:\/\/agora-eoi.xtec.cat\/eoiterrassa\/wp-json\/wp\/v2\/comments?post=20875"}],"version-history":[{"count":6,"href":"https:\/\/agora-eoi.xtec.cat\/eoiterrassa\/wp-json\/wp\/v2\/pages\/20875\/revisions"}],"predecessor-version":[{"id":20891,"href":"https:\/\/agora-eoi.xtec.cat\/eoiterrassa\/wp-json\/wp\/v2\/pages\/20875\/revisions\/20891"}],"wp:attachment":[{"href":"https:\/\/agora-eoi.xtec.cat\/eoiterrassa\/wp-json\/wp\/v2\/media?parent=20875"}],"curies":[{"name":"wp","href":"https:\/\/api.w.org\/{rel}","templated":true}]}}