{"id":20795,"date":"2026-04-28T17:06:34","date_gmt":"2026-04-28T15:06:34","guid":{"rendered":"https:\/\/agora-eoi.xtec.cat\/eoiterrassa\/?page_id=20795"},"modified":"2026-05-11T09:37:55","modified_gmt":"2026-05-11T07:37:55","slug":"calendari-dexamens-finals","status":"publish","type":"page","link":"https:\/\/agora-eoi.xtec.cat\/eoiterrassa\/calendari-dexamens-finals\/","title":{"rendered":"Calendari d\u2019ex\u00e0mens finals"},"content":{"rendered":"\n<h2 class=\"wp-block-heading\">Avaluaci\u00f3 continuada<\/h2>\n\n\n\n<p>&gt; <a href=\"https:\/\/agora-eoi.xtec.cat\/eoiterrassa\/wp-content\/uploads\/usu2242\/2026\/05\/DATES_PROVES_FINALS_ALEMANY_2026.docx-1.pdf\">Alemany<\/a><br>&gt; <a href=\"https:\/\/agora-eoi.xtec.cat\/eoiterrassa\/wp-content\/uploads\/usu2242\/2026\/04\/DATES_PROVES_FINALS_ANGLES_26.docx.pdf\">Angl\u00e8s<\/a><br>&gt; <a href=\"https:\/\/agora-eoi.xtec.cat\/eoiterrassa\/wp-content\/uploads\/usu2242\/2026\/04\/DATES_PROVES_FINALS_ARAB_26.docx.pdf\">\u00c0rab<\/a><br>&gt; <a href=\"https:\/\/agora-eoi.xtec.cat\/eoiterrassa\/wp-content\/uploads\/usu2242\/2026\/04\/DATES_PROVES_FINALS_CATALA_26.docx.pdf\">Catal\u00e0<\/a><br>&gt; <a href=\"https:\/\/agora-eoi.xtec.cat\/eoiterrassa\/wp-content\/uploads\/usu2242\/2026\/04\/DATES_PROVES_FINALS_FRANCES_26.docx.pdf\">Franc\u00e8s<\/a><br>&gt; <a href=\"https:\/\/agora-eoi.xtec.cat\/eoiterrassa\/wp-content\/uploads\/usu2242\/2026\/04\/DATES_PROVES_FINALS_ITALIA_26.docx.pdf\">Itali\u00e0<\/a><\/p>\n\n\n\n<h2 class=\"wp-block-heading\">Ex\u00e0mens de certificat &#8211; B1, B2, C1 i C2 [oficials i lliures]<\/h2>\n\n\n\n<p class=\"has-ast-global-color-1-color has-text-color has-link-color has-large-font-size wp-elements-3c31c7a7ded51679821800fec8c4705e\" style=\"margin-top:var(--wp--preset--spacing--40);margin-bottom:var(--wp--preset--spacing--40);padding-top:0;padding-bottom:0\">&gt; <strong>Prova Escrita<\/strong><\/p>\n\n\n\n<figure class=\"wp-block-table is-style-regular\"><table class=\"has-background has-fixed-layout\" style=\"background-color:#fff1d4\"><thead><tr><th><\/th><th class=\"has-text-align-center\" data-align=\"center\">Certificat de B1<\/th><th class=\"has-text-align-center\" data-align=\"center\">Certificat de B2<\/th><th class=\"has-text-align-center\" data-align=\"center\">Certificat de C1<\/th><th class=\"has-text-align-center\" data-align=\"center\">Certificat de C2<\/th><\/tr><\/thead><tbody><tr><td><strong>Alemany<\/strong><\/td><td class=\"has-text-align-center\" data-align=\"center\">04\/06\/26<\/td><td class=\"has-text-align-center\" data-align=\"center\">15\/06\/26 <\/td><td class=\"has-text-align-center\" data-align=\"center\">02\/06\/26<\/td><td class=\"has-text-align-center\" data-align=\"center\">&#8211;<\/td><\/tr><tr><td><strong>Angl\u00e8s<\/strong><\/td><td class=\"has-text-align-center\" data-align=\"center\">29\/05\/26<\/td><td class=\"has-text-align-center\" data-align=\"center\">26\/05\/026<\/td><td class=\"has-text-align-center\" data-align=\"center\">01\/06\/26<\/td><td class=\"has-text-align-center\" data-align=\"center\">&#8211;<\/td><\/tr><tr><td><strong>Catal\u00e0<\/strong><\/td><td class=\"has-text-align-center\" data-align=\"center\">&#8211;<\/td><td class=\"has-text-align-center\" data-align=\"center\">&#8211;<\/td><td class=\"has-text-align-center\" data-align=\"center\">&#8211;<\/td><td class=\"has-text-align-center\" data-align=\"center\">28\/05\/26<\/td><\/tr><tr><td><strong>Franc\u00e8s<\/strong><\/td><td class=\"has-text-align-center\" data-align=\"center\">03\/06\/26<\/td><td class=\"has-text-align-center\" data-align=\"center\">08\/06\/26<\/td><td class=\"has-text-align-center\" data-align=\"center\">28\/05\/26<\/td><td class=\"has-text-align-center\" data-align=\"center\">&#8211;<\/td><\/tr><tr><td><strong>Itali\u00e0<\/strong><\/td><td class=\"has-text-align-center\" data-align=\"center\">04\/06\/26<\/td><td class=\"has-text-align-center\" data-align=\"center\">12\/06\/26<\/td><td class=\"has-text-align-center\" data-align=\"center\">02\/06\/26<\/td><td class=\"has-text-align-center\" data-align=\"center\">&#8211;<\/td><\/tr><\/tbody><\/table><\/figure>\n\n\n\n<p class=\"has-ast-global-color-1-color has-text-color has-link-color has-large-font-size wp-elements-94921284fc0312e9cead8045320c2e54\" style=\"margin-top:var(--wp--preset--spacing--40);margin-bottom:var(--wp--preset--spacing--40);padding-top:0;padding-bottom:0\">&gt; <strong>Prova Oral<\/strong><\/p>\n\n\n\n<p><a href=\"https:\/\/agora-eoi.xtec.cat\/eoiterrassa\/wp-content\/uploads\/usu2242\/2026\/05\/2026-maig_Juny_Dates-ExamensB1-B2-C1-Oficials-lliures.docx-5.pdf\">Accedeix al calendari<\/a><\/p>\n\n\n\n<h2 class=\"wp-block-heading\">Altres informacions<\/h2>\n\n\n\n<ul class=\"wp-block-list\">\n<li><strong>RESULTATS DELS EX\u00c0MENS<\/strong>: Dimarts 23 de juny de 2026<br><\/li>\n\n\n\n<li><strong>PER\u00cdODE DE RECLAMACIONS<\/strong>: A partir de la publicaci\u00f3 dels resultats dels ex\u00e0mens i fins les 12h del dilluns 29 de juny de 2026&nbsp; (cal demanar cita pr\u00e8via per correu electr\u00f2nic al \/ a la professor\/a o departament corresponent).<br><\/li>\n\n\n\n<li><strong>RESOLUCI\u00d3 DE LES RECLAMACIONS<\/strong>: Dimarts 30 de juny de 2026.<\/li>\n<\/ul>\n\n\n\n<p><\/p>\n","protected":false},"excerpt":{"rendered":"<p>Avaluaci\u00f3 continuada &gt; Alemany&gt; Angl\u00e8s&gt; \u00c0rab&gt; Catal\u00e0&gt; Franc\u00e8s&gt; Itali\u00e0 Ex\u00e0mens de certificat &#8211; B1, B2, C1 i C2 [oficials i lliures] &gt; Prova Escrita Certificat de B1 Certificat de B2 Certificat de C1 Certificat de C2 Alemany 04\/06\/26 15\/06\/26 02\/06\/26 &#8211; Angl\u00e8s 29\/05\/26 26\/05\/026 01\/06\/26 &#8211; Catal\u00e0 &#8211; &#8211; &#8211; 28\/05\/26 Franc\u00e8s 03\/06\/26 08\/06\/26 28\/05\/26 [&hellip;]<\/p>\n","protected":false},"author":1,"featured_media":0,"parent":0,"menu_order":0,"comment_status":"closed","ping_status":"close","template":"","meta":{"site-sidebar-layout":"default","site-content-layout":"","ast-site-content-layout":"default","site-content-style":"default","site-sidebar-style":"default","ast-global-header-display":"","ast-banner-title-visibility":"","ast-main-header-display":"","ast-hfb-above-header-display":"","ast-hfb-below-header-display":"","ast-hfb-mobile-header-display":"","site-post-title":"","ast-breadcrumbs-content":"","ast-featured-img":"","footer-sml-layout":"","theme-transparent-header-meta":"","adv-header-id-meta":"","stick-header-meta":"","header-above-stick-meta":"","header-main-stick-meta":"","header-below-stick-meta":"","astra-migrate-meta-layouts":"set","ast-page-background-enabled":"default","ast-page-background-meta":{"desktop":{"background-color":"var(--ast-global-color-4)","background-image":"","background-repeat":"repeat","background-position":"center center","background-size":"auto","background-attachment":"scroll","background-type":"","background-media":"","overlay-type":"","overlay-color":"","overlay-opacity":"","overlay-gradient":""},"tablet":{"background-color":"","background-image":"","background-repeat":"repeat","background-position":"center center","background-size":"auto","background-attachment":"scroll","background-type":"","background-media":"","overlay-type":"","overlay-color":"","overlay-opacity":"","overlay-gradient":""},"mobile":{"background-color":"","background-image":"","background-repeat":"repeat","background-position":"center center","background-size":"auto","background-attachment":"scroll","background-type":"","background-media":"","overlay-type":"","overlay-color":"","overlay-opacity":"","overlay-gradient":""}},"ast-content-background-meta":{"desktop":{"background-color":"var(--ast-global-color-5)","background-image":"","background-repeat":"repeat","background-position":"center center","background-size":"auto","background-attachment":"scroll","background-type":"","background-media":"","overlay-type":"","overlay-color":"","overlay-opacity":"","overlay-gradient":""},"tablet":{"background-color":"var(--ast-global-color-5)","background-image":"","background-repeat":"repeat","background-position":"center center","background-size":"auto","background-attachment":"scroll","background-type":"","background-media":"","overlay-type":"","overlay-color":"","overlay-opacity":"","overlay-gradient":""},"mobile":{"background-color":"var(--ast-global-color-5)","background-image":"","background-repeat":"repeat","background-position":"center center","background-size":"auto","background-attachment":"scroll","background-type":"","background-media":"","overlay-type":"","overlay-color":"","overlay-opacity":"","overlay-gradient":""}},"footnotes":""},"class_list":["post-20795","page","type-page","status-publish","hentry"],"post_mailing_queue_ids":[],"_links":{"self":[{"href":"https:\/\/agora-eoi.xtec.cat\/eoiterrassa\/wp-json\/wp\/v2\/pages\/20795","targetHints":{"allow":["GET"]}}],"collection":[{"href":"https:\/\/agora-eoi.xtec.cat\/eoiterrassa\/wp-json\/wp\/v2\/pages"}],"about":[{"href":"https:\/\/agora-eoi.xtec.cat\/eoiterrassa\/wp-json\/wp\/v2\/types\/page"}],"author":[{"embeddable":true,"href":"https:\/\/agora-eoi.xtec.cat\/eoiterrassa\/wp-json\/wp\/v2\/users\/1"}],"replies":[{"embeddable":true,"href":"https:\/\/agora-eoi.xtec.cat\/eoiterrassa\/wp-json\/wp\/v2\/comments?post=20795"}],"version-history":[{"count":4,"href":"https:\/\/agora-eoi.xtec.cat\/eoiterrassa\/wp-json\/wp\/v2\/pages\/20795\/revisions"}],"predecessor-version":[{"id":20853,"href":"https:\/\/agora-eoi.xtec.cat\/eoiterrassa\/wp-json\/wp\/v2\/pages\/20795\/revisions\/20853"}],"wp:attachment":[{"href":"https:\/\/agora-eoi.xtec.cat\/eoiterrassa\/wp-json\/wp\/v2\/media?parent=20795"}],"curies":[{"name":"wp","href":"https:\/\/api.w.org\/{rel}","templated":true}]}}