{"id":20753,"date":"2026-04-23T20:43:35","date_gmt":"2026-04-23T18:43:35","guid":{"rendered":"https:\/\/agora-eoi.xtec.cat\/eoiterrassa\/?page_id=20753"},"modified":"2026-04-23T20:43:36","modified_gmt":"2026-04-23T18:43:36","slug":"reclamacions-sobre-les-qualificacions","status":"publish","type":"page","link":"https:\/\/agora-eoi.xtec.cat\/eoiterrassa\/reclamacions-sobre-les-qualificacions\/","title":{"rendered":"Reclamacions sobre les qualificacions"},"content":{"rendered":"\n<p>Procediment:<br>\u2013 En primer lloc recomanem que consulteu amb el professorat del departament qualsevol dubte que tingueu respecte a les vostres qualificacions o qualsevol aspecte amb el qual no estigueu d\u2019acord abans de tramitar la reclamaci\u00f3.<br>\u2013 Les reclamacions sobre qualificacions finals s\u2019hauran de presentar omplint la inst\u00e0ncia de sota en la qual s\u2019han de fer constar els motius al\u00b7legats per fer la reclamaci\u00f3.<\/p>\n\n\n\n<p>Termini de reclamacions: Cal presentar la sol\u00b7licitud durant els tres dies h\u00e0bils despr\u00e9s de la publicaci\u00f3 de resultats. No s\u2019atendran reclamacions presentades fora de termini.<\/p>\n\n\n\n<p>NORMATIVA:<br>Les reclamacions respecte a les qualificacions obtingudes a les proves espec\u00edfiques de certificaci\u00f3 (nivells A2, B1, B2 i C1) s\u2019han de resoldre d\u2019acord amb el procediment previst en els apartats a i b de l\u2019article 14 de l\u2019Ordre EDU\/34\/2009, de 30 de gener. Tamb\u00e9 s\u2019han de resoldre seguint el mateix procediment les reclamacions respecte a les qualificacions obtingudes al llarg del curs i als ex\u00e0mens finals de primer i quart curs.<\/p>\n\n\n\n<p>En cas que la resoluci\u00f3 sigui objecte de nova reclamaci\u00f3, aquesta s\u2019ha de presentar als serveis territorials o b\u00e9 al Consorci d\u2019Educaci\u00f3 de Barcelona, mitjan\u00e7ant un escrit de la persona interessada, que s\u2019ha de presentar a trav\u00e9s del director o directora del centre.<\/p>\n\n\n\n<p>El director o directora del centre ha de trametre, als Serveis Territorials o al Consorci d\u2019Educaci\u00f3 de Barcelona, aquesta reclamaci\u00f3 juntament amb una c\u00f2pia de la reclamaci\u00f3 original, una c\u00f2pia de l\u2019acta de la reuni\u00f3 en la qual s\u2019hagi estudiat la reclamaci\u00f3, una c\u00f2pia de la resoluci\u00f3 recorreguda i qualsevol altra documentaci\u00f3 que, a iniciativa pr\u00f2pia o a petici\u00f3 de la persona interessada, consideri pertinent d\u2019adjuntar-hi.<\/p>\n\n\n\n<p>A partir de l\u2019estudi de la informaci\u00f3 rebuda, i de l\u2019informe em\u00e8s per la Inspecci\u00f3, els serveis territorials o el Consorci d\u2019Educaci\u00f3 de Barcelona resoldran definitivament.<\/p>\n\n\n\n<p><strong>&nbsp;<a href=\"http:\/\/dogc.gencat.cat\/ca\/pdogc_canals_interns\/pdogc_resultats_fitxa\/?action=fitxa&amp;documentId=462817&amp;language=ca_ES\" target=\"_blank\" rel=\"noreferrer noopener\">Normativa<\/a><\/strong><\/p>\n\n\n\n<p>Per sol\u00b7licitar una revisi\u00f3 d\u2019examen heu d\u2019omplir&nbsp;<strong><a href=\"https:\/\/agora-eoi.xtec.cat\/eoiterrassa\/wp-content\/uploads\/usu2242\/2025\/05\/Instancia_sollicitud-genericapdf.pdf\">aquesta sol\u00b7licitud<\/a><\/strong><\/p>\n","protected":false},"excerpt":{"rendered":"<p>Procediment:\u2013 En primer lloc recomanem que consulteu amb el professorat del departament qualsevol dubte que tingueu respecte a les vostres qualificacions o qualsevol aspecte amb el qual no estigueu d\u2019acord abans de tramitar la reclamaci\u00f3.\u2013 Les reclamacions sobre qualificacions finals s\u2019hauran de presentar omplint la inst\u00e0ncia de sota en la qual s\u2019han de fer constar [&hellip;]<\/p>\n","protected":false},"author":1,"featured_media":0,"parent":0,"menu_order":0,"comment_status":"closed","ping_status":"close","template":"","meta":{"site-sidebar-layout":"default","site-content-layout":"","ast-site-content-layout":"default","site-content-style":"default","site-sidebar-style":"default","ast-global-header-display":"","ast-banner-title-visibility":"","ast-main-header-display":"","ast-hfb-above-header-display":"","ast-hfb-below-header-display":"","ast-hfb-mobile-header-display":"","site-post-title":"","ast-breadcrumbs-content":"","ast-featured-img":"","footer-sml-layout":"","theme-transparent-header-meta":"","adv-header-id-meta":"","stick-header-meta":"","header-above-stick-meta":"","header-main-stick-meta":"","header-below-stick-meta":"","astra-migrate-meta-layouts":"set","ast-page-background-enabled":"default","ast-page-background-meta":{"desktop":{"background-color":"var(--ast-global-color-4)","background-image":"","background-repeat":"repeat","background-position":"center center","background-size":"auto","background-attachment":"scroll","background-type":"","background-media":"","overlay-type":"","overlay-color":"","overlay-opacity":"","overlay-gradient":""},"tablet":{"background-color":"","background-image":"","background-repeat":"repeat","background-position":"center center","background-size":"auto","background-attachment":"scroll","background-type":"","background-media":"","overlay-type":"","overlay-color":"","overlay-opacity":"","overlay-gradient":""},"mobile":{"background-color":"","background-image":"","background-repeat":"repeat","background-position":"center center","background-size":"auto","background-attachment":"scroll","background-type":"","background-media":"","overlay-type":"","overlay-color":"","overlay-opacity":"","overlay-gradient":""}},"ast-content-background-meta":{"desktop":{"background-color":"var(--ast-global-color-5)","background-image":"","background-repeat":"repeat","background-position":"center center","background-size":"auto","background-attachment":"scroll","background-type":"","background-media":"","overlay-type":"","overlay-color":"","overlay-opacity":"","overlay-gradient":""},"tablet":{"background-color":"var(--ast-global-color-5)","background-image":"","background-repeat":"repeat","background-position":"center center","background-size":"auto","background-attachment":"scroll","background-type":"","background-media":"","overlay-type":"","overlay-color":"","overlay-opacity":"","overlay-gradient":""},"mobile":{"background-color":"var(--ast-global-color-5)","background-image":"","background-repeat":"repeat","background-position":"center center","background-size":"auto","background-attachment":"scroll","background-type":"","background-media":"","overlay-type":"","overlay-color":"","overlay-opacity":"","overlay-gradient":""}},"footnotes":""},"class_list":["post-20753","page","type-page","status-publish","hentry"],"post_mailing_queue_ids":[],"_links":{"self":[{"href":"https:\/\/agora-eoi.xtec.cat\/eoiterrassa\/wp-json\/wp\/v2\/pages\/20753","targetHints":{"allow":["GET"]}}],"collection":[{"href":"https:\/\/agora-eoi.xtec.cat\/eoiterrassa\/wp-json\/wp\/v2\/pages"}],"about":[{"href":"https:\/\/agora-eoi.xtec.cat\/eoiterrassa\/wp-json\/wp\/v2\/types\/page"}],"author":[{"embeddable":true,"href":"https:\/\/agora-eoi.xtec.cat\/eoiterrassa\/wp-json\/wp\/v2\/users\/1"}],"replies":[{"embeddable":true,"href":"https:\/\/agora-eoi.xtec.cat\/eoiterrassa\/wp-json\/wp\/v2\/comments?post=20753"}],"version-history":[{"count":1,"href":"https:\/\/agora-eoi.xtec.cat\/eoiterrassa\/wp-json\/wp\/v2\/pages\/20753\/revisions"}],"predecessor-version":[{"id":20754,"href":"https:\/\/agora-eoi.xtec.cat\/eoiterrassa\/wp-json\/wp\/v2\/pages\/20753\/revisions\/20754"}],"wp:attachment":[{"href":"https:\/\/agora-eoi.xtec.cat\/eoiterrassa\/wp-json\/wp\/v2\/media?parent=20753"}],"curies":[{"name":"wp","href":"https:\/\/api.w.org\/{rel}","templated":true}]}}