{"id":20745,"date":"2026-04-23T20:40:44","date_gmt":"2026-04-23T18:40:44","guid":{"rendered":"https:\/\/agora-eoi.xtec.cat\/eoiterrassa\/?page_id=20745"},"modified":"2026-04-23T20:40:45","modified_gmt":"2026-04-23T18:40:45","slug":"trasllat-de-matricula","status":"publish","type":"page","link":"https:\/\/agora-eoi.xtec.cat\/eoiterrassa\/trasllat-de-matricula\/","title":{"rendered":"Trasllat de matr\u00edcula"},"content":{"rendered":"\n<p><strong>Trasllat de l\u2019alumnat durant el curs acad\u00e8mic<\/strong><strong><br><\/strong>Un trasllat de matr\u00edcula t\u00e9 lloc quan l\u2019estudiant, una vegada iniciat el curs, vol canviar d\u2019EOI. El termini per fer trasllats de matr\u00edcula viva pel curs 25-26 finalitza&nbsp;<strong>el dijous, 30 d\u2019abril de 2026.<\/strong><br>Si un\/a alumne\/a vol marxar a un altre centre, haur\u00e0 de consultar l\u2019EOI de destinaci\u00f3 si hi ha places vacants i quina gesti\u00f3 ha de fer amb l\u2019escola. El centre de destinaci\u00f3 confirmar\u00e0 a la persona si \u00e9s possible fer el trasllat o b\u00e9 si queda en llista d\u2019espera.<br>Si el trasllat de matr\u00edcula \u00e9s viable, l\u2019EOI de destinaci\u00f3 s\u2019encarregar\u00e0 de la tramitaci\u00f3.<br>L\u2019alumnat que vulgui demanar un trasllat d\u2019una EOI qualsevol a l\u2019EOI de Terrassa haur\u00e0 de sol\u00b7licitar-lo mitjan\u00e7ant el model&nbsp;<a href=\"https:\/\/agora-eoi.xtec.cat\/eoiterrassa\/wp-content\/uploads\/usu2242\/2025\/05\/Sollicitud_Trasllat-Expedient-1.pdf\">\u201cSol\u00b7licitud de trasllat d\u2019expedient\u201d.<\/a>&nbsp;Aquesta sol\u00b7licitud s\u2019haur\u00e0 d\u2019enviar a&nbsp;<em>secretaria@eoiterrassa.cat<\/em>&nbsp;i caldr\u00e0 adjuntar&nbsp;el resguard de matr\u00edcula amb l\u2019import ingressat. Aquest resguard el podeu obtenir dins de l\u2019\u00e0rea d\u2019alumnat de l\u2019EOI d\u2019origen. Cliqueu&nbsp;<a href=\"https:\/\/agora-eoi.xtec.cat\/eoiterrassa\/wp-content\/uploads\/usu2242\/2024\/06\/Captura-MATRICULA-TRASLLAT-1.jpg\"><strong>AQU\u00cd<\/strong>&nbsp;<\/a>per veure\u2019n un exemple.<\/p>\n\n\n\n<p>S\u2019ha de tenir en compte que el trasllat a una EOI d\u2019una altra Comunitat aut\u00f2noma implica pagar novament l\u2019import de matr\u00edcula de la quantitat estipulada a la Comunitat aut\u00f2noma de l\u2019escola de destinaci\u00f3. En aquest cas es podr\u00e0 sol\u00b7licitar la devoluci\u00f3 de la taxa o preu p\u00fablic de l\u2019EOI d\u2019origen&nbsp;<strong>fins al divendres, 28 de novembre de 2025.<\/strong><\/p>\n\n\n\n<p><strong>Trasllat de l\u2019alumnat en per\u00edode no lectiu (JULIOL)<\/strong><br>L\u2019alumnat oficial, un cop formalitzada la matr\u00edcula al juliol al centre d\u2019origen, pot sol\u00b7licitar un trasllat de matr\u00edcula a una altra escola els dies<strong>&nbsp;10 i 11 de juliol de 2025.&nbsp;<\/strong>L\u2019alumnat que vulgui demanar un trasllat d\u2019una EOI qualsevol a l\u2019EOI de Terrassa haur\u00e0 de sol\u00b7licitar-lo mitjan\u00e7ant el model<a href=\"https:\/\/agora-eoi.xtec.cat\/eoiterrassa\/wp-content\/uploads\/usu2242\/2025\/05\/Sollicitud_Trasllat-Expedient-1.pdf\">&nbsp;\u201cSol\u00b7licitud de trasllat d\u2019expedient\u201d.&nbsp;<\/a>&nbsp;Aquesta sol\u00b7licitud s\u2019haur\u00e0 de presentar presencialment, o b\u00e9, enviar-la per correu a&nbsp;<em>secretaria@eoiterrassa.cat<\/em>. Caldr\u00e0 adjuntar el DNI, NIE o passaport i el resguard de matr\u00edcula amb l\u2019import ingressat. Aquest resguard el podeu obtenir dins de l\u2019\u00e0rea d\u2019alumnat de l\u2019EOI d\u2019origen. Cliqueu&nbsp;<a href=\"https:\/\/agora-eoi.xtec.cat\/eoiterrassa\/wp-content\/uploads\/usu2242\/2024\/06\/Captura-MATRICULA-TRASLLAT-1.jpg\"><strong>AQU\u00cd<\/strong>&nbsp;<\/a>per veure\u2019n un exemple. L\u2019escola de destinaci\u00f3 es posar\u00e0 en contacte amb l\u2019alumne\/a&nbsp;<strong>abans del 17 de juliol de 2025&nbsp;<\/strong>per notificar-li l\u2019acceptaci\u00f3 o la denegaci\u00f3 del trasllat en funci\u00f3 de la disponibilitat de places.&nbsp;Si el trasllat de matr\u00edcula \u00e9s viable, l\u2019EOI de destinaci\u00f3 s\u2019encarregar\u00e0 de la tramitaci\u00f3.<\/p>\n","protected":false},"excerpt":{"rendered":"<p>Trasllat de l\u2019alumnat durant el curs acad\u00e8micUn trasllat de matr\u00edcula t\u00e9 lloc quan l\u2019estudiant, una vegada iniciat el curs, vol canviar d\u2019EOI. El termini per fer trasllats de matr\u00edcula viva pel curs 25-26 finalitza&nbsp;el dijous, 30 d\u2019abril de 2026.Si un\/a alumne\/a vol marxar a un altre centre, haur\u00e0 de consultar l\u2019EOI de destinaci\u00f3 si hi [&hellip;]<\/p>\n","protected":false},"author":1,"featured_media":0,"parent":0,"menu_order":0,"comment_status":"closed","ping_status":"close","template":"","meta":{"site-sidebar-layout":"default","site-content-layout":"","ast-site-content-layout":"default","site-content-style":"default","site-sidebar-style":"default","ast-global-header-display":"","ast-banner-title-visibility":"","ast-main-header-display":"","ast-hfb-above-header-display":"","ast-hfb-below-header-display":"","ast-hfb-mobile-header-display":"","site-post-title":"","ast-breadcrumbs-content":"","ast-featured-img":"","footer-sml-layout":"","theme-transparent-header-meta":"","adv-header-id-meta":"","stick-header-meta":"","header-above-stick-meta":"","header-main-stick-meta":"","header-below-stick-meta":"","astra-migrate-meta-layouts":"set","ast-page-background-enabled":"default","ast-page-background-meta":{"desktop":{"background-color":"var(--ast-global-color-4)","background-image":"","background-repeat":"repeat","background-position":"center center","background-size":"auto","background-attachment":"scroll","background-type":"","background-media":"","overlay-type":"","overlay-color":"","overlay-opacity":"","overlay-gradient":""},"tablet":{"background-color":"","background-image":"","background-repeat":"repeat","background-position":"center center","background-size":"auto","background-attachment":"scroll","background-type":"","background-media":"","overlay-type":"","overlay-color":"","overlay-opacity":"","overlay-gradient":""},"mobile":{"background-color":"","background-image":"","background-repeat":"repeat","background-position":"center center","background-size":"auto","background-attachment":"scroll","background-type":"","background-media":"","overlay-type":"","overlay-color":"","overlay-opacity":"","overlay-gradient":""}},"ast-content-background-meta":{"desktop":{"background-color":"var(--ast-global-color-5)","background-image":"","background-repeat":"repeat","background-position":"center center","background-size":"auto","background-attachment":"scroll","background-type":"","background-media":"","overlay-type":"","overlay-color":"","overlay-opacity":"","overlay-gradient":""},"tablet":{"background-color":"var(--ast-global-color-5)","background-image":"","background-repeat":"repeat","background-position":"center center","background-size":"auto","background-attachment":"scroll","background-type":"","background-media":"","overlay-type":"","overlay-color":"","overlay-opacity":"","overlay-gradient":""},"mobile":{"background-color":"var(--ast-global-color-5)","background-image":"","background-repeat":"repeat","background-position":"center center","background-size":"auto","background-attachment":"scroll","background-type":"","background-media":"","overlay-type":"","overlay-color":"","overlay-opacity":"","overlay-gradient":""}},"footnotes":""},"class_list":["post-20745","page","type-page","status-publish","hentry"],"post_mailing_queue_ids":[],"_links":{"self":[{"href":"https:\/\/agora-eoi.xtec.cat\/eoiterrassa\/wp-json\/wp\/v2\/pages\/20745","targetHints":{"allow":["GET"]}}],"collection":[{"href":"https:\/\/agora-eoi.xtec.cat\/eoiterrassa\/wp-json\/wp\/v2\/pages"}],"about":[{"href":"https:\/\/agora-eoi.xtec.cat\/eoiterrassa\/wp-json\/wp\/v2\/types\/page"}],"author":[{"embeddable":true,"href":"https:\/\/agora-eoi.xtec.cat\/eoiterrassa\/wp-json\/wp\/v2\/users\/1"}],"replies":[{"embeddable":true,"href":"https:\/\/agora-eoi.xtec.cat\/eoiterrassa\/wp-json\/wp\/v2\/comments?post=20745"}],"version-history":[{"count":1,"href":"https:\/\/agora-eoi.xtec.cat\/eoiterrassa\/wp-json\/wp\/v2\/pages\/20745\/revisions"}],"predecessor-version":[{"id":20746,"href":"https:\/\/agora-eoi.xtec.cat\/eoiterrassa\/wp-json\/wp\/v2\/pages\/20745\/revisions\/20746"}],"wp:attachment":[{"href":"https:\/\/agora-eoi.xtec.cat\/eoiterrassa\/wp-json\/wp\/v2\/media?parent=20745"}],"curies":[{"name":"wp","href":"https:\/\/api.w.org\/{rel}","templated":true}]}}