{"id":20739,"date":"2026-04-23T20:38:05","date_gmt":"2026-04-23T18:38:05","guid":{"rendered":"https:\/\/agora-eoi.xtec.cat\/eoiterrassa\/?page_id=20739"},"modified":"2026-04-23T20:38:06","modified_gmt":"2026-04-23T18:38:06","slug":"sollicitud-de-convocatoria-addicional","status":"publish","type":"page","link":"https:\/\/agora-eoi.xtec.cat\/eoiterrassa\/sollicitud-de-convocatoria-addicional\/","title":{"rendered":"\u00a0Sol\u00b7licitud de convocat\u00f2ria addicional"},"content":{"rendered":"\n<p>En cadascun dels nivells b\u00e0sic, intermedi B1, intermedi B2 , avan\u00e7at C1 i avan\u00e7at C2 , l\u2019alumne o alumna t\u00e9 dret a romandre matriculat en r\u00e8gim d\u2019ensenyament oficial, modalitat presencial o semipresencial, durant un m\u00e0xim de cursos acad\u00e8mics equivalents al doble dels cursos de qu\u00e8 consta el nivell per a l\u2019idioma corresponent.<\/p>\n\n\n\n<p>L\u2019alumne o alumna que cursa per tercera vegada el primer curs del nivell b\u00e0sic o del nivell intermedi B2, i no el supera, no pot cursar-lo una altra vegada.<\/p>\n\n\n\n<p>La plataforma de matr\u00edcula en l\u00ednia&nbsp;&nbsp;<strong>NO permetr\u00e0 fer autom\u00e0ticament tres matr\u00edcules a cap curs<\/strong>.&nbsp;Per cursar per tercera vegada el primer curs del nivell b\u00e0sic o del nivell intermedi B2, l\u2019alumne o alumna haur\u00e0 de contactar amb la secretaria del centre per tal que habiliti el pagament de la tercera matr\u00edcula.<\/p>\n\n\n\n<p>L\u2019alumne o alumna que accedeix directament al segon curs del nivell b\u00e0sic o al segon curs del nivell intermedi B2, el pot cursar un m\u00e0xim de dues vegades.<\/p>\n\n\n\n<p>Per saber les vegades que est\u00e0 perm\u00e8s matricular-se en un curs consulteu les combinacions possibles seg\u00fcents en<strong>&nbsp;<a href=\"https:\/\/agora-eoi.xtec.cat\/eoiterrassa\/wp-content\/uploads\/usu2242\/2022\/03\/Repeticio-de-curs-i-convocatoria-addicional.pdf\">aquest document.<\/a><\/strong><\/p>\n\n\n\n<p>En casos excepcionals, que ha de valorar el director o directora de l\u2019escola i sempre que no representi fer el mateix curs per quarta vegada, el director o directora pot autoritzar la repetici\u00f3 o perman\u00e8ncia d\u2019un curs m\u00e9s en r\u00e8gim oficial presencial a l\u2019alumne o alumna que ho sol\u00b7liciti, quan ja hagi superat el nombre m\u00e0xim de cursos de perman\u00e8ncia autoritzats amb car\u00e0cter general per al nivell corresponent. Es pot concedir una \u00fanica convocat\u00f2ria addicional per nivell.<\/p>\n\n\n\n<p>La sol\u00b7licitud de convocat\u00f2ria addicional s\u2019ha de presentar presencialment a secretaria durant la primera setmana de juliol i es resoldr\u00e0 durant el mes de juliol, segons places disponibles. La resoluci\u00f3 de la sol\u00b7licitud i la notificaci\u00f3 del dia de matr\u00edcula es comunicar\u00e0 per correu electr\u00f2nic.<\/p>\n\n\n\n<p>Tamb\u00e9 es pot sol\u00b7licitar al setembre i es resoldr\u00e0 un cop finalitzada la matriculaci\u00f3 ordin\u00e0ria.<\/p>\n\n\n\n<p><a href=\"https:\/\/agora-eoi.xtec.cat\/eoiterrassa\/matricula-2\/matricula\/taxes\/\"><strong>Preus convocat\u00f2ria addicional (3a matr\u00edcula) <\/strong><\/a><\/p>\n\n\n\n<p>Per sol\u00b7licitar una convocat\u00f2ria addicional heu d\u2019omplir<strong><a href=\"https:\/\/agora-eoi.xtec.cat\/eoiterrassa\/wp-content\/uploads\/usu2242\/2025\/09\/16.-Sollicitud-convocatoria-addicional-1.pdf\">&nbsp;aquesta sol\u00b7licitud<\/a>&nbsp;<\/strong><\/p>\n","protected":false},"excerpt":{"rendered":"<p>En cadascun dels nivells b\u00e0sic, intermedi B1, intermedi B2 , avan\u00e7at C1 i avan\u00e7at C2 , l\u2019alumne o alumna t\u00e9 dret a romandre matriculat en r\u00e8gim d\u2019ensenyament oficial, modalitat presencial o semipresencial, durant un m\u00e0xim de cursos acad\u00e8mics equivalents al doble dels cursos de qu\u00e8 consta el nivell per a l\u2019idioma corresponent. L\u2019alumne o alumna [&hellip;]<\/p>\n","protected":false},"author":1,"featured_media":0,"parent":0,"menu_order":0,"comment_status":"closed","ping_status":"close","template":"","meta":{"site-sidebar-layout":"default","site-content-layout":"","ast-site-content-layout":"default","site-content-style":"default","site-sidebar-style":"default","ast-global-header-display":"","ast-banner-title-visibility":"","ast-main-header-display":"","ast-hfb-above-header-display":"","ast-hfb-below-header-display":"","ast-hfb-mobile-header-display":"","site-post-title":"","ast-breadcrumbs-content":"","ast-featured-img":"","footer-sml-layout":"","theme-transparent-header-meta":"","adv-header-id-meta":"","stick-header-meta":"","header-above-stick-meta":"","header-main-stick-meta":"","header-below-stick-meta":"","astra-migrate-meta-layouts":"set","ast-page-background-enabled":"default","ast-page-background-meta":{"desktop":{"background-color":"var(--ast-global-color-4)","background-image":"","background-repeat":"repeat","background-position":"center center","background-size":"auto","background-attachment":"scroll","background-type":"","background-media":"","overlay-type":"","overlay-color":"","overlay-opacity":"","overlay-gradient":""},"tablet":{"background-color":"","background-image":"","background-repeat":"repeat","background-position":"center center","background-size":"auto","background-attachment":"scroll","background-type":"","background-media":"","overlay-type":"","overlay-color":"","overlay-opacity":"","overlay-gradient":""},"mobile":{"background-color":"","background-image":"","background-repeat":"repeat","background-position":"center center","background-size":"auto","background-attachment":"scroll","background-type":"","background-media":"","overlay-type":"","overlay-color":"","overlay-opacity":"","overlay-gradient":""}},"ast-content-background-meta":{"desktop":{"background-color":"var(--ast-global-color-5)","background-image":"","background-repeat":"repeat","background-position":"center center","background-size":"auto","background-attachment":"scroll","background-type":"","background-media":"","overlay-type":"","overlay-color":"","overlay-opacity":"","overlay-gradient":""},"tablet":{"background-color":"var(--ast-global-color-5)","background-image":"","background-repeat":"repeat","background-position":"center center","background-size":"auto","background-attachment":"scroll","background-type":"","background-media":"","overlay-type":"","overlay-color":"","overlay-opacity":"","overlay-gradient":""},"mobile":{"background-color":"var(--ast-global-color-5)","background-image":"","background-repeat":"repeat","background-position":"center center","background-size":"auto","background-attachment":"scroll","background-type":"","background-media":"","overlay-type":"","overlay-color":"","overlay-opacity":"","overlay-gradient":""}},"footnotes":""},"class_list":["post-20739","page","type-page","status-publish","hentry"],"post_mailing_queue_ids":[],"_links":{"self":[{"href":"https:\/\/agora-eoi.xtec.cat\/eoiterrassa\/wp-json\/wp\/v2\/pages\/20739","targetHints":{"allow":["GET"]}}],"collection":[{"href":"https:\/\/agora-eoi.xtec.cat\/eoiterrassa\/wp-json\/wp\/v2\/pages"}],"about":[{"href":"https:\/\/agora-eoi.xtec.cat\/eoiterrassa\/wp-json\/wp\/v2\/types\/page"}],"author":[{"embeddable":true,"href":"https:\/\/agora-eoi.xtec.cat\/eoiterrassa\/wp-json\/wp\/v2\/users\/1"}],"replies":[{"embeddable":true,"href":"https:\/\/agora-eoi.xtec.cat\/eoiterrassa\/wp-json\/wp\/v2\/comments?post=20739"}],"version-history":[{"count":1,"href":"https:\/\/agora-eoi.xtec.cat\/eoiterrassa\/wp-json\/wp\/v2\/pages\/20739\/revisions"}],"predecessor-version":[{"id":20740,"href":"https:\/\/agora-eoi.xtec.cat\/eoiterrassa\/wp-json\/wp\/v2\/pages\/20739\/revisions\/20740"}],"wp:attachment":[{"href":"https:\/\/agora-eoi.xtec.cat\/eoiterrassa\/wp-json\/wp\/v2\/media?parent=20739"}],"curies":[{"name":"wp","href":"https:\/\/api.w.org\/{rel}","templated":true}]}}