{"id":20733,"date":"2026-04-23T20:34:33","date_gmt":"2026-04-23T18:34:33","guid":{"rendered":"https:\/\/agora-eoi.xtec.cat\/eoiterrassa\/?page_id=20733"},"modified":"2026-04-23T20:34:34","modified_gmt":"2026-04-23T18:34:34","slug":"sollicitud-titol-b2-c1-i-c2","status":"publish","type":"page","link":"https:\/\/agora-eoi.xtec.cat\/eoiterrassa\/sollicitud-titol-b2-c1-i-c2\/","title":{"rendered":"Sol\u00b7licitud t\u00edtol B2, C1 i C2"},"content":{"rendered":"\n<p>Els t\u00edtols de B2, C1 i C2 estan subjectes al pagament de taxes per a la seva expedici\u00f3. Podeu veure les taxes actualitzades&nbsp;<strong><a href=\"http:\/\/ensenyament.gencat.cat\/ca\/departament\/normativa\/taxes-preus-publics\/taxes\/\" target=\"_blank\" rel=\"noreferrer noopener\">en aquest enlla\u00e7<\/a>.<\/strong><\/p>\n\n\n\n<p>Des de febrer de 2026 la sol\u00b7licitud de t\u00edtols B2,C1 o C2 es fan exclusivament en l\u00ednia i a petici\u00f3 de la persona interessada. Teniu les instruccions per sol\u00b7licitar el t\u00edtol&nbsp;<a href=\"https:\/\/agora-eoi.xtec.cat\/eoiterrassa\/wp-content\/uploads\/usu2242\/2026\/02\/Sollicitud-primera-expedicio-titol-B2C1-o-C2-1.pdf\"><strong>AQU\u00cd<\/strong><\/a>.&nbsp;La sol\u00b7licitud es fa en aquest&nbsp;<a href=\"https:\/\/tramits.gencat.cat\/ca\/tramits\/tramits-temes\/titols-academics-no-universitaris\"><strong>enlla\u00e7<\/strong><\/a>.<\/p>\n\n\n\n<p><strong>Un cop hagueu fet el pagament del t\u00edtol, haureu d\u2019enviar un correu electr\u00f2nic<\/strong>&nbsp;a&nbsp;secretaria@eoiterrassa.cat&nbsp;indicant:<\/p>\n\n\n\n<p>\u2013 nom i cognoms&nbsp;<\/p>\n\n\n\n<p>\u2013 DNI\/NIE o passaport<\/p>\n\n\n\n<p>\u2013 T\u00edtol sol\u00b7licitat (per exemple: C1 angl\u00e8s)<\/p>\n\n\n\n<p>L\u2019escola us respondr\u00e0 el correu una vegada s\u2019hagi verificat el vostre pagament (unes 48 hores) per comunicar-vos que heu de venir presencialment a la Secretaria per validar el resguard del t\u00edtol. Aquest resguard provisional tindr\u00e0 efectes legals mentre el t\u00edtol no s\u2019expedeixi materialment.<\/p>\n","protected":false},"excerpt":{"rendered":"<p>Els t\u00edtols de B2, C1 i C2 estan subjectes al pagament de taxes per a la seva expedici\u00f3. Podeu veure les taxes actualitzades&nbsp;en aquest enlla\u00e7. Des de febrer de 2026 la sol\u00b7licitud de t\u00edtols B2,C1 o C2 es fan exclusivament en l\u00ednia i a petici\u00f3 de la persona interessada. Teniu les instruccions per sol\u00b7licitar el [&hellip;]<\/p>\n","protected":false},"author":1,"featured_media":0,"parent":0,"menu_order":0,"comment_status":"closed","ping_status":"close","template":"","meta":{"site-sidebar-layout":"default","site-content-layout":"","ast-site-content-layout":"default","site-content-style":"default","site-sidebar-style":"default","ast-global-header-display":"","ast-banner-title-visibility":"","ast-main-header-display":"","ast-hfb-above-header-display":"","ast-hfb-below-header-display":"","ast-hfb-mobile-header-display":"","site-post-title":"","ast-breadcrumbs-content":"","ast-featured-img":"","footer-sml-layout":"","theme-transparent-header-meta":"","adv-header-id-meta":"","stick-header-meta":"","header-above-stick-meta":"","header-main-stick-meta":"","header-below-stick-meta":"","astra-migrate-meta-layouts":"set","ast-page-background-enabled":"default","ast-page-background-meta":{"desktop":{"background-color":"var(--ast-global-color-4)","background-image":"","background-repeat":"repeat","background-position":"center center","background-size":"auto","background-attachment":"scroll","background-type":"","background-media":"","overlay-type":"","overlay-color":"","overlay-opacity":"","overlay-gradient":""},"tablet":{"background-color":"","background-image":"","background-repeat":"repeat","background-position":"center center","background-size":"auto","background-attachment":"scroll","background-type":"","background-media":"","overlay-type":"","overlay-color":"","overlay-opacity":"","overlay-gradient":""},"mobile":{"background-color":"","background-image":"","background-repeat":"repeat","background-position":"center center","background-size":"auto","background-attachment":"scroll","background-type":"","background-media":"","overlay-type":"","overlay-color":"","overlay-opacity":"","overlay-gradient":""}},"ast-content-background-meta":{"desktop":{"background-color":"var(--ast-global-color-5)","background-image":"","background-repeat":"repeat","background-position":"center center","background-size":"auto","background-attachment":"scroll","background-type":"","background-media":"","overlay-type":"","overlay-color":"","overlay-opacity":"","overlay-gradient":""},"tablet":{"background-color":"var(--ast-global-color-5)","background-image":"","background-repeat":"repeat","background-position":"center center","background-size":"auto","background-attachment":"scroll","background-type":"","background-media":"","overlay-type":"","overlay-color":"","overlay-opacity":"","overlay-gradient":""},"mobile":{"background-color":"var(--ast-global-color-5)","background-image":"","background-repeat":"repeat","background-position":"center center","background-size":"auto","background-attachment":"scroll","background-type":"","background-media":"","overlay-type":"","overlay-color":"","overlay-opacity":"","overlay-gradient":""}},"footnotes":""},"class_list":["post-20733","page","type-page","status-publish","hentry"],"post_mailing_queue_ids":[],"_links":{"self":[{"href":"https:\/\/agora-eoi.xtec.cat\/eoiterrassa\/wp-json\/wp\/v2\/pages\/20733","targetHints":{"allow":["GET"]}}],"collection":[{"href":"https:\/\/agora-eoi.xtec.cat\/eoiterrassa\/wp-json\/wp\/v2\/pages"}],"about":[{"href":"https:\/\/agora-eoi.xtec.cat\/eoiterrassa\/wp-json\/wp\/v2\/types\/page"}],"author":[{"embeddable":true,"href":"https:\/\/agora-eoi.xtec.cat\/eoiterrassa\/wp-json\/wp\/v2\/users\/1"}],"replies":[{"embeddable":true,"href":"https:\/\/agora-eoi.xtec.cat\/eoiterrassa\/wp-json\/wp\/v2\/comments?post=20733"}],"version-history":[{"count":1,"href":"https:\/\/agora-eoi.xtec.cat\/eoiterrassa\/wp-json\/wp\/v2\/pages\/20733\/revisions"}],"predecessor-version":[{"id":20734,"href":"https:\/\/agora-eoi.xtec.cat\/eoiterrassa\/wp-json\/wp\/v2\/pages\/20733\/revisions\/20734"}],"wp:attachment":[{"href":"https:\/\/agora-eoi.xtec.cat\/eoiterrassa\/wp-json\/wp\/v2\/media?parent=20733"}],"curies":[{"name":"wp","href":"https:\/\/api.w.org\/{rel}","templated":true}]}}