{"id":20668,"date":"2026-04-22T10:08:17","date_gmt":"2026-04-22T08:08:17","guid":{"rendered":"https:\/\/agora-eoi.xtec.cat\/eoiterrassa\/?page_id=20668"},"modified":"2026-04-22T10:08:18","modified_gmt":"2026-04-22T08:08:18","slug":"preinscripcio","status":"publish","type":"page","link":"https:\/\/agora-eoi.xtec.cat\/eoiterrassa\/preinscripcio\/","title":{"rendered":"Preinscripci\u00f3"},"content":{"rendered":"\n<p><strong>Preinscripci\u00f3 nou alumnat<\/strong><strong><br><\/strong>La preinscripci\u00f3 \u00e9s un tr\u00e0mit obligatori per entrar com alumne\/a nou\/va a l\u2019EOI de Terrassa. Es fa telem\u00e0ticament a final d\u2019agost principi de setembre a trav\u00e9s del web:\u00a0<a href=\"https:\/\/www.eoidigital.com\/eoicat\/alumnes\/\">http:\/\/www.eoidigital.com\/preinscripcio\/alumnes\/\u00a0<\/a>o presencialment els dies indicats.<\/p>\n\n\n\n<p><\/p>\n\n\n\n<p><strong>La preinscripci\u00f3 pot ser:<\/strong><\/p>\n\n\n\n<ul class=\"wp-block-list\">\n<li><strong>A A1 (primer curs):\u00a0<\/strong>Si\u00a0<strong>NO<\/strong>\u00a0es tenen coneixements de l\u2019idioma o es vol comen\u00e7ar des de zero.<\/li>\n\n\n\n<li><strong>Amb Test de nivell:\u00a0<\/strong>Si es tenen coneixements de l\u2019idioma i es vol comen\u00e7ar des d\u2019un nivell superior a 1r i\u00a0<strong>NO<\/strong>\u00a0es disposa d\u2019un CERTIFICAT de l\u2019idioma segons\u00a0<a href=\"https:\/\/preinscripcio.gencat.cat\/ca\/estudis\/idiomes-eoi\/informat\/test-nivell-a2-c1\/\"><strong>la taula d\u2019exempcions<\/strong><\/a>.En aquest cas s\u2019haur\u00e0 de fer el test de nivell online pel que fa a angl\u00e8s, alemany i franc\u00e8s. Per la resta d\u2019idiomes (\u00e0rab i itali\u00e0) s\u2019haur\u00e0 de venir a l\u2019escola el dia assenyalat.<\/li>\n\n\n\n<li><strong>A2, B1, B2.1, B2.2 o C1:\u00a0<\/strong>NOM\u00c9S si t\u00e9 aprovat el curs anterior en qualsevol EOI o si t\u00e9 un CERTIFICAT de l\u2019idioma segons\u00a0<a href=\"https:\/\/preinscripcio.gencat.cat\/ca\/estudis\/idiomes-eoi\/informat\/test-nivell-a2-c1\/\"><strong>la taula d\u2019exempcions.<\/strong><\/a>\u00a0En aquest cas en el moment de fer la matr\u00edcula presencial ha de portar una fotoc\u00f2pia del certificat.<\/li>\n\n\n\n<li>Per accedir al nostre curs de\u00a0<strong>Catal\u00e0 C2<\/strong>\u00a0s\u2019ha d\u2019<a href=\"https:\/\/llengua.gencat.cat\/ca\/serveis\/acreditacio_coneixements\/certificats_de_catala\/equivalencies-acreditacions\/\">acreditar el nivell C1<\/a>\u00a0o b\u00e9 sol\u00b7licitar aquest reconeixement a\u00a0<strong>qualsevol institut d\u2019educaci\u00f3 secund\u00e0ria p\u00fablic\u00a0<\/strong>(no ha de ser el centre on s\u2019han cursat els estudis secundaris).\u00a0Tamb\u00e9 hi ha la possibilitat de fer el test de nivell el dia assenyalat.<\/li>\n<\/ul>\n\n\n\n<p><\/p>\n\n\n\n<p><strong>La preinscripci\u00f3 es fa<\/strong>\u00a0<strong>per\u00a0<a href=\"http:\/\/www.eoidigital.com\/preinscripcio\/alumnes\/\">via telem\u00e0tica<\/a><\/strong>. (consulteu horaris cada any al web)<\/p>\n","protected":false},"excerpt":{"rendered":"<p>Preinscripci\u00f3 nou alumnatLa preinscripci\u00f3 \u00e9s un tr\u00e0mit obligatori per entrar com alumne\/a nou\/va a l\u2019EOI de Terrassa. Es fa telem\u00e0ticament a final d\u2019agost principi de setembre a trav\u00e9s del web:\u00a0http:\/\/www.eoidigital.com\/preinscripcio\/alumnes\/\u00a0o presencialment els dies indicats. La preinscripci\u00f3 pot ser: La preinscripci\u00f3 es fa\u00a0per\u00a0via telem\u00e0tica. (consulteu horaris cada any al web)<\/p>\n","protected":false},"author":1,"featured_media":0,"parent":0,"menu_order":0,"comment_status":"closed","ping_status":"close","template":"","meta":{"site-sidebar-layout":"default","site-content-layout":"","ast-site-content-layout":"default","site-content-style":"default","site-sidebar-style":"default","ast-global-header-display":"","ast-banner-title-visibility":"","ast-main-header-display":"","ast-hfb-above-header-display":"","ast-hfb-below-header-display":"","ast-hfb-mobile-header-display":"","site-post-title":"","ast-breadcrumbs-content":"","ast-featured-img":"","footer-sml-layout":"","theme-transparent-header-meta":"","adv-header-id-meta":"","stick-header-meta":"","header-above-stick-meta":"","header-main-stick-meta":"","header-below-stick-meta":"","astra-migrate-meta-layouts":"set","ast-page-background-enabled":"default","ast-page-background-meta":{"desktop":{"background-color":"var(--ast-global-color-4)","background-image":"","background-repeat":"repeat","background-position":"center center","background-size":"auto","background-attachment":"scroll","background-type":"","background-media":"","overlay-type":"","overlay-color":"","overlay-opacity":"","overlay-gradient":""},"tablet":{"background-color":"","background-image":"","background-repeat":"repeat","background-position":"center center","background-size":"auto","background-attachment":"scroll","background-type":"","background-media":"","overlay-type":"","overlay-color":"","overlay-opacity":"","overlay-gradient":""},"mobile":{"background-color":"","background-image":"","background-repeat":"repeat","background-position":"center center","background-size":"auto","background-attachment":"scroll","background-type":"","background-media":"","overlay-type":"","overlay-color":"","overlay-opacity":"","overlay-gradient":""}},"ast-content-background-meta":{"desktop":{"background-color":"var(--ast-global-color-5)","background-image":"","background-repeat":"repeat","background-position":"center center","background-size":"auto","background-attachment":"scroll","background-type":"","background-media":"","overlay-type":"","overlay-color":"","overlay-opacity":"","overlay-gradient":""},"tablet":{"background-color":"var(--ast-global-color-5)","background-image":"","background-repeat":"repeat","background-position":"center center","background-size":"auto","background-attachment":"scroll","background-type":"","background-media":"","overlay-type":"","overlay-color":"","overlay-opacity":"","overlay-gradient":""},"mobile":{"background-color":"var(--ast-global-color-5)","background-image":"","background-repeat":"repeat","background-position":"center center","background-size":"auto","background-attachment":"scroll","background-type":"","background-media":"","overlay-type":"","overlay-color":"","overlay-opacity":"","overlay-gradient":""}},"footnotes":""},"class_list":["post-20668","page","type-page","status-publish","hentry"],"post_mailing_queue_ids":[],"_links":{"self":[{"href":"https:\/\/agora-eoi.xtec.cat\/eoiterrassa\/wp-json\/wp\/v2\/pages\/20668","targetHints":{"allow":["GET"]}}],"collection":[{"href":"https:\/\/agora-eoi.xtec.cat\/eoiterrassa\/wp-json\/wp\/v2\/pages"}],"about":[{"href":"https:\/\/agora-eoi.xtec.cat\/eoiterrassa\/wp-json\/wp\/v2\/types\/page"}],"author":[{"embeddable":true,"href":"https:\/\/agora-eoi.xtec.cat\/eoiterrassa\/wp-json\/wp\/v2\/users\/1"}],"replies":[{"embeddable":true,"href":"https:\/\/agora-eoi.xtec.cat\/eoiterrassa\/wp-json\/wp\/v2\/comments?post=20668"}],"version-history":[{"count":1,"href":"https:\/\/agora-eoi.xtec.cat\/eoiterrassa\/wp-json\/wp\/v2\/pages\/20668\/revisions"}],"predecessor-version":[{"id":20669,"href":"https:\/\/agora-eoi.xtec.cat\/eoiterrassa\/wp-json\/wp\/v2\/pages\/20668\/revisions\/20669"}],"wp:attachment":[{"href":"https:\/\/agora-eoi.xtec.cat\/eoiterrassa\/wp-json\/wp\/v2\/media?parent=20668"}],"curies":[{"name":"wp","href":"https:\/\/api.w.org\/{rel}","templated":true}]}}