{"id":19454,"date":"2025-10-10T13:15:23","date_gmt":"2025-10-10T11:15:23","guid":{"rendered":"https:\/\/agora-eoi.xtec.cat\/eoiterrassa\/?page_id=19454"},"modified":"2025-10-10T13:23:38","modified_gmt":"2025-10-10T11:23:38","slug":"que-opinen-els-nostres-alumnes","status":"publish","type":"page","link":"https:\/\/agora-eoi.xtec.cat\/eoiterrassa\/que-opinen-els-nostres-alumnes\/","title":{"rendered":"Qu\u00e8 opinen els nostres alumnes?"},"content":{"rendered":"\n<p><strong>RESPOSTES\u00a0de l&#8217;alumnat de cursos semipresencials a la pregunta &#8220;Despr\u00e9s d&#8217;aquesta experi\u00e8ncia, qu\u00e8 li diries a alg\u00fa que est\u00e0 pensant a matricular-se\u00a0a un curs semipresencial de B1 a l&#8217;EOI, per\u00f2 no ho t\u00e9 clar?&#8221;<\/strong><\/p>\n\n\n\n<p>&#8211;&nbsp;Que permet conciliar feina i classes, que la c\u00e0rrega de feina a casa \u00e9s assumible i que&nbsp;les classes presencials s\u00f3n molt \u00fatils i amenes.<\/p>\n\n\n\n<p>&#8211;&nbsp;Ha d&#8217;estar disposat\/da a dedicar temps a casa.<\/p>\n\n\n\n<p>&#8211; Si tens uns m\u00ednims coneixements de tecnologia, endavant. Tot est\u00e0 molt b\u00e9 organitzat.<\/p>\n\n\n\n<p>&#8211; Necessites certa disciplina i ser constant, per\u00f2 \u00e9s una modalitat que a mi personalment em va molt b\u00e9. Si no hi hagu\u00e9s semipresencial, no podria continuar estudiant angl\u00e8s.<\/p>\n\n\n\n<p>&#8211; Que ha de tener un buen h\u00e1bito de estudio on line, ser estricto y constante en el estudio, idea que se debe extrapolar a todo estudio a distancia sea semi o on line.<\/p>\n\n\n\n<p>&#8211; Que es una forma muy pr\u00e1ctica de avanzar a un ritmo m\u00e1s autogestionable.<\/p>\n\n\n\n<p>&#8211; Para m\u00ed ha sido una experiencia de 10 aunque inicialmente hab\u00eda querido hacer un curso normal. Tuve la posibilidad de cambiar a un curso normal en medio del curso y decid\u00ed no hacerlo.<\/p>\n\n\n\n<p>&#8211; Que si no disposa de prou temps per anar dos dies a l&#8217;EOI \u00e9s una opci\u00f3 molt bona<\/p>\n\n\n\n<p>&#8211; \u00c9s una bona opci\u00f3 si ets constant. El dia presencial s&#8217;aprofita molt i les feines a casa estan molt guiades.<\/p>\n\n\n\n<p>&#8211; If someone is thinking about signing up for a semi-presential B1 course at the EOI but is unsure, I would definitely recommend it! Personally, my experience was really positive. The combination of online and in-person classes gave me a lot of flexibility, and I could learn at my own pace. The teacher is really supportive and always there to help when you need it. The materials are well-structured, which makes learning more enjoyable. Plus, being part of a group helps keep you motivated and you get to practice speaking with others, which is very important when learning a language. Overall, I think it&#8217;s a great&nbsp;option if you want to improve your skills while managing other responsibilities. Go for it!<\/p>\n\n\n\n<p>&#8211; Cada persona ha de valorar la proposta segons la seva disponibilitat, habilitats tecnol\u00f2giques i prefer\u00e8ncies . Aquesta opci\u00f3 permet anar treballant al teu ritme des de casa, per\u00f2 cal const\u00e0ncia i treball sistem\u00e0tic. Per a mi, \u00e9s una molt bona opci\u00f3.<\/p>\n\n\n\n<div class=\"wp-block-buttons is-layout-flex wp-block-buttons-is-layout-flex\">\n<div class=\"wp-block-button\"><a class=\"wp-block-button__link wp-element-button\" href=\"https:\/\/agora-eoi.xtec.cat\/eoiterrassa\/modalitats-de-cursos\/\">Enrere<\/a><\/div>\n<\/div>\n","protected":false},"excerpt":{"rendered":"<p>RESPOSTES\u00a0de l&#8217;alumnat de cursos semipresencials a la pregunta &#8220;Despr\u00e9s d&#8217;aquesta experi\u00e8ncia, qu\u00e8 li diries a alg\u00fa que est\u00e0 pensant a matricular-se\u00a0a un curs semipresencial de B1 a l&#8217;EOI, per\u00f2 no ho t\u00e9 clar?&#8221; &#8211;&nbsp;Que permet conciliar feina i classes, que la c\u00e0rrega de feina a casa \u00e9s assumible i que&nbsp;les classes presencials s\u00f3n molt \u00fatils [&hellip;]<\/p>\n","protected":false},"author":1,"featured_media":0,"parent":0,"menu_order":0,"comment_status":"closed","ping_status":"close","template":"","meta":{"site-sidebar-layout":"default","site-content-layout":"","ast-site-content-layout":"default","site-content-style":"default","site-sidebar-style":"default","ast-global-header-display":"","ast-banner-title-visibility":"","ast-main-header-display":"","ast-hfb-above-header-display":"","ast-hfb-below-header-display":"","ast-hfb-mobile-header-display":"","site-post-title":"","ast-breadcrumbs-content":"","ast-featured-img":"","footer-sml-layout":"","theme-transparent-header-meta":"","adv-header-id-meta":"","stick-header-meta":"","header-above-stick-meta":"","header-main-stick-meta":"","header-below-stick-meta":"","astra-migrate-meta-layouts":"set","ast-page-background-enabled":"default","ast-page-background-meta":{"desktop":{"background-color":"var(--ast-global-color-4)","background-image":"","background-repeat":"repeat","background-position":"center center","background-size":"auto","background-attachment":"scroll","background-type":"","background-media":"","overlay-type":"","overlay-color":"","overlay-opacity":"","overlay-gradient":""},"tablet":{"background-color":"","background-image":"","background-repeat":"repeat","background-position":"center center","background-size":"auto","background-attachment":"scroll","background-type":"","background-media":"","overlay-type":"","overlay-color":"","overlay-opacity":"","overlay-gradient":""},"mobile":{"background-color":"","background-image":"","background-repeat":"repeat","background-position":"center center","background-size":"auto","background-attachment":"scroll","background-type":"","background-media":"","overlay-type":"","overlay-color":"","overlay-opacity":"","overlay-gradient":""}},"ast-content-background-meta":{"desktop":{"background-color":"var(--ast-global-color-5)","background-image":"","background-repeat":"repeat","background-position":"center center","background-size":"auto","background-attachment":"scroll","background-type":"","background-media":"","overlay-type":"","overlay-color":"","overlay-opacity":"","overlay-gradient":""},"tablet":{"background-color":"var(--ast-global-color-5)","background-image":"","background-repeat":"repeat","background-position":"center center","background-size":"auto","background-attachment":"scroll","background-type":"","background-media":"","overlay-type":"","overlay-color":"","overlay-opacity":"","overlay-gradient":""},"mobile":{"background-color":"var(--ast-global-color-5)","background-image":"","background-repeat":"repeat","background-position":"center center","background-size":"auto","background-attachment":"scroll","background-type":"","background-media":"","overlay-type":"","overlay-color":"","overlay-opacity":"","overlay-gradient":""}},"footnotes":""},"class_list":["post-19454","page","type-page","status-publish","hentry"],"post_mailing_queue_ids":[],"_links":{"self":[{"href":"https:\/\/agora-eoi.xtec.cat\/eoiterrassa\/wp-json\/wp\/v2\/pages\/19454","targetHints":{"allow":["GET"]}}],"collection":[{"href":"https:\/\/agora-eoi.xtec.cat\/eoiterrassa\/wp-json\/wp\/v2\/pages"}],"about":[{"href":"https:\/\/agora-eoi.xtec.cat\/eoiterrassa\/wp-json\/wp\/v2\/types\/page"}],"author":[{"embeddable":true,"href":"https:\/\/agora-eoi.xtec.cat\/eoiterrassa\/wp-json\/wp\/v2\/users\/1"}],"replies":[{"embeddable":true,"href":"https:\/\/agora-eoi.xtec.cat\/eoiterrassa\/wp-json\/wp\/v2\/comments?post=19454"}],"version-history":[{"count":2,"href":"https:\/\/agora-eoi.xtec.cat\/eoiterrassa\/wp-json\/wp\/v2\/pages\/19454\/revisions"}],"predecessor-version":[{"id":19459,"href":"https:\/\/agora-eoi.xtec.cat\/eoiterrassa\/wp-json\/wp\/v2\/pages\/19454\/revisions\/19459"}],"wp:attachment":[{"href":"https:\/\/agora-eoi.xtec.cat\/eoiterrassa\/wp-json\/wp\/v2\/media?parent=19454"}],"curies":[{"name":"wp","href":"https:\/\/api.w.org\/{rel}","templated":true}]}}