{"id":19403,"date":"2025-10-09T11:38:38","date_gmt":"2025-10-09T09:38:38","guid":{"rendered":"https:\/\/agora-eoi.xtec.cat\/eoiterrassa\/?page_id=19403"},"modified":"2026-03-26T13:33:09","modified_gmt":"2026-03-26T12:33:09","slug":"modalitats-de-cursos","status":"publish","type":"page","link":"https:\/\/agora-eoi.xtec.cat\/eoiterrassa\/modalitats-de-cursos\/","title":{"rendered":"Modalitats de cursos"},"content":{"rendered":"\n<p>A l\u2019EOI Terrassa s&#8217;ofereixen cursos&nbsp;<strong>presencial, semipresencial i semipresencial intensiu<\/strong><\/p>\n\n\n\n<p class=\"has-white-color has-text-color has-background has-link-color wp-elements-f0e2d76e694ea4217d2963c245269b9a\" style=\"background-color:#fb8f23\"><strong>CURSOS PRESENCIALS<\/strong><\/p>\n\n\n\n<p>Curs oficial de setembre a juny de 130 hores en total. Hi ha dues sessions presencials a la setmana de 2 h 15 m (4h i 30m setmanals).<\/p>\n\n\n\n<p class=\"has-white-color has-text-color has-background has-link-color wp-elements-71f495a2b17c6ca386c05bef67007f72\" style=\"background-color:#fb8f23\"><strong><strong>CURSOS SEMIPRESENCIALS<\/strong><\/strong><\/p>\n\n\n\n<p>Curs oficial de setembre a juny de 130 hores en total.\u00a0La part presencial del curs consta d\u2019una sessi\u00f3 presencial a la setmana de 2 h 15 m. La part no presencial \u00e9s tan important com la presencial i caldr\u00e0 dedicar-hi unes 2\u202fh 15 m m\u00e9s a la setmana. Sense aquesta dedicaci\u00f3 no es podr\u00e0 seguir el curs amb normalitat. La sessi\u00f3 no presencial es fa de manera aut\u00f2noma en l\u00ednia mitjan\u00e7ant la plataforma Moodle o Google Classroom amb material proporcionat pel professorat. Per fer aquesta part no presencial no cal connectar-se de manera sincr\u00f2nica. NO es tracta d\u2019una videotrucada en l\u00ednia ni enregistrada.\u00a0Els cursos 100% presencials i semipresencials tenen el mateix preu p\u00fablic o taxa i ambd\u00f3s equivalen a un m\u00ednim de 130 hores lectives.\u00a0<strong>Molt important:<\/strong>\u00a0Cal estar familiaritzat amb les tecnologies i tenir un alt grau d\u2019autonomia per seguir un curs semipresencial de forma satisfact\u00f2ria.<\/p>\n\n\n\n<div class=\"wp-block-buttons is-layout-flex wp-block-buttons-is-layout-flex\">\n<div class=\"wp-block-button\"><a class=\"wp-block-button__link wp-element-button\" href=\"https:\/\/agora-eoi.xtec.cat\/eoiterrassa\/que-opinen-els-nostres-alumnes\/\">Qu\u00e8 opinen els nostres alumnes?<\/a><\/div>\n<\/div>\n\n\n\n<p class=\"has-white-color has-text-color has-background has-link-color wp-elements-9728440f0a52de9c741e814daa51e455\" style=\"background-color:#fb8f23\"><strong><strong>CURSOS SEMIPRESENCIALS INTENSIUS<\/strong><\/strong><\/p>\n\n\n\n<p>Curs oficial quadrimestral (de setembre a gener o de febrer a juny) de 130 hores en total. La part presencial del curs a l\u2019escola consta de dues sessions a la setmana de 2h 15m cada una, equivalent a 4h 30m setmanals.\u00a0Caldr\u00e0 dedicar a casa, de forma aut\u00f2noma i asincr\u00f2nica, el mateix nombre d\u2019hores d\u2019estudi (4h 30m), per seguir el curs de forma satisfact\u00f2ria. Aquest treball es far\u00e0 \u00a0mitjan\u00e7ant\u00a0la plataforma Moodle o Google Classroom\u00a0amb material proporcionat pel professor o per la professora.\u00a0Per fer aquesta part no presencial no cal connectar-se de manera sincr\u00f2nica. NO es tracta d\u2019una videotrucada online ni enregistrada. \u00a0<strong>Molt important:<\/strong>\u00a0Cal estar familiaritzat amb les tecnologies i tenir un alt grau d\u2019autonomia per seguir un curs semipresencial de forma satisfact\u00f2ria.<\/p>\n\n\n\n<div class=\"wp-block-buttons is-content-justification-center is-layout-flex wp-container-core-buttons-is-layout-2 wp-block-buttons-is-layout-flex\">\n<div class=\"wp-block-button\"><a class=\"wp-block-button__link wp-element-button\" href=\"https:\/\/agora-eoi.xtec.cat\/eoiterrassa\/\">P\u00e0gina Principal<\/a><\/div>\n\n\n\n<div class=\"wp-block-button\"><a class=\"wp-block-button__link wp-element-button\" href=\"https:\/\/agora-eoi.xtec.cat\/eoiterrassa\/idiomes\/\">Enrere<\/a><\/div>\n<\/div>\n\n\n\n<p><\/p>\n","protected":false},"excerpt":{"rendered":"<p>A l\u2019EOI Terrassa s&#8217;ofereixen cursos&nbsp;presencial, semipresencial i semipresencial intensiu CURSOS PRESENCIALS Curs oficial de setembre a juny de 130 hores en total. Hi ha dues sessions presencials a la setmana de 2 h 15 m (4h i 30m setmanals). CURSOS SEMIPRESENCIALS Curs oficial de setembre a juny de 130 hores en total.\u00a0La part presencial del [&hellip;]<\/p>\n","protected":false},"author":1,"featured_media":0,"parent":0,"menu_order":0,"comment_status":"closed","ping_status":"close","template":"","meta":{"site-sidebar-layout":"default","site-content-layout":"","ast-site-content-layout":"default","site-content-style":"default","site-sidebar-style":"default","ast-global-header-display":"","ast-banner-title-visibility":"","ast-main-header-display":"","ast-hfb-above-header-display":"","ast-hfb-below-header-display":"","ast-hfb-mobile-header-display":"","site-post-title":"","ast-breadcrumbs-content":"","ast-featured-img":"","footer-sml-layout":"","theme-transparent-header-meta":"","adv-header-id-meta":"","stick-header-meta":"","header-above-stick-meta":"","header-main-stick-meta":"","header-below-stick-meta":"","astra-migrate-meta-layouts":"set","ast-page-background-enabled":"default","ast-page-background-meta":{"desktop":{"background-color":"var(--ast-global-color-4)","background-image":"","background-repeat":"repeat","background-position":"center center","background-size":"auto","background-attachment":"scroll","background-type":"","background-media":"","overlay-type":"","overlay-color":"","overlay-opacity":"","overlay-gradient":""},"tablet":{"background-color":"","background-image":"","background-repeat":"repeat","background-position":"center center","background-size":"auto","background-attachment":"scroll","background-type":"","background-media":"","overlay-type":"","overlay-color":"","overlay-opacity":"","overlay-gradient":""},"mobile":{"background-color":"","background-image":"","background-repeat":"repeat","background-position":"center center","background-size":"auto","background-attachment":"scroll","background-type":"","background-media":"","overlay-type":"","overlay-color":"","overlay-opacity":"","overlay-gradient":""}},"ast-content-background-meta":{"desktop":{"background-color":"var(--ast-global-color-5)","background-image":"","background-repeat":"repeat","background-position":"center center","background-size":"auto","background-attachment":"scroll","background-type":"","background-media":"","overlay-type":"","overlay-color":"","overlay-opacity":"","overlay-gradient":""},"tablet":{"background-color":"var(--ast-global-color-5)","background-image":"","background-repeat":"repeat","background-position":"center center","background-size":"auto","background-attachment":"scroll","background-type":"","background-media":"","overlay-type":"","overlay-color":"","overlay-opacity":"","overlay-gradient":""},"mobile":{"background-color":"var(--ast-global-color-5)","background-image":"","background-repeat":"repeat","background-position":"center center","background-size":"auto","background-attachment":"scroll","background-type":"","background-media":"","overlay-type":"","overlay-color":"","overlay-opacity":"","overlay-gradient":""}},"footnotes":""},"class_list":["post-19403","page","type-page","status-publish","hentry"],"post_mailing_queue_ids":[],"_links":{"self":[{"href":"https:\/\/agora-eoi.xtec.cat\/eoiterrassa\/wp-json\/wp\/v2\/pages\/19403","targetHints":{"allow":["GET"]}}],"collection":[{"href":"https:\/\/agora-eoi.xtec.cat\/eoiterrassa\/wp-json\/wp\/v2\/pages"}],"about":[{"href":"https:\/\/agora-eoi.xtec.cat\/eoiterrassa\/wp-json\/wp\/v2\/types\/page"}],"author":[{"embeddable":true,"href":"https:\/\/agora-eoi.xtec.cat\/eoiterrassa\/wp-json\/wp\/v2\/users\/1"}],"replies":[{"embeddable":true,"href":"https:\/\/agora-eoi.xtec.cat\/eoiterrassa\/wp-json\/wp\/v2\/comments?post=19403"}],"version-history":[{"count":6,"href":"https:\/\/agora-eoi.xtec.cat\/eoiterrassa\/wp-json\/wp\/v2\/pages\/19403\/revisions"}],"predecessor-version":[{"id":20589,"href":"https:\/\/agora-eoi.xtec.cat\/eoiterrassa\/wp-json\/wp\/v2\/pages\/19403\/revisions\/20589"}],"wp:attachment":[{"href":"https:\/\/agora-eoi.xtec.cat\/eoiterrassa\/wp-json\/wp\/v2\/media?parent=19403"}],"curies":[{"name":"wp","href":"https:\/\/api.w.org\/{rel}","templated":true}]}}