{"id":19382,"date":"2025-10-08T18:15:58","date_gmt":"2025-10-08T16:15:58","guid":{"rendered":"https:\/\/agora-eoi.xtec.cat\/eoiterrassa\/?page_id=19382"},"modified":"2026-03-25T12:30:12","modified_gmt":"2026-03-25T11:30:12","slug":"horaris-de-classe-6","status":"publish","type":"page","link":"https:\/\/agora-eoi.xtec.cat\/eoiterrassa\/horaris-de-classe-6\/","title":{"rendered":"Horaris de classe"},"content":{"rendered":"\n<figure class=\"wp-block-table\"><table class=\"has-background\" style=\"background-color:#f25cb630\"><thead><tr><th>Curs<\/th><th>Grup<\/th><th>Horari<\/th><th><strong>Dies de classe<\/strong><\/th><th>Aula<\/th><th>Pis<\/th><th><strong>Professor\/a<\/strong><\/th><\/tr><\/thead><tbody><tr><td>A1<\/td><td>A1A<\/td><td>16:00-18:15<\/td><td>dimarts i dijous<\/td><td>14<\/td><td>2n pis<\/td><td>Antonietta Vinciguerra<\/td><\/tr><tr><td>A1<\/td><td>A1B <a href=\"https:\/\/agora-eoi.xtec.cat\/eoiterrassa\/modalitats-de-cursos\/\">INTENSIU SEMI<\/a><\/td><td>18:45-21:00<\/td><td>Curs de 1r quadrimestre (fins el gener 2026). Classes dilluns i dimecres. Nivell A2 intensiu semipresencial a partir de febrer.<\/td><td>13<\/td><td>2n pis<\/td><td>Montse Ca\u00f1ada<\/td><\/tr><tr><td>A1<\/td><td>A1C<\/td><td>18:45-21:00<\/td><td>dimarts i dijous<\/td><td>14<\/td><td>2n pis<\/td><td>Antonietta Vinciguerra<\/td><\/tr><tr><td>A2<\/td><td>A2A<\/td><td>16:00-18:15<\/td><td>dilluns i dimecres<\/td><td>11<\/td><td>2n pis<\/td><td>Pere Crespo<\/td><\/tr><tr><td>A2<\/td><td>A2B<\/td><td>18:45-21:00<\/td><td>dilluns i dimecres<\/td><td>11<\/td><td>2n pis<\/td><td>Pere Crespo<\/td><\/tr><tr><td>B1<\/td><td>B1A<\/td><td>16:00-18:15<\/td><td>dilluns i dimecres<\/td><td>14<\/td><td>2n pis<\/td><td>Antonietta Vinciguerra<\/td><\/tr><tr><td>B1<\/td><td>B1B<\/td><td>18:45-21:00<\/td><td>dilluns i dimecres<\/td><td>14<\/td><td>2n pis<\/td><td>Antonietta Vinciguerra<\/td><\/tr><tr><td>B2.1<\/td><td>B2.1A<\/td><td>18:45-21:00<\/td><td>dilluns i dimecres<\/td><td>12<\/td><td>2n pis<\/td><td>Stefania Fantauzzi<\/td><\/tr><tr><td>B2.2<\/td><td>B2.2A<\/td><td>18:45-21:00<\/td><td>dimarts i dijous<\/td><td>11<\/td><td>2n pis<\/td><td>Pere Crespo<\/td><\/tr><tr><td>C1<\/td><td>C1A <a href=\"https:\/\/agora-eoi.xtec.cat\/eoiterrassa\/modalitats-de-cursos\/\">SEMI<\/a><\/td><td>18:45-21:00<\/td><td>&nbsp;dimarts<\/td><td>12<\/td><td>2n pis<\/td><td>Stefania Fantauzzi<\/td><\/tr><\/tbody><\/table><\/figure>\n\n\n\n<p><strong>CURSOS SEMIPRESENCIALS<\/strong><\/p>\n\n\n\n<p>La durada total del curs semipresencial s\u00f3n 130 hores, igual que un curs presencial, equivalent a 4 h 30 m setmanals. La part presencial del curs consta d\u2019una sessi\u00f3 presencial a la setmana de 2 h 15 m. La part no presencial \u00e9s tan important com la presencial i caldr\u00e0 dedicar-hi unes 2\u202fh 15 m m\u00e9s a la setmana. Sense aquesta dedicaci\u00f3 no es podr\u00e0 seguir el curs amb normalitat. La sessi\u00f3 no presencial es fa de manera aut\u00f2noma en l\u00ednia mitjan\u00e7ant la plataforma Moodle o Google Classroom amb material proporcionat pel professorat. Per fer aquesta part no presencial no cal connectar-se de manera sincr\u00f2nica. NO es tracta d\u2019una videotrucada en l\u00ednia ni enregistrada.\u00a0Els cursos 100% presencials i semipresencials tenen el mateix preu p\u00fablic o taxa i ambd\u00f3s equivalen a un m\u00ednim de 130 hores lectives.\u00a0<strong>Molt important:<\/strong>\u00a0Cal estar familiaritzat amb les tecnologies i tenir un alt grau d\u2019autonomia per seguir un curs semipresencial de forma satisfact\u00f2ria.<\/p>\n\n\n\n<p><strong>CURSOS SEMIPRESENCIALS INTENSIUS<\/strong><\/p>\n\n\n\n<p>La durada total del curs intensiu semipresencial \u00e9s de 130 hores, igual que un curs regular. La part presencial del curs a l\u2019escola consta de dues sessions a la setmana de 2h 15m cada una, equivalent a 4h 30m setmanals.&nbsp;Caldr\u00e0 dedicar a casa, de forma aut\u00f2noma i asincr\u00f2nica, el mateix nombre d\u2019hores d\u2019estudi, per seguir el curs de forma satisfact\u00f2ria. Aquest treball es far\u00e0 &nbsp;mitjan\u00e7ant&nbsp;la plataforma Moodle o Google Classroom&nbsp;amb material proporcionat pel professor o per la professora.&nbsp;Per fer aquesta part no presencial no cal connectar-se de manera sincr\u00f2nica. NO es tracta d\u2019una videotrucada online ni enregistrada. &nbsp;<strong>Molt important:<\/strong>&nbsp;Cal estar familiaritzat amb les tecnologies i tenir un alt grau d\u2019autonomia per seguir un curs semipresencial de forma satisfact\u00f2ria.<\/p>\n\n\n\n<div class=\"wp-block-buttons is-layout-flex wp-block-buttons-is-layout-flex\">\n<div class=\"wp-block-button\"><a class=\"wp-block-button__link wp-element-button\" href=\"https:\/\/agora-eoi.xtec.cat\/eoiterrassa\/italia\/\">Enrere<\/a><\/div>\n<\/div>\n","protected":false},"excerpt":{"rendered":"<p>Curs Grup Horari Dies de classe Aula Pis Professor\/a A1 A1A 16:00-18:15 dimarts i dijous 14 2n pis Antonietta Vinciguerra A1 A1B INTENSIU SEMI 18:45-21:00 Curs de 1r quadrimestre (fins el gener 2026). Classes dilluns i dimecres. Nivell A2 intensiu semipresencial a partir de febrer. 13 2n pis Montse Ca\u00f1ada A1 A1C 18:45-21:00 dimarts i [&hellip;]<\/p>\n","protected":false},"author":1,"featured_media":0,"parent":0,"menu_order":0,"comment_status":"closed","ping_status":"close","template":"","meta":{"site-sidebar-layout":"default","site-content-layout":"","ast-site-content-layout":"default","site-content-style":"default","site-sidebar-style":"default","ast-global-header-display":"","ast-banner-title-visibility":"","ast-main-header-display":"","ast-hfb-above-header-display":"","ast-hfb-below-header-display":"","ast-hfb-mobile-header-display":"","site-post-title":"","ast-breadcrumbs-content":"","ast-featured-img":"","footer-sml-layout":"","theme-transparent-header-meta":"","adv-header-id-meta":"","stick-header-meta":"","header-above-stick-meta":"","header-main-stick-meta":"","header-below-stick-meta":"","astra-migrate-meta-layouts":"set","ast-page-background-enabled":"default","ast-page-background-meta":{"desktop":{"background-color":"var(--ast-global-color-4)","background-image":"","background-repeat":"repeat","background-position":"center center","background-size":"auto","background-attachment":"scroll","background-type":"","background-media":"","overlay-type":"","overlay-color":"","overlay-opacity":"","overlay-gradient":""},"tablet":{"background-color":"","background-image":"","background-repeat":"repeat","background-position":"center center","background-size":"auto","background-attachment":"scroll","background-type":"","background-media":"","overlay-type":"","overlay-color":"","overlay-opacity":"","overlay-gradient":""},"mobile":{"background-color":"","background-image":"","background-repeat":"repeat","background-position":"center center","background-size":"auto","background-attachment":"scroll","background-type":"","background-media":"","overlay-type":"","overlay-color":"","overlay-opacity":"","overlay-gradient":""}},"ast-content-background-meta":{"desktop":{"background-color":"var(--ast-global-color-5)","background-image":"","background-repeat":"repeat","background-position":"center center","background-size":"auto","background-attachment":"scroll","background-type":"","background-media":"","overlay-type":"","overlay-color":"","overlay-opacity":"","overlay-gradient":""},"tablet":{"background-color":"var(--ast-global-color-5)","background-image":"","background-repeat":"repeat","background-position":"center center","background-size":"auto","background-attachment":"scroll","background-type":"","background-media":"","overlay-type":"","overlay-color":"","overlay-opacity":"","overlay-gradient":""},"mobile":{"background-color":"var(--ast-global-color-5)","background-image":"","background-repeat":"repeat","background-position":"center center","background-size":"auto","background-attachment":"scroll","background-type":"","background-media":"","overlay-type":"","overlay-color":"","overlay-opacity":"","overlay-gradient":""}},"footnotes":""},"class_list":["post-19382","page","type-page","status-publish","hentry"],"post_mailing_queue_ids":[],"_links":{"self":[{"href":"https:\/\/agora-eoi.xtec.cat\/eoiterrassa\/wp-json\/wp\/v2\/pages\/19382","targetHints":{"allow":["GET"]}}],"collection":[{"href":"https:\/\/agora-eoi.xtec.cat\/eoiterrassa\/wp-json\/wp\/v2\/pages"}],"about":[{"href":"https:\/\/agora-eoi.xtec.cat\/eoiterrassa\/wp-json\/wp\/v2\/types\/page"}],"author":[{"embeddable":true,"href":"https:\/\/agora-eoi.xtec.cat\/eoiterrassa\/wp-json\/wp\/v2\/users\/1"}],"replies":[{"embeddable":true,"href":"https:\/\/agora-eoi.xtec.cat\/eoiterrassa\/wp-json\/wp\/v2\/comments?post=19382"}],"version-history":[{"count":3,"href":"https:\/\/agora-eoi.xtec.cat\/eoiterrassa\/wp-json\/wp\/v2\/pages\/19382\/revisions"}],"predecessor-version":[{"id":20563,"href":"https:\/\/agora-eoi.xtec.cat\/eoiterrassa\/wp-json\/wp\/v2\/pages\/19382\/revisions\/20563"}],"wp:attachment":[{"href":"https:\/\/agora-eoi.xtec.cat\/eoiterrassa\/wp-json\/wp\/v2\/media?parent=19382"}],"curies":[{"name":"wp","href":"https:\/\/api.w.org\/{rel}","templated":true}]}}