{"id":19355,"date":"2025-10-08T18:00:26","date_gmt":"2025-10-08T16:00:26","guid":{"rendered":"https:\/\/agora-eoi.xtec.cat\/eoiterrassa\/?page_id=19355"},"modified":"2026-03-25T12:28:29","modified_gmt":"2026-03-25T11:28:29","slug":"horaris-de-classe-4","status":"publish","type":"page","link":"https:\/\/agora-eoi.xtec.cat\/eoiterrassa\/horaris-de-classe-4\/","title":{"rendered":"Horaris de classe"},"content":{"rendered":"\n<figure class=\"wp-block-table\"><table class=\"has-background\" style=\"background-color:#595fff2b\"><thead><tr><th>Curs<\/th><th>Grup<\/th><th>Horari<\/th><th><strong>Dies de classe<\/strong><\/th><th>Aula<\/th><th>Pis<\/th><th><strong>Professor\/a<\/strong><\/th><\/tr><\/thead><tbody><tr><td>A1<\/td><td>A1A<\/td><td>09:15-11:30<\/td><td>dilluns i dimecres<\/td><td>9<\/td><td>2n pis<\/td><td>Hidaya Hafdi\/In\u00e9s L\u00f3pez<\/td><\/tr><tr><td>A1<\/td><td>A1B<\/td><td>11:45-14:00<\/td><td>dilluns i dimecres<\/td><td>9<\/td><td>2n pis<\/td><td>Hidaya Hafdi\/In\u00e9s L\u00f3pez<\/td><\/tr><tr><td>A2<\/td><td>A2A<\/td><td>18:45-21:00<\/td><td>dilluns i dimecres<\/td><td>9<\/td><td>2n pis<\/td><td>Sandra Moscoso<\/td><\/tr><tr><td>C2<\/td><td>C2A\u00a0<a href=\"https:\/\/agora-eoi.xtec.cat\/eoiterrassa\/modalitats-de-cursos\/\">SEMI<\/a><\/td><td>09:15-11:30<\/td><td>dimarts<\/td><td>9<\/td><td>2n pis<\/td><td>Sandra Moscoso<\/td><\/tr><tr><td>C2<\/td><td>C2B <a href=\"https:\/\/agora-eoi.xtec.cat\/eoiterrassa\/modalitats-de-cursos\/\">SEMI<\/a><\/td><td>16:00-18:15<\/td><td>dijous<\/td><td>9<\/td><td>2n pis<\/td><td>Hidaya Hafdi\/In\u00e9s L\u00f3pez<\/td><\/tr><tr><td>C2<\/td><td>C2C <a href=\"https:\/\/agora-eoi.xtec.cat\/eoiterrassa\/modalitats-de-cursos\/\">SEMI<\/a><\/td><td>18:45-21:00<\/td><td>dimarts<\/td><td>9<\/td><td>2n pis<\/td><td>Hidaya Hafdi\/In\u00e9s L\u00f3pez<\/td><\/tr><tr><td>C2<\/td><td>C2D <a href=\"https:\/\/agora-eoi.xtec.cat\/eoiterrassa\/modalitats-de-cursos\/\">SEMI<\/a><\/td><td>18:45-21:00<\/td><td>dijous<\/td><td>9<\/td><td>2n pis<\/td><td>Sandra Moscoso<\/td><\/tr><\/tbody><\/table><\/figure>\n\n\n\n<p><strong>CURSOS SEMIPRESENCIALS<\/strong><\/p>\n\n\n\n<p>La durada total del curs semipresencial s\u00f3n 130 hores, igual que un curs presencial, equivalent a 4 h 30 m setmanals. La part presencial del curs consta d\u2019una sessi\u00f3 presencial a la setmana de 2 h 15 m. La part no presencial \u00e9s tan important com la presencial i caldr\u00e0 dedicar-hi unes 2\u202fh 15 m m\u00e9s a la setmana. Sense aquesta dedicaci\u00f3 no es podr\u00e0 seguir el curs amb normalitat. La sessi\u00f3 no presencial es fa de manera aut\u00f2noma en l\u00ednia mitjan\u00e7ant la plataforma Moodle o Google Classroom amb material proporcionat pel professorat. Per fer aquesta part no presencial no cal connectar-se de manera sincr\u00f2nica. NO es tracta d\u2019una videotrucada en l\u00ednia ni enregistrada.&nbsp;Els cursos 100% presencials i semipresencials tenen el mateix preu p\u00fablic o taxa i ambd\u00f3s equivalen a un m\u00ednim de 130 hores lectives.&nbsp;<strong>Molt important:<\/strong>&nbsp;Cal estar familiaritzat amb les tecnologies i tenir un alt grau d\u2019autonomia per seguir un curs semipresencial de forma satisfact\u00f2ria.<\/p>\n\n\n\n<div class=\"wp-block-buttons is-layout-flex wp-block-buttons-is-layout-flex\">\n<div class=\"wp-block-button\"><a class=\"wp-block-button__link wp-element-button\" href=\"https:\/\/agora-eoi.xtec.cat\/eoiterrassa\/catala\/\">Enrere<\/a><\/div>\n<\/div>\n","protected":false},"excerpt":{"rendered":"<p>Curs Grup Horari Dies de classe Aula Pis Professor\/a A1 A1A 09:15-11:30 dilluns i dimecres 9 2n pis Hidaya Hafdi\/In\u00e9s L\u00f3pez A1 A1B 11:45-14:00 dilluns i dimecres 9 2n pis Hidaya Hafdi\/In\u00e9s L\u00f3pez A2 A2A 18:45-21:00 dilluns i dimecres 9 2n pis Sandra Moscoso C2 C2A\u00a0SEMI 09:15-11:30 dimarts 9 2n pis Sandra Moscoso C2 C2B [&hellip;]<\/p>\n","protected":false},"author":1,"featured_media":0,"parent":0,"menu_order":0,"comment_status":"closed","ping_status":"close","template":"","meta":{"site-sidebar-layout":"default","site-content-layout":"","ast-site-content-layout":"default","site-content-style":"default","site-sidebar-style":"default","ast-global-header-display":"","ast-banner-title-visibility":"","ast-main-header-display":"","ast-hfb-above-header-display":"","ast-hfb-below-header-display":"","ast-hfb-mobile-header-display":"","site-post-title":"","ast-breadcrumbs-content":"","ast-featured-img":"","footer-sml-layout":"","theme-transparent-header-meta":"","adv-header-id-meta":"","stick-header-meta":"","header-above-stick-meta":"","header-main-stick-meta":"","header-below-stick-meta":"","astra-migrate-meta-layouts":"set","ast-page-background-enabled":"default","ast-page-background-meta":{"desktop":{"background-color":"var(--ast-global-color-4)","background-image":"","background-repeat":"repeat","background-position":"center center","background-size":"auto","background-attachment":"scroll","background-type":"","background-media":"","overlay-type":"","overlay-color":"","overlay-opacity":"","overlay-gradient":""},"tablet":{"background-color":"","background-image":"","background-repeat":"repeat","background-position":"center center","background-size":"auto","background-attachment":"scroll","background-type":"","background-media":"","overlay-type":"","overlay-color":"","overlay-opacity":"","overlay-gradient":""},"mobile":{"background-color":"","background-image":"","background-repeat":"repeat","background-position":"center center","background-size":"auto","background-attachment":"scroll","background-type":"","background-media":"","overlay-type":"","overlay-color":"","overlay-opacity":"","overlay-gradient":""}},"ast-content-background-meta":{"desktop":{"background-color":"var(--ast-global-color-5)","background-image":"","background-repeat":"repeat","background-position":"center center","background-size":"auto","background-attachment":"scroll","background-type":"","background-media":"","overlay-type":"","overlay-color":"","overlay-opacity":"","overlay-gradient":""},"tablet":{"background-color":"var(--ast-global-color-5)","background-image":"","background-repeat":"repeat","background-position":"center center","background-size":"auto","background-attachment":"scroll","background-type":"","background-media":"","overlay-type":"","overlay-color":"","overlay-opacity":"","overlay-gradient":""},"mobile":{"background-color":"var(--ast-global-color-5)","background-image":"","background-repeat":"repeat","background-position":"center center","background-size":"auto","background-attachment":"scroll","background-type":"","background-media":"","overlay-type":"","overlay-color":"","overlay-opacity":"","overlay-gradient":""}},"footnotes":""},"class_list":["post-19355","page","type-page","status-publish","hentry"],"post_mailing_queue_ids":[],"_links":{"self":[{"href":"https:\/\/agora-eoi.xtec.cat\/eoiterrassa\/wp-json\/wp\/v2\/pages\/19355","targetHints":{"allow":["GET"]}}],"collection":[{"href":"https:\/\/agora-eoi.xtec.cat\/eoiterrassa\/wp-json\/wp\/v2\/pages"}],"about":[{"href":"https:\/\/agora-eoi.xtec.cat\/eoiterrassa\/wp-json\/wp\/v2\/types\/page"}],"author":[{"embeddable":true,"href":"https:\/\/agora-eoi.xtec.cat\/eoiterrassa\/wp-json\/wp\/v2\/users\/1"}],"replies":[{"embeddable":true,"href":"https:\/\/agora-eoi.xtec.cat\/eoiterrassa\/wp-json\/wp\/v2\/comments?post=19355"}],"version-history":[{"count":4,"href":"https:\/\/agora-eoi.xtec.cat\/eoiterrassa\/wp-json\/wp\/v2\/pages\/19355\/revisions"}],"predecessor-version":[{"id":20562,"href":"https:\/\/agora-eoi.xtec.cat\/eoiterrassa\/wp-json\/wp\/v2\/pages\/19355\/revisions\/20562"}],"wp:attachment":[{"href":"https:\/\/agora-eoi.xtec.cat\/eoiterrassa\/wp-json\/wp\/v2\/media?parent=19355"}],"curies":[{"name":"wp","href":"https:\/\/api.w.org\/{rel}","templated":true}]}}