{"id":19345,"date":"2025-10-08T17:55:57","date_gmt":"2025-10-08T15:55:57","guid":{"rendered":"https:\/\/agora-eoi.xtec.cat\/eoiterrassa\/?page_id=19345"},"modified":"2025-10-09T12:07:20","modified_gmt":"2025-10-09T10:07:20","slug":"catala","status":"publish","type":"page","link":"https:\/\/agora-eoi.xtec.cat\/eoiterrassa\/catala\/","title":{"rendered":"Catal\u00e0"},"content":{"rendered":"\n<div class=\"wp-block-group is-layout-grid wp-container-core-group-is-layout-1 wp-block-group-is-layout-grid\">\n<figure class=\"wp-block-image size-large\"><a href=\"https:\/\/agora-eoi.xtec.cat\/eoiterrassa\/horaris-de-classe-4\/\"><img loading=\"lazy\" decoding=\"async\" width=\"1024\" height=\"545\" src=\"https:\/\/agora-eoi.xtec.cat\/eoiterrassa\/wp-content\/uploads\/usu2242\/2025\/10\/1-9-1024x545.png\" alt=\"\" class=\"wp-image-19351\" srcset=\"https:\/\/agora-eoi.xtec.cat\/eoiterrassa\/wp-content\/uploads\/usu2242\/2025\/10\/1-9-1024x545.png 1024w, https:\/\/agora-eoi.xtec.cat\/eoiterrassa\/wp-content\/uploads\/usu2242\/2025\/10\/1-9-300x160.png 300w, https:\/\/agora-eoi.xtec.cat\/eoiterrassa\/wp-content\/uploads\/usu2242\/2025\/10\/1-9-768x409.png 768w, https:\/\/agora-eoi.xtec.cat\/eoiterrassa\/wp-content\/uploads\/usu2242\/2025\/10\/1-9-1536x817.png 1536w, https:\/\/agora-eoi.xtec.cat\/eoiterrassa\/wp-content\/uploads\/usu2242\/2025\/10\/1-9.png 1763w\" sizes=\"auto, (max-width: 1024px) 100vw, 1024px\" \/><\/a><\/figure>\n\n\n\n<figure class=\"wp-block-image size-large\"><a href=\"https:\/\/agora-eoi.xtec.cat\/eoiterrassa\/departaments\/catala\/\"><img loading=\"lazy\" decoding=\"async\" width=\"1024\" height=\"545\" src=\"https:\/\/agora-eoi.xtec.cat\/eoiterrassa\/wp-content\/uploads\/usu2242\/2025\/10\/2-7-1024x545.png\" alt=\"\" class=\"wp-image-19352\" srcset=\"https:\/\/agora-eoi.xtec.cat\/eoiterrassa\/wp-content\/uploads\/usu2242\/2025\/10\/2-7-1024x545.png 1024w, https:\/\/agora-eoi.xtec.cat\/eoiterrassa\/wp-content\/uploads\/usu2242\/2025\/10\/2-7-300x160.png 300w, https:\/\/agora-eoi.xtec.cat\/eoiterrassa\/wp-content\/uploads\/usu2242\/2025\/10\/2-7-768x409.png 768w, https:\/\/agora-eoi.xtec.cat\/eoiterrassa\/wp-content\/uploads\/usu2242\/2025\/10\/2-7-1536x817.png 1536w, https:\/\/agora-eoi.xtec.cat\/eoiterrassa\/wp-content\/uploads\/usu2242\/2025\/10\/2-7.png 1763w\" sizes=\"auto, (max-width: 1024px) 100vw, 1024px\" \/><\/a><\/figure>\n\n\n\n<figure class=\"wp-block-image size-large\"><a href=\"https:\/\/xtec.gencat.cat\/ca\/curriculum\/idiomes-a-les-eoi\/curriculum\/\"><img loading=\"lazy\" decoding=\"async\" width=\"1024\" height=\"545\" src=\"https:\/\/agora-eoi.xtec.cat\/eoiterrassa\/wp-content\/uploads\/usu2242\/2025\/10\/3-6-1024x545.png\" alt=\"\" class=\"wp-image-19353\" srcset=\"https:\/\/agora-eoi.xtec.cat\/eoiterrassa\/wp-content\/uploads\/usu2242\/2025\/10\/3-6-1024x545.png 1024w, https:\/\/agora-eoi.xtec.cat\/eoiterrassa\/wp-content\/uploads\/usu2242\/2025\/10\/3-6-300x160.png 300w, https:\/\/agora-eoi.xtec.cat\/eoiterrassa\/wp-content\/uploads\/usu2242\/2025\/10\/3-6-768x409.png 768w, https:\/\/agora-eoi.xtec.cat\/eoiterrassa\/wp-content\/uploads\/usu2242\/2025\/10\/3-6-1536x817.png 1536w, https:\/\/agora-eoi.xtec.cat\/eoiterrassa\/wp-content\/uploads\/usu2242\/2025\/10\/3-6.png 1763w\" sizes=\"auto, (max-width: 1024px) 100vw, 1024px\" \/><\/a><\/figure>\n<\/div>\n\n\n\n<p><strong>A1<\/strong>: Per accedir a&nbsp;<strong>A1&nbsp;<\/strong>cal fer test de nivell.<\/p>\n\n\n\n<p><strong>A2:<\/strong><\/p>\n\n\n\n<p><strong>&gt;<\/strong>&nbsp;<strong>a)<\/strong>&nbsp;<strong>No<\/strong>&nbsp;<strong>cal fer<\/strong>&nbsp;test de nivell&nbsp;si podeu acreditar el vostre nivell amb:<\/p>\n\n\n\n<ul class=\"wp-block-list\">\n<li>un certificat oficial<\/li>\n\n\n\n<li>un curs d\u2019EOI aprovat<\/li>\n\n\n\n<li>un resultat de test de nivell d\u2019EOI del setembre de 2025.<\/li>\n<\/ul>\n\n\n\n<p><strong>&gt;<\/strong>&nbsp;<strong>b)<\/strong>&nbsp;<strong>Cal fer<\/strong>&nbsp;test de nivell&nbsp;si no podeu acreditar el vostre nivell.<\/p>\n\n\n\n<p><strong>C2:<\/strong>&nbsp;Per accedir al nostre curs de&nbsp;<strong>Catal\u00e0 C2<\/strong>&nbsp;s\u2019ha d\u2019<a href=\"https:\/\/llengua.gencat.cat\/ca\/serveis\/acreditacio_coneixements\/certificats_de_catala\/equivalencies-acreditacions\/\">acreditar el nivell C1<\/a>&nbsp;o b\u00e9 sol\u00b7licitar aquest reconeixement a&nbsp;<strong>qualsevol institut d\u2019educaci\u00f3 secund\u00e0ria p\u00fablic&nbsp;<\/strong>(no ha de ser el centre on s\u2019han cursat els estudis secundaris).&nbsp;Tamb\u00e9 hi ha la possibilitat de fer el test de nivell el dia assenyalat.<\/p>\n\n\n\n<div class=\"wp-block-buttons is-content-justification-center is-layout-flex wp-container-core-buttons-is-layout-1 wp-block-buttons-is-layout-flex\">\n<div class=\"wp-block-button\"><a class=\"wp-block-button__link wp-element-button\" href=\"https:\/\/agora-eoi.xtec.cat\/eoiterrassa\/\">P\u00e0gina Principal<\/a><\/div>\n\n\n\n<div class=\"wp-block-button\"><a class=\"wp-block-button__link wp-element-button\" href=\"https:\/\/agora-eoi.xtec.cat\/eoiterrassa\/idiomes\/\">Enrere<\/a><\/div>\n<\/div>\n","protected":false},"excerpt":{"rendered":"<p>A1: Per accedir a&nbsp;A1&nbsp;cal fer test de nivell. A2: &gt;&nbsp;a)&nbsp;No&nbsp;cal fer&nbsp;test de nivell&nbsp;si podeu acreditar el vostre nivell amb: &gt;&nbsp;b)&nbsp;Cal fer&nbsp;test de nivell&nbsp;si no podeu acreditar el vostre nivell. C2:&nbsp;Per accedir al nostre curs de&nbsp;Catal\u00e0 C2&nbsp;s\u2019ha d\u2019acreditar el nivell C1&nbsp;o b\u00e9 sol\u00b7licitar aquest reconeixement a&nbsp;qualsevol institut d\u2019educaci\u00f3 secund\u00e0ria p\u00fablic&nbsp;(no ha de ser el centre on [&hellip;]<\/p>\n","protected":false},"author":1,"featured_media":0,"parent":0,"menu_order":0,"comment_status":"closed","ping_status":"close","template":"","meta":{"site-sidebar-layout":"default","site-content-layout":"","ast-site-content-layout":"default","site-content-style":"default","site-sidebar-style":"default","ast-global-header-display":"","ast-banner-title-visibility":"","ast-main-header-display":"","ast-hfb-above-header-display":"","ast-hfb-below-header-display":"","ast-hfb-mobile-header-display":"","site-post-title":"","ast-breadcrumbs-content":"","ast-featured-img":"","footer-sml-layout":"","theme-transparent-header-meta":"","adv-header-id-meta":"","stick-header-meta":"","header-above-stick-meta":"","header-main-stick-meta":"","header-below-stick-meta":"","astra-migrate-meta-layouts":"set","ast-page-background-enabled":"default","ast-page-background-meta":{"desktop":{"background-color":"var(--ast-global-color-4)","background-image":"","background-repeat":"repeat","background-position":"center center","background-size":"auto","background-attachment":"scroll","background-type":"","background-media":"","overlay-type":"","overlay-color":"","overlay-opacity":"","overlay-gradient":""},"tablet":{"background-color":"","background-image":"","background-repeat":"repeat","background-position":"center center","background-size":"auto","background-attachment":"scroll","background-type":"","background-media":"","overlay-type":"","overlay-color":"","overlay-opacity":"","overlay-gradient":""},"mobile":{"background-color":"","background-image":"","background-repeat":"repeat","background-position":"center center","background-size":"auto","background-attachment":"scroll","background-type":"","background-media":"","overlay-type":"","overlay-color":"","overlay-opacity":"","overlay-gradient":""}},"ast-content-background-meta":{"desktop":{"background-color":"var(--ast-global-color-5)","background-image":"","background-repeat":"repeat","background-position":"center center","background-size":"auto","background-attachment":"scroll","background-type":"","background-media":"","overlay-type":"","overlay-color":"","overlay-opacity":"","overlay-gradient":""},"tablet":{"background-color":"var(--ast-global-color-5)","background-image":"","background-repeat":"repeat","background-position":"center center","background-size":"auto","background-attachment":"scroll","background-type":"","background-media":"","overlay-type":"","overlay-color":"","overlay-opacity":"","overlay-gradient":""},"mobile":{"background-color":"var(--ast-global-color-5)","background-image":"","background-repeat":"repeat","background-position":"center center","background-size":"auto","background-attachment":"scroll","background-type":"","background-media":"","overlay-type":"","overlay-color":"","overlay-opacity":"","overlay-gradient":""}},"footnotes":""},"class_list":["post-19345","page","type-page","status-publish","hentry"],"post_mailing_queue_ids":[],"_links":{"self":[{"href":"https:\/\/agora-eoi.xtec.cat\/eoiterrassa\/wp-json\/wp\/v2\/pages\/19345","targetHints":{"allow":["GET"]}}],"collection":[{"href":"https:\/\/agora-eoi.xtec.cat\/eoiterrassa\/wp-json\/wp\/v2\/pages"}],"about":[{"href":"https:\/\/agora-eoi.xtec.cat\/eoiterrassa\/wp-json\/wp\/v2\/types\/page"}],"author":[{"embeddable":true,"href":"https:\/\/agora-eoi.xtec.cat\/eoiterrassa\/wp-json\/wp\/v2\/users\/1"}],"replies":[{"embeddable":true,"href":"https:\/\/agora-eoi.xtec.cat\/eoiterrassa\/wp-json\/wp\/v2\/comments?post=19345"}],"version-history":[{"count":6,"href":"https:\/\/agora-eoi.xtec.cat\/eoiterrassa\/wp-json\/wp\/v2\/pages\/19345\/revisions"}],"predecessor-version":[{"id":19441,"href":"https:\/\/agora-eoi.xtec.cat\/eoiterrassa\/wp-json\/wp\/v2\/pages\/19345\/revisions\/19441"}],"wp:attachment":[{"href":"https:\/\/agora-eoi.xtec.cat\/eoiterrassa\/wp-json\/wp\/v2\/media?parent=19345"}],"curies":[{"name":"wp","href":"https:\/\/api.w.org\/{rel}","templated":true}]}}