{"id":19073,"date":"2025-09-10T16:46:13","date_gmt":"2025-09-10T14:46:13","guid":{"rendered":"https:\/\/agora-eoi.xtec.cat\/eoiterrassa\/?page_id=19073"},"modified":"2025-09-18T14:07:50","modified_gmt":"2025-09-18T12:07:50","slug":"matricula-repesca-25-26","status":"publish","type":"page","link":"https:\/\/agora-eoi.xtec.cat\/eoiterrassa\/matricula-2\/matricula-repesca-25-26\/","title":{"rendered":"Matr\u00edcula Repesca 25\/26"},"content":{"rendered":"\n<p>Si se us va passar el termini per fer la preinscripci\u00f3 i matr\u00edcula online, podreu accedir en per\u00edode de <strong>repesca <\/strong>a les places que quedin vacants. Per a alemany, \u00e0rab, catal\u00e0 (A1 i A2), franc\u00e8s i itali\u00e0 acostuma a ser f\u00e0cil optar a una vacant. La matr\u00edcula es far\u00e0 presencialment al centre. No cal que vingueu vosaltres en persona si no heu de fer el test de nivell. <strong>S\u2019adjudicaran les places per ordre d\u2019arribada.<\/strong><\/p>\n\n\n\n<p><strong>1. DATES&nbsp;<\/strong><\/p>\n\n\n\n<ul class=\"wp-block-list\">\n<li>Dimecres 24 de setembre: publicaci\u00f3 al web de l\u2019escola del nombre de places vacants a cada grup&nbsp;<\/li>\n\n\n\n<li>Dijous 25 de setembre al mat\u00ed (9:30-13:30): repesca d\u2019angl\u00e8s i catal\u00e0<\/li>\n\n\n\n<li>Divendres 26 de setembre a la tarda (14:00-19:30): repesca d\u2019alemany, \u00e0rab, franc\u00e8s i itali\u00e0.<\/li>\n<\/ul>\n\n\n\n<p><strong>2. CAL QUE PORTEU<\/strong><\/p>\n\n\n\n<ul class=\"wp-block-list\">\n<li><a href=\"https:\/\/agora-eoi.xtec.cat\/eoiterrassa\/wp-content\/uploads\/usu2242\/2025\/09\/2.-Full-de-dades-amb-autoritzacio-imatges-REPESCA-1-2.pdf\">Full de dades personals i d\u2019autoritzaci\u00f3 dels drets d\u2019imatge emplenat.<\/a><\/li>\n\n\n\n<li>Certificat que acrediti el vostre nivell, si el teniu, o resultat obtingut en el test de nivell de l\u2019EOI.<\/li>\n\n\n\n<li>Fotoc\u00f2pia dels justificants de bonificaci\u00f3 o exempci\u00f3, si els teniu. <strong>Recordeu que la documentaci\u00f3 ha de ser vigent al moment de la matr\u00edcula.&nbsp;<\/strong><\/li>\n\n\n\n<li>Si teniu <strong>14 o 15 anys<\/strong> i voleu matricular-vos a franc\u00e8s, alemany o \u00e0rab, recordeu que cal portar el full de matr\u00edcula del curs escolar on s&#8217;indiqui la primera llengua estrangera obligat\u00f2ria.<\/li>\n<\/ul>\n\n\n\n<p><strong>3. REPESCA PER IDIOMES<\/strong><\/p>\n\n\n\n<p><a href=\"https:\/\/agora-eoi.xtec.cat\/eoiterrassa\/general\/repesca-alemany\/\">Alemany<\/a><\/p>\n\n\n\n<p><a href=\"https:\/\/agora-eoi.xtec.cat\/eoiterrassa\/general\/repesca-angles\/\">Angl\u00e8s<\/a><\/p>\n\n\n\n<p><a href=\"https:\/\/agora-eoi.xtec.cat\/eoiterrassa\/general\/repesca-arab\/\">\u00c0rab<\/a><\/p>\n\n\n\n<p><a href=\"https:\/\/agora-eoi.xtec.cat\/eoiterrassa\/general\/repesca-catala-a1-a2\/\">Catal\u00e0 A1-A2<\/a><\/p>\n\n\n\n<p><a href=\"https:\/\/agora-eoi.xtec.cat\/eoiterrassa\/general\/repesca-catala-c2\/\">Catal\u00e0 C2<\/a><\/p>\n\n\n\n<p><a href=\"https:\/\/agora-eoi.xtec.cat\/eoiterrassa\/general\/repesca-frances\/\">Franc\u00e8s<\/a><\/p>\n\n\n\n<p><a href=\"https:\/\/agora-eoi.xtec.cat\/eoiterrassa\/general\/repesca-italia\/\">Itali\u00e0<\/a><\/p>\n\n\n\n<p><strong>4. ALTRES INFORMACIONS PER LA MATR\u00cdCULA<\/strong><\/p>\n\n\n\n<ol class=\"wp-block-list\">\n<li><a href=\"https:\/\/agora-eoi.xtec.cat\/eoiterrassa\/departaments\/horaris-classe\/\">HORARIS<\/a><\/li>\n\n\n\n<li><a href=\"https:\/\/agora-eoi.xtec.cat\/eoiterrassa\/matricula-2\/matricula\/taxes\/\">IMPORTS DE MATR\u00cdCULA<\/a><\/li>\n\n\n\n<li><a href=\"https:\/\/portaldogc.gencat.cat\/utilsEADOP\/PDF\/8429\/1856439.pdf\">CERTIFICATS D\u2019ACREDITACI\u00d3 DE NIVELL DE LLENGUA<\/a>&nbsp;(Si disposeu d\u2019un d\u2019aquests certificats no cal que feu el test de nivell)<\/li>\n<\/ol>\n","protected":false},"excerpt":{"rendered":"<p>Si se us va passar el termini per fer la preinscripci\u00f3 i matr\u00edcula online, podreu accedir en per\u00edode de repesca a les places que quedin vacants. Per a alemany, \u00e0rab, catal\u00e0 (A1 i A2), franc\u00e8s i itali\u00e0 acostuma a ser f\u00e0cil optar a una vacant. La matr\u00edcula es far\u00e0 presencialment al centre. No cal que [&hellip;]<\/p>\n","protected":false},"author":1,"featured_media":0,"parent":14166,"menu_order":0,"comment_status":"closed","ping_status":"close","template":"","meta":{"site-sidebar-layout":"default","site-content-layout":"","ast-site-content-layout":"default","site-content-style":"default","site-sidebar-style":"default","ast-global-header-display":"","ast-banner-title-visibility":"","ast-main-header-display":"","ast-hfb-above-header-display":"","ast-hfb-below-header-display":"","ast-hfb-mobile-header-display":"","site-post-title":"","ast-breadcrumbs-content":"","ast-featured-img":"","footer-sml-layout":"","theme-transparent-header-meta":"","adv-header-id-meta":"","stick-header-meta":"","header-above-stick-meta":"","header-main-stick-meta":"","header-below-stick-meta":"","astra-migrate-meta-layouts":"set","ast-page-background-enabled":"default","ast-page-background-meta":{"desktop":{"background-color":"var(--ast-global-color-4)","background-image":"","background-repeat":"repeat","background-position":"center center","background-size":"auto","background-attachment":"scroll","background-type":"","background-media":"","overlay-type":"","overlay-color":"","overlay-opacity":"","overlay-gradient":""},"tablet":{"background-color":"","background-image":"","background-repeat":"repeat","background-position":"center center","background-size":"auto","background-attachment":"scroll","background-type":"","background-media":"","overlay-type":"","overlay-color":"","overlay-opacity":"","overlay-gradient":""},"mobile":{"background-color":"","background-image":"","background-repeat":"repeat","background-position":"center center","background-size":"auto","background-attachment":"scroll","background-type":"","background-media":"","overlay-type":"","overlay-color":"","overlay-opacity":"","overlay-gradient":""}},"ast-content-background-meta":{"desktop":{"background-color":"var(--ast-global-color-5)","background-image":"","background-repeat":"repeat","background-position":"center center","background-size":"auto","background-attachment":"scroll","background-type":"","background-media":"","overlay-type":"","overlay-color":"","overlay-opacity":"","overlay-gradient":""},"tablet":{"background-color":"var(--ast-global-color-5)","background-image":"","background-repeat":"repeat","background-position":"center center","background-size":"auto","background-attachment":"scroll","background-type":"","background-media":"","overlay-type":"","overlay-color":"","overlay-opacity":"","overlay-gradient":""},"mobile":{"background-color":"var(--ast-global-color-5)","background-image":"","background-repeat":"repeat","background-position":"center center","background-size":"auto","background-attachment":"scroll","background-type":"","background-media":"","overlay-type":"","overlay-color":"","overlay-opacity":"","overlay-gradient":""}},"footnotes":""},"class_list":["post-19073","page","type-page","status-publish","hentry"],"post_mailing_queue_ids":[],"_links":{"self":[{"href":"https:\/\/agora-eoi.xtec.cat\/eoiterrassa\/wp-json\/wp\/v2\/pages\/19073","targetHints":{"allow":["GET"]}}],"collection":[{"href":"https:\/\/agora-eoi.xtec.cat\/eoiterrassa\/wp-json\/wp\/v2\/pages"}],"about":[{"href":"https:\/\/agora-eoi.xtec.cat\/eoiterrassa\/wp-json\/wp\/v2\/types\/page"}],"author":[{"embeddable":true,"href":"https:\/\/agora-eoi.xtec.cat\/eoiterrassa\/wp-json\/wp\/v2\/users\/1"}],"replies":[{"embeddable":true,"href":"https:\/\/agora-eoi.xtec.cat\/eoiterrassa\/wp-json\/wp\/v2\/comments?post=19073"}],"version-history":[{"count":6,"href":"https:\/\/agora-eoi.xtec.cat\/eoiterrassa\/wp-json\/wp\/v2\/pages\/19073\/revisions"}],"predecessor-version":[{"id":19155,"href":"https:\/\/agora-eoi.xtec.cat\/eoiterrassa\/wp-json\/wp\/v2\/pages\/19073\/revisions\/19155"}],"up":[{"embeddable":true,"href":"https:\/\/agora-eoi.xtec.cat\/eoiterrassa\/wp-json\/wp\/v2\/pages\/14166"}],"wp:attachment":[{"href":"https:\/\/agora-eoi.xtec.cat\/eoiterrassa\/wp-json\/wp\/v2\/media?parent=19073"}],"curies":[{"name":"wp","href":"https:\/\/api.w.org\/{rel}","templated":true}]}}