{"id":18903,"date":"2025-07-15T13:22:05","date_gmt":"2025-07-15T11:22:05","guid":{"rendered":"https:\/\/agora-eoi.xtec.cat\/eoiterrassa\/?page_id=18903"},"modified":"2026-02-06T09:47:35","modified_gmt":"2026-02-06T08:47:35","slug":"cursos-especials-1r-quadrimestre","status":"publish","type":"page","link":"https:\/\/agora-eoi.xtec.cat\/eoiterrassa\/cursos-especials-1r-quadrimestre\/","title":{"rendered":"Cursos especials 1r quadrimestre"},"content":{"rendered":"\n<p class=\"has-x-large-font-size\">&gt; Entendre el m\u00f3n \u00e0rab<\/p>\n\n\n\n<figure class=\"wp-block-image size-large\"><a href=\"https:\/\/agora-eoi.xtec.cat\/eoiterrassa\/wp-content\/uploads\/usu2242\/2026\/02\/Entendre-el-Mon-Arab-WEB.png\"><img loading=\"lazy\" decoding=\"async\" width=\"1024\" height=\"256\" src=\"https:\/\/agora-eoi.xtec.cat\/eoiterrassa\/wp-content\/uploads\/usu2242\/2026\/02\/Entendre-el-Mon-Arab-WEB-1024x256.png\" alt=\"\" class=\"wp-image-20316\" srcset=\"https:\/\/agora-eoi.xtec.cat\/eoiterrassa\/wp-content\/uploads\/usu2242\/2026\/02\/Entendre-el-Mon-Arab-WEB-1024x256.png 1024w, https:\/\/agora-eoi.xtec.cat\/eoiterrassa\/wp-content\/uploads\/usu2242\/2026\/02\/Entendre-el-Mon-Arab-WEB-300x75.png 300w, https:\/\/agora-eoi.xtec.cat\/eoiterrassa\/wp-content\/uploads\/usu2242\/2026\/02\/Entendre-el-Mon-Arab-WEB-768x192.png 768w, https:\/\/agora-eoi.xtec.cat\/eoiterrassa\/wp-content\/uploads\/usu2242\/2026\/02\/Entendre-el-Mon-Arab-WEB-1536x384.png 1536w, https:\/\/agora-eoi.xtec.cat\/eoiterrassa\/wp-content\/uploads\/usu2242\/2026\/02\/Entendre-el-Mon-Arab-WEB.png 1584w\" sizes=\"auto, (max-width: 1024px) 100vw, 1024px\" \/><\/a><\/figure>\n\n\n\n<p>L\u2019objectiu principal del curs \u00e9s fomentar una comprensi\u00f3 m\u00e9s profunda i matisada del m\u00f3n \u00e0rab, contribuint alhora a promoure el respecte, el di\u00e0leg intercultural i la conviv\u00e8ncia en societats cada cop m\u00e9s plurals com la nostra.<br>El curs est\u00e0 pensat per oferir una primera aproximaci\u00f3 al m\u00f3n \u00e0rab des d\u2019una perspectiva ling\u00fc\u00edstica, hist\u00f2rica i cultural, oberta i respectuosa amb la diversitat.<\/p>\n\n\n\n<p>No cal disposar de coneixements previs de llengua \u00e0rab.<\/p>\n\n\n\n<p><strong>Horari<\/strong>: Dimarts, de 16.00 h a 18.15 h<\/p>\n\n\n\n<p><strong>Per\u00edode<\/strong>: Del 4 de novembre de 2025 al 24 de febrer de 2026 (ambd\u00f3s inclosos)<\/p>\n\n\n\n<p><strong>Durada total<\/strong>: 14 sessions de 2 hores i 15 minuts (31,5 hores lectives presencials)<\/p>\n\n\n\n<p><strong>Preu:<\/strong>&nbsp;226 \u20ac matr\u00edcula ordin\u00e0ria \/ 120 \u20ac matr\u00edcula bonificada \/ 15 \u20ac exempci\u00f3 de matr\u00edcula<\/p>\n\n\n\n<div class=\"wp-block-buttons is-content-justification-center is-layout-flex wp-container-core-buttons-is-layout-1 wp-block-buttons-is-layout-flex\">\n<div class=\"wp-block-button\"><a class=\"wp-block-button__link wp-element-button\" href=\"https:\/\/docs.google.com\/forms\/d\/e\/1FAIpQLSfRkOOw5KzpG3UKCD_KxeUjX1aPeVj-2MbcbYDn8HUh49Yr0w\/viewform?usp=dialog\">Informaci\u00f3 i matr\u00edcula<\/a><\/div>\n<\/div>\n","protected":false},"excerpt":{"rendered":"<p>&gt; Entendre el m\u00f3n \u00e0rab L\u2019objectiu principal del curs \u00e9s fomentar una comprensi\u00f3 m\u00e9s profunda i matisada del m\u00f3n \u00e0rab, contribuint alhora a promoure el respecte, el di\u00e0leg intercultural i la conviv\u00e8ncia en societats cada cop m\u00e9s plurals com la nostra.El curs est\u00e0 pensat per oferir una primera aproximaci\u00f3 al m\u00f3n \u00e0rab des d\u2019una perspectiva [&hellip;]<\/p>\n","protected":false},"author":1,"featured_media":0,"parent":0,"menu_order":0,"comment_status":"closed","ping_status":"close","template":"","meta":{"site-sidebar-layout":"default","site-content-layout":"","ast-site-content-layout":"default","site-content-style":"default","site-sidebar-style":"default","ast-global-header-display":"","ast-banner-title-visibility":"","ast-main-header-display":"","ast-hfb-above-header-display":"","ast-hfb-below-header-display":"","ast-hfb-mobile-header-display":"","site-post-title":"","ast-breadcrumbs-content":"","ast-featured-img":"","footer-sml-layout":"","theme-transparent-header-meta":"","adv-header-id-meta":"","stick-header-meta":"","header-above-stick-meta":"","header-main-stick-meta":"","header-below-stick-meta":"","astra-migrate-meta-layouts":"set","ast-page-background-enabled":"default","ast-page-background-meta":{"desktop":{"background-color":"var(--ast-global-color-4)","background-image":"","background-repeat":"repeat","background-position":"center center","background-size":"auto","background-attachment":"scroll","background-type":"","background-media":"","overlay-type":"","overlay-color":"","overlay-opacity":"","overlay-gradient":""},"tablet":{"background-color":"","background-image":"","background-repeat":"repeat","background-position":"center center","background-size":"auto","background-attachment":"scroll","background-type":"","background-media":"","overlay-type":"","overlay-color":"","overlay-opacity":"","overlay-gradient":""},"mobile":{"background-color":"","background-image":"","background-repeat":"repeat","background-position":"center center","background-size":"auto","background-attachment":"scroll","background-type":"","background-media":"","overlay-type":"","overlay-color":"","overlay-opacity":"","overlay-gradient":""}},"ast-content-background-meta":{"desktop":{"background-color":"var(--ast-global-color-5)","background-image":"","background-repeat":"repeat","background-position":"center center","background-size":"auto","background-attachment":"scroll","background-type":"","background-media":"","overlay-type":"","overlay-color":"","overlay-opacity":"","overlay-gradient":""},"tablet":{"background-color":"var(--ast-global-color-5)","background-image":"","background-repeat":"repeat","background-position":"center center","background-size":"auto","background-attachment":"scroll","background-type":"","background-media":"","overlay-type":"","overlay-color":"","overlay-opacity":"","overlay-gradient":""},"mobile":{"background-color":"var(--ast-global-color-5)","background-image":"","background-repeat":"repeat","background-position":"center center","background-size":"auto","background-attachment":"scroll","background-type":"","background-media":"","overlay-type":"","overlay-color":"","overlay-opacity":"","overlay-gradient":""}},"footnotes":""},"class_list":["post-18903","page","type-page","status-publish","hentry"],"post_mailing_queue_ids":[],"_links":{"self":[{"href":"https:\/\/agora-eoi.xtec.cat\/eoiterrassa\/wp-json\/wp\/v2\/pages\/18903","targetHints":{"allow":["GET"]}}],"collection":[{"href":"https:\/\/agora-eoi.xtec.cat\/eoiterrassa\/wp-json\/wp\/v2\/pages"}],"about":[{"href":"https:\/\/agora-eoi.xtec.cat\/eoiterrassa\/wp-json\/wp\/v2\/types\/page"}],"author":[{"embeddable":true,"href":"https:\/\/agora-eoi.xtec.cat\/eoiterrassa\/wp-json\/wp\/v2\/users\/1"}],"replies":[{"embeddable":true,"href":"https:\/\/agora-eoi.xtec.cat\/eoiterrassa\/wp-json\/wp\/v2\/comments?post=18903"}],"version-history":[{"count":4,"href":"https:\/\/agora-eoi.xtec.cat\/eoiterrassa\/wp-json\/wp\/v2\/pages\/18903\/revisions"}],"predecessor-version":[{"id":20328,"href":"https:\/\/agora-eoi.xtec.cat\/eoiterrassa\/wp-json\/wp\/v2\/pages\/18903\/revisions\/20328"}],"wp:attachment":[{"href":"https:\/\/agora-eoi.xtec.cat\/eoiterrassa\/wp-json\/wp\/v2\/media?parent=18903"}],"curies":[{"name":"wp","href":"https:\/\/api.w.org\/{rel}","templated":true}]}}