{"id":18870,"date":"2025-07-15T12:55:32","date_gmt":"2025-07-15T10:55:32","guid":{"rendered":"https:\/\/agora-eoi.xtec.cat\/eoiterrassa\/?page_id=18870"},"modified":"2025-09-15T15:04:23","modified_gmt":"2025-09-15T13:04:23","slug":"nou-alumnat","status":"publish","type":"page","link":"https:\/\/agora-eoi.xtec.cat\/eoiterrassa\/matricula-2\/nou-alumnat\/","title":{"rendered":"Nou alumnat"},"content":{"rendered":"\n<p>Nou alumnat:&nbsp; qualsevol persona no matriculada en un curs oficial d\u2019un idioma en aquesta escola l\u2019any acad\u00e8mic immediatament anterior.<\/p>\n\n\n\n<p>Es considera alumnat nou:<\/p>\n\n\n\n<ul class=\"wp-block-list\">\n<li>Aquells que accedeixen per primera vegada a l\u2019EOI de Terrassa.<\/li>\n\n\n\n<li>Els que comencen un altre idioma.<\/li>\n\n\n\n<li>Els que han perdut l\u2019oficialitat.<\/li>\n\n\n\n<li>Els que provenen d\u2019una altra EOI.<\/li>\n\n\n\n<li>Alumnes lliures que volen ser oficials.<\/li>\n<\/ul>\n\n\n\n<p><strong>ATENCI\u00d3: L\u2019edat m\u00ednima per estudiar a les EOI \u00e9s la seg\u00fcent:<\/strong><br>\u2013 Per a qualsevol llengua, haver complert els 16 anys (o fer-los l\u2019any natural en qu\u00e8 s\u2019efectua la matr\u00edcula, \u00e9s a dir, complerts a 31 de desembre).<br>\u2013 Per a una llengua diferent de la cursada com a primera llengua estrangera en l\u2019ESO, haver complert els 14 anys (o fer-los l\u2019any en qu\u00e8 s\u2019efectua la matr\u00edcula, \u00e9s a dir, complerts a 31 de desembre). Cal aportar justificaci\u00f3: certificat del vostre centre de secund\u00e0ria on s\u2019especifiqui quina \u00e9s la primera llengua estrangera que esteu estudiant.<\/p>\n\n\n\n<p><strong>-Preinscripci\u00f3 nou alumnat<\/strong><strong><br><\/strong>La preinscripci\u00f3 \u00e9s un tr\u00e0mit obligatori per entrar com alumne\/a nou\/va a l\u2019EOI de Terrassa. Es fa telem\u00e0ticament a final d\u2019agost principi de setembre a trav\u00e9s del web:&nbsp;<a href=\"https:\/\/www.eoidigital.com\/eoicat\/alumnes\/\">http:\/\/www.eoidigital.com\/preinscripcio\/alumnes\/&nbsp;<\/a>o presencialment els dies indicats.<\/p>\n\n\n\n<p><strong>\u2013 La preinscripci\u00f3 pot ser:<\/strong><\/p>\n\n\n\n<ul class=\"wp-block-list\">\n<li><strong>A A1 (primer curs):\u00a0<\/strong>Si\u00a0<strong>NO<\/strong>\u00a0es tenen coneixements de l\u2019idioma o es vol comen\u00e7ar des de zero.<\/li>\n\n\n\n<li><strong>Amb Test de nivell:&nbsp;<\/strong>Si es tenen coneixements de l\u2019idioma i es vol comen\u00e7ar des d\u2019un nivell superior a 1r i&nbsp;<strong>NO<\/strong>&nbsp;es disposa d\u2019un CERTIFICAT de l\u2019idioma segons&nbsp;<a href=\"https:\/\/preinscripcio.gencat.cat\/ca\/estudis\/idiomes-eoi\/informat\/test-nivell-a2-c1\/\"><strong>la taula d\u2019exempcions<\/strong><\/a>.En aquest cas s\u2019haur\u00e0 de fer el test de nivell online pel que fa a angl\u00e8s, alemany i franc\u00e8s. Per la resta d\u2019idiomes (\u00e0rab i itali\u00e0) s\u2019haur\u00e0 de venir a l\u2019escola el dia assenyalat.<\/li>\n\n\n\n<li><strong>A2, B1, B2.1, B2.2 o C1:\u00a0<\/strong>NOM\u00c9S si t\u00e9 aprovat el curs anterior en qualsevol EOI o si t\u00e9 un CERTIFICAT de l\u2019idioma segons\u00a0<a href=\"https:\/\/preinscripcio.gencat.cat\/ca\/estudis\/idiomes-eoi\/informat\/test-nivell-a2-c1\/\"><strong>la taula d\u2019exempcions.<\/strong><\/a>\u00a0En aquest cas en el moment de fer la matr\u00edcula presencial ha de portar una fotoc\u00f2pia del certificat.<\/li>\n\n\n\n<li>Per accedir al nostre curs de\u00a0<strong>Catal\u00e0 C2<\/strong>\u00a0s\u2019ha d\u2019<a href=\"https:\/\/llengua.gencat.cat\/ca\/serveis\/acreditacio_coneixements\/certificats_de_catala\/equivalencies-acreditacions\/\">acreditar el nivell C1<\/a>\u00a0o b\u00e9 sol\u00b7licitar aquest reconeixement a\u00a0<strong>qualsevol institut d\u2019educaci\u00f3 secund\u00e0ria p\u00fablic\u00a0<\/strong>(no ha de ser el centre on s\u2019han cursat els estudis secundaris).\u00a0Tamb\u00e9 hi ha la possibilitat de fer el test de nivell el dia assenyalat.<\/li>\n<\/ul>\n\n\n\n<p><strong>\u2013 La preinscripci\u00f3 es pot fer<\/strong> <strong>per&nbsp;<a href=\"http:\/\/www.eoidigital.com\/preinscripcio\/alumnes\/\">via telem\u00e0tica<\/a><\/strong>. (consulteu horaris cada any al web)<\/p>\n\n\n\n<p><strong>\u2013 Proves de nivell<\/strong><\/p>\n\n\n\n<ul class=\"wp-block-list\">\n<li>El test de nivell nom\u00e9s t\u00e9 valor per a la formalitzaci\u00f3 de la matr\u00edcula i validesa per a un any acad\u00e8mic<\/li>\n\n\n\n<li>Una vegada feta la preinscripci\u00f3 cal consultar al web el dia i hora que es realitzar\u00e0 la prova en cas que no es faci online<\/li>\n\n\n\n<li>La NO presentaci\u00f3 al test de nivell o la no realitzaci\u00f3 suposa l\u2019anul\u00b7laci\u00f3 de la preinscripci\u00f3<\/li>\n<\/ul>\n\n\n\n<p><\/p>\n","protected":false},"excerpt":{"rendered":"<p>Nou alumnat:&nbsp; qualsevol persona no matriculada en un curs oficial d\u2019un idioma en aquesta escola l\u2019any acad\u00e8mic immediatament anterior. Es considera alumnat nou: ATENCI\u00d3: L\u2019edat m\u00ednima per estudiar a les EOI \u00e9s la seg\u00fcent:\u2013 Per a qualsevol llengua, haver complert els 16 anys (o fer-los l\u2019any natural en qu\u00e8 s\u2019efectua la matr\u00edcula, \u00e9s a dir, [&hellip;]<\/p>\n","protected":false},"author":1,"featured_media":0,"parent":14166,"menu_order":0,"comment_status":"closed","ping_status":"close","template":"","meta":{"site-sidebar-layout":"default","site-content-layout":"","ast-site-content-layout":"default","site-content-style":"default","site-sidebar-style":"default","ast-global-header-display":"","ast-banner-title-visibility":"","ast-main-header-display":"","ast-hfb-above-header-display":"","ast-hfb-below-header-display":"","ast-hfb-mobile-header-display":"","site-post-title":"","ast-breadcrumbs-content":"","ast-featured-img":"","footer-sml-layout":"","theme-transparent-header-meta":"","adv-header-id-meta":"","stick-header-meta":"","header-above-stick-meta":"","header-main-stick-meta":"","header-below-stick-meta":"","astra-migrate-meta-layouts":"set","ast-page-background-enabled":"default","ast-page-background-meta":{"desktop":{"background-color":"var(--ast-global-color-4)","background-image":"","background-repeat":"repeat","background-position":"center center","background-size":"auto","background-attachment":"scroll","background-type":"","background-media":"","overlay-type":"","overlay-color":"","overlay-opacity":"","overlay-gradient":""},"tablet":{"background-color":"","background-image":"","background-repeat":"repeat","background-position":"center center","background-size":"auto","background-attachment":"scroll","background-type":"","background-media":"","overlay-type":"","overlay-color":"","overlay-opacity":"","overlay-gradient":""},"mobile":{"background-color":"","background-image":"","background-repeat":"repeat","background-position":"center center","background-size":"auto","background-attachment":"scroll","background-type":"","background-media":"","overlay-type":"","overlay-color":"","overlay-opacity":"","overlay-gradient":""}},"ast-content-background-meta":{"desktop":{"background-color":"var(--ast-global-color-5)","background-image":"","background-repeat":"repeat","background-position":"center center","background-size":"auto","background-attachment":"scroll","background-type":"","background-media":"","overlay-type":"","overlay-color":"","overlay-opacity":"","overlay-gradient":""},"tablet":{"background-color":"var(--ast-global-color-5)","background-image":"","background-repeat":"repeat","background-position":"center center","background-size":"auto","background-attachment":"scroll","background-type":"","background-media":"","overlay-type":"","overlay-color":"","overlay-opacity":"","overlay-gradient":""},"mobile":{"background-color":"var(--ast-global-color-5)","background-image":"","background-repeat":"repeat","background-position":"center center","background-size":"auto","background-attachment":"scroll","background-type":"","background-media":"","overlay-type":"","overlay-color":"","overlay-opacity":"","overlay-gradient":""}},"footnotes":""},"class_list":["post-18870","page","type-page","status-publish","hentry"],"post_mailing_queue_ids":[],"_links":{"self":[{"href":"https:\/\/agora-eoi.xtec.cat\/eoiterrassa\/wp-json\/wp\/v2\/pages\/18870","targetHints":{"allow":["GET"]}}],"collection":[{"href":"https:\/\/agora-eoi.xtec.cat\/eoiterrassa\/wp-json\/wp\/v2\/pages"}],"about":[{"href":"https:\/\/agora-eoi.xtec.cat\/eoiterrassa\/wp-json\/wp\/v2\/types\/page"}],"author":[{"embeddable":true,"href":"https:\/\/agora-eoi.xtec.cat\/eoiterrassa\/wp-json\/wp\/v2\/users\/1"}],"replies":[{"embeddable":true,"href":"https:\/\/agora-eoi.xtec.cat\/eoiterrassa\/wp-json\/wp\/v2\/comments?post=18870"}],"version-history":[{"count":5,"href":"https:\/\/agora-eoi.xtec.cat\/eoiterrassa\/wp-json\/wp\/v2\/pages\/18870\/revisions"}],"predecessor-version":[{"id":19113,"href":"https:\/\/agora-eoi.xtec.cat\/eoiterrassa\/wp-json\/wp\/v2\/pages\/18870\/revisions\/19113"}],"up":[{"embeddable":true,"href":"https:\/\/agora-eoi.xtec.cat\/eoiterrassa\/wp-json\/wp\/v2\/pages\/14166"}],"wp:attachment":[{"href":"https:\/\/agora-eoi.xtec.cat\/eoiterrassa\/wp-json\/wp\/v2\/media?parent=18870"}],"curies":[{"name":"wp","href":"https:\/\/api.w.org\/{rel}","templated":true}]}}