{"id":17936,"date":"2025-01-15T13:14:07","date_gmt":"2025-01-15T12:14:07","guid":{"rendered":"https:\/\/agora-eoi.xtec.cat\/eoiterrassa\/?page_id=17936"},"modified":"2025-11-06T13:21:36","modified_gmt":"2025-11-06T12:21:36","slug":"bustia-davisos-i-suggeriments","status":"publish","type":"page","link":"https:\/\/agora-eoi.xtec.cat\/eoiterrassa\/serveis\/bustia-davisos-i-suggeriments\/","title":{"rendered":"B\u00fastia d&#8217;avisos i suggeriments"},"content":{"rendered":"\n<p>Benvingut\/da!<\/p>\n\n\n\n<p>Aquest <a href=\"https:\/\/docs.google.com\/forms\/d\/e\/1FAIpQLSeJN6aA8FCkZgwGcZMq0aaUsfd6wYsLW3vZTAvTc9LgWGuSaA\/viewform?usp=dialog\">formulari<\/a> \u00e9s la b\u00fastia de suggeriments per a millorar l\u2019experi\u00e8ncia d\u2019aprenentatge a l&#8217;EOI Terrassa.<\/p>\n\n\n\n<p>L&#8217;anonimat est\u00e0 garantit, per\u00f2 si ens deixes les teves dades, ens poden ajudar a fer el seguiment.<\/p>\n\n\n\n<p>Gr\u00e0cies per participar!<\/p>\n\n\n\n<p><a href=\"https:\/\/forms.gle\/4cMqhGYxxrruVyNa7\">https:\/\/forms.gle\/4cMqhGYxxrruVyNa7<\/a><\/p>\n\n\n\n<figure class=\"wp-block-image size-large is-resized\"><a href=\"https:\/\/forms.gle\/4cMqhGYxxrruVyNa7\"><img loading=\"lazy\" decoding=\"async\" width=\"1024\" height=\"256\" src=\"https:\/\/agora-eoi.xtec.cat\/eoiterrassa\/wp-content\/uploads\/usu2242\/2025\/11\/Beige-Peach-Modern-Personal-LinkedIn-Banner-1024x256.png\" alt=\"\" class=\"wp-image-19762\" style=\"width:1029px;height:auto\" srcset=\"https:\/\/agora-eoi.xtec.cat\/eoiterrassa\/wp-content\/uploads\/usu2242\/2025\/11\/Beige-Peach-Modern-Personal-LinkedIn-Banner-1024x256.png 1024w, https:\/\/agora-eoi.xtec.cat\/eoiterrassa\/wp-content\/uploads\/usu2242\/2025\/11\/Beige-Peach-Modern-Personal-LinkedIn-Banner-300x75.png 300w, https:\/\/agora-eoi.xtec.cat\/eoiterrassa\/wp-content\/uploads\/usu2242\/2025\/11\/Beige-Peach-Modern-Personal-LinkedIn-Banner-768x192.png 768w, https:\/\/agora-eoi.xtec.cat\/eoiterrassa\/wp-content\/uploads\/usu2242\/2025\/11\/Beige-Peach-Modern-Personal-LinkedIn-Banner-1536x384.png 1536w, https:\/\/agora-eoi.xtec.cat\/eoiterrassa\/wp-content\/uploads\/usu2242\/2025\/11\/Beige-Peach-Modern-Personal-LinkedIn-Banner-2048x512.png 2048w\" sizes=\"auto, (max-width: 1024px) 100vw, 1024px\" \/><\/a><\/figure>\n","protected":false},"excerpt":{"rendered":"<p>Benvingut\/da! Aquest formulari \u00e9s la b\u00fastia de suggeriments per a millorar l\u2019experi\u00e8ncia d\u2019aprenentatge a l&#8217;EOI Terrassa. L&#8217;anonimat est\u00e0 garantit, per\u00f2 si ens deixes les teves dades, ens poden ajudar a fer el seguiment. Gr\u00e0cies per participar! https:\/\/forms.gle\/4cMqhGYxxrruVyNa7<\/p>\n","protected":false},"author":1,"featured_media":0,"parent":15714,"menu_order":100,"comment_status":"closed","ping_status":"closed","template":"","meta":{"site-sidebar-layout":"default","site-content-layout":"","ast-site-content-layout":"default","site-content-style":"default","site-sidebar-style":"default","ast-global-header-display":"","ast-banner-title-visibility":"","ast-main-header-display":"","ast-hfb-above-header-display":"","ast-hfb-below-header-display":"","ast-hfb-mobile-header-display":"","site-post-title":"","ast-breadcrumbs-content":"","ast-featured-img":"","footer-sml-layout":"","theme-transparent-header-meta":"","adv-header-id-meta":"","stick-header-meta":"","header-above-stick-meta":"","header-main-stick-meta":"","header-below-stick-meta":"","astra-migrate-meta-layouts":"set","ast-page-background-enabled":"default","ast-page-background-meta":{"desktop":{"background-color":"var(--ast-global-color-4)","background-image":"","background-repeat":"repeat","background-position":"center center","background-size":"auto","background-attachment":"scroll","background-type":"","background-media":"","overlay-type":"","overlay-color":"","overlay-opacity":"","overlay-gradient":""},"tablet":{"background-color":"","background-image":"","background-repeat":"repeat","background-position":"center center","background-size":"auto","background-attachment":"scroll","background-type":"","background-media":"","overlay-type":"","overlay-color":"","overlay-opacity":"","overlay-gradient":""},"mobile":{"background-color":"","background-image":"","background-repeat":"repeat","background-position":"center center","background-size":"auto","background-attachment":"scroll","background-type":"","background-media":"","overlay-type":"","overlay-color":"","overlay-opacity":"","overlay-gradient":""}},"ast-content-background-meta":{"desktop":{"background-color":"var(--ast-global-color-5)","background-image":"","background-repeat":"repeat","background-position":"center center","background-size":"auto","background-attachment":"scroll","background-type":"","background-media":"","overlay-type":"","overlay-color":"","overlay-opacity":"","overlay-gradient":""},"tablet":{"background-color":"var(--ast-global-color-5)","background-image":"","background-repeat":"repeat","background-position":"center center","background-size":"auto","background-attachment":"scroll","background-type":"","background-media":"","overlay-type":"","overlay-color":"","overlay-opacity":"","overlay-gradient":""},"mobile":{"background-color":"var(--ast-global-color-5)","background-image":"","background-repeat":"repeat","background-position":"center center","background-size":"auto","background-attachment":"scroll","background-type":"","background-media":"","overlay-type":"","overlay-color":"","overlay-opacity":"","overlay-gradient":""}},"footnotes":""},"class_list":["post-17936","page","type-page","status-publish","hentry"],"post_mailing_queue_ids":[],"_links":{"self":[{"href":"https:\/\/agora-eoi.xtec.cat\/eoiterrassa\/wp-json\/wp\/v2\/pages\/17936","targetHints":{"allow":["GET"]}}],"collection":[{"href":"https:\/\/agora-eoi.xtec.cat\/eoiterrassa\/wp-json\/wp\/v2\/pages"}],"about":[{"href":"https:\/\/agora-eoi.xtec.cat\/eoiterrassa\/wp-json\/wp\/v2\/types\/page"}],"author":[{"embeddable":true,"href":"https:\/\/agora-eoi.xtec.cat\/eoiterrassa\/wp-json\/wp\/v2\/users\/1"}],"replies":[{"embeddable":true,"href":"https:\/\/agora-eoi.xtec.cat\/eoiterrassa\/wp-json\/wp\/v2\/comments?post=17936"}],"version-history":[{"count":4,"href":"https:\/\/agora-eoi.xtec.cat\/eoiterrassa\/wp-json\/wp\/v2\/pages\/17936\/revisions"}],"predecessor-version":[{"id":19763,"href":"https:\/\/agora-eoi.xtec.cat\/eoiterrassa\/wp-json\/wp\/v2\/pages\/17936\/revisions\/19763"}],"up":[{"embeddable":true,"href":"https:\/\/agora-eoi.xtec.cat\/eoiterrassa\/wp-json\/wp\/v2\/pages\/15714"}],"wp:attachment":[{"href":"https:\/\/agora-eoi.xtec.cat\/eoiterrassa\/wp-json\/wp\/v2\/media?parent=17936"}],"curies":[{"name":"wp","href":"https:\/\/api.w.org\/{rel}","templated":true}]}}