{"id":17886,"date":"2024-12-18T10:23:00","date_gmt":"2024-12-18T09:23:00","guid":{"rendered":"https:\/\/agora-eoi.xtec.cat\/eoiterrassa\/?page_id=17886"},"modified":"2026-02-06T09:48:25","modified_gmt":"2026-02-06T08:48:25","slug":"2n-quadrimestre-del-curs-2025-25-febrer-maig","status":"publish","type":"page","link":"https:\/\/agora-eoi.xtec.cat\/eoiterrassa\/cursos-especials\/2n-quadrimestre-del-curs-2025-25-febrer-maig\/","title":{"rendered":"Cursos especials 2n quadrimestre"},"content":{"rendered":"\n<p class=\"has-x-large-font-size\">&gt; La literatura \u00e0rab avui<\/p>\n\n\n\n<figure class=\"wp-block-image size-large\"><a href=\"https:\/\/agora-eoi.xtec.cat\/eoiterrassa\/wp-content\/uploads\/usu2242\/2026\/02\/La-literatura-arab-avui-2.png\"><img loading=\"lazy\" decoding=\"async\" width=\"1024\" height=\"256\" src=\"https:\/\/agora-eoi.xtec.cat\/eoiterrassa\/wp-content\/uploads\/usu2242\/2026\/02\/La-literatura-arab-avui-2-1024x256.png\" alt=\"\" class=\"wp-image-20315\" srcset=\"https:\/\/agora-eoi.xtec.cat\/eoiterrassa\/wp-content\/uploads\/usu2242\/2026\/02\/La-literatura-arab-avui-2-1024x256.png 1024w, https:\/\/agora-eoi.xtec.cat\/eoiterrassa\/wp-content\/uploads\/usu2242\/2026\/02\/La-literatura-arab-avui-2-300x75.png 300w, https:\/\/agora-eoi.xtec.cat\/eoiterrassa\/wp-content\/uploads\/usu2242\/2026\/02\/La-literatura-arab-avui-2-768x192.png 768w, https:\/\/agora-eoi.xtec.cat\/eoiterrassa\/wp-content\/uploads\/usu2242\/2026\/02\/La-literatura-arab-avui-2-1536x384.png 1536w, https:\/\/agora-eoi.xtec.cat\/eoiterrassa\/wp-content\/uploads\/usu2242\/2026\/02\/La-literatura-arab-avui-2.png 1584w\" sizes=\"auto, (max-width: 1024px) 100vw, 1024px\" \/><\/a><\/figure>\n\n\n\n<p>Aquest curs neix amb la voluntat d\u2019oferir una introducci\u00f3 rigorosa i accessible als principals g\u00e8neres, autors i conceptes, de la literatura \u00e0rab contempor\u00e0nia, tot afavorint una comprensi\u00f3 m\u00e9s profunda i lliure d&#8217;estereotips. El curs est\u00e0 pensat per a persones sense coneixements previs que desitgin ampliar la seva formaci\u00f3 human\u00edstica i apropar-se a una tradici\u00f3 liter\u00e0ria clau per a la hist\u00f2ria cultural de la Mediterr\u00e0nia.<\/p>\n\n\n\n<p>No cal disposar de coneixements previs de llengua \u00e0rab.<\/p>\n\n\n\n<p><strong>Horari<\/strong>: Dimarts, de 16.00 h a 18.15 h<\/p>\n\n\n\n<p><strong>Per\u00edode<\/strong>: Del 10 de mar\u00e7 de 2026 al 16 de juny de 2026 (ambd\u00f3s inclosos)<\/p>\n\n\n\n<p><strong>Durada total<\/strong>: 14 sessions de 2 hores i 15 minuts (31,5 hores lectives presencials)<\/p>\n\n\n\n<p><strong>Preu:<\/strong>&nbsp;226 \u20ac matr\u00edcula ordin\u00e0ria \/ 120 \u20ac matr\u00edcula bonificada \/ 15 \u20ac exempci\u00f3 de matr\u00edcula<\/p>\n\n\n\n<p><strong>Per\u00edode de preinscripci\u00f3<\/strong>: del 6 de febrer al 6 de mar\u00e7 de 2026.<\/p>\n\n\n\n<div class=\"wp-block-buttons is-content-justification-center is-layout-flex wp-container-core-buttons-is-layout-1 wp-block-buttons-is-layout-flex\">\n<div class=\"wp-block-button\"><a class=\"wp-block-button__link wp-element-button\" href=\"https:\/\/docs.google.com\/forms\/d\/e\/1FAIpQLScVdIh4ql5tx2xbv-hDtv2gDozxdYt4YEKT5wC12uW6uYrzdg\/viewform?usp=dialog\">Informaci\u00f3 i matr\u00edcula<\/a><\/div>\n<\/div>\n","protected":false},"excerpt":{"rendered":"<p>&gt; La literatura \u00e0rab avui Aquest curs neix amb la voluntat d\u2019oferir una introducci\u00f3 rigorosa i accessible als principals g\u00e8neres, autors i conceptes, de la literatura \u00e0rab contempor\u00e0nia, tot afavorint una comprensi\u00f3 m\u00e9s profunda i lliure d&#8217;estereotips. El curs est\u00e0 pensat per a persones sense coneixements previs que desitgin ampliar la seva formaci\u00f3 human\u00edstica i [&hellip;]<\/p>\n","protected":false},"author":1,"featured_media":0,"parent":14219,"menu_order":70,"comment_status":"closed","ping_status":"closed","template":"","meta":{"site-sidebar-layout":"default","site-content-layout":"","ast-site-content-layout":"default","site-content-style":"default","site-sidebar-style":"default","ast-global-header-display":"","ast-banner-title-visibility":"","ast-main-header-display":"","ast-hfb-above-header-display":"","ast-hfb-below-header-display":"","ast-hfb-mobile-header-display":"","site-post-title":"","ast-breadcrumbs-content":"","ast-featured-img":"","footer-sml-layout":"","theme-transparent-header-meta":"","adv-header-id-meta":"","stick-header-meta":"","header-above-stick-meta":"","header-main-stick-meta":"","header-below-stick-meta":"","astra-migrate-meta-layouts":"set","ast-page-background-enabled":"default","ast-page-background-meta":{"desktop":{"background-color":"var(--ast-global-color-4)","background-image":"","background-repeat":"repeat","background-position":"center center","background-size":"auto","background-attachment":"scroll","background-type":"","background-media":"","overlay-type":"","overlay-color":"","overlay-opacity":"","overlay-gradient":""},"tablet":{"background-color":"","background-image":"","background-repeat":"repeat","background-position":"center center","background-size":"auto","background-attachment":"scroll","background-type":"","background-media":"","overlay-type":"","overlay-color":"","overlay-opacity":"","overlay-gradient":""},"mobile":{"background-color":"","background-image":"","background-repeat":"repeat","background-position":"center center","background-size":"auto","background-attachment":"scroll","background-type":"","background-media":"","overlay-type":"","overlay-color":"","overlay-opacity":"","overlay-gradient":""}},"ast-content-background-meta":{"desktop":{"background-color":"var(--ast-global-color-5)","background-image":"","background-repeat":"repeat","background-position":"center center","background-size":"auto","background-attachment":"scroll","background-type":"","background-media":"","overlay-type":"","overlay-color":"","overlay-opacity":"","overlay-gradient":""},"tablet":{"background-color":"var(--ast-global-color-5)","background-image":"","background-repeat":"repeat","background-position":"center center","background-size":"auto","background-attachment":"scroll","background-type":"","background-media":"","overlay-type":"","overlay-color":"","overlay-opacity":"","overlay-gradient":""},"mobile":{"background-color":"var(--ast-global-color-5)","background-image":"","background-repeat":"repeat","background-position":"center center","background-size":"auto","background-attachment":"scroll","background-type":"","background-media":"","overlay-type":"","overlay-color":"","overlay-opacity":"","overlay-gradient":""}},"footnotes":""},"class_list":["post-17886","page","type-page","status-publish","hentry"],"post_mailing_queue_ids":[],"_links":{"self":[{"href":"https:\/\/agora-eoi.xtec.cat\/eoiterrassa\/wp-json\/wp\/v2\/pages\/17886","targetHints":{"allow":["GET"]}}],"collection":[{"href":"https:\/\/agora-eoi.xtec.cat\/eoiterrassa\/wp-json\/wp\/v2\/pages"}],"about":[{"href":"https:\/\/agora-eoi.xtec.cat\/eoiterrassa\/wp-json\/wp\/v2\/types\/page"}],"author":[{"embeddable":true,"href":"https:\/\/agora-eoi.xtec.cat\/eoiterrassa\/wp-json\/wp\/v2\/users\/1"}],"replies":[{"embeddable":true,"href":"https:\/\/agora-eoi.xtec.cat\/eoiterrassa\/wp-json\/wp\/v2\/comments?post=17886"}],"version-history":[{"count":6,"href":"https:\/\/agora-eoi.xtec.cat\/eoiterrassa\/wp-json\/wp\/v2\/pages\/17886\/revisions"}],"predecessor-version":[{"id":20329,"href":"https:\/\/agora-eoi.xtec.cat\/eoiterrassa\/wp-json\/wp\/v2\/pages\/17886\/revisions\/20329"}],"up":[{"embeddable":true,"href":"https:\/\/agora-eoi.xtec.cat\/eoiterrassa\/wp-json\/wp\/v2\/pages\/14219"}],"wp:attachment":[{"href":"https:\/\/agora-eoi.xtec.cat\/eoiterrassa\/wp-json\/wp\/v2\/media?parent=17886"}],"curies":[{"name":"wp","href":"https:\/\/api.w.org\/{rel}","templated":true}]}}