{"id":17760,"date":"2024-11-06T12:53:51","date_gmt":"2024-11-06T11:53:51","guid":{"rendered":"https:\/\/agora-eoi.xtec.cat\/eoiterrassa\/?page_id=17760"},"modified":"2025-07-15T13:12:49","modified_gmt":"2025-07-15T11:12:49","slug":"erasmus-2","status":"publish","type":"page","link":"https:\/\/agora-eoi.xtec.cat\/eoiterrassa\/erasmus-2\/","title":{"rendered":"Erasmus+"},"content":{"rendered":"<p>La participaci\u00f3 del professorat de les Escoles Oficials d&#8217;Idiomes en intercanvis, jobshadowings i cursos de formaci\u00f3 a l&#8217;estranger a trav\u00e9s del programa Erasmus+ permet als docents con\u00e8ixer noves realitats d&#8217;ensenyament, intercanviar maneres de fer, actualitzar-se sobre les tend\u00e8ncies actuals en l&#8217;ensenyament d&#8217;idiomes i teixir vincles amb centres europeus, tot amb l&#8217;objectiu de millorar les seves compet\u00e8ncies professionals. Aquests intercanvis fomenten la pr\u00e0ctica reflexiva, ens fan q\u00fcestionar la nostra pr\u00e0ctica i prendre mesures per millorar-la. En el moment que entres en contacte amb altres realitats, surts de la teva zona de confort. Aix\u00f2 actua de revulsiu per canviar i millorar.\u00a0 Aquestes experi\u00e8ncies es tradueixen en classes m\u00e9s enriquidores per a l&#8217;alumnat. Si el professorat est\u00e0 preparat, l&#8217;aprenentatge ser\u00e0 millor. L&#8217;abs\u00e8ncia temporal del professorat s&#8217;ent\u00e9n com una inversi\u00f3 per la millora de l&#8217;aprenentatge de l&#8217;alumnat.<\/p>\n<p>M\u00e9s informaci\u00f3 <span style=\"text-decoration: underline;\"><a href=\"https:\/\/sites.google.com\/eoiterrassa.cat\/erasmus\/p%C3%A0gina-principal?pli=1\">AQU\u00cd<\/a><\/span><\/p>\n","protected":false},"excerpt":{"rendered":"<p>La participaci\u00f3 del professorat de les Escoles Oficials d&#8217;Idiomes en intercanvis, jobshadowings i cursos de formaci\u00f3 a l&#8217;estranger a trav\u00e9s del programa Erasmus+ permet als docents con\u00e8ixer noves realitats d&#8217;ensenyament, intercanviar maneres de fer, actualitzar-se sobre les tend\u00e8ncies actuals en l&#8217;ensenyament d&#8217;idiomes i teixir vincles amb centres europeus, tot amb l&#8217;objectiu de millorar les seves [&hellip;]<\/p>\n","protected":false},"author":1,"featured_media":0,"parent":0,"menu_order":0,"comment_status":"closed","ping_status":"closed","template":"","meta":{"site-sidebar-layout":"default","site-content-layout":"","ast-site-content-layout":"default","site-content-style":"default","site-sidebar-style":"default","ast-global-header-display":"","ast-banner-title-visibility":"","ast-main-header-display":"","ast-hfb-above-header-display":"","ast-hfb-below-header-display":"","ast-hfb-mobile-header-display":"","site-post-title":"","ast-breadcrumbs-content":"","ast-featured-img":"","footer-sml-layout":"","theme-transparent-header-meta":"","adv-header-id-meta":"","stick-header-meta":"","header-above-stick-meta":"","header-main-stick-meta":"","header-below-stick-meta":"","astra-migrate-meta-layouts":"set","ast-page-background-enabled":"default","ast-page-background-meta":{"desktop":{"background-color":"var(--ast-global-color-4)","background-image":"","background-repeat":"repeat","background-position":"center center","background-size":"auto","background-attachment":"scroll","background-type":"","background-media":"","overlay-type":"","overlay-color":"","overlay-opacity":"","overlay-gradient":""},"tablet":{"background-color":"","background-image":"","background-repeat":"repeat","background-position":"center center","background-size":"auto","background-attachment":"scroll","background-type":"","background-media":"","overlay-type":"","overlay-color":"","overlay-opacity":"","overlay-gradient":""},"mobile":{"background-color":"","background-image":"","background-repeat":"repeat","background-position":"center center","background-size":"auto","background-attachment":"scroll","background-type":"","background-media":"","overlay-type":"","overlay-color":"","overlay-opacity":"","overlay-gradient":""}},"ast-content-background-meta":{"desktop":{"background-color":"var(--ast-global-color-5)","background-image":"","background-repeat":"repeat","background-position":"center center","background-size":"auto","background-attachment":"scroll","background-type":"","background-media":"","overlay-type":"","overlay-color":"","overlay-opacity":"","overlay-gradient":""},"tablet":{"background-color":"var(--ast-global-color-5)","background-image":"","background-repeat":"repeat","background-position":"center center","background-size":"auto","background-attachment":"scroll","background-type":"","background-media":"","overlay-type":"","overlay-color":"","overlay-opacity":"","overlay-gradient":""},"mobile":{"background-color":"var(--ast-global-color-5)","background-image":"","background-repeat":"repeat","background-position":"center center","background-size":"auto","background-attachment":"scroll","background-type":"","background-media":"","overlay-type":"","overlay-color":"","overlay-opacity":"","overlay-gradient":""}},"footnotes":""},"class_list":["post-17760","page","type-page","status-publish","hentry"],"post_mailing_queue_ids":[],"_links":{"self":[{"href":"https:\/\/agora-eoi.xtec.cat\/eoiterrassa\/wp-json\/wp\/v2\/pages\/17760","targetHints":{"allow":["GET"]}}],"collection":[{"href":"https:\/\/agora-eoi.xtec.cat\/eoiterrassa\/wp-json\/wp\/v2\/pages"}],"about":[{"href":"https:\/\/agora-eoi.xtec.cat\/eoiterrassa\/wp-json\/wp\/v2\/types\/page"}],"author":[{"embeddable":true,"href":"https:\/\/agora-eoi.xtec.cat\/eoiterrassa\/wp-json\/wp\/v2\/users\/1"}],"replies":[{"embeddable":true,"href":"https:\/\/agora-eoi.xtec.cat\/eoiterrassa\/wp-json\/wp\/v2\/comments?post=17760"}],"version-history":[{"count":6,"href":"https:\/\/agora-eoi.xtec.cat\/eoiterrassa\/wp-json\/wp\/v2\/pages\/17760\/revisions"}],"predecessor-version":[{"id":18897,"href":"https:\/\/agora-eoi.xtec.cat\/eoiterrassa\/wp-json\/wp\/v2\/pages\/17760\/revisions\/18897"}],"wp:attachment":[{"href":"https:\/\/agora-eoi.xtec.cat\/eoiterrassa\/wp-json\/wp\/v2\/media?parent=17760"}],"curies":[{"name":"wp","href":"https:\/\/api.w.org\/{rel}","templated":true}]}}