{"id":16588,"date":"2024-01-31T13:04:07","date_gmt":"2024-01-31T12:04:07","guid":{"rendered":"https:\/\/agora-eoi.xtec.cat\/eoiterrassa\/?page_id=16588"},"modified":"2024-10-02T10:42:07","modified_gmt":"2024-10-02T08:42:07","slug":"tutorials-dajuda-area-alumnat","status":"publish","type":"page","link":"https:\/\/agora-eoi.xtec.cat\/eoiterrassa\/serveis\/tutorials-dajuda-area-alumnat\/","title":{"rendered":"Tutorials: \u00c0rea alumnat"},"content":{"rendered":"<h4>Tutorials per ajudar-vos a moure-us dins l&#8217;\u00c0rea d&#8217;alumnat:<\/h4>\n<ul style=\"list-style-type: disc;\">\n<li><a href=\"https:\/\/agora-eoi.xtec.cat\/eoiterrassa\/wp-content\/uploads\/usu2242\/2024\/03\/Acces-Area-alumnat-def.mp4\">Acc\u00e9s \u00c0rea alumnat<\/a><\/li>\n<li><a href=\"https:\/\/agora-eoi.xtec.cat\/eoiterrassa\/wp-content\/uploads\/usu2242\/2024\/03\/Canviar-la-contrasenya-1.mp4\">Canviar la contrasenya<\/a><\/li>\n<li><a href=\"https:\/\/agora-eoi.xtec.cat\/eoiterrassa\/wp-content\/uploads\/usu2242\/2024\/03\/Comprovar-faltes-d_assistencia.mp4\">Comprovar faltes d&#8217;assist\u00e8ncia<\/a><\/li>\n<li><a href=\"https:\/\/agora-eoi.xtec.cat\/eoiterrassa\/wp-content\/uploads\/usu2242\/2024\/03\/Pagament-de-la-matricula-en-linia-def-2.mp4\">Pagament de la matr\u00edcula en l\u00ednia<\/a><\/li>\n<li><a href=\"https:\/\/agora-eoi.xtec.cat\/eoiterrassa\/wp-content\/uploads\/usu2242\/2024\/03\/Obtenir-el-carnet-de-l_estudiant.mp4\">Obtenir el carnet de l&#8217;alumnat<\/a><\/li>\n<li><a href=\"https:\/\/agora-eoi.xtec.cat\/eoiterrassa\/wp-content\/uploads\/usu2242\/2024\/03\/Sollicitar-canvi-de-dades-personals-def.mp4\">Sol\u00b7licitar canvi de dades personals <\/a><\/li>\n<li><a href=\"https:\/\/agora-eoi.xtec.cat\/eoiterrassa\/wp-content\/uploads\/usu2242\/2024\/10\/canvi-dhorari-1_F6AGCp5P.mp4\">Sol\u00b7licitar canvi d&#8217;horari<\/a><\/li>\n<li><a href=\"https:\/\/agora-eoi.xtec.cat\/eoiterrassa\/wp-content\/uploads\/usu2242\/2024\/03\/Veure-les-meves-qualificacions-1-1.mp4\">Veure les meves qualificacions<\/a><\/li>\n<\/ul>\n","protected":false},"excerpt":{"rendered":"<p>Tutorials per ajudar-vos a moure-us dins l&#8217;\u00c0rea d&#8217;alumnat: Acc\u00e9s \u00c0rea alumnat Canviar la contrasenya Comprovar faltes d&#8217;assist\u00e8ncia Pagament de la matr\u00edcula en l\u00ednia Obtenir el carnet de l&#8217;alumnat Sol\u00b7licitar canvi de dades personals Sol\u00b7licitar canvi d&#8217;horari Veure les meves qualificacions<\/p>\n","protected":false},"author":1,"featured_media":0,"parent":15714,"menu_order":5,"comment_status":"closed","ping_status":"closed","template":"page-templates\/side-menu.php","meta":{"site-sidebar-layout":"default","site-content-layout":"","ast-site-content-layout":"","site-content-style":"default","site-sidebar-style":"default","ast-global-header-display":"","ast-banner-title-visibility":"","ast-main-header-display":"","ast-hfb-above-header-display":"","ast-hfb-below-header-display":"","ast-hfb-mobile-header-display":"","site-post-title":"","ast-breadcrumbs-content":"","ast-featured-img":"","footer-sml-layout":"","theme-transparent-header-meta":"","adv-header-id-meta":"","stick-header-meta":"","header-above-stick-meta":"","header-main-stick-meta":"","header-below-stick-meta":"","astra-migrate-meta-layouts":"default","ast-page-background-enabled":"default","ast-page-background-meta":{"desktop":{"background-color":"var(--ast-global-color-4)","background-image":"","background-repeat":"repeat","background-position":"center center","background-size":"auto","background-attachment":"scroll","background-type":"","background-media":"","overlay-type":"","overlay-color":"","overlay-opacity":"","overlay-gradient":""},"tablet":{"background-color":"","background-image":"","background-repeat":"repeat","background-position":"center center","background-size":"auto","background-attachment":"scroll","background-type":"","background-media":"","overlay-type":"","overlay-color":"","overlay-opacity":"","overlay-gradient":""},"mobile":{"background-color":"","background-image":"","background-repeat":"repeat","background-position":"center center","background-size":"auto","background-attachment":"scroll","background-type":"","background-media":"","overlay-type":"","overlay-color":"","overlay-opacity":"","overlay-gradient":""}},"ast-content-background-meta":{"desktop":{"background-color":"var(--ast-global-color-5)","background-image":"","background-repeat":"repeat","background-position":"center center","background-size":"auto","background-attachment":"scroll","background-type":"","background-media":"","overlay-type":"","overlay-color":"","overlay-opacity":"","overlay-gradient":""},"tablet":{"background-color":"var(--ast-global-color-5)","background-image":"","background-repeat":"repeat","background-position":"center center","background-size":"auto","background-attachment":"scroll","background-type":"","background-media":"","overlay-type":"","overlay-color":"","overlay-opacity":"","overlay-gradient":""},"mobile":{"background-color":"var(--ast-global-color-5)","background-image":"","background-repeat":"repeat","background-position":"center center","background-size":"auto","background-attachment":"scroll","background-type":"","background-media":"","overlay-type":"","overlay-color":"","overlay-opacity":"","overlay-gradient":""}},"footnotes":""},"class_list":["post-16588","page","type-page","status-publish","hentry"],"post_mailing_queue_ids":[],"_links":{"self":[{"href":"https:\/\/agora-eoi.xtec.cat\/eoiterrassa\/wp-json\/wp\/v2\/pages\/16588","targetHints":{"allow":["GET"]}}],"collection":[{"href":"https:\/\/agora-eoi.xtec.cat\/eoiterrassa\/wp-json\/wp\/v2\/pages"}],"about":[{"href":"https:\/\/agora-eoi.xtec.cat\/eoiterrassa\/wp-json\/wp\/v2\/types\/page"}],"author":[{"embeddable":true,"href":"https:\/\/agora-eoi.xtec.cat\/eoiterrassa\/wp-json\/wp\/v2\/users\/1"}],"replies":[{"embeddable":true,"href":"https:\/\/agora-eoi.xtec.cat\/eoiterrassa\/wp-json\/wp\/v2\/comments?post=16588"}],"version-history":[{"count":6,"href":"https:\/\/agora-eoi.xtec.cat\/eoiterrassa\/wp-json\/wp\/v2\/pages\/16588\/revisions"}],"predecessor-version":[{"id":17610,"href":"https:\/\/agora-eoi.xtec.cat\/eoiterrassa\/wp-json\/wp\/v2\/pages\/16588\/revisions\/17610"}],"up":[{"embeddable":true,"href":"https:\/\/agora-eoi.xtec.cat\/eoiterrassa\/wp-json\/wp\/v2\/pages\/15714"}],"wp:attachment":[{"href":"https:\/\/agora-eoi.xtec.cat\/eoiterrassa\/wp-json\/wp\/v2\/media?parent=16588"}],"curies":[{"name":"wp","href":"https:\/\/api.w.org\/{rel}","templated":true}]}}